{"id":1565,"date":"2025-12-03T09:34:32","date_gmt":"2025-12-03T09:34:32","guid":{"rendered":"https:\/\/www.kedali.com\/?post_type=product&#038;p=1565"},"modified":"2026-04-15T03:00:11","modified_gmt":"2026-04-15T03:00:11","slug":"bulk-ceramic-taco-holders-wholesale","status":"publish","type":"product","link":"https:\/\/www.kedali.com\/fr\/produit\/bulk-ceramic-taco-holders-wholesale\/","title":{"rendered":"Supports \u00e0 tacos en c\u00e9ramique en gros, supports \u00e0 tacos \u00e9maill\u00e9s de qualit\u00e9 restaurant en vrac"},"content":{"rendered":"<div class=\"wp-block-columns is-layout-flex wp-container-core-columns-is-layout-9d6595d7 wp-block-columns-is-layout-flex\">\n<div class=\"wp-block-column is-layout-flow wp-block-column-is-layout-flow\">\n<h3 class=\"wp-block-heading\">Caract\u00e9ristiques des porte-taco en c\u00e9ramique<\/h3>\n\n\n\n<ul class=\"wp-block-list\">\n<li><strong>Design unique en forme de vague : <\/strong>Notre porte-taco en gros en c\u00e9ramique pr\u00e9sente un design frappant en forme de vague, ajoutant une profondeur visuelle \u00e0 votre cuisine ou \u00e0 votre table \u00e0 manger.<\/li>\n\n\n\n<li><strong>Convient \u00e0 un usage domestique quotidien : <\/strong>Ce porte-taco en c\u00e9ramique est de taille id\u00e9ale pour ranger les burritos, les sandwiches, le pain, les p\u00e2tisseries, les en-cas et bien plus encore.<\/li>\n\n\n\n<li><strong>Sant\u00e9 et s\u00e9curit\u00e9 alimentaire : <\/strong>Fabriqu\u00e9s en c\u00e9ramique alimentaire de premi\u00e8re qualit\u00e9, nos porte-taco en gros sont sans BPA, non toxiques et inoffensifs, et ne lib\u00e8rent aucune substance nocive, m\u00eame lorsqu'ils sont chauff\u00e9s. Ils sont plus s\u00fbrs et plus respectueux de l'environnement que les r\u00e9cipients en plastique.<\/li>\n\n\n\n<li><strong>Nettoyage facile :<\/strong> La surface lisse et antiadh\u00e9sive en c\u00e9ramique de nos supports \u00e0 tacos emp\u00eache la graisse et les r\u00e9sidus d'adh\u00e9rer, ce qui facilite et acc\u00e9l\u00e8re le nettoyage.<\/li>\n\n\n\n<li>Personnalisation compl\u00e8te et soutien \u00e0 la vente en gros : En tant que professionnel <strong><a href=\"https:\/\/www.kedali.com\/fr\/categorie-produit\/wholesale-ceramic-kitchenware\/\" target=\"_blank\" rel=\"noreferrer noopener\">fabricant d'ustensiles de cuisine en c\u00e9ramique<\/a><\/strong>, Nous offrons des prix de gros directs et une vari\u00e9t\u00e9 d'options de personnalisation pour r\u00e9pondre aux diff\u00e9rents besoins des entreprises.<\/li>\n<\/ul>\n\n\n\n<h3 class=\"wp-block-heading\">Service sur mesure<\/h3>\n\n\n\n<ul class=\"wp-block-list\">\n<li>Support OEM et ODM<\/li>\n\n\n\n<li>Livraison rapide d'\u00e9chantillons.<\/li>\n\n\n\n<li>Fournir des produits personnalis\u00e9s en termes de forme, de couleur, de motif, d'emballage et d'autres services personnalis\u00e9s.<\/li>\n<\/ul>\n<\/div>\n\n\n\n<div class=\"wp-block-column is-layout-flow wp-block-column-is-layout-flow\">\n<figure class=\"wp-block-image size-full\"><img decoding=\"async\" width=\"800\" height=\"800\" src=\"https:\/\/www.kedali.com\/wp-content\/uploads\/2025\/12\/specifications-of-ceramic-taco-holders.webp\" alt=\"sp\u00e9cifications des porte-taco en c\u00e9ramique\" class=\"wp-image-1566\" srcset=\"https:\/\/www.kedali.com\/wp-content\/uploads\/2025\/12\/specifications-of-ceramic-taco-holders.webp 800w, https:\/\/www.kedali.com\/wp-content\/uploads\/2025\/12\/specifications-of-ceramic-taco-holders-300x300.webp 300w, https:\/\/www.kedali.com\/wp-content\/uploads\/2025\/12\/specifications-of-ceramic-taco-holders-150x150.webp 150w, https:\/\/www.kedali.com\/wp-content\/uploads\/2025\/12\/specifications-of-ceramic-taco-holders-768x768.webp 768w, https:\/\/www.kedali.com\/wp-content\/uploads\/2025\/12\/specifications-of-ceramic-taco-holders-12x12.webp 12w, https:\/\/www.kedali.com\/wp-content\/uploads\/2025\/12\/specifications-of-ceramic-taco-holders-600x600.webp 600w, https:\/\/www.kedali.com\/wp-content\/uploads\/2025\/12\/specifications-of-ceramic-taco-holders-100x100.webp 100w\" sizes=\"(max-width: 800px) 100vw, 800px\" \/><\/figure>\n<\/div>\n<\/div>\n\n\n\n<div class=\"wp-block-columns is-layout-flex wp-container-core-columns-is-layout-9d6595d7 wp-block-columns-is-layout-flex\">\n<div class=\"wp-block-column is-layout-flow wp-block-column-is-layout-flow\">\n<figure class=\"wp-block-image size-full\"><img decoding=\"async\" width=\"800\" height=\"800\" src=\"https:\/\/www.kedali.com\/wp-content\/uploads\/2025\/12\/wholesale-ceramic-taco-holders-4.webp\" alt=\"Porte-taco en c\u00e9ramique en gros (4)\" class=\"wp-image-1570\" srcset=\"https:\/\/www.kedali.com\/wp-content\/uploads\/2025\/12\/wholesale-ceramic-taco-holders-4.webp 800w, https:\/\/www.kedali.com\/wp-content\/uploads\/2025\/12\/wholesale-ceramic-taco-holders-4-300x300.webp 300w, https:\/\/www.kedali.com\/wp-content\/uploads\/2025\/12\/wholesale-ceramic-taco-holders-4-150x150.webp 150w, https:\/\/www.kedali.com\/wp-content\/uploads\/2025\/12\/wholesale-ceramic-taco-holders-4-768x768.webp 768w, https:\/\/www.kedali.com\/wp-content\/uploads\/2025\/12\/wholesale-ceramic-taco-holders-4-12x12.webp 12w, https:\/\/www.kedali.com\/wp-content\/uploads\/2025\/12\/wholesale-ceramic-taco-holders-4-600x600.webp 600w, https:\/\/www.kedali.com\/wp-content\/uploads\/2025\/12\/wholesale-ceramic-taco-holders-4-100x100.webp 100w\" sizes=\"(max-width: 800px) 100vw, 800px\" \/><\/figure>\n<\/div>\n\n\n\n<div class=\"wp-block-column is-layout-flow wp-block-column-is-layout-flow\">\n<figure class=\"wp-block-image size-full\"><img decoding=\"async\" width=\"800\" height=\"800\" src=\"https:\/\/www.kedali.com\/wp-content\/uploads\/2025\/12\/wholesale-ceramic-taco-holders-5.webp\" alt=\"Porte-taco en c\u00e9ramique en gros (5)\" class=\"wp-image-1571\" srcset=\"https:\/\/www.kedali.com\/wp-content\/uploads\/2025\/12\/wholesale-ceramic-taco-holders-5.webp 800w, https:\/\/www.kedali.com\/wp-content\/uploads\/2025\/12\/wholesale-ceramic-taco-holders-5-300x300.webp 300w, https:\/\/www.kedali.com\/wp-content\/uploads\/2025\/12\/wholesale-ceramic-taco-holders-5-150x150.webp 150w, https:\/\/www.kedali.com\/wp-content\/uploads\/2025\/12\/wholesale-ceramic-taco-holders-5-768x768.webp 768w, https:\/\/www.kedali.com\/wp-content\/uploads\/2025\/12\/wholesale-ceramic-taco-holders-5-12x12.webp 12w, https:\/\/www.kedali.com\/wp-content\/uploads\/2025\/12\/wholesale-ceramic-taco-holders-5-600x600.webp 600w, https:\/\/www.kedali.com\/wp-content\/uploads\/2025\/12\/wholesale-ceramic-taco-holders-5-100x100.webp 100w\" sizes=\"(max-width: 800px) 100vw, 800px\" \/><\/figure>\n<\/div>\n<\/div>","protected":false},"excerpt":{"rendered":"<p>Porte-taco en c\u00e9ramique en gros. Nos porte-taco ondul\u00e9s en c\u00e9ramique de premi\u00e8re qualit\u00e9 ajoutent de l'\u00e9clat et du style aux restaurants et aux services de restauration. Ce porte-taco en c\u00e9ramique, robuste et durable, est con\u00e7u pour \u00eatre stable et esth\u00e9tique. Il r\u00e9sout compl\u00e8tement le probl\u00e8me des tortillas renvers\u00e9es et garantit une pr\u00e9sentation parfaite de chaque taco. Les achats en gros sont les bienvenus.<\/p>\n<h2>Sp\u00e9cifications du support \u00e0 tacos en c\u00e9ramique<\/h2>\n<table width=\"235\">\n<tbody>\n<tr>\n<td width=\"69\">Marque<\/td>\n<td width=\"166\">KDL<\/td>\n<\/tr>\n<tr>\n<td width=\"69\">Mod\u00e8le<\/td>\n<td width=\"166\">TDQ1723<\/td>\n<\/tr>\n<tr>\n<td width=\"69\">Mat\u00e9riau<\/td>\n<td width=\"166\">c\u00e9ramique<\/td>\n<\/tr>\n<tr>\n<td width=\"69\">couleur<\/td>\n<td width=\"166\">rouge\/jaune\/orange\/bleu<\/td>\n<\/tr>\n<tr>\n<td width=\"69\">Application<\/td>\n<td width=\"166\">porte-taco<\/td>\n<\/tr>\n<tr>\n<td width=\"69\">Fonctionnalit\u00e9<\/td>\n<td width=\"166\">vitr\u00e9<\/td>\n<\/tr>\n<tr>\n<td width=\"69\">Dimensions<\/td>\n<td width=\"166\">25.7*12.5*5cm<\/td>\n<\/tr>\n<tr>\n<td width=\"69\">Poids brut (kg)<\/td>\n<td width=\"166\">0,8 kg<\/td>\n<\/tr>\n<tr>\n<td width=\"69\">Quantit\u00e9 minimale de commande<\/td>\n<td width=\"166\">800 jeux<\/td>\n<\/tr>\n<\/tbody>\n<\/table>\n<p>&nbsp;<\/p>\n<p><script src=\"chrome-extension:\/\/fpelahbljekknahkcaegamhcndkfpfnc\/iFrame.js\" type=\"text\/javascript\"><\/script><\/p>\n<p>\n<script src=\"chrome-extension:\/\/fpelahbljekknahkcaegamhcndkfpfnc\/iFrame.js\" type=\"text\/javascript\"><\/script><\/p>","protected":false},"featured_media":1567,"comment_status":"closed","ping_status":"closed","template":"","meta":{"_acf_changed":false},"product_brand":[],"product_cat":[19,58],"product_tag":[],"class_list":{"0":"post-1565","1":"product","2":"type-product","3":"status-publish","4":"has-post-thumbnail","6":"product_cat-wholesale-ceramic-tableware","7":"product_cat-wholesale-serveware","9":"first","10":"instock","11":"shipping-taxable","12":"product-type-simple"},"acf":[],"_links":{"self":[{"href":"https:\/\/www.kedali.com\/fr\/wp-json\/wp\/v2\/product\/1565","targetHints":{"allow":["GET"]}}],"collection":[{"href":"https:\/\/www.kedali.com\/fr\/wp-json\/wp\/v2\/product"}],"about":[{"href":"https:\/\/www.kedali.com\/fr\/wp-json\/wp\/v2\/types\/product"}],"replies":[{"embeddable":true,"href":"https:\/\/www.kedali.com\/fr\/wp-json\/wp\/v2\/comments?post=1565"}],"wp:featuredmedia":[{"embeddable":true,"href":"https:\/\/www.kedali.com\/fr\/wp-json\/wp\/v2\/media\/1567"}],"wp:attachment":[{"href":"https:\/\/www.kedali.com\/fr\/wp-json\/wp\/v2\/media?parent=1565"}],"wp:term":[{"taxonomy":"product_brand","embeddable":true,"href":"https:\/\/www.kedali.com\/fr\/wp-json\/wp\/v2\/product_brand?post=1565"},{"taxonomy":"product_cat","embeddable":true,"href":"https:\/\/www.kedali.com\/fr\/wp-json\/wp\/v2\/product_cat?post=1565"},{"taxonomy":"product_tag","embeddable":true,"href":"https:\/\/www.kedali.com\/fr\/wp-json\/wp\/v2\/product_tag?post=1565"}],"curies":[{"name":"wp","href":"https:\/\/api.w.org\/{rel}","templated":true}]}}