{"id":1585,"date":"2025-12-04T01:38:25","date_gmt":"2025-12-04T01:38:25","guid":{"rendered":"https:\/\/www.kedali.com\/?post_type=product&#038;p=1585"},"modified":"2025-12-04T01:59:17","modified_gmt":"2025-12-04T01:59:17","slug":"wholesale-ceramic-berry-colanders","status":"publish","type":"product","link":"https:\/\/www.kedali.com\/fr\/produit\/wholesale-ceramic-berry-colanders\/","title":{"rendered":"Grossiste Presse-pur\u00e9e en c\u00e9ramique pour baies - Panier et bol de rangement d\u00e9coratif en c\u00e9ramique"},"content":{"rendered":"<div class=\"wp-block-columns is-layout-flex wp-container-core-columns-is-layout-9d6595d7 wp-block-columns-is-layout-flex\">\n<div class=\"wp-block-column is-layout-flow wp-block-column-is-layout-flow\">\n<h3 class=\"wp-block-heading\">Caract\u00e9ristiques des passoires en c\u00e9ramique<\/h3>\n\n\n\n<ul class=\"wp-block-list\">\n<li><strong>Polyvalence fonctionnelle : <\/strong>La conception \u00e0 fentes imite une passoire, ce qui la rend parfaite pour rincer directement les fruits frais. Ils peuvent \u00eatre servis directement de la cuisine \u00e0 la table en tant que plat de service.<\/li>\n\n\n\n<li><strong>Pr\u00e9sentoir empilable : <\/strong>Les passoires \u00e0 baies en c\u00e9ramique peuvent \u00eatre empil\u00e9es, ce qui est avantageux pour la pr\u00e9sentation au d\u00e9tail et le stockage organis\u00e9 dans la cuisine.<\/li>\n\n\n\n<li><strong>Options de couleurs multiples : <\/strong>Nous proposons une vari\u00e9t\u00e9 de couleurs, y compris le vert et le rose\/beige, pour r\u00e9pondre aux diff\u00e9rentes pr\u00e9f\u00e9rences esth\u00e9tiques des consommateurs.<\/li>\n\n\n\n<li><strong>Facile \u00e0 nettoyer :<\/strong> Le mat\u00e9riau c\u00e9ramique non poreux passe g\u00e9n\u00e9ralement au lave-vaisselle et est plus facile \u00e0 nettoyer que les paniers traditionnels.<\/li>\n<\/ul>\n\n\n\n<h3 class=\"wp-block-heading\">Service sur mesure<\/h3>\n\n\n\n<ul class=\"wp-block-list\">\n<li>Support OEM et ODM<\/li>\n\n\n\n<li>Livraison rapide d'\u00e9chantillons.<\/li>\n\n\n\n<li>Fournir des produits personnalis\u00e9s en termes de forme, de couleur, de motif, d'emballage et d'autres services personnalis\u00e9s.<\/li>\n<\/ul>\n<\/div>\n\n\n\n<div class=\"wp-block-column is-layout-flow wp-block-column-is-layout-flow\">\n<figure class=\"wp-block-image size-full\"><img decoding=\"async\" width=\"800\" height=\"800\" src=\"https:\/\/www.kedali.com\/wp-content\/uploads\/2025\/12\/specifications-of-ceramic-berry-colanders.webp\" alt=\"sp\u00e9cifications des passoires \u00e0 baies en c\u00e9ramique\" class=\"wp-image-1586\" srcset=\"https:\/\/www.kedali.com\/wp-content\/uploads\/2025\/12\/specifications-of-ceramic-berry-colanders.webp 800w, https:\/\/www.kedali.com\/wp-content\/uploads\/2025\/12\/specifications-of-ceramic-berry-colanders-300x300.webp 300w, https:\/\/www.kedali.com\/wp-content\/uploads\/2025\/12\/specifications-of-ceramic-berry-colanders-150x150.webp 150w, https:\/\/www.kedali.com\/wp-content\/uploads\/2025\/12\/specifications-of-ceramic-berry-colanders-768x768.webp 768w, https:\/\/www.kedali.com\/wp-content\/uploads\/2025\/12\/specifications-of-ceramic-berry-colanders-12x12.webp 12w, https:\/\/www.kedali.com\/wp-content\/uploads\/2025\/12\/specifications-of-ceramic-berry-colanders-600x600.webp 600w, https:\/\/www.kedali.com\/wp-content\/uploads\/2025\/12\/specifications-of-ceramic-berry-colanders-100x100.webp 100w\" sizes=\"(max-width: 800px) 100vw, 800px\" \/><\/figure>\n<\/div>\n<\/div>\n\n\n\n<div class=\"wp-block-columns is-layout-flex wp-container-core-columns-is-layout-9d6595d7 wp-block-columns-is-layout-flex\">\n<div class=\"wp-block-column is-layout-flow wp-block-column-is-layout-flow\">\n<figure class=\"wp-block-image size-full\"><img decoding=\"async\" width=\"800\" height=\"800\" src=\"https:\/\/www.kedali.com\/wp-content\/uploads\/2025\/12\/wholesale-ceramic-berry-colanders-5.webp\" alt=\"passoires \u00e0 baies en c\u00e9ramique pour le commerce de gros (5)\" class=\"wp-image-1591\" srcset=\"https:\/\/www.kedali.com\/wp-content\/uploads\/2025\/12\/wholesale-ceramic-berry-colanders-5.webp 800w, https:\/\/www.kedali.com\/wp-content\/uploads\/2025\/12\/wholesale-ceramic-berry-colanders-5-300x300.webp 300w, https:\/\/www.kedali.com\/wp-content\/uploads\/2025\/12\/wholesale-ceramic-berry-colanders-5-150x150.webp 150w, https:\/\/www.kedali.com\/wp-content\/uploads\/2025\/12\/wholesale-ceramic-berry-colanders-5-768x768.webp 768w, https:\/\/www.kedali.com\/wp-content\/uploads\/2025\/12\/wholesale-ceramic-berry-colanders-5-12x12.webp 12w, https:\/\/www.kedali.com\/wp-content\/uploads\/2025\/12\/wholesale-ceramic-berry-colanders-5-600x600.webp 600w, https:\/\/www.kedali.com\/wp-content\/uploads\/2025\/12\/wholesale-ceramic-berry-colanders-5-100x100.webp 100w\" sizes=\"(max-width: 800px) 100vw, 800px\" \/><\/figure>\n<\/div>\n\n\n\n<div class=\"wp-block-column is-layout-flow wp-block-column-is-layout-flow\">\n<figure class=\"wp-block-image size-full\"><img decoding=\"async\" width=\"800\" height=\"800\" src=\"https:\/\/www.kedali.com\/wp-content\/uploads\/2025\/12\/wholesale-ceramic-berry-colanders-6.webp\" alt=\"passoires \u00e0 baies en c\u00e9ramique pour le commerce de gros (6)\" class=\"wp-image-1592\" srcset=\"https:\/\/www.kedali.com\/wp-content\/uploads\/2025\/12\/wholesale-ceramic-berry-colanders-6.webp 800w, https:\/\/www.kedali.com\/wp-content\/uploads\/2025\/12\/wholesale-ceramic-berry-colanders-6-300x300.webp 300w, https:\/\/www.kedali.com\/wp-content\/uploads\/2025\/12\/wholesale-ceramic-berry-colanders-6-150x150.webp 150w, https:\/\/www.kedali.com\/wp-content\/uploads\/2025\/12\/wholesale-ceramic-berry-colanders-6-768x768.webp 768w, https:\/\/www.kedali.com\/wp-content\/uploads\/2025\/12\/wholesale-ceramic-berry-colanders-6-12x12.webp 12w, https:\/\/www.kedali.com\/wp-content\/uploads\/2025\/12\/wholesale-ceramic-berry-colanders-6-600x600.webp 600w, https:\/\/www.kedali.com\/wp-content\/uploads\/2025\/12\/wholesale-ceramic-berry-colanders-6-100x100.webp 100w\" sizes=\"(max-width: 800px) 100vw, 800px\" \/><\/figure>\n<\/div>\n<\/div>","protected":false},"excerpt":{"rendered":"<p>Grossi\u00e8rement, les passoires \u00e0 baies en c\u00e9ramique. Nos passoires \u00e0 baies en c\u00e9ramique offrent trois fonctions essentielles : rin\u00e7age, service et stockage. Ces passoires en c\u00e9ramique sont fabriqu\u00e9es en c\u00e9ramique \u00e9paisse de haute qualit\u00e9, ce qui les rend plus durables et plus attrayantes que les r\u00e9cipients en papier ou en plastique. Contactez-nous pour un devis.<\/p>\n<h2>Sp\u00e9cifications des passoires en c\u00e9ramique<\/h2>\n<table width=\"235\">\n<tbody>\n<tr>\n<td width=\"69\">Marque<\/td>\n<td width=\"166\">KDL<\/td>\n<\/tr>\n<tr>\n<td width=\"69\">Mod\u00e8le<\/td>\n<td width=\"166\">TDS1729<\/td>\n<\/tr>\n<tr>\n<td width=\"69\">Mat\u00e9riau<\/td>\n<td width=\"166\">c\u00e9ramique<\/td>\n<\/tr>\n<tr>\n<td width=\"69\">couleur<\/td>\n<td width=\"166\">rose\/vert\/jaune\/personnalisable<\/td>\n<\/tr>\n<tr>\n<td width=\"69\">Application<\/td>\n<td width=\"166\">rin\u00e7age, placage et stockage<\/td>\n<\/tr>\n<tr>\n<td width=\"69\">Fonctionnalit\u00e9<\/td>\n<td width=\"166\">vitr\u00e9<\/td>\n<\/tr>\n<tr>\n<td width=\"69\">Dimensions<\/td>\n<td width=\"166\">10,5\u00d710,5\u00d77,2cm<\/td>\n<\/tr>\n<tr>\n<td width=\"69\">Poids brut (kg)<\/td>\n<td width=\"166\">0.37<\/td>\n<\/tr>\n<tr>\n<td width=\"69\">Quantit\u00e9 minimale de commande<\/td>\n<td width=\"166\">800 jeux<\/td>\n<\/tr>\n<\/tbody>\n<\/table>\n<p>&nbsp;<\/p>\n<p>\n<script src=\"chrome-extension:\/\/fpelahbljekknahkcaegamhcndkfpfnc\/iFrame.js\" type=\"text\/javascript\"><\/script><\/p>","protected":false},"featured_media":1587,"comment_status":"closed","ping_status":"closed","template":"","meta":{"_acf_changed":false},"product_brand":[],"product_cat":[18],"product_tag":[],"class_list":{"0":"post-1585","1":"product","2":"type-product","3":"status-publish","4":"has-post-thumbnail","6":"product_cat-wholesale-ceramic-kitchenware","8":"first","9":"instock","10":"shipping-taxable","11":"product-type-simple"},"acf":[],"_links":{"self":[{"href":"https:\/\/www.kedali.com\/fr\/wp-json\/wp\/v2\/product\/1585","targetHints":{"allow":["GET"]}}],"collection":[{"href":"https:\/\/www.kedali.com\/fr\/wp-json\/wp\/v2\/product"}],"about":[{"href":"https:\/\/www.kedali.com\/fr\/wp-json\/wp\/v2\/types\/product"}],"replies":[{"embeddable":true,"href":"https:\/\/www.kedali.com\/fr\/wp-json\/wp\/v2\/comments?post=1585"}],"wp:featuredmedia":[{"embeddable":true,"href":"https:\/\/www.kedali.com\/fr\/wp-json\/wp\/v2\/media\/1587"}],"wp:attachment":[{"href":"https:\/\/www.kedali.com\/fr\/wp-json\/wp\/v2\/media?parent=1585"}],"wp:term":[{"taxonomy":"product_brand","embeddable":true,"href":"https:\/\/www.kedali.com\/fr\/wp-json\/wp\/v2\/product_brand?post=1585"},{"taxonomy":"product_cat","embeddable":true,"href":"https:\/\/www.kedali.com\/fr\/wp-json\/wp\/v2\/product_cat?post=1585"},{"taxonomy":"product_tag","embeddable":true,"href":"https:\/\/www.kedali.com\/fr\/wp-json\/wp\/v2\/product_tag?post=1585"}],"curies":[{"name":"wp","href":"https:\/\/api.w.org\/{rel}","templated":true}]}}