{"id":1648,"date":"2025-12-06T01:29:03","date_gmt":"2025-12-06T01:29:03","guid":{"rendered":"https:\/\/www.kedali.com\/?post_type=product&#038;p=1648"},"modified":"2026-01-19T15:27:21","modified_gmt":"2026-01-19T15:27:21","slug":"wholesale-5-piece-ceramic-nesting-bowl-set","status":"publish","type":"product","link":"https:\/\/www.kedali.com\/fr\/produit\/wholesale-5-piece-ceramic-nesting-bowl-set\/","title":{"rendered":"Wholesale 5-Piece Ceramic Nesting Bowl Set - Elegant Lotus Flower Design"},"content":{"rendered":"<div class=\"wp-block-columns is-layout-flex wp-container-core-columns-is-layout-9d6595d7 wp-block-columns-is-layout-flex\">\n<div class=\"wp-block-column is-layout-flow wp-block-column-is-layout-flow\">\n<h3 class=\"wp-block-heading\">Caract\u00e9ristiques des bols gigognes en c\u00e9ramique 4 pi\u00e8ces<\/h3>\n\n\n\n<ul class=\"wp-block-list\">\n<li><strong>Rangement peu encombrant :<\/strong> La conception embo\u00eetable permet aux bols de s'empiler parfaitement les uns dans les autres, ce qui permet de gagner beaucoup de place dans les placards et les \u00e9tag\u00e8res par rapport aux bols standard.<\/li>\n\n\n\n<li><strong>Conception esth\u00e9tique :<\/strong> La forme unique du lotus est tr\u00e8s d\u00e9corative et moderne, ce qui en fait un \u00e9l\u00e9gant centre de table ou un plat de service.<\/li>\n\n\n\n<li><strong>Utilisation polyvalente :<\/strong> L'ensemble de bols gigognes en c\u00e9ramique comprend 5 tailles, convenant \u00e0 diverses utilisations, notamment : servir des collations, des amuse-gueules, des condiments, des trempettes, pr\u00e9parer des ingr\u00e9dients ou ranger des objets d\u00e9coratifs.<\/li>\n\n\n\n<li><strong>Mat\u00e9riau c\u00e9ramique : <\/strong>Notre ensemble de bols gigognes en gros est fabriqu\u00e9 en c\u00e9ramique de qualit\u00e9 alimentaire, sans BPA, et ne lib\u00e8re pas de substances nocives, garantissant ainsi la s\u00e9curit\u00e9 alimentaire.<\/li>\n<\/ul>\n\n\n\n<h3 class=\"wp-block-heading\">Service sur mesure<\/h3>\n\n\n\n<ul class=\"wp-block-list\">\n<li>Support OEM et ODM<\/li>\n\n\n\n<li>Livraison rapide d'\u00e9chantillons.<\/li>\n\n\n\n<li>Fournir des produits personnalis\u00e9s en termes de forme, de couleur, de motif, d'emballage et d'autres services personnalis\u00e9s.<\/li>\n<\/ul>\n<\/div>\n\n\n\n<div class=\"wp-block-column is-layout-flow wp-block-column-is-layout-flow\">\n<figure class=\"wp-block-image size-full\"><img decoding=\"async\" width=\"800\" height=\"800\" src=\"https:\/\/www.kedali.com\/wp-content\/uploads\/2025\/12\/specifications-of-ceramic-nesting-bowls.webp\" alt=\"sp\u00e9cifications des bols gigognes en c\u00e9ramique\" class=\"wp-image-1649\" srcset=\"https:\/\/www.kedali.com\/wp-content\/uploads\/2025\/12\/specifications-of-ceramic-nesting-bowls.webp 800w, https:\/\/www.kedali.com\/wp-content\/uploads\/2025\/12\/specifications-of-ceramic-nesting-bowls-300x300.webp 300w, https:\/\/www.kedali.com\/wp-content\/uploads\/2025\/12\/specifications-of-ceramic-nesting-bowls-150x150.webp 150w, https:\/\/www.kedali.com\/wp-content\/uploads\/2025\/12\/specifications-of-ceramic-nesting-bowls-768x768.webp 768w, https:\/\/www.kedali.com\/wp-content\/uploads\/2025\/12\/specifications-of-ceramic-nesting-bowls-12x12.webp 12w, https:\/\/www.kedali.com\/wp-content\/uploads\/2025\/12\/specifications-of-ceramic-nesting-bowls-600x600.webp 600w, https:\/\/www.kedali.com\/wp-content\/uploads\/2025\/12\/specifications-of-ceramic-nesting-bowls-100x100.webp 100w\" sizes=\"(max-width: 800px) 100vw, 800px\" \/><\/figure>\n<\/div>\n<\/div>\n\n\n\n<p><\/p>","protected":false},"excerpt":{"rendered":"<p>Nous vous invitons \u00e0 acheter en gros nos bols gigognes en c\u00e9ramique. La forme unique en p\u00e9tale de lotus et les couleurs d\u00e9grad\u00e9es vibrantes donnent \u00e0 cet ensemble de bols gigognes en c\u00e9ramique un excellent effet de pr\u00e9sentation. Il comprend cinq tailles diff\u00e9rentes et peut \u00eatre utilis\u00e9 pour la pr\u00e9paration des repas, la s\u00e9paration des ingr\u00e9dients, le service d'en-cas d\u00e9licats, ou comme petits plats de rangement d\u00e9coratifs et \u00e9l\u00e9gants.<\/p>\n<h2>Sp\u00e9cifications des bols gigognes en c\u00e9ramique<\/h2>\n<table width=\"235\">\n<tbody>\n<tr>\n<td width=\"69\">Marque<\/td>\n<td width=\"166\">KDL<\/td>\n<\/tr>\n<tr>\n<td width=\"69\">Mod\u00e8le<\/td>\n<td width=\"166\">TDS1955R-\u4e2d\u82f1<\/td>\n<\/tr>\n<tr>\n<td width=\"69\">Mat\u00e9riau<\/td>\n<td width=\"166\">c\u00e9ramique<\/td>\n<\/tr>\n<tr>\n<td width=\"69\">couleur<\/td>\n<td width=\"166\">vert\/violet<\/td>\n<\/tr>\n<tr>\n<td width=\"69\">Application<\/td>\n<td width=\"166\">bol de service<\/td>\n<\/tr>\n<tr>\n<td width=\"69\">Fonctionnalit\u00e9<\/td>\n<td width=\"166\">vitr\u00e9<\/td>\n<\/tr>\n<tr>\n<td width=\"69\">Dimensions<\/td>\n<td width=\"166\">7,8\u00d78,6 cm<br \/>10.3\u00d78.3cm<br \/>12.5\u00d78.5cm<br \/>15.7\u00d78cm<br \/>17.5\u00d78cm<\/td>\n<\/tr>\n<tr>\n<td width=\"69\">Quantit\u00e9 minimale de commande<\/td>\n<td width=\"166\">800 jeux<\/td>\n<\/tr>\n<\/tbody>\n<\/table>\n<p>&nbsp;<\/p>\n<p><script src=\"chrome-extension:\/\/fpelahbljekknahkcaegamhcndkfpfnc\/iFrame.js\" type=\"text\/javascript\"><\/script><\/p>","protected":false},"featured_media":1650,"comment_status":"closed","ping_status":"closed","template":"","meta":{"_acf_changed":false},"product_brand":[],"product_cat":[18,39],"product_tag":[],"class_list":{"0":"post-1648","1":"product","2":"type-product","3":"status-publish","4":"has-post-thumbnail","6":"product_cat-wholesale-ceramic-kitchenware","7":"product_cat-wholesale-serving-bowls","9":"first","10":"instock","11":"shipping-taxable","12":"product-type-simple"},"acf":[],"_links":{"self":[{"href":"https:\/\/www.kedali.com\/fr\/wp-json\/wp\/v2\/product\/1648","targetHints":{"allow":["GET"]}}],"collection":[{"href":"https:\/\/www.kedali.com\/fr\/wp-json\/wp\/v2\/product"}],"about":[{"href":"https:\/\/www.kedali.com\/fr\/wp-json\/wp\/v2\/types\/product"}],"replies":[{"embeddable":true,"href":"https:\/\/www.kedali.com\/fr\/wp-json\/wp\/v2\/comments?post=1648"}],"wp:featuredmedia":[{"embeddable":true,"href":"https:\/\/www.kedali.com\/fr\/wp-json\/wp\/v2\/media\/1650"}],"wp:attachment":[{"href":"https:\/\/www.kedali.com\/fr\/wp-json\/wp\/v2\/media?parent=1648"}],"wp:term":[{"taxonomy":"product_brand","embeddable":true,"href":"https:\/\/www.kedali.com\/fr\/wp-json\/wp\/v2\/product_brand?post=1648"},{"taxonomy":"product_cat","embeddable":true,"href":"https:\/\/www.kedali.com\/fr\/wp-json\/wp\/v2\/product_cat?post=1648"},{"taxonomy":"product_tag","embeddable":true,"href":"https:\/\/www.kedali.com\/fr\/wp-json\/wp\/v2\/product_tag?post=1648"}],"curies":[{"name":"wp","href":"https:\/\/api.w.org\/{rel}","templated":true}]}}