{"id":1730,"date":"2025-12-13T07:49:03","date_gmt":"2025-12-13T07:49:03","guid":{"rendered":"https:\/\/www.kedali.com\/?post_type=product&#038;p=1730"},"modified":"2026-04-21T03:04:38","modified_gmt":"2026-04-21T03:04:38","slug":"matte-black-ceramic-kitchenware-and-dinnerware-set-wholesale","status":"publish","type":"product","link":"https:\/\/www.kedali.com\/fr\/produit\/matte-black-ceramic-kitchenware-and-dinnerware-set-wholesale\/","title":{"rendered":"Ensemble d'ustensiles de cuisine et de vaisselle en c\u00e9ramique noire mate - Comprend des bocaux, des tasses et de la vaisselle"},"content":{"rendered":"<div class=\"wp-block-columns is-layout-flex wp-container-core-columns-is-layout-9d6595d7 wp-block-columns-is-layout-flex\">\n<div class=\"wp-block-column is-layout-flow wp-block-column-is-layout-flow\">\n<h3 class=\"wp-block-heading\">Caract\u00e9ristiques des ustensiles de cuisine en c\u00e9ramique<\/h3>\n\n\n\n<ul class=\"wp-block-list\">\n<li><strong>Coupe polyvalente :<\/strong> La couleur noire neutre permet \u00e0 cet ensemble d'ustensiles de cuisine de s'int\u00e9grer parfaitement \u00e0 diff\u00e9rentes esth\u00e9tiques de cuisine, de la ferme et du rustique au moderne minimaliste.<\/li>\n\n\n\n<li><strong>Collection compl\u00e8te :<\/strong> L'ensemble comprend tout ce qui est n\u00e9cessaire pour le rangement dans la cuisine, le service des boissons et les repas (bo\u00eetes, porte-ustensiles, burettes \u00e0 huile\/vinaigre, th\u00e9i\u00e8res, mugs, tasses, bols et assiettes). Il s'agit donc d'une solution compl\u00e8te \u00e0 emporter pour les consommateurs.<\/li>\n\n\n\n<li><strong>Mat\u00e9riau c\u00e9ramique durable : <\/strong>Les ustensiles de cuisine en c\u00e9ramique sont faciles \u00e0 nettoyer, tr\u00e8s durables et r\u00e9sistants aux taches et aux odeurs, ce qui prolonge leur dur\u00e9e de vie.<\/li>\n\n\n\n<li><strong>Con\u00e7u pour le service des boissons : <\/strong>L'inclusion d'une th\u00e9i\u00e8re, de tasses et de soucoupes r\u00e9pond directement au march\u00e9 populaire du caf\u00e9 et du th\u00e9.<\/li>\n\n\n\n<li><strong>Support OEM et ODM : <\/strong>Nous sommes un fabricant professionnel d'ustensiles de cuisine et de table, dot\u00e9 d'un syst\u00e8me de R&amp;D et de production mature, qui fournit des solutions personnalis\u00e9es \u00e0 ses clients B2B du monde entier.<\/li>\n<\/ul>\n\n\n\n<h3 class=\"wp-block-heading\">Service sur mesure<\/h3>\n\n\n\n<ul class=\"wp-block-list\">\n<li>Support OEM et ODM<\/li>\n\n\n\n<li>Livraison rapide d'\u00e9chantillons.<\/li>\n\n\n\n<li>Fournir des produits personnalis\u00e9s en termes de forme, de couleur, de motif, d'emballage et d'autres services personnalis\u00e9s.<\/li>\n<\/ul>\n<\/div>\n\n\n\n<div class=\"wp-block-column is-layout-flow wp-block-column-is-layout-flow\">\n<figure class=\"wp-block-image size-full\"><img decoding=\"async\" width=\"800\" height=\"800\" src=\"https:\/\/www.kedali.com\/wp-content\/uploads\/2025\/12\/matte-black-ceramic-kitchenware-7.webp\" alt=\"\" class=\"wp-image-1737\" srcset=\"https:\/\/www.kedali.com\/wp-content\/uploads\/2025\/12\/matte-black-ceramic-kitchenware-7.webp 800w, https:\/\/www.kedali.com\/wp-content\/uploads\/2025\/12\/matte-black-ceramic-kitchenware-7-300x300.webp 300w, https:\/\/www.kedali.com\/wp-content\/uploads\/2025\/12\/matte-black-ceramic-kitchenware-7-150x150.webp 150w, https:\/\/www.kedali.com\/wp-content\/uploads\/2025\/12\/matte-black-ceramic-kitchenware-7-768x768.webp 768w, https:\/\/www.kedali.com\/wp-content\/uploads\/2025\/12\/matte-black-ceramic-kitchenware-7-12x12.webp 12w, https:\/\/www.kedali.com\/wp-content\/uploads\/2025\/12\/matte-black-ceramic-kitchenware-7-600x600.webp 600w, https:\/\/www.kedali.com\/wp-content\/uploads\/2025\/12\/matte-black-ceramic-kitchenware-7-100x100.webp 100w\" sizes=\"(max-width: 800px) 100vw, 800px\" \/><\/figure>\n<\/div>\n<\/div>\n\n\n\n<div class=\"wp-block-columns is-layout-flex wp-container-core-columns-is-layout-9d6595d7 wp-block-columns-is-layout-flex\">\n<div class=\"wp-block-column is-layout-flow wp-block-column-is-layout-flow\">\n<figure class=\"wp-block-image size-full\"><img decoding=\"async\" width=\"800\" height=\"800\" src=\"https:\/\/www.kedali.com\/wp-content\/uploads\/2025\/12\/matte-black-ceramic-kitchenware-3.webp\" alt=\"\" class=\"wp-image-1733\" srcset=\"https:\/\/www.kedali.com\/wp-content\/uploads\/2025\/12\/matte-black-ceramic-kitchenware-3.webp 800w, https:\/\/www.kedali.com\/wp-content\/uploads\/2025\/12\/matte-black-ceramic-kitchenware-3-300x300.webp 300w, https:\/\/www.kedali.com\/wp-content\/uploads\/2025\/12\/matte-black-ceramic-kitchenware-3-150x150.webp 150w, https:\/\/www.kedali.com\/wp-content\/uploads\/2025\/12\/matte-black-ceramic-kitchenware-3-768x768.webp 768w, https:\/\/www.kedali.com\/wp-content\/uploads\/2025\/12\/matte-black-ceramic-kitchenware-3-12x12.webp 12w, https:\/\/www.kedali.com\/wp-content\/uploads\/2025\/12\/matte-black-ceramic-kitchenware-3-600x600.webp 600w, https:\/\/www.kedali.com\/wp-content\/uploads\/2025\/12\/matte-black-ceramic-kitchenware-3-100x100.webp 100w\" sizes=\"(max-width: 800px) 100vw, 800px\" \/><\/figure>\n<\/div>\n\n\n\n<div class=\"wp-block-column is-layout-flow wp-block-column-is-layout-flow\">\n<figure class=\"wp-block-image size-full\"><img decoding=\"async\" width=\"800\" height=\"800\" src=\"https:\/\/www.kedali.com\/wp-content\/uploads\/2025\/12\/matte-black-ceramic-kitchenware-5.webp\" alt=\"\" class=\"wp-image-1735\" srcset=\"https:\/\/www.kedali.com\/wp-content\/uploads\/2025\/12\/matte-black-ceramic-kitchenware-5.webp 800w, https:\/\/www.kedali.com\/wp-content\/uploads\/2025\/12\/matte-black-ceramic-kitchenware-5-300x300.webp 300w, https:\/\/www.kedali.com\/wp-content\/uploads\/2025\/12\/matte-black-ceramic-kitchenware-5-150x150.webp 150w, https:\/\/www.kedali.com\/wp-content\/uploads\/2025\/12\/matte-black-ceramic-kitchenware-5-768x768.webp 768w, https:\/\/www.kedali.com\/wp-content\/uploads\/2025\/12\/matte-black-ceramic-kitchenware-5-12x12.webp 12w, https:\/\/www.kedali.com\/wp-content\/uploads\/2025\/12\/matte-black-ceramic-kitchenware-5-600x600.webp 600w, https:\/\/www.kedali.com\/wp-content\/uploads\/2025\/12\/matte-black-ceramic-kitchenware-5-100x100.webp 100w\" sizes=\"(max-width: 800px) 100vw, 800px\" \/><\/figure>\n<\/div>\n<\/div>","protected":false},"excerpt":{"rendered":"<p>Ensemble de vaisselle noir mat en gros. Cette collection compl\u00e8te d'ustensiles de cuisine tr\u00e8s recherch\u00e9e comprend plus de 30 produits, offrant une valeur in\u00e9gal\u00e9e au consommateur final. Contactez-nous pour un devis.<\/p>\n<h2>Sp\u00e9cifications des ustensiles de cuisine en c\u00e9ramique noir mat<\/h2>\n<table width=\"235\">\n<tbody>\n<tr>\n<td width=\"69\">Marque<\/td>\n<td width=\"166\">KDL<\/td>\n<\/tr>\n<tr>\n<td width=\"69\">Mod\u00e8le<\/td>\n<td width=\"166\">TBQL101-5<\/td>\n<\/tr>\n<tr>\n<td width=\"69\">Mat\u00e9riau<\/td>\n<td width=\"166\">c\u00e9ramique<\/td>\n<\/tr>\n<tr>\n<td width=\"69\">couleur<\/td>\n<td width=\"166\">blanc<\/td>\n<\/tr>\n<tr>\n<td width=\"69\">Application<\/td>\n<td width=\"166\">tasse en c\u00e9ramique<\/td>\n<\/tr>\n<tr>\n<td width=\"69\">Fonctionnalit\u00e9<\/td>\n<td width=\"166\">d\u00e9calcomanie<\/td>\n<\/tr>\n<tr>\n<td width=\"69\">Dimensions<\/td>\n<td width=\"166\">12,5*9*9,5cm \/ 8,5*6*6,4cm\u00a0<\/td>\n<\/tr>\n<tr>\n<td width=\"69\">Quantit\u00e9 minimale de commande<\/td>\n<td width=\"166\">800 jeux<\/td>\n<\/tr>\n<\/tbody>\n<\/table>\n<p>&nbsp;<\/p>\n<p><script src=\"chrome-extension:\/\/fpelahbljekknahkcaegamhcndkfpfnc\/iFrame.js\" type=\"text\/javascript\"><\/script><\/p>\n<p><script src=\"chrome-extension:\/\/fpelahbljekknahkcaegamhcndkfpfnc\/iFrame.js\" type=\"text\/javascript\"><\/script><\/p>","protected":false},"featured_media":1731,"comment_status":"closed","ping_status":"closed","template":"","meta":{"_acf_changed":false},"product_brand":[],"product_cat":[19,57],"product_tag":[],"class_list":{"0":"post-1730","1":"product","2":"type-product","3":"status-publish","4":"has-post-thumbnail","6":"product_cat-wholesale-ceramic-tableware","7":"product_cat-wholesale-dinnerware-sets","9":"first","10":"instock","11":"shipping-taxable","12":"product-type-simple"},"acf":[],"_links":{"self":[{"href":"https:\/\/www.kedali.com\/fr\/wp-json\/wp\/v2\/product\/1730","targetHints":{"allow":["GET"]}}],"collection":[{"href":"https:\/\/www.kedali.com\/fr\/wp-json\/wp\/v2\/product"}],"about":[{"href":"https:\/\/www.kedali.com\/fr\/wp-json\/wp\/v2\/types\/product"}],"replies":[{"embeddable":true,"href":"https:\/\/www.kedali.com\/fr\/wp-json\/wp\/v2\/comments?post=1730"}],"wp:featuredmedia":[{"embeddable":true,"href":"https:\/\/www.kedali.com\/fr\/wp-json\/wp\/v2\/media\/1731"}],"wp:attachment":[{"href":"https:\/\/www.kedali.com\/fr\/wp-json\/wp\/v2\/media?parent=1730"}],"wp:term":[{"taxonomy":"product_brand","embeddable":true,"href":"https:\/\/www.kedali.com\/fr\/wp-json\/wp\/v2\/product_brand?post=1730"},{"taxonomy":"product_cat","embeddable":true,"href":"https:\/\/www.kedali.com\/fr\/wp-json\/wp\/v2\/product_cat?post=1730"},{"taxonomy":"product_tag","embeddable":true,"href":"https:\/\/www.kedali.com\/fr\/wp-json\/wp\/v2\/product_tag?post=1730"}],"curies":[{"name":"wp","href":"https:\/\/api.w.org\/{rel}","templated":true}]}}