{"id":1757,"date":"2025-12-13T09:01:19","date_gmt":"2025-12-13T09:01:19","guid":{"rendered":"https:\/\/www.kedali.com\/?post_type=product&#038;p=1757"},"modified":"2026-04-21T03:03:38","modified_gmt":"2026-04-21T03:03:38","slug":"bulk-ceramic-tableware-set-supply","status":"publish","type":"product","link":"https:\/\/www.kedali.com\/fr\/produit\/bulk-ceramic-tableware-set-supply\/","title":{"rendered":"Vaisselle en c\u00e9ramique en vrac - Pot \u00e0 lait, sucrier, service \u00e0 th\u00e9, beurrier et plus encore"},"content":{"rendered":"<div class=\"wp-block-columns is-layout-flex wp-container-core-columns-is-layout-9d6595d7 wp-block-columns-is-layout-flex\">\n<div class=\"wp-block-column is-layout-flow wp-block-column-is-layout-flow\">\n<h3 class=\"wp-block-heading\">Caract\u00e9ristiques de l'ensemble de vaisselle en c\u00e9ramique<\/h3>\n\n\n\n<ul class=\"wp-block-list\">\n<li><strong>Multi-Functional Use: <\/strong>Ideal for tea service, breakfast setups, dessert presentation, and tabletop display, improving service efficiency and visual consistency.<\/li>\n\n\n\n<li><strong>OEM \u548c ODM Customization Support: <\/strong>En tant que professionnel <strong><a href=\"https:\/\/www.kedali.com\/fr\/categorie-produit\/wholesale-ceramic-tableware\/\" target=\"_blank\" rel=\"noreferrer noopener\">ceramic tableware manufacturer<\/a><\/strong>, we support custom shapes, colors, glazes, logos, packaging, and set combinations to meet brand-specific needs.<\/li>\n\n\n\n<li><strong>Bulk Supply &amp; Stable Production:<\/strong> Factory-direct wholesale pricing, consistent quality control, and reliable lead times for large-volume orders.<\/li>\n<\/ul>\n\n\n\n<h3 class=\"wp-block-heading\">Service sur mesure<\/h3>\n\n\n\n<ul class=\"wp-block-list\">\n<li>Support OEM et ODM<\/li>\n\n\n\n<li>Livraison rapide d'\u00e9chantillons.<\/li>\n\n\n\n<li>Fournir des produits personnalis\u00e9s en termes de forme, de couleur, de motif, d'emballage et d'autres services personnalis\u00e9s.<\/li>\n<\/ul>\n<\/div>\n\n\n\n<div class=\"wp-block-column is-layout-flow wp-block-column-is-layout-flow\">\n<figure class=\"wp-block-image size-full\"><img decoding=\"async\" width=\"1600\" height=\"1600\" src=\"https:\/\/www.kedali.com\/wp-content\/uploads\/2025\/12\/wholesale-ceramic-tableware-set-1-2.webp\" alt=\"vaisselle en c\u00e9ramique en gros (1)\" class=\"wp-image-1758\" srcset=\"https:\/\/www.kedali.com\/wp-content\/uploads\/2025\/12\/wholesale-ceramic-tableware-set-1-2.webp 1600w, https:\/\/www.kedali.com\/wp-content\/uploads\/2025\/12\/wholesale-ceramic-tableware-set-1-2-300x300.webp 300w, https:\/\/www.kedali.com\/wp-content\/uploads\/2025\/12\/wholesale-ceramic-tableware-set-1-2-150x150.webp 150w, https:\/\/www.kedali.com\/wp-content\/uploads\/2025\/12\/wholesale-ceramic-tableware-set-1-2-768x768.webp 768w, https:\/\/www.kedali.com\/wp-content\/uploads\/2025\/12\/wholesale-ceramic-tableware-set-1-2-12x12.webp 12w, https:\/\/www.kedali.com\/wp-content\/uploads\/2025\/12\/wholesale-ceramic-tableware-set-1-2-1200x1200.webp 1200w, https:\/\/www.kedali.com\/wp-content\/uploads\/2025\/12\/wholesale-ceramic-tableware-set-1-2-600x600.webp 600w, https:\/\/www.kedali.com\/wp-content\/uploads\/2025\/12\/wholesale-ceramic-tableware-set-1-2-100x100.webp 100w\" sizes=\"(max-width: 1600px) 100vw, 1600px\" \/><\/figure>\n<\/div>\n<\/div>\n\n\n\n<div class=\"wp-block-columns is-layout-flex wp-container-core-columns-is-layout-9d6595d7 wp-block-columns-is-layout-flex\">\n<div class=\"wp-block-column is-layout-flow wp-block-column-is-layout-flow\">\n<figure class=\"wp-block-image size-full\"><img decoding=\"async\" width=\"1600\" height=\"1600\" src=\"https:\/\/www.kedali.com\/wp-content\/uploads\/2025\/12\/wholesale-ceramic-tableware-set-2-2.webp\" alt=\"vaisselle en c\u00e9ramique en gros (2)\" class=\"wp-image-1759\" srcset=\"https:\/\/www.kedali.com\/wp-content\/uploads\/2025\/12\/wholesale-ceramic-tableware-set-2-2.webp 1600w, https:\/\/www.kedali.com\/wp-content\/uploads\/2025\/12\/wholesale-ceramic-tableware-set-2-2-300x300.webp 300w, https:\/\/www.kedali.com\/wp-content\/uploads\/2025\/12\/wholesale-ceramic-tableware-set-2-2-150x150.webp 150w, https:\/\/www.kedali.com\/wp-content\/uploads\/2025\/12\/wholesale-ceramic-tableware-set-2-2-768x768.webp 768w, https:\/\/www.kedali.com\/wp-content\/uploads\/2025\/12\/wholesale-ceramic-tableware-set-2-2-12x12.webp 12w, https:\/\/www.kedali.com\/wp-content\/uploads\/2025\/12\/wholesale-ceramic-tableware-set-2-2-1200x1200.webp 1200w, https:\/\/www.kedali.com\/wp-content\/uploads\/2025\/12\/wholesale-ceramic-tableware-set-2-2-600x600.webp 600w, https:\/\/www.kedali.com\/wp-content\/uploads\/2025\/12\/wholesale-ceramic-tableware-set-2-2-100x100.webp 100w\" sizes=\"(max-width: 1600px) 100vw, 1600px\" \/><\/figure>\n<\/div>\n\n\n\n<div class=\"wp-block-column is-layout-flow wp-block-column-is-layout-flow\">\n<figure class=\"wp-block-image size-full\"><img decoding=\"async\" width=\"1600\" height=\"1600\" src=\"https:\/\/www.kedali.com\/wp-content\/uploads\/2025\/12\/wholesale-ceramic-tableware-set-3-2.webp\" alt=\"set de table en c\u00e9ramique en gros (3)\" class=\"wp-image-1760\" srcset=\"https:\/\/www.kedali.com\/wp-content\/uploads\/2025\/12\/wholesale-ceramic-tableware-set-3-2.webp 1600w, https:\/\/www.kedali.com\/wp-content\/uploads\/2025\/12\/wholesale-ceramic-tableware-set-3-2-300x300.webp 300w, https:\/\/www.kedali.com\/wp-content\/uploads\/2025\/12\/wholesale-ceramic-tableware-set-3-2-150x150.webp 150w, https:\/\/www.kedali.com\/wp-content\/uploads\/2025\/12\/wholesale-ceramic-tableware-set-3-2-768x768.webp 768w, https:\/\/www.kedali.com\/wp-content\/uploads\/2025\/12\/wholesale-ceramic-tableware-set-3-2-12x12.webp 12w, https:\/\/www.kedali.com\/wp-content\/uploads\/2025\/12\/wholesale-ceramic-tableware-set-3-2-1200x1200.webp 1200w, https:\/\/www.kedali.com\/wp-content\/uploads\/2025\/12\/wholesale-ceramic-tableware-set-3-2-600x600.webp 600w, https:\/\/www.kedali.com\/wp-content\/uploads\/2025\/12\/wholesale-ceramic-tableware-set-3-2-100x100.webp 100w\" sizes=\"(max-width: 1600px) 100vw, 1600px\" \/><\/figure>\n<\/div>\n<\/div>","protected":false},"excerpt":{"rendered":"<p>Bienvenue pour l'achat en gros de notre service de table en c\u00e9ramique. Notre service de vaisselle en c\u00e9ramique de qualit\u00e9 sup\u00e9rieure, m\u00e9ticuleusement con\u00e7u, rehausse votre d\u00e9cor de table et convient aux caf\u00e9s, aux h\u00f4tels, aux restaurants et aux marques de d\u00e9tail. Cet ensemble complet comprend des articles essentiels tels qu'un pot \u00e0 lait, un sucrier, un service \u00e0 th\u00e9 et un beurrier, cr\u00e9ant ainsi un aspect propre, unifi\u00e9 et professionnel pour tout service de nourriture et de boissons.<\/p>\n<h2>Sp\u00e9cifications de l'ensemble de vaisselle en c\u00e9ramique<\/h2>\n<table width=\"235\">\n<tbody>\n<tr>\n<td width=\"69\">Marque<\/td>\n<td width=\"166\">KDL<\/td>\n<\/tr>\n<tr>\n<td width=\"69\">Mod\u00e8le<\/td>\n<td width=\"166\">F198<\/td>\n<\/tr>\n<tr>\n<td width=\"69\">Mat\u00e9riau<\/td>\n<td width=\"166\">c\u00e9ramique<\/td>\n<\/tr>\n<tr>\n<td width=\"69\">couleur<\/td>\n<td width=\"166\">blanc<\/td>\n<\/tr>\n<tr>\n<td width=\"69\">Application<\/td>\n<td width=\"166\">vaisselle<\/td>\n<\/tr>\n<tr>\n<td width=\"69\">Quantit\u00e9 minimale de commande<\/td>\n<td width=\"166\">800 jeux<\/td>\n<\/tr>\n<\/tbody>\n<\/table>\n<p>&nbsp;<\/p>","protected":false},"featured_media":1758,"comment_status":"closed","ping_status":"closed","template":"","meta":{"_acf_changed":false},"product_brand":[],"product_cat":[19,57],"product_tag":[],"class_list":{"0":"post-1757","1":"product","2":"type-product","3":"status-publish","4":"has-post-thumbnail","6":"product_cat-wholesale-ceramic-tableware","7":"product_cat-wholesale-dinnerware-sets","9":"first","10":"instock","11":"shipping-taxable","12":"product-type-simple"},"acf":[],"_links":{"self":[{"href":"https:\/\/www.kedali.com\/fr\/wp-json\/wp\/v2\/product\/1757","targetHints":{"allow":["GET"]}}],"collection":[{"href":"https:\/\/www.kedali.com\/fr\/wp-json\/wp\/v2\/product"}],"about":[{"href":"https:\/\/www.kedali.com\/fr\/wp-json\/wp\/v2\/types\/product"}],"replies":[{"embeddable":true,"href":"https:\/\/www.kedali.com\/fr\/wp-json\/wp\/v2\/comments?post=1757"}],"wp:featuredmedia":[{"embeddable":true,"href":"https:\/\/www.kedali.com\/fr\/wp-json\/wp\/v2\/media\/1758"}],"wp:attachment":[{"href":"https:\/\/www.kedali.com\/fr\/wp-json\/wp\/v2\/media?parent=1757"}],"wp:term":[{"taxonomy":"product_brand","embeddable":true,"href":"https:\/\/www.kedali.com\/fr\/wp-json\/wp\/v2\/product_brand?post=1757"},{"taxonomy":"product_cat","embeddable":true,"href":"https:\/\/www.kedali.com\/fr\/wp-json\/wp\/v2\/product_cat?post=1757"},{"taxonomy":"product_tag","embeddable":true,"href":"https:\/\/www.kedali.com\/fr\/wp-json\/wp\/v2\/product_tag?post=1757"}],"curies":[{"name":"wp","href":"https:\/\/api.w.org\/{rel}","templated":true}]}}