{"id":1763,"date":"2025-12-13T09:33:44","date_gmt":"2025-12-13T09:33:44","guid":{"rendered":"https:\/\/www.kedali.com\/?post_type=product&#038;p=1763"},"modified":"2026-02-09T13:21:36","modified_gmt":"2026-02-09T13:21:36","slug":"wholesale-ceramic-pet-treat-jar","status":"publish","type":"product","link":"https:\/\/www.kedali.com\/fr\/produit\/wholesale-ceramic-pet-treat-jar\/","title":{"rendered":"Jarre \u00e0 friandises en c\u00e9ramique pour animaux de compagnie - Contenant \u00e0 nourriture pour chiens et chats en c\u00e9ramique"},"content":{"rendered":"<div class=\"wp-block-columns is-layout-flex wp-container-core-columns-is-layout-9d6595d7 wp-block-columns-is-layout-flex\">\n<div class=\"wp-block-column is-layout-flow wp-block-column-is-layout-flow\">\n<h3 class=\"wp-block-heading\">Caract\u00e9ristiques du pot \u00e0 friandises en c\u00e9ramique pour animaux de compagnie<\/h3>\n\n\n\n<ul class=\"wp-block-list\">\n<li><strong>Mat\u00e9riau c\u00e9ramique alimentaire : <\/strong>Nos gamelles pour chiens sont fabriqu\u00e9es en c\u00e9ramique de haute qualit\u00e9, sans plomb, ce qui permet de conserver en toute s\u00e9curit\u00e9 les friandises pour chiens et chats, sans absorption d'odeurs ou de produits chimiques.<\/li>\n\n\n\n<li><strong>Fourniture directe par l'usine : <\/strong>Prix de gros comp\u00e9titifs, contr\u00f4le de qualit\u00e9 coh\u00e9rent et capacit\u00e9 de production fiable pour les commandes en gros et \u00e0 long terme.<\/li>\n\n\n\n<li><strong>Conception esth\u00e9tique : <\/strong>Le pot pour animaux de compagnie pr\u00e9sente un adorable motif de pattes, ce qui le rend plus d\u00e9coratif que les r\u00e9cipients standard en plastique ou en m\u00e9tal.<\/li>\n\n\n\n<li><strong>Contr\u00f4le des odeurs :<\/strong> La nature non poreuse de la c\u00e9ramique aide \u00e0 contr\u00f4ler les odeurs fortes provenant de la nourriture ou des friandises pour animaux de compagnie, ce qui permet de conserver un espace de stockage exempt d'odeurs.<\/li>\n<\/ul>\n\n\n\n<h3 class=\"wp-block-heading\">Service sur mesure<\/h3>\n\n\n\n<ul class=\"wp-block-list\">\n<li>Support OEM et ODM<\/li>\n\n\n\n<li>Livraison rapide d'\u00e9chantillons.<\/li>\n\n\n\n<li>Fournir des produits personnalis\u00e9s en termes de forme, de couleur, de motif, d'emballage et d'autres services personnalis\u00e9s.<\/li>\n<\/ul>\n<\/div>\n\n\n\n<div class=\"wp-block-column is-layout-flow wp-block-column-is-layout-flow\">\n<figure class=\"wp-block-image size-full\"><img decoding=\"async\" width=\"800\" height=\"800\" src=\"https:\/\/www.kedali.com\/wp-content\/uploads\/2025\/12\/specifications-of-ceramic-pet-treat-jar.webp\" alt=\"sp\u00e9cifications du pot \u00e0 friandises en c\u00e9ramique pour animaux de compagnie\" class=\"wp-image-1764\" srcset=\"https:\/\/www.kedali.com\/wp-content\/uploads\/2025\/12\/specifications-of-ceramic-pet-treat-jar.webp 800w, https:\/\/www.kedali.com\/wp-content\/uploads\/2025\/12\/specifications-of-ceramic-pet-treat-jar-300x300.webp 300w, https:\/\/www.kedali.com\/wp-content\/uploads\/2025\/12\/specifications-of-ceramic-pet-treat-jar-150x150.webp 150w, https:\/\/www.kedali.com\/wp-content\/uploads\/2025\/12\/specifications-of-ceramic-pet-treat-jar-768x768.webp 768w, https:\/\/www.kedali.com\/wp-content\/uploads\/2025\/12\/specifications-of-ceramic-pet-treat-jar-12x12.webp 12w, https:\/\/www.kedali.com\/wp-content\/uploads\/2025\/12\/specifications-of-ceramic-pet-treat-jar-600x600.webp 600w, https:\/\/www.kedali.com\/wp-content\/uploads\/2025\/12\/specifications-of-ceramic-pet-treat-jar-100x100.webp 100w\" sizes=\"(max-width: 800px) 100vw, 800px\" \/><\/figure>\n<\/div>\n<\/div>\n\n\n\n<div class=\"wp-block-columns is-layout-flex wp-container-core-columns-is-layout-9d6595d7 wp-block-columns-is-layout-flex\">\n<div class=\"wp-block-column is-layout-flow wp-block-column-is-layout-flow\">\n<figure class=\"wp-block-image size-full\"><img decoding=\"async\" width=\"800\" height=\"800\" src=\"https:\/\/www.kedali.com\/wp-content\/uploads\/2025\/12\/wholesale-ceramic-pet-treat-jar-6.webp\" alt=\"Grossiste pot \u00e0 friandises en c\u00e9ramique pour animaux de compagnie (6)\" class=\"wp-image-1770\" srcset=\"https:\/\/www.kedali.com\/wp-content\/uploads\/2025\/12\/wholesale-ceramic-pet-treat-jar-6.webp 800w, https:\/\/www.kedali.com\/wp-content\/uploads\/2025\/12\/wholesale-ceramic-pet-treat-jar-6-300x300.webp 300w, https:\/\/www.kedali.com\/wp-content\/uploads\/2025\/12\/wholesale-ceramic-pet-treat-jar-6-150x150.webp 150w, https:\/\/www.kedali.com\/wp-content\/uploads\/2025\/12\/wholesale-ceramic-pet-treat-jar-6-768x768.webp 768w, https:\/\/www.kedali.com\/wp-content\/uploads\/2025\/12\/wholesale-ceramic-pet-treat-jar-6-12x12.webp 12w, https:\/\/www.kedali.com\/wp-content\/uploads\/2025\/12\/wholesale-ceramic-pet-treat-jar-6-600x600.webp 600w, https:\/\/www.kedali.com\/wp-content\/uploads\/2025\/12\/wholesale-ceramic-pet-treat-jar-6-100x100.webp 100w\" sizes=\"(max-width: 800px) 100vw, 800px\" \/><\/figure>\n<\/div>\n\n\n\n<div class=\"wp-block-column is-layout-flow wp-block-column-is-layout-flow\">\n<figure class=\"wp-block-image size-full\"><img decoding=\"async\" width=\"800\" height=\"800\" src=\"https:\/\/www.kedali.com\/wp-content\/uploads\/2025\/12\/wholesale-ceramic-pet-treat-jar-7.webp\" alt=\"Grossiste pot \u00e0 friandises en c\u00e9ramique pour animaux de compagnie (7)\" class=\"wp-image-1771\" srcset=\"https:\/\/www.kedali.com\/wp-content\/uploads\/2025\/12\/wholesale-ceramic-pet-treat-jar-7.webp 800w, https:\/\/www.kedali.com\/wp-content\/uploads\/2025\/12\/wholesale-ceramic-pet-treat-jar-7-300x300.webp 300w, https:\/\/www.kedali.com\/wp-content\/uploads\/2025\/12\/wholesale-ceramic-pet-treat-jar-7-150x150.webp 150w, https:\/\/www.kedali.com\/wp-content\/uploads\/2025\/12\/wholesale-ceramic-pet-treat-jar-7-768x768.webp 768w, https:\/\/www.kedali.com\/wp-content\/uploads\/2025\/12\/wholesale-ceramic-pet-treat-jar-7-12x12.webp 12w, https:\/\/www.kedali.com\/wp-content\/uploads\/2025\/12\/wholesale-ceramic-pet-treat-jar-7-600x600.webp 600w, https:\/\/www.kedali.com\/wp-content\/uploads\/2025\/12\/wholesale-ceramic-pet-treat-jar-7-100x100.webp 100w\" sizes=\"(max-width: 800px) 100vw, 800px\" \/><\/figure>\n<\/div>\n<\/div>","protected":false},"excerpt":{"rendered":"<p>Bienvenue \u00e0 l'achat en gros de notre pot \u00e0 nourriture en c\u00e9ramique pour animaux de compagnie. Ce r\u00e9cipient durable est fabriqu\u00e9 en c\u00e9ramique alimentaire de haute qualit\u00e9 pour conserver la fra\u00eecheur des friandises pour chats et chiens. Disponible en vrac, il est parfait pour les marques et les d\u00e9taillants d'animaux de compagnie. Nous prenons en charge la personnalisation compl\u00e8te OEM et ODM, y compris la taille, la couleur, la gla\u00e7ure, le marquage du logo et l'emballage personnalis\u00e9. Contactez-nous d\u00e8s aujourd'hui.<\/p>\n<h2>Sp\u00e9cifications du pot \u00e0 friandises en c\u00e9ramique pour animaux de compagnie<\/h2>\n<table width=\"235\">\n<tbody>\n<tr>\n<td width=\"69\">Marque<\/td>\n<td width=\"166\">KDL<\/td>\n<\/tr>\n<tr>\n<td width=\"69\">Mod\u00e8le<\/td>\n<td width=\"166\">TGS1654-10AW-E208<\/td>\n<\/tr>\n<tr>\n<td width=\"69\">Mat\u00e9riau<\/td>\n<td width=\"166\">c\u00e9ramique<\/td>\n<\/tr>\n<tr>\n<td width=\"69\">couleur<\/td>\n<td width=\"166\">blanc<\/td>\n<\/tr>\n<tr>\n<td width=\"69\">Application<\/td>\n<td width=\"166\">pot pour aliments pour animaux de compagnie\u00a0<\/td>\n<\/tr>\n<tr>\n<td width=\"69\">Fonctionnalit\u00e9<\/td>\n<td width=\"166\">Couleur glac\u00e9e<\/td>\n<\/tr>\n<tr>\n<td width=\"69\">Dimensions<\/td>\n<td width=\"166\">12.2*12.2*25.1cm<\/td>\n<\/tr>\n<tr>\n<td width=\"69\">Poids brut (kg)<\/td>\n<td width=\"166\">2kg<\/td>\n<\/tr>\n<tr>\n<td width=\"69\">Quantit\u00e9 minimale de commande<\/td>\n<td width=\"166\">800 jeux<\/td>\n<\/tr>\n<\/tbody>\n<\/table>\n<p>&nbsp;<\/p>\n<p>\n<script src=\"chrome-extension:\/\/fpelahbljekknahkcaegamhcndkfpfnc\/iFrame.js\" type=\"text\/javascript\"><\/script><\/p>","protected":false},"featured_media":1765,"comment_status":"closed","ping_status":"closed","template":"","meta":{"_acf_changed":false},"product_brand":[],"product_cat":[22,55],"product_tag":[],"class_list":{"0":"post-1763","1":"product","2":"type-product","3":"status-publish","4":"has-post-thumbnail","6":"product_cat-wholesale-ceramic-pet-supplies","7":"product_cat-wholesale-pet-storage","9":"first","10":"instock","11":"shipping-taxable","12":"product-type-simple"},"acf":[],"_links":{"self":[{"href":"https:\/\/www.kedali.com\/fr\/wp-json\/wp\/v2\/product\/1763","targetHints":{"allow":["GET"]}}],"collection":[{"href":"https:\/\/www.kedali.com\/fr\/wp-json\/wp\/v2\/product"}],"about":[{"href":"https:\/\/www.kedali.com\/fr\/wp-json\/wp\/v2\/types\/product"}],"replies":[{"embeddable":true,"href":"https:\/\/www.kedali.com\/fr\/wp-json\/wp\/v2\/comments?post=1763"}],"wp:featuredmedia":[{"embeddable":true,"href":"https:\/\/www.kedali.com\/fr\/wp-json\/wp\/v2\/media\/1765"}],"wp:attachment":[{"href":"https:\/\/www.kedali.com\/fr\/wp-json\/wp\/v2\/media?parent=1763"}],"wp:term":[{"taxonomy":"product_brand","embeddable":true,"href":"https:\/\/www.kedali.com\/fr\/wp-json\/wp\/v2\/product_brand?post=1763"},{"taxonomy":"product_cat","embeddable":true,"href":"https:\/\/www.kedali.com\/fr\/wp-json\/wp\/v2\/product_cat?post=1763"},{"taxonomy":"product_tag","embeddable":true,"href":"https:\/\/www.kedali.com\/fr\/wp-json\/wp\/v2\/product_tag?post=1763"}],"curies":[{"name":"wp","href":"https:\/\/api.w.org\/{rel}","templated":true}]}}