{"id":1844,"date":"2025-12-16T03:09:05","date_gmt":"2025-12-16T03:09:05","guid":{"rendered":"https:\/\/www.kedali.com\/?post_type=product&#038;p=1844"},"modified":"2025-12-16T03:42:12","modified_gmt":"2025-12-16T03:42:12","slug":"wholesale-large-ceramic-batter-bowls","status":"publish","type":"product","link":"https:\/\/www.kedali.com\/fr\/produit\/wholesale-large-ceramic-batter-bowls\/","title":{"rendered":"Vente en gros de grands bols en c\u00e9ramique pour la pr\u00e9paration des aliments"},"content":{"rendered":"<div class=\"wp-block-columns is-layout-flex wp-container-core-columns-is-layout-9d6595d7 wp-block-columns-is-layout-flex\">\n<div class=\"wp-block-column is-layout-flow wp-block-column-is-layout-flow\">\n<h3 class=\"wp-block-heading\">Caract\u00e9ristiques des bols \u00e0 batterie en c\u00e9ramique<\/h3>\n\n\n\n<ul class=\"wp-block-list\">\n<li><strong>Versement facile et contr\u00f4l\u00e9<\/strong>: Nos bols \u00e0 p\u00e2te en gros sont dot\u00e9s d'un bec verseur, ce qui vous permet de verser proprement et pr\u00e9cis\u00e9ment la p\u00e2te liquide directement dans les moules, les plaques \u00e0 p\u00e2tisserie ou les moules sans trop de d\u00e9g\u00e2ts.<\/li>\n\n\n\n<li><strong>Prise s\u00fbre<\/strong>: La poign\u00e9e offre un moyen s\u00fbr et confortable de saisir et de soulever le bol, en particulier lorsqu'il est plein et lourd, ce qui permet de m\u00e9langer vigoureusement et de contr\u00f4ler la quantit\u00e9 vers\u00e9e.<\/li>\n\n\n\n<li><strong>Grande capacit\u00e9 : <\/strong>Con\u00e7u avec une grande capacit\u00e9 pour traiter de grandes quantit\u00e9s d'ingr\u00e9dients et r\u00e9pondre aux besoins de pr\u00e9paration des aliments commerciaux.<\/li>\n\n\n\n<li><strong>Facile \u00e0 nettoyer :<\/strong> Notre bol \u00e0 p\u00e2te en gros a des surfaces int\u00e9rieures et ext\u00e9rieures lisses qui r\u00e9sistent aux taches et aux odeurs. Il est \u00e9galement tr\u00e8s facile \u00e0 nettoyer.<\/li>\n\n\n\n<li><strong>Fourniture directe en usine de plusieurs cat\u00e9gories de produits :<\/strong> Nous sommes un fabricant professionnel d'ustensiles de cuisine et de p\u00e2tisserie en c\u00e9ramique, fournissant une gamme vari\u00e9e de produits pour le processus de cuisson, y compris des plats de cuisson en gros, des bols \u00e0 p\u00e2te et divers autres articles de cuisine en c\u00e9ramique.<\/li>\n<\/ul>\n\n\n\n<h3 class=\"wp-block-heading\">Service sur mesure<\/h3>\n\n\n\n<ul class=\"wp-block-list\">\n<li>Support OEM et ODM<\/li>\n\n\n\n<li>Livraison rapide d'\u00e9chantillons.<\/li>\n\n\n\n<li>Fournir des produits personnalis\u00e9s en termes de forme, de couleur, de motif, d'emballage et d'autres services personnalis\u00e9s.<\/li>\n<\/ul>\n<\/div>\n\n\n\n<div class=\"wp-block-column is-layout-flow wp-block-column-is-layout-flow\">\n<figure class=\"wp-block-image size-full\"><img decoding=\"async\" width=\"750\" height=\"750\" src=\"https:\/\/www.kedali.com\/wp-content\/uploads\/2025\/12\/specifications-of-the-batter-bowl.webp\" alt=\"sp\u00e9cifications du bol \u00e0 p\u00e2te\" class=\"wp-image-1845\" srcset=\"https:\/\/www.kedali.com\/wp-content\/uploads\/2025\/12\/specifications-of-the-batter-bowl.webp 750w, https:\/\/www.kedali.com\/wp-content\/uploads\/2025\/12\/specifications-of-the-batter-bowl-300x300.webp 300w, https:\/\/www.kedali.com\/wp-content\/uploads\/2025\/12\/specifications-of-the-batter-bowl-150x150.webp 150w, https:\/\/www.kedali.com\/wp-content\/uploads\/2025\/12\/specifications-of-the-batter-bowl-12x12.webp 12w, https:\/\/www.kedali.com\/wp-content\/uploads\/2025\/12\/specifications-of-the-batter-bowl-600x600.webp 600w, https:\/\/www.kedali.com\/wp-content\/uploads\/2025\/12\/specifications-of-the-batter-bowl-100x100.webp 100w\" sizes=\"(max-width: 750px) 100vw, 750px\" \/><\/figure>\n<\/div>\n<\/div>\n\n\n\n<div class=\"wp-block-columns is-layout-flex wp-container-core-columns-is-layout-9d6595d7 wp-block-columns-is-layout-flex\">\n<div class=\"wp-block-column is-layout-flow wp-block-column-is-layout-flow\">\n<figure class=\"wp-block-image size-full\"><img decoding=\"async\" width=\"750\" height=\"750\" src=\"https:\/\/www.kedali.com\/wp-content\/uploads\/2025\/12\/wholesale-ceramic-batter-bowls-1.webp\" alt=\"bols \u00e0 p\u00e2te en c\u00e9ramique en gros (1)\" class=\"wp-image-1846\" srcset=\"https:\/\/www.kedali.com\/wp-content\/uploads\/2025\/12\/wholesale-ceramic-batter-bowls-1.webp 750w, https:\/\/www.kedali.com\/wp-content\/uploads\/2025\/12\/wholesale-ceramic-batter-bowls-1-300x300.webp 300w, https:\/\/www.kedali.com\/wp-content\/uploads\/2025\/12\/wholesale-ceramic-batter-bowls-1-150x150.webp 150w, https:\/\/www.kedali.com\/wp-content\/uploads\/2025\/12\/wholesale-ceramic-batter-bowls-1-12x12.webp 12w, https:\/\/www.kedali.com\/wp-content\/uploads\/2025\/12\/wholesale-ceramic-batter-bowls-1-600x600.webp 600w, https:\/\/www.kedali.com\/wp-content\/uploads\/2025\/12\/wholesale-ceramic-batter-bowls-1-100x100.webp 100w\" sizes=\"(max-width: 750px) 100vw, 750px\" \/><\/figure>\n<\/div>\n\n\n\n<div class=\"wp-block-column is-layout-flow wp-block-column-is-layout-flow\">\n<figure class=\"wp-block-image size-full\"><img decoding=\"async\" width=\"750\" height=\"750\" src=\"https:\/\/www.kedali.com\/wp-content\/uploads\/2025\/12\/wholesale-ceramic-batter-bowls-6.webp\" alt=\"bols \u00e0 p\u00e2te en c\u00e9ramique en gros (6)\" class=\"wp-image-1851\" srcset=\"https:\/\/www.kedali.com\/wp-content\/uploads\/2025\/12\/wholesale-ceramic-batter-bowls-6.webp 750w, https:\/\/www.kedali.com\/wp-content\/uploads\/2025\/12\/wholesale-ceramic-batter-bowls-6-300x300.webp 300w, https:\/\/www.kedali.com\/wp-content\/uploads\/2025\/12\/wholesale-ceramic-batter-bowls-6-150x150.webp 150w, https:\/\/www.kedali.com\/wp-content\/uploads\/2025\/12\/wholesale-ceramic-batter-bowls-6-12x12.webp 12w, https:\/\/www.kedali.com\/wp-content\/uploads\/2025\/12\/wholesale-ceramic-batter-bowls-6-600x600.webp 600w, https:\/\/www.kedali.com\/wp-content\/uploads\/2025\/12\/wholesale-ceramic-batter-bowls-6-100x100.webp 100w\" sizes=\"(max-width: 750px) 100vw, 750px\" \/><\/figure>\n<\/div>\n<\/div>","protected":false},"excerpt":{"rendered":"<p>Notre usine vend en gros des bols \u00e0 p\u00e2te en c\u00e9ramique. Ce bol \u00e0 p\u00e2te a une grande capacit\u00e9 et une base stable, ce qui permet de m\u00e9langer et de fouetter facilement les ingr\u00e9dients et de pr\u00e9parer rapidement de grandes quantit\u00e9s de p\u00e2te, de p\u00e2te \u00e0 frire ou de sauces. Il est id\u00e9al pour les familles nombreuses et les cuisines commerciales. Contactez-nous pour un devis.<\/p>\n<h2>Sp\u00e9cifications des bols \u00e0 batterie en c\u00e9ramique<\/h2>\n<table width=\"235\">\n<tbody>\n<tr>\n<td width=\"69\">Marque<\/td>\n<td width=\"166\">KDL<\/td>\n<\/tr>\n<tr>\n<td width=\"69\">Mod\u00e8le<\/td>\n<td width=\"166\">TPQ1671-12<\/td>\n<\/tr>\n<tr>\n<td width=\"69\">Mat\u00e9riau<\/td>\n<td width=\"166\">c\u00e9ramique<\/td>\n<\/tr>\n<tr>\n<td width=\"69\">couleur<\/td>\n<td width=\"166\">bleu\/vert\/orange<\/td>\n<\/tr>\n<tr>\n<td width=\"69\">Application<\/td>\n<td width=\"166\">couleur \u00e9maill\u00e9e<\/td>\n<\/tr>\n<tr>\n<td width=\"69\">Fonctionnalit\u00e9<\/td>\n<td width=\"166\">d\u00e9calcomanie<\/td>\n<\/tr>\n<tr>\n<td width=\"69\">Dimensions<\/td>\n<td width=\"166\">31.2\u00d721.8\u00d715.4cm\u00a0<\/td>\n<\/tr>\n<tr>\n<td width=\"69\">Poids brut (kg)<\/td>\n<td width=\"166\">3kg<\/td>\n<\/tr>\n<tr>\n<td width=\"69\">Quantit\u00e9 minimale de commande<\/td>\n<td width=\"166\">800 jeux<\/td>\n<\/tr>\n<\/tbody>\n<\/table>\n<p>&nbsp;<\/p>","protected":false},"featured_media":1846,"comment_status":"closed","ping_status":"closed","template":"","meta":{"_acf_changed":false},"product_brand":[],"product_cat":[18],"product_tag":[],"class_list":{"0":"post-1844","1":"product","2":"type-product","3":"status-publish","4":"has-post-thumbnail","6":"product_cat-wholesale-ceramic-kitchenware","8":"first","9":"instock","10":"shipping-taxable","11":"product-type-simple"},"acf":[],"_links":{"self":[{"href":"https:\/\/www.kedali.com\/fr\/wp-json\/wp\/v2\/product\/1844","targetHints":{"allow":["GET"]}}],"collection":[{"href":"https:\/\/www.kedali.com\/fr\/wp-json\/wp\/v2\/product"}],"about":[{"href":"https:\/\/www.kedali.com\/fr\/wp-json\/wp\/v2\/types\/product"}],"replies":[{"embeddable":true,"href":"https:\/\/www.kedali.com\/fr\/wp-json\/wp\/v2\/comments?post=1844"}],"wp:featuredmedia":[{"embeddable":true,"href":"https:\/\/www.kedali.com\/fr\/wp-json\/wp\/v2\/media\/1846"}],"wp:attachment":[{"href":"https:\/\/www.kedali.com\/fr\/wp-json\/wp\/v2\/media?parent=1844"}],"wp:term":[{"taxonomy":"product_brand","embeddable":true,"href":"https:\/\/www.kedali.com\/fr\/wp-json\/wp\/v2\/product_brand?post=1844"},{"taxonomy":"product_cat","embeddable":true,"href":"https:\/\/www.kedali.com\/fr\/wp-json\/wp\/v2\/product_cat?post=1844"},{"taxonomy":"product_tag","embeddable":true,"href":"https:\/\/www.kedali.com\/fr\/wp-json\/wp\/v2\/product_tag?post=1844"}],"curies":[{"name":"wp","href":"https:\/\/api.w.org\/{rel}","templated":true}]}}