{"id":1874,"date":"2025-12-23T01:41:20","date_gmt":"2025-12-23T01:41:20","guid":{"rendered":"https:\/\/www.kedali.com\/?post_type=product&#038;p=1874"},"modified":"2025-12-23T02:21:55","modified_gmt":"2025-12-23T02:21:55","slug":"bulk-ceramic-french-butter-jars","status":"publish","type":"product","link":"https:\/\/www.kedali.com\/fr\/produit\/bulk-ceramic-french-butter-jars\/","title":{"rendered":"Pots de beurre en c\u00e9ramique en vrac pour la restauration et le commerce de d\u00e9tail"},"content":{"rendered":"<div class=\"wp-block-columns is-layout-flex wp-container-core-columns-is-layout-9d6595d7 wp-block-columns-is-layout-flex\">\n<div class=\"wp-block-column is-layout-flow wp-block-column-is-layout-flow\">\n<h3 class=\"wp-block-heading\">Caract\u00e9ristiques des pots \u00e0 beurre en c\u00e9ramique<\/h3>\n\n\n\n<ul class=\"wp-block-list\">\n<li><strong>C\u00e9ramique durable : <\/strong>Fabriqu\u00e9s en porcelaine ou en gr\u00e8s cuit \u00e0 haute temp\u00e9rature, ces plats ne sont pas poreux et n'absorbent pas les odeurs ou les saveurs des aliments.<\/li>\n\n\n\n<li><strong>Plusieurs styles : <\/strong>Nous proposons une grande vari\u00e9t\u00e9 de couleurs, ce qui permet aux d\u00e9taillants d'offrir diverses options ou de les vendre comme des ensembles assortis.<\/li>\n\n\n\n<li><strong>Design \u00e9l\u00e9gant : <\/strong>Avec leur motif \u00e0 carreaux vintage et leurs couleurs douces et harmonieuses, ces plats s'int\u00e8grent facilement \u00e0 diff\u00e9rents styles de cuisine ou de salle \u00e0 manger, offrant \u00e0 la fois un attrait esth\u00e9tique et une valeur d\u00e9corative.<\/li>\n\n\n\n<li><strong>Prix d'usine : <\/strong>En tant que fabricant professionnel d'ustensiles de cuisine en c\u00e9ramique, nous proposons une large gamme de beurriers en c\u00e9ramique. Gr\u00e2ce \u00e0 notre syst\u00e8me de production mature et \u00e0 notre contr\u00f4le de qualit\u00e9 strict, nous pouvons garantir des d\u00e9lais de livraison stables et une qualit\u00e9 constante.<\/li>\n<\/ul>\n\n\n\n<h3 class=\"wp-block-heading\">Service sur mesure<\/h3>\n\n\n\n<ul class=\"wp-block-list\">\n<li>Support OEM et ODM<\/li>\n\n\n\n<li>Livraison rapide d'\u00e9chantillons.<\/li>\n\n\n\n<li>Fournir des produits personnalis\u00e9s en termes de forme, de couleur, de motif, d'emballage et d'autres services personnalis\u00e9s.<\/li>\n<\/ul>\n<\/div>\n\n\n\n<div class=\"wp-block-column is-layout-flow wp-block-column-is-layout-flow\">\n<figure class=\"wp-block-image size-full\"><img decoding=\"async\" width=\"1600\" height=\"1600\" src=\"https:\/\/www.kedali.com\/wp-content\/uploads\/2025\/12\/specifications-of-ceramic-french-butter-jars.webp\" alt=\"sp\u00e9cifications des pots de beurre fran\u00e7ais en c\u00e9ramique\" class=\"wp-image-1880\" srcset=\"https:\/\/www.kedali.com\/wp-content\/uploads\/2025\/12\/specifications-of-ceramic-french-butter-jars.webp 1600w, https:\/\/www.kedali.com\/wp-content\/uploads\/2025\/12\/specifications-of-ceramic-french-butter-jars-300x300.webp 300w, https:\/\/www.kedali.com\/wp-content\/uploads\/2025\/12\/specifications-of-ceramic-french-butter-jars-150x150.webp 150w, https:\/\/www.kedali.com\/wp-content\/uploads\/2025\/12\/specifications-of-ceramic-french-butter-jars-768x768.webp 768w, https:\/\/www.kedali.com\/wp-content\/uploads\/2025\/12\/specifications-of-ceramic-french-butter-jars-12x12.webp 12w, https:\/\/www.kedali.com\/wp-content\/uploads\/2025\/12\/specifications-of-ceramic-french-butter-jars-1200x1200.webp 1200w, https:\/\/www.kedali.com\/wp-content\/uploads\/2025\/12\/specifications-of-ceramic-french-butter-jars-600x600.webp 600w, https:\/\/www.kedali.com\/wp-content\/uploads\/2025\/12\/specifications-of-ceramic-french-butter-jars-100x100.webp 100w\" sizes=\"(max-width: 1600px) 100vw, 1600px\" \/><\/figure>\n<\/div>\n<\/div>\n\n\n\n<div class=\"wp-block-columns is-layout-flex wp-container-core-columns-is-layout-9d6595d7 wp-block-columns-is-layout-flex\">\n<div class=\"wp-block-column is-layout-flow wp-block-column-is-layout-flow\">\n<figure class=\"wp-block-image size-full\"><img decoding=\"async\" width=\"1600\" height=\"1600\" src=\"https:\/\/www.kedali.com\/wp-content\/uploads\/2025\/12\/bulk-ceramic-french-butter-jars-2.webp\" alt=\"pots de beurre en c\u00e9ramique en vrac (2)\" class=\"wp-image-1876\" srcset=\"https:\/\/www.kedali.com\/wp-content\/uploads\/2025\/12\/bulk-ceramic-french-butter-jars-2.webp 1600w, https:\/\/www.kedali.com\/wp-content\/uploads\/2025\/12\/bulk-ceramic-french-butter-jars-2-300x300.webp 300w, https:\/\/www.kedali.com\/wp-content\/uploads\/2025\/12\/bulk-ceramic-french-butter-jars-2-150x150.webp 150w, https:\/\/www.kedali.com\/wp-content\/uploads\/2025\/12\/bulk-ceramic-french-butter-jars-2-768x768.webp 768w, https:\/\/www.kedali.com\/wp-content\/uploads\/2025\/12\/bulk-ceramic-french-butter-jars-2-12x12.webp 12w, https:\/\/www.kedali.com\/wp-content\/uploads\/2025\/12\/bulk-ceramic-french-butter-jars-2-1200x1200.webp 1200w, https:\/\/www.kedali.com\/wp-content\/uploads\/2025\/12\/bulk-ceramic-french-butter-jars-2-600x600.webp 600w, https:\/\/www.kedali.com\/wp-content\/uploads\/2025\/12\/bulk-ceramic-french-butter-jars-2-100x100.webp 100w\" sizes=\"(max-width: 1600px) 100vw, 1600px\" \/><\/figure>\n<\/div>\n\n\n\n<div class=\"wp-block-column is-layout-flow wp-block-column-is-layout-flow\">\n<figure class=\"wp-block-image size-full\"><img decoding=\"async\" width=\"1600\" height=\"1600\" src=\"https:\/\/www.kedali.com\/wp-content\/uploads\/2025\/12\/bulk-ceramic-french-butter-jars-3.webp\" alt=\"pots de beurre en c\u00e9ramique en vrac (3)\" class=\"wp-image-1877\" srcset=\"https:\/\/www.kedali.com\/wp-content\/uploads\/2025\/12\/bulk-ceramic-french-butter-jars-3.webp 1600w, https:\/\/www.kedali.com\/wp-content\/uploads\/2025\/12\/bulk-ceramic-french-butter-jars-3-300x300.webp 300w, https:\/\/www.kedali.com\/wp-content\/uploads\/2025\/12\/bulk-ceramic-french-butter-jars-3-150x150.webp 150w, https:\/\/www.kedali.com\/wp-content\/uploads\/2025\/12\/bulk-ceramic-french-butter-jars-3-768x768.webp 768w, https:\/\/www.kedali.com\/wp-content\/uploads\/2025\/12\/bulk-ceramic-french-butter-jars-3-12x12.webp 12w, https:\/\/www.kedali.com\/wp-content\/uploads\/2025\/12\/bulk-ceramic-french-butter-jars-3-1200x1200.webp 1200w, https:\/\/www.kedali.com\/wp-content\/uploads\/2025\/12\/bulk-ceramic-french-butter-jars-3-600x600.webp 600w, https:\/\/www.kedali.com\/wp-content\/uploads\/2025\/12\/bulk-ceramic-french-butter-jars-3-100x100.webp 100w\" sizes=\"(max-width: 1600px) 100vw, 1600px\" \/><\/figure>\n<\/div>\n<\/div>","protected":false},"excerpt":{"rendered":"<p>Vente en gros de pots \u00e0 beurre en c\u00e9ramique. Ces pots de beurre en c\u00e9ramique sont id\u00e9aux pour les march\u00e9s de d\u00e9tail et de gros, car ils offrent une valeur per\u00e7ue \u00e9lev\u00e9e, se pr\u00eatent bien aux cadeaux et sont disponibles dans une grande vari\u00e9t\u00e9 de couleurs. Contactez-nous pour un devis.<\/p>\n<h2>Sp\u00e9cifications des pots \u00e0 beurre en c\u00e9ramique<\/h2>\n<table width=\"235\">\n<tbody>\n<tr>\n<td width=\"69\">Marque<\/td>\n<td width=\"166\">KDL<\/td>\n<\/tr>\n<tr>\n<td width=\"69\">Mod\u00e8le<\/td>\n<td width=\"166\">TDS1661-4-F235-7699C<\/td>\n<\/tr>\n<tr>\n<td width=\"69\">Mat\u00e9riau<\/td>\n<td width=\"166\">c\u00e9ramique<\/td>\n<\/tr>\n<tr>\n<td width=\"69\">couleur<\/td>\n<td width=\"166\">personnalisable<\/td>\n<\/tr>\n<tr>\n<td width=\"69\">Application<\/td>\n<td width=\"166\">pot de beurre<\/td>\n<\/tr>\n<tr>\n<td width=\"69\">Fonctionnalit\u00e9<\/td>\n<td width=\"166\">vitr\u00e9<\/td>\n<\/tr>\n<tr>\n<td width=\"69\">Dimensions<\/td>\n<td width=\"166\">\n<p data-pm-slice=\"0 0 []\">10.4\u00d710.4\u00d710.6cm\uff08Body\uff1a10.2\u00d710.2\u00d78cm\uff0cLid\uff1a10.4\u00d710.4\u00d78.6cm\uff09<\/p>\n<\/td>\n<\/tr>\n<tr>\n<td width=\"69\">Poids brut (kg)<\/td>\n<td width=\"166\">0,89 kg<\/td>\n<\/tr>\n<tr>\n<td width=\"69\">Quantit\u00e9 minimale de commande<\/td>\n<td width=\"166\">800 jeux<\/td>\n<\/tr>\n<\/tbody>\n<\/table>\n<p>&nbsp;<\/p>\n<p>\n<script src=\"chrome-extension:\/\/fpelahbljekknahkcaegamhcndkfpfnc\/iFrame.js\" type=\"text\/javascript\"><\/script><\/p>","protected":false},"featured_media":1875,"comment_status":"closed","ping_status":"closed","template":"","meta":{"_acf_changed":false},"product_brand":[],"product_cat":[18,35],"product_tag":[],"class_list":{"0":"post-1874","1":"product","2":"type-product","3":"status-publish","4":"has-post-thumbnail","6":"product_cat-wholesale-ceramic-kitchenware","7":"product_cat-wholesale-ceramic-butter-dishes","9":"first","10":"instock","11":"shipping-taxable","12":"product-type-simple"},"acf":[],"_links":{"self":[{"href":"https:\/\/www.kedali.com\/fr\/wp-json\/wp\/v2\/product\/1874","targetHints":{"allow":["GET"]}}],"collection":[{"href":"https:\/\/www.kedali.com\/fr\/wp-json\/wp\/v2\/product"}],"about":[{"href":"https:\/\/www.kedali.com\/fr\/wp-json\/wp\/v2\/types\/product"}],"replies":[{"embeddable":true,"href":"https:\/\/www.kedali.com\/fr\/wp-json\/wp\/v2\/comments?post=1874"}],"wp:featuredmedia":[{"embeddable":true,"href":"https:\/\/www.kedali.com\/fr\/wp-json\/wp\/v2\/media\/1875"}],"wp:attachment":[{"href":"https:\/\/www.kedali.com\/fr\/wp-json\/wp\/v2\/media?parent=1874"}],"wp:term":[{"taxonomy":"product_brand","embeddable":true,"href":"https:\/\/www.kedali.com\/fr\/wp-json\/wp\/v2\/product_brand?post=1874"},{"taxonomy":"product_cat","embeddable":true,"href":"https:\/\/www.kedali.com\/fr\/wp-json\/wp\/v2\/product_cat?post=1874"},{"taxonomy":"product_tag","embeddable":true,"href":"https:\/\/www.kedali.com\/fr\/wp-json\/wp\/v2\/product_tag?post=1874"}],"curies":[{"name":"wp","href":"https:\/\/api.w.org\/{rel}","templated":true}]}}