{"id":1895,"date":"2025-12-23T03:23:58","date_gmt":"2025-12-23T03:23:58","guid":{"rendered":"https:\/\/www.kedali.com\/?post_type=product&#038;p=1895"},"modified":"2026-02-19T06:07:03","modified_gmt":"2026-02-19T06:07:03","slug":"wholesale-japanese-style-ceramic-tea-set","status":"publish","type":"product","link":"https:\/\/www.kedali.com\/fr\/produit\/wholesale-japanese-style-ceramic-tea-set\/","title":{"rendered":"Wholesale Japanese Style Ceramic Tea Set (Service \u00e0 th\u00e9 en c\u00e9ramique de style japonais)"},"content":{"rendered":"<div class=\"wp-block-columns is-layout-flex wp-container-core-columns-is-layout-9d6595d7 wp-block-columns-is-layout-flex\">\n<div class=\"wp-block-column is-layout-flow wp-block-column-is-layout-flow\">\n<h3 class=\"wp-block-heading\">Caract\u00e9ristiques du service \u00e0 th\u00e9 en c\u00e9ramique<\/h3>\n\n\n\n<ul class=\"wp-block-list\">\n<li><strong>Aspect classique : <\/strong>La finition mate et la silhouette organique allient l'esth\u00e9tique japonaise traditionnelle au design moderne, ce qui en fait une magnifique pi\u00e8ce ma\u00eetresse pour une table basse ou une \u00e9tag\u00e8re de cuisine.<\/li>\n\n\n\n<li><strong>Manche en bambou naturel : <\/strong>Le manche arqu\u00e9 en bambou n'est pas seulement esth\u00e9tique ; il reste frais au toucher m\u00eame lorsque la th\u00e9i\u00e8re est remplie d'eau bouillante, offrant ainsi une prise en main confortable et s\u00fbre.<\/li>\n\n\n\n<li><strong>Bec de pr\u00e9cision :<\/strong> Le bec verseur est con\u00e7u pour un versement r\u00e9gulier et sans goutte, ce qui est essentiel pour le rituel du service du th\u00e9.<\/li>\n\n\n\n<li><strong>Ouverture large : <\/strong>La grande ouverture du couvercle permet d'ajouter facilement du th\u00e9 en vrac ou des sachets de th\u00e9 et simplifie le processus de nettoyage \u00e0 l'int\u00e9rieur de la th\u00e9i\u00e8re.<\/li>\n<\/ul>\n\n\n\n<h3 class=\"wp-block-heading\">Service sur mesure<\/h3>\n\n\n\n<ul class=\"wp-block-list\">\n<li>Support OEM et ODM<\/li>\n\n\n\n<li>Livraison rapide d'\u00e9chantillons.<\/li>\n\n\n\n<li>Fournir des produits personnalis\u00e9s en termes de forme, de couleur, de motif, d'emballage et d'autres services personnalis\u00e9s.<\/li>\n<\/ul>\n<\/div>\n\n\n\n<div class=\"wp-block-column is-layout-flow wp-block-column-is-layout-flow\">\n<figure class=\"wp-block-image size-full\"><img decoding=\"async\" width=\"790\" height=\"790\" src=\"https:\/\/www.kedali.com\/wp-content\/uploads\/2025\/12\/specifications-of-japanese-style-ceramic-tea-set.webp\" alt=\"sp\u00e9cifications du service \u00e0 th\u00e9 en c\u00e9ramique de style japonais\" class=\"wp-image-1896\" srcset=\"https:\/\/www.kedali.com\/wp-content\/uploads\/2025\/12\/specifications-of-japanese-style-ceramic-tea-set.webp 790w, https:\/\/www.kedali.com\/wp-content\/uploads\/2025\/12\/specifications-of-japanese-style-ceramic-tea-set-300x300.webp 300w, https:\/\/www.kedali.com\/wp-content\/uploads\/2025\/12\/specifications-of-japanese-style-ceramic-tea-set-150x150.webp 150w, https:\/\/www.kedali.com\/wp-content\/uploads\/2025\/12\/specifications-of-japanese-style-ceramic-tea-set-768x768.webp 768w, https:\/\/www.kedali.com\/wp-content\/uploads\/2025\/12\/specifications-of-japanese-style-ceramic-tea-set-12x12.webp 12w, https:\/\/www.kedali.com\/wp-content\/uploads\/2025\/12\/specifications-of-japanese-style-ceramic-tea-set-600x600.webp 600w, https:\/\/www.kedali.com\/wp-content\/uploads\/2025\/12\/specifications-of-japanese-style-ceramic-tea-set-100x100.webp 100w\" sizes=\"(max-width: 790px) 100vw, 790px\" \/><\/figure>\n<\/div>\n<\/div>\n\n\n\n<div class=\"wp-block-columns is-layout-flex wp-container-core-columns-is-layout-9d6595d7 wp-block-columns-is-layout-flex\">\n<div class=\"wp-block-column is-layout-flow wp-block-column-is-layout-flow\">\n<figure class=\"wp-block-image size-full\"><img decoding=\"async\" width=\"790\" height=\"790\" src=\"https:\/\/www.kedali.com\/wp-content\/uploads\/2025\/12\/wholesale-japanese-style-ceramic-tea-set-1.webp\" alt=\"set de th\u00e9 en c\u00e9ramique de style japonais en gros (1)\" class=\"wp-image-1897\" srcset=\"https:\/\/www.kedali.com\/wp-content\/uploads\/2025\/12\/wholesale-japanese-style-ceramic-tea-set-1.webp 790w, https:\/\/www.kedali.com\/wp-content\/uploads\/2025\/12\/wholesale-japanese-style-ceramic-tea-set-1-300x300.webp 300w, https:\/\/www.kedali.com\/wp-content\/uploads\/2025\/12\/wholesale-japanese-style-ceramic-tea-set-1-150x150.webp 150w, https:\/\/www.kedali.com\/wp-content\/uploads\/2025\/12\/wholesale-japanese-style-ceramic-tea-set-1-768x768.webp 768w, https:\/\/www.kedali.com\/wp-content\/uploads\/2025\/12\/wholesale-japanese-style-ceramic-tea-set-1-12x12.webp 12w, https:\/\/www.kedali.com\/wp-content\/uploads\/2025\/12\/wholesale-japanese-style-ceramic-tea-set-1-600x600.webp 600w, https:\/\/www.kedali.com\/wp-content\/uploads\/2025\/12\/wholesale-japanese-style-ceramic-tea-set-1-100x100.webp 100w\" sizes=\"(max-width: 790px) 100vw, 790px\" \/><\/figure>\n<\/div>\n\n\n\n<div class=\"wp-block-column is-layout-flow wp-block-column-is-layout-flow\">\n<figure class=\"wp-block-image size-full\"><img decoding=\"async\" width=\"790\" height=\"790\" src=\"https:\/\/www.kedali.com\/wp-content\/uploads\/2025\/12\/wholesale-japanese-style-ceramic-tea-set-4.webp\" alt=\"grossiste service \u00e0 th\u00e9 en c\u00e9ramique de style japonais (4)\" class=\"wp-image-1900\" srcset=\"https:\/\/www.kedali.com\/wp-content\/uploads\/2025\/12\/wholesale-japanese-style-ceramic-tea-set-4.webp 790w, https:\/\/www.kedali.com\/wp-content\/uploads\/2025\/12\/wholesale-japanese-style-ceramic-tea-set-4-300x300.webp 300w, https:\/\/www.kedali.com\/wp-content\/uploads\/2025\/12\/wholesale-japanese-style-ceramic-tea-set-4-150x150.webp 150w, https:\/\/www.kedali.com\/wp-content\/uploads\/2025\/12\/wholesale-japanese-style-ceramic-tea-set-4-768x768.webp 768w, https:\/\/www.kedali.com\/wp-content\/uploads\/2025\/12\/wholesale-japanese-style-ceramic-tea-set-4-12x12.webp 12w, https:\/\/www.kedali.com\/wp-content\/uploads\/2025\/12\/wholesale-japanese-style-ceramic-tea-set-4-600x600.webp 600w, https:\/\/www.kedali.com\/wp-content\/uploads\/2025\/12\/wholesale-japanese-style-ceramic-tea-set-4-100x100.webp 100w\" sizes=\"(max-width: 790px) 100vw, 790px\" \/><\/figure>\n<\/div>\n<\/div>","protected":false},"excerpt":{"rendered":"<p data-pm-slice=\"0 0 []\">D\u00e9couvrez l'\u00e9l\u00e9gance de la culture traditionnelle japonaise du th\u00e9 avec ce service \u00e0 th\u00e9 en gros en c\u00e9ramique de style japonais. L'ensemble comprend une th\u00e9i\u00e8re de 650 ml et quatre tasses \u00e0 th\u00e9 assorties de 100 ml, fabriqu\u00e9es en c\u00e9ramique durable de haute qualit\u00e9. Contactez-nous pour un devis.<\/p>\n<h2>Sp\u00e9cifications du service \u00e0 th\u00e9 en c\u00e9ramique de style japonais<\/h2>\n<table width=\"235\">\n<tbody>\n<tr>\n<td width=\"69\">Marque<\/td>\n<td width=\"166\">KDL<\/td>\n<\/tr>\n<tr>\n<td width=\"69\">Mod\u00e8le<\/td>\n<td width=\"166\">TPS792<\/td>\n<\/tr>\n<tr>\n<td width=\"69\">Mat\u00e9riau<\/td>\n<td width=\"166\">c\u00e9ramique<\/td>\n<\/tr>\n<tr>\n<td width=\"69\">couleur<\/td>\n<td width=\"166\">noir\/rouge<\/td>\n<\/tr>\n<tr>\n<td width=\"69\">Application<\/td>\n<td width=\"166\">service \u00e0 caf\u00e9 et \u00e0 th\u00e9<\/td>\n<\/tr>\n<tr>\n<td width=\"69\">Fonctionnalit\u00e9<\/td>\n<td width=\"166\">couleur \u00e9maill\u00e9e<\/td>\n<\/tr>\n<tr>\n<td width=\"69\">Dimensions<\/td>\n<td width=\"166\">Th\u00e9i\u00e8re : 21,5\u00d716,9\u00d79,5 cm<br data-start=\"25\" data-end=\"28\" \/>Coupe : 7,9\u00d77,9\u00d75,6 cm<\/td>\n<\/tr>\n<tr>\n<td width=\"69\">Poids brut (kg)<\/td>\n<td width=\"166\">5kg<\/td>\n<\/tr>\n<tr>\n<td width=\"69\">Quantit\u00e9 minimale de commande<\/td>\n<td width=\"166\">800 jeux<\/td>\n<\/tr>\n<\/tbody>\n<\/table>\n<p>&nbsp;<\/p>","protected":false},"featured_media":1897,"comment_status":"closed","ping_status":"closed","template":"","meta":{"_acf_changed":false},"product_brand":[],"product_cat":[29,53],"product_tag":[],"class_list":{"0":"post-1895","1":"product","2":"type-product","3":"status-publish","4":"has-post-thumbnail","6":"product_cat-wholesale-ceramic-tea-sets","7":"product_cat-wholesale-coffee-and-tea-sets","9":"first","10":"instock","11":"shipping-taxable","12":"product-type-simple"},"acf":[],"_links":{"self":[{"href":"https:\/\/www.kedali.com\/fr\/wp-json\/wp\/v2\/product\/1895","targetHints":{"allow":["GET"]}}],"collection":[{"href":"https:\/\/www.kedali.com\/fr\/wp-json\/wp\/v2\/product"}],"about":[{"href":"https:\/\/www.kedali.com\/fr\/wp-json\/wp\/v2\/types\/product"}],"replies":[{"embeddable":true,"href":"https:\/\/www.kedali.com\/fr\/wp-json\/wp\/v2\/comments?post=1895"}],"wp:featuredmedia":[{"embeddable":true,"href":"https:\/\/www.kedali.com\/fr\/wp-json\/wp\/v2\/media\/1897"}],"wp:attachment":[{"href":"https:\/\/www.kedali.com\/fr\/wp-json\/wp\/v2\/media?parent=1895"}],"wp:term":[{"taxonomy":"product_brand","embeddable":true,"href":"https:\/\/www.kedali.com\/fr\/wp-json\/wp\/v2\/product_brand?post=1895"},{"taxonomy":"product_cat","embeddable":true,"href":"https:\/\/www.kedali.com\/fr\/wp-json\/wp\/v2\/product_cat?post=1895"},{"taxonomy":"product_tag","embeddable":true,"href":"https:\/\/www.kedali.com\/fr\/wp-json\/wp\/v2\/product_tag?post=1895"}],"curies":[{"name":"wp","href":"https:\/\/api.w.org\/{rel}","templated":true}]}}