{"id":1969,"date":"2026-01-13T09:55:16","date_gmt":"2026-01-13T09:55:16","guid":{"rendered":"https:\/\/www.kedali.com\/?post_type=product&#038;p=1969"},"modified":"2026-01-13T10:17:37","modified_gmt":"2026-01-13T10:17:37","slug":"wholesale-ceramic-bathroom-accessories-7-piece-set","status":"publish","type":"product","link":"https:\/\/www.kedali.com\/fr\/produit\/wholesale-ceramic-bathroom-accessories-7-piece-set\/","title":{"rendered":"Wholesale Ceramic Bathroom Accessories 7-Piece Set"},"content":{"rendered":"<div class=\"wp-block-columns is-layout-flex wp-container-core-columns-is-layout-9d6595d7 wp-block-columns-is-layout-flex\">\n<div class=\"wp-block-column is-layout-flow wp-block-column-is-layout-flow\">\n<h3 class=\"wp-block-heading\">Caract\u00e9ristiques de l'ensemble d'accessoires de salle de bains en c\u00e9ramique<\/h3>\n\n\n\n<ul class=\"wp-block-list\">\n<li><strong>Solution compl\u00e8te de salle de bains 7 pi\u00e8ces : <\/strong>Couvre tous les besoins quotidiens de la salle de bains en un seul ensemble coordonn\u00e9, garantissant un aspect coh\u00e9rent et de qualit\u00e9 dans l'ensemble de l'espace.<\/li>\n\n\n\n<li><strong>Construction en c\u00e9ramique de haute qualit\u00e9 : <\/strong>Fabriqu\u00e9 en c\u00e9ramique durable, cuite \u00e0 haute temp\u00e9rature, avec une surface \u00e9maill\u00e9e lisse, il est r\u00e9sistant \u00e0 l'humidit\u00e9, facile \u00e0 nettoyer et con\u00e7u pour une utilisation \u00e0 long terme.<\/li>\n\n\n\n<li><strong>Une conception unifi\u00e9e pour une esth\u00e9tique coh\u00e9rente : <\/strong>Les formes et les finitions assorties permettent de cr\u00e9er une salle de bains propre, organis\u00e9e et haut de gamme.<\/li>\n\n\n\n<li><strong>Convient \u00e0 de multiples applications :<\/strong> Id\u00e9al pour la maison, les h\u00f4tels, les appartements, les immeubles locatifs et les projets de r\u00e9novation de salles de bains.<\/li>\n<\/ul>\n\n\n\n<h3 class=\"wp-block-heading\">Service sur mesure<\/h3>\n\n\n\n<ul class=\"wp-block-list\">\n<li>Support OEM et ODM<\/li>\n\n\n\n<li>Livraison rapide d'\u00e9chantillons.<\/li>\n\n\n\n<li>Fournir des produits personnalis\u00e9s en termes de forme, de couleur, de motif, d'emballage et d'autres services personnalis\u00e9s.<\/li>\n<\/ul>\n<\/div>\n\n\n\n<div class=\"wp-block-column is-layout-flow wp-block-column-is-layout-flow\">\n<figure class=\"wp-block-image size-full\"><img decoding=\"async\" width=\"750\" height=\"750\" src=\"https:\/\/www.kedali.com\/wp-content\/uploads\/2026\/01\/wholesale-ceramic-bathroom-accessories-7-piece-set-1.webp\" alt=\"wholesale ceramic bathroom accessories 7-piece set (1)\" class=\"wp-image-1977\" srcset=\"https:\/\/www.kedali.com\/wp-content\/uploads\/2026\/01\/wholesale-ceramic-bathroom-accessories-7-piece-set-1.webp 750w, https:\/\/www.kedali.com\/wp-content\/uploads\/2026\/01\/wholesale-ceramic-bathroom-accessories-7-piece-set-1-300x300.webp 300w, https:\/\/www.kedali.com\/wp-content\/uploads\/2026\/01\/wholesale-ceramic-bathroom-accessories-7-piece-set-1-150x150.webp 150w, https:\/\/www.kedali.com\/wp-content\/uploads\/2026\/01\/wholesale-ceramic-bathroom-accessories-7-piece-set-1-12x12.webp 12w, https:\/\/www.kedali.com\/wp-content\/uploads\/2026\/01\/wholesale-ceramic-bathroom-accessories-7-piece-set-1-600x600.webp 600w, https:\/\/www.kedali.com\/wp-content\/uploads\/2026\/01\/wholesale-ceramic-bathroom-accessories-7-piece-set-1-100x100.webp 100w\" sizes=\"(max-width: 750px) 100vw, 750px\" \/><\/figure>\n<\/div>\n<\/div>\n\n\n\n<div class=\"wp-block-columns is-layout-flex wp-container-core-columns-is-layout-9d6595d7 wp-block-columns-is-layout-flex\">\n<div class=\"wp-block-column is-layout-flow wp-block-column-is-layout-flow\">\n<figure class=\"wp-block-image size-full\"><img decoding=\"async\" width=\"1600\" height=\"1600\" src=\"https:\/\/www.kedali.com\/wp-content\/uploads\/2026\/01\/wholesale-ceramic-bathroom-accessories-7-piece-set-2.webp\" alt=\"wholesale ceramic bathroom accessories 7-piece set (2)\" class=\"wp-image-1978\" srcset=\"https:\/\/www.kedali.com\/wp-content\/uploads\/2026\/01\/wholesale-ceramic-bathroom-accessories-7-piece-set-2.webp 1600w, https:\/\/www.kedali.com\/wp-content\/uploads\/2026\/01\/wholesale-ceramic-bathroom-accessories-7-piece-set-2-300x300.webp 300w, https:\/\/www.kedali.com\/wp-content\/uploads\/2026\/01\/wholesale-ceramic-bathroom-accessories-7-piece-set-2-150x150.webp 150w, https:\/\/www.kedali.com\/wp-content\/uploads\/2026\/01\/wholesale-ceramic-bathroom-accessories-7-piece-set-2-768x768.webp 768w, https:\/\/www.kedali.com\/wp-content\/uploads\/2026\/01\/wholesale-ceramic-bathroom-accessories-7-piece-set-2-12x12.webp 12w, https:\/\/www.kedali.com\/wp-content\/uploads\/2026\/01\/wholesale-ceramic-bathroom-accessories-7-piece-set-2-1200x1200.webp 1200w, https:\/\/www.kedali.com\/wp-content\/uploads\/2026\/01\/wholesale-ceramic-bathroom-accessories-7-piece-set-2-600x600.webp 600w, https:\/\/www.kedali.com\/wp-content\/uploads\/2026\/01\/wholesale-ceramic-bathroom-accessories-7-piece-set-2-100x100.webp 100w\" sizes=\"(max-width: 1600px) 100vw, 1600px\" \/><\/figure>\n<\/div>\n\n\n\n<div class=\"wp-block-column is-layout-flow wp-block-column-is-layout-flow\">\n<figure class=\"wp-block-image size-full\"><img decoding=\"async\" width=\"1600\" height=\"1600\" src=\"https:\/\/www.kedali.com\/wp-content\/uploads\/2026\/01\/wholesale-ceramic-bathroom-accessories-7-piece-set-3.webp\" alt=\"wholesale ceramic bathroom accessories 7-piece set (3)\" class=\"wp-image-1979\" srcset=\"https:\/\/www.kedali.com\/wp-content\/uploads\/2026\/01\/wholesale-ceramic-bathroom-accessories-7-piece-set-3.webp 1600w, https:\/\/www.kedali.com\/wp-content\/uploads\/2026\/01\/wholesale-ceramic-bathroom-accessories-7-piece-set-3-300x300.webp 300w, https:\/\/www.kedali.com\/wp-content\/uploads\/2026\/01\/wholesale-ceramic-bathroom-accessories-7-piece-set-3-150x150.webp 150w, https:\/\/www.kedali.com\/wp-content\/uploads\/2026\/01\/wholesale-ceramic-bathroom-accessories-7-piece-set-3-768x768.webp 768w, https:\/\/www.kedali.com\/wp-content\/uploads\/2026\/01\/wholesale-ceramic-bathroom-accessories-7-piece-set-3-12x12.webp 12w, https:\/\/www.kedali.com\/wp-content\/uploads\/2026\/01\/wholesale-ceramic-bathroom-accessories-7-piece-set-3-1200x1200.webp 1200w, https:\/\/www.kedali.com\/wp-content\/uploads\/2026\/01\/wholesale-ceramic-bathroom-accessories-7-piece-set-3-600x600.webp 600w, https:\/\/www.kedali.com\/wp-content\/uploads\/2026\/01\/wholesale-ceramic-bathroom-accessories-7-piece-set-3-100x100.webp 100w\" sizes=\"(max-width: 1600px) 100vw, 1600px\" \/><\/figure>\n<\/div>\n<\/div>","protected":false},"excerpt":{"rendered":"<p>Am\u00e9liorez votre salle de bains avec notre ensemble d'accessoires de salle de bains 7 pi\u00e8ces en c\u00e9ramique. Cet ensemble de salle de bain m\u00e9ticuleusement con\u00e7u comprend une bouteille de d\u00e9sinfectant pour les mains, un gobelet pour bain de bouche, un porte-brosse \u00e0 dents, un porte-savon, un r\u00e9cipient de rangement et un porte-brosse pour les toilettes. Son design harmonieux le rend id\u00e9al pour les maisons, les h\u00f4tels, les appartements et les maisons d'h\u00f4tes \u00e0 la recherche d'une salle de bains sophistiqu\u00e9e et organis\u00e9e.<\/p>\n<h2>Sp\u00e9cifications de l'ensemble de 10 pi\u00e8ces d'accessoires de salle de bain en c\u00e9ramique<\/h2>\n<table width=\"235\">\n<tbody>\n<tr>\n<td width=\"69\">Marque<\/td>\n<td width=\"166\">KDL<\/td>\n<\/tr>\n<tr>\n<td width=\"69\">Mod\u00e8le<\/td>\n<td width=\"166\">DBS170-JF032<\/td>\n<\/tr>\n<tr>\n<td width=\"69\">Mat\u00e9riau<\/td>\n<td width=\"166\">c\u00e9ramique<\/td>\n<\/tr>\n<tr>\n<td width=\"69\">couleur<\/td>\n<td width=\"166\">blanc\/noir\/ivoire<\/td>\n<\/tr>\n<tr>\n<td width=\"69\">Application<\/td>\n<td width=\"166\">ensemble de salle de bains<\/td>\n<\/tr>\n<tr>\n<td width=\"69\">Fonctionnalit\u00e9<\/td>\n<td width=\"166\">sculpt\u00e9<\/td>\n<\/tr>\n<tr>\n<td width=\"69\">Dimensions<\/td>\n<td width=\"166\">Dispensper : 8.2\u00d78.2\u00d718.6 cm<br data-start=\"58\" data-end=\"61\" \/>Gobelet : 9\u00d79\u00d710,9 cm<br data-start=\"81\" data-end=\"84\" data-is-only-node=\"\" \/>Porte-brosse \u00e0 dents : 9,1\u00d79,1\u00d712,2 cm<br data-start=\"118\" data-end=\"121\" \/>Porte-savon : 12,7\u00d78\u00d72,3 cm<br data-start=\"145\" data-end=\"148\" \/>Bocal de stockage : 10,3\u00d710,3\u00d719 cm<br data-start=\"176\" data-end=\"179\" \/>Petit pot de rangement : 10,3\u00d710,3\u00d711,7 cm<br data-start=\"215\" data-end=\"218\" \/>Porte-brosse de toilette : 12,5\u00d712,5\u00d724 cm<\/td>\n<\/tr>\n<tr>\n<td width=\"69\">Poids brut (kg)<\/td>\n<td width=\"166\">4kg\/set<\/td>\n<\/tr>\n<tr>\n<td width=\"69\">Quantit\u00e9 minimale de commande<\/td>\n<td width=\"166\">800 jeux<\/td>\n<\/tr>\n<\/tbody>\n<\/table>\n<p>&nbsp;<\/p>","protected":false},"featured_media":1977,"comment_status":"closed","ping_status":"closed","template":"","meta":{"_acf_changed":false},"product_brand":[],"product_cat":[17,32],"product_tag":[],"class_list":{"0":"post-1969","1":"product","2":"type-product","3":"status-publish","4":"has-post-thumbnail","6":"product_cat-wholesale-ceramic-bathroom-accessories","7":"product_cat-wholesale-ceramic-bath-accessories-sets","9":"first","10":"instock","11":"shipping-taxable","12":"product-type-simple"},"acf":[],"_links":{"self":[{"href":"https:\/\/www.kedali.com\/fr\/wp-json\/wp\/v2\/product\/1969","targetHints":{"allow":["GET"]}}],"collection":[{"href":"https:\/\/www.kedali.com\/fr\/wp-json\/wp\/v2\/product"}],"about":[{"href":"https:\/\/www.kedali.com\/fr\/wp-json\/wp\/v2\/types\/product"}],"replies":[{"embeddable":true,"href":"https:\/\/www.kedali.com\/fr\/wp-json\/wp\/v2\/comments?post=1969"}],"wp:featuredmedia":[{"embeddable":true,"href":"https:\/\/www.kedali.com\/fr\/wp-json\/wp\/v2\/media\/1977"}],"wp:attachment":[{"href":"https:\/\/www.kedali.com\/fr\/wp-json\/wp\/v2\/media?parent=1969"}],"wp:term":[{"taxonomy":"product_brand","embeddable":true,"href":"https:\/\/www.kedali.com\/fr\/wp-json\/wp\/v2\/product_brand?post=1969"},{"taxonomy":"product_cat","embeddable":true,"href":"https:\/\/www.kedali.com\/fr\/wp-json\/wp\/v2\/product_cat?post=1969"},{"taxonomy":"product_tag","embeddable":true,"href":"https:\/\/www.kedali.com\/fr\/wp-json\/wp\/v2\/product_tag?post=1969"}],"curies":[{"name":"wp","href":"https:\/\/api.w.org\/{rel}","templated":true}]}}