{"id":1984,"date":"2026-01-13T10:21:36","date_gmt":"2026-01-13T10:21:36","guid":{"rendered":"https:\/\/www.kedali.com\/?post_type=product&#038;p=1984"},"modified":"2026-01-13T10:39:01","modified_gmt":"2026-01-13T10:39:01","slug":"memphis-inspired-geometric-bathroom-set-wholesale","status":"publish","type":"product","link":"https:\/\/www.kedali.com\/fr\/produit\/memphis-inspired-geometric-bathroom-set-wholesale\/","title":{"rendered":"Ensemble de salle de bains g\u00e9om\u00e9trique inspir\u00e9 de Memphis Wholesale"},"content":{"rendered":"<div class=\"wp-block-columns is-layout-flex wp-container-core-columns-is-layout-9d6595d7 wp-block-columns-is-layout-flex\">\n<div class=\"wp-block-column is-layout-flow wp-block-column-is-layout-flow\">\n<h3 class=\"wp-block-heading\">Caract\u00e9ristiques de l'ensemble de salle de bains<\/h3>\n\n\n\n<ul class=\"wp-block-list\">\n<li><strong>Conception et esth\u00e9tique :<\/strong> Cet ensemble de salle de bains pr\u00e9sente un design inspir\u00e9 de Memphis, m\u00ealant astucieusement divers motifs et couleurs primaires pour cr\u00e9er un look \u00e0 la fois attrayant et sophistiqu\u00e9.<\/li>\n\n\n\n<li><strong>Une forte diff\u00e9renciation sur le march\u00e9 : <\/strong>Un design artistique unique aide les marques et les d\u00e9taillants \u00e0 se d\u00e9marquer des accessoires de salle de bains conventionnels, en attirant les jeunes consommateurs, les magasins de style de vie et les march\u00e9s ax\u00e9s sur le design.<\/li>\n\n\n\n<li><strong>Ensemble coordonn\u00e9 complet : <\/strong>Comprend des accessoires de salle de bains essentiels avec un langage de conception unifi\u00e9, ce qui permet aux acheteurs de proposer facilement une solution coh\u00e9rente pour la salle de bains et d'augmenter la valeur moyenne de la commande.<\/li>\n\n\n\n<li><strong>Support de personnalisation OEM et ODM :<\/strong> Des couleurs, des motifs, des mat\u00e9riaux, des logos et des emballages personnalis\u00e9s sont disponibles pour correspondre \u00e0 l'identit\u00e9 de la marque ou aux pr\u00e9f\u00e9rences du march\u00e9 local.<\/li>\n<\/ul>\n\n\n\n<h3 class=\"wp-block-heading\">Service sur mesure<\/h3>\n\n\n\n<ul class=\"wp-block-list\">\n<li>Support OEM et ODM<\/li>\n\n\n\n<li>Livraison rapide d'\u00e9chantillons.<\/li>\n\n\n\n<li>Fournir des produits personnalis\u00e9s en termes de forme, de couleur, de motif, d'emballage et d'autres services personnalis\u00e9s.<\/li>\n\n\n\n<li><\/li>\n<\/ul>\n<\/div>\n\n\n\n<div class=\"wp-block-column is-layout-flow wp-block-column-is-layout-flow\">\n<figure class=\"wp-block-image size-full\"><img decoding=\"async\" width=\"3292\" height=\"2405\" src=\"https:\/\/www.kedali.com\/wp-content\/uploads\/2026\/01\/memphis-inspired-geometric-bathroom-set-wholesale-7.webp\" alt=\"Ensemble de salle de bain g\u00e9om\u00e9trique inspir\u00e9 de Memphis wholesale (7)\" class=\"wp-image-1991\" srcset=\"https:\/\/www.kedali.com\/wp-content\/uploads\/2026\/01\/memphis-inspired-geometric-bathroom-set-wholesale-7.webp 3292w, https:\/\/www.kedali.com\/wp-content\/uploads\/2026\/01\/memphis-inspired-geometric-bathroom-set-wholesale-7-300x219.webp 300w, https:\/\/www.kedali.com\/wp-content\/uploads\/2026\/01\/memphis-inspired-geometric-bathroom-set-wholesale-7-768x561.webp 768w, https:\/\/www.kedali.com\/wp-content\/uploads\/2026\/01\/memphis-inspired-geometric-bathroom-set-wholesale-7-16x12.webp 16w, https:\/\/www.kedali.com\/wp-content\/uploads\/2026\/01\/memphis-inspired-geometric-bathroom-set-wholesale-7-1200x877.webp 1200w, https:\/\/www.kedali.com\/wp-content\/uploads\/2026\/01\/memphis-inspired-geometric-bathroom-set-wholesale-7-600x438.webp 600w\" sizes=\"(max-width: 3292px) 100vw, 3292px\" \/><\/figure>\n<\/div>\n<\/div>\n\n\n\n<div class=\"wp-block-columns is-layout-flex wp-container-core-columns-is-layout-9d6595d7 wp-block-columns-is-layout-flex\">\n<div class=\"wp-block-column is-layout-flow wp-block-column-is-layout-flow\">\n<figure class=\"wp-block-image size-full\"><img decoding=\"async\" width=\"1600\" height=\"1600\" src=\"https:\/\/www.kedali.com\/wp-content\/uploads\/2026\/01\/memphis-inspired-geometric-bathroom-set-wholesale-1.webp\" alt=\"Ensemble de salle de bain g\u00e9om\u00e9trique inspir\u00e9 de Memphis wholesale (1)\" class=\"wp-image-1985\" srcset=\"https:\/\/www.kedali.com\/wp-content\/uploads\/2026\/01\/memphis-inspired-geometric-bathroom-set-wholesale-1.webp 1600w, https:\/\/www.kedali.com\/wp-content\/uploads\/2026\/01\/memphis-inspired-geometric-bathroom-set-wholesale-1-300x300.webp 300w, https:\/\/www.kedali.com\/wp-content\/uploads\/2026\/01\/memphis-inspired-geometric-bathroom-set-wholesale-1-150x150.webp 150w, https:\/\/www.kedali.com\/wp-content\/uploads\/2026\/01\/memphis-inspired-geometric-bathroom-set-wholesale-1-768x768.webp 768w, https:\/\/www.kedali.com\/wp-content\/uploads\/2026\/01\/memphis-inspired-geometric-bathroom-set-wholesale-1-12x12.webp 12w, https:\/\/www.kedali.com\/wp-content\/uploads\/2026\/01\/memphis-inspired-geometric-bathroom-set-wholesale-1-1200x1200.webp 1200w, https:\/\/www.kedali.com\/wp-content\/uploads\/2026\/01\/memphis-inspired-geometric-bathroom-set-wholesale-1-600x600.webp 600w, https:\/\/www.kedali.com\/wp-content\/uploads\/2026\/01\/memphis-inspired-geometric-bathroom-set-wholesale-1-100x100.webp 100w\" sizes=\"(max-width: 1600px) 100vw, 1600px\" \/><\/figure>\n<\/div>\n\n\n\n<div class=\"wp-block-column is-layout-flow wp-block-column-is-layout-flow\">\n<figure class=\"wp-block-image size-full\"><img decoding=\"async\" width=\"1600\" height=\"1600\" src=\"https:\/\/www.kedali.com\/wp-content\/uploads\/2026\/01\/memphis-inspired-geometric-bathroom-set-wholesale-2.webp\" alt=\"Ensemble de salle de bain g\u00e9om\u00e9trique inspir\u00e9 de Memphis wholesale (2)\" class=\"wp-image-1986\" srcset=\"https:\/\/www.kedali.com\/wp-content\/uploads\/2026\/01\/memphis-inspired-geometric-bathroom-set-wholesale-2.webp 1600w, https:\/\/www.kedali.com\/wp-content\/uploads\/2026\/01\/memphis-inspired-geometric-bathroom-set-wholesale-2-300x300.webp 300w, https:\/\/www.kedali.com\/wp-content\/uploads\/2026\/01\/memphis-inspired-geometric-bathroom-set-wholesale-2-150x150.webp 150w, https:\/\/www.kedali.com\/wp-content\/uploads\/2026\/01\/memphis-inspired-geometric-bathroom-set-wholesale-2-768x768.webp 768w, https:\/\/www.kedali.com\/wp-content\/uploads\/2026\/01\/memphis-inspired-geometric-bathroom-set-wholesale-2-12x12.webp 12w, https:\/\/www.kedali.com\/wp-content\/uploads\/2026\/01\/memphis-inspired-geometric-bathroom-set-wholesale-2-1200x1200.webp 1200w, https:\/\/www.kedali.com\/wp-content\/uploads\/2026\/01\/memphis-inspired-geometric-bathroom-set-wholesale-2-600x600.webp 600w, https:\/\/www.kedali.com\/wp-content\/uploads\/2026\/01\/memphis-inspired-geometric-bathroom-set-wholesale-2-100x100.webp 100w\" sizes=\"(max-width: 1600px) 100vw, 1600px\" \/><\/figure>\n<\/div>\n<\/div>","protected":false},"excerpt":{"rendered":"<p data-pm-slice=\"0 0 []\">Apportez une cr\u00e9ativit\u00e9 audacieuse dans les salles de bains modernes avec notre ensemble de salle de bains g\u00e9om\u00e9trique inspir\u00e9 de Memphis, con\u00e7u pour les marques et les d\u00e9taillants \u00e0 la recherche de collections remarquables et ax\u00e9es sur le design. En tant que fabricant professionnel d'accessoires de salle de bains, nous associons un design original \u00e0 une production fiable \u00e0 grande \u00e9chelle afin de fournir des ensembles pr\u00eats pour la vente en gros qui concilient style, durabilit\u00e9 et fonctionnalit\u00e9.<\/p>\n<h2>Sp\u00e9cifications de l'ensemble de salle de bain g\u00e9om\u00e9trique inspir\u00e9 de Memphis<\/h2>\n<table width=\"235\">\n<tbody>\n<tr>\n<td width=\"69\">Marque<\/td>\n<td width=\"166\">KDL<\/td>\n<\/tr>\n<tr>\n<td width=\"69\">Mod\u00e8le<\/td>\n<td width=\"166\">DBS617<\/td>\n<\/tr>\n<tr>\n<td width=\"69\">Mat\u00e9riau<\/td>\n<td width=\"166\">c\u00e9ramique<\/td>\n<\/tr>\n<tr>\n<td width=\"69\">couleur<\/td>\n<td width=\"166\">comme le montre l'image<\/td>\n<\/tr>\n<tr>\n<td width=\"69\">Application<\/td>\n<td width=\"166\">Ensemble de salle de bain en c\u00e9ramique<\/td>\n<\/tr>\n<tr>\n<td width=\"69\">Fonctionnalit\u00e9<\/td>\n<td width=\"166\">D\u00e9calcomanie\/couleur glac\u00e9e<\/td>\n<\/tr>\n<tr>\n<td width=\"69\">Dimensions<\/td>\n<td width=\"166\">Distributeur : 7,5 \u00d7 7,5 \u00d7 19 cm<br data-start=\"46\" data-end=\"49\" \/>Porte-brosse \u00e0 dents : 7,5 \u00d7 7,5 \u00d7 12 cm<br data-start=\"85\" data-end=\"88\" \/>Porte-savon : 13,5 \u00d7 8,5 \u00d7 2,9 cm<br data-start=\"118\" data-end=\"121\" \/>Pot de stockage : 8,5 \u00d7 8,5 \u00d7 12 cm<br data-start=\"151\" data-end=\"154\" \/>Porte-brosse de toilette : 10 \u00d7 10 \u00d7 18 cm<\/td>\n<\/tr>\n<tr>\n<td width=\"69\">Poids brut (kg)<\/td>\n<td width=\"166\">3\/set<\/td>\n<\/tr>\n<tr>\n<td width=\"69\">Quantit\u00e9 minimale de commande<\/td>\n<td width=\"166\">800 jeux<\/td>\n<\/tr>\n<\/tbody>\n<\/table>\n<p>&nbsp;<\/p>","protected":false},"featured_media":1985,"comment_status":"closed","ping_status":"closed","template":"","meta":{"_acf_changed":false},"product_brand":[],"product_cat":[17,32],"product_tag":[],"class_list":{"0":"post-1984","1":"product","2":"type-product","3":"status-publish","4":"has-post-thumbnail","6":"product_cat-wholesale-ceramic-bathroom-accessories","7":"product_cat-wholesale-ceramic-bath-accessories-sets","9":"first","10":"instock","11":"shipping-taxable","12":"product-type-simple"},"acf":[],"_links":{"self":[{"href":"https:\/\/www.kedali.com\/fr\/wp-json\/wp\/v2\/product\/1984","targetHints":{"allow":["GET"]}}],"collection":[{"href":"https:\/\/www.kedali.com\/fr\/wp-json\/wp\/v2\/product"}],"about":[{"href":"https:\/\/www.kedali.com\/fr\/wp-json\/wp\/v2\/types\/product"}],"replies":[{"embeddable":true,"href":"https:\/\/www.kedali.com\/fr\/wp-json\/wp\/v2\/comments?post=1984"}],"wp:featuredmedia":[{"embeddable":true,"href":"https:\/\/www.kedali.com\/fr\/wp-json\/wp\/v2\/media\/1985"}],"wp:attachment":[{"href":"https:\/\/www.kedali.com\/fr\/wp-json\/wp\/v2\/media?parent=1984"}],"wp:term":[{"taxonomy":"product_brand","embeddable":true,"href":"https:\/\/www.kedali.com\/fr\/wp-json\/wp\/v2\/product_brand?post=1984"},{"taxonomy":"product_cat","embeddable":true,"href":"https:\/\/www.kedali.com\/fr\/wp-json\/wp\/v2\/product_cat?post=1984"},{"taxonomy":"product_tag","embeddable":true,"href":"https:\/\/www.kedali.com\/fr\/wp-json\/wp\/v2\/product_tag?post=1984"}],"curies":[{"name":"wp","href":"https:\/\/api.w.org\/{rel}","templated":true}]}}