{"id":2165,"date":"2026-02-24T07:50:41","date_gmt":"2026-02-24T07:50:41","guid":{"rendered":"https:\/\/www.kedali.com\/?post_type=product&#038;p=2165"},"modified":"2026-02-24T08:20:07","modified_gmt":"2026-02-24T08:20:07","slug":"luxury-ceramic-soap-dish-wholesale","status":"publish","type":"product","link":"https:\/\/www.kedali.com\/fr\/produit\/luxury-ceramic-soap-dish-wholesale\/","title":{"rendered":"Porte-savon de luxe en gros, mini porte-savon en c\u00e9ramique en forme de baignoire avec des accents dor\u00e9s - Fabricant de porte-savon"},"content":{"rendered":"<div class=\"wp-block-columns is-layout-flex wp-container-core-columns-is-layout-9d6595d7 wp-block-columns-is-layout-flex\">\n<div class=\"wp-block-column is-layout-flow wp-block-column-is-layout-flow\">\n<h3 class=\"wp-block-heading\">Caract\u00e9ristiques des porte-savons en c\u00e9ramique<\/h3>\n\n\n\n<ul class=\"wp-block-list\">\n<li><strong>Design et attrait visuel de qualit\u00e9 sup\u00e9rieure :<\/strong> Ce mini porte-savon en forme de baignoire allie de d\u00e9licats accents dor\u00e9s \u00e0 un design classique en forme de pied de biche. Il peut contenir du savon tout en servant d'objet d'art d\u00e9coratif.<\/li>\n\n\n\n<li><strong>Fonctionnalit\u00e9 pratique :<\/strong> La taille compacte du porte-savon s'adapte parfaitement aux \u00e9viers et aux plans de travail sans prendre de place. Son design sur\u00e9lev\u00e9 en forme de pied de biche \u00e9loigne le savon de l'eau stagnante, garantissant ainsi qu'il reste sec.<\/li>\n\n\n\n<li><strong>Utilisation polyvalente et valeur du cadeau :<\/strong> Ce porte-savon est id\u00e9al pour un usage domestique et constitue \u00e9galement un choix parfait pour les mariages, les pendaisons de cr\u00e9maill\u00e8re ou les coffrets cadeaux de luxe.<\/li>\n\n\n\n<li><strong>Reliable Wholesale Supply :<\/strong> En tant que fabricant de porte-savons en c\u00e9ramique, nous offrons des prix comp\u00e9titifs en usine, des stocks stables et un contr\u00f4le de qualit\u00e9 constant.<\/li>\n<\/ul>\n\n\n\n<h3 class=\"wp-block-heading\">Service sur mesure<\/h3>\n\n\n\n<ul class=\"wp-block-list\">\n<li>Support OEM et ODM<\/li>\n\n\n\n<li>Livraison rapide d'\u00e9chantillons.<\/li>\n\n\n\n<li>Fournir des produits personnalis\u00e9s en termes de forme, de couleur, de motif, d'emballage et d'autres services personnalis\u00e9s.<\/li>\n<\/ul>\n<\/div>\n\n\n\n<div class=\"wp-block-column is-layout-flow wp-block-column-is-layout-flow\">\n<figure class=\"wp-block-image size-full\"><img decoding=\"async\" width=\"800\" height=\"800\" src=\"https:\/\/www.kedali.com\/wp-content\/uploads\/2026\/02\/soap-dish-dimensions-1.webp\" alt=\"dimensions du porte-savon\" class=\"wp-image-2166\" srcset=\"https:\/\/www.kedali.com\/wp-content\/uploads\/2026\/02\/soap-dish-dimensions-1.webp 800w, https:\/\/www.kedali.com\/wp-content\/uploads\/2026\/02\/soap-dish-dimensions-1-300x300.webp 300w, https:\/\/www.kedali.com\/wp-content\/uploads\/2026\/02\/soap-dish-dimensions-1-150x150.webp 150w, https:\/\/www.kedali.com\/wp-content\/uploads\/2026\/02\/soap-dish-dimensions-1-768x768.webp 768w, https:\/\/www.kedali.com\/wp-content\/uploads\/2026\/02\/soap-dish-dimensions-1-12x12.webp 12w, https:\/\/www.kedali.com\/wp-content\/uploads\/2026\/02\/soap-dish-dimensions-1-600x600.webp 600w, https:\/\/www.kedali.com\/wp-content\/uploads\/2026\/02\/soap-dish-dimensions-1-100x100.webp 100w\" sizes=\"(max-width: 800px) 100vw, 800px\" \/><\/figure>\n<\/div>\n<\/div>\n\n\n\n<div class=\"wp-block-columns is-layout-flex wp-container-core-columns-is-layout-9d6595d7 wp-block-columns-is-layout-flex\">\n<div class=\"wp-block-column is-layout-flow wp-block-column-is-layout-flow\">\n<figure class=\"wp-block-image size-full\"><img decoding=\"async\" width=\"800\" height=\"800\" src=\"https:\/\/www.kedali.com\/wp-content\/uploads\/2026\/02\/soap-dish-wholesale-4.webp\" alt=\"porte-savon en gros (4)\" class=\"wp-image-2170\" srcset=\"https:\/\/www.kedali.com\/wp-content\/uploads\/2026\/02\/soap-dish-wholesale-4.webp 800w, https:\/\/www.kedali.com\/wp-content\/uploads\/2026\/02\/soap-dish-wholesale-4-300x300.webp 300w, https:\/\/www.kedali.com\/wp-content\/uploads\/2026\/02\/soap-dish-wholesale-4-150x150.webp 150w, https:\/\/www.kedali.com\/wp-content\/uploads\/2026\/02\/soap-dish-wholesale-4-768x768.webp 768w, https:\/\/www.kedali.com\/wp-content\/uploads\/2026\/02\/soap-dish-wholesale-4-12x12.webp 12w, https:\/\/www.kedali.com\/wp-content\/uploads\/2026\/02\/soap-dish-wholesale-4-600x600.webp 600w, https:\/\/www.kedali.com\/wp-content\/uploads\/2026\/02\/soap-dish-wholesale-4-100x100.webp 100w\" sizes=\"(max-width: 800px) 100vw, 800px\" \/><\/figure>\n<\/div>\n\n\n\n<div class=\"wp-block-column is-layout-flow wp-block-column-is-layout-flow\">\n<figure class=\"wp-block-image size-full\"><img decoding=\"async\" width=\"800\" height=\"800\" src=\"https:\/\/www.kedali.com\/wp-content\/uploads\/2026\/02\/soap-dish-wholesale-5.webp\" alt=\"porte-savon en gros (5)\" class=\"wp-image-2171\" srcset=\"https:\/\/www.kedali.com\/wp-content\/uploads\/2026\/02\/soap-dish-wholesale-5.webp 800w, https:\/\/www.kedali.com\/wp-content\/uploads\/2026\/02\/soap-dish-wholesale-5-300x300.webp 300w, https:\/\/www.kedali.com\/wp-content\/uploads\/2026\/02\/soap-dish-wholesale-5-150x150.webp 150w, https:\/\/www.kedali.com\/wp-content\/uploads\/2026\/02\/soap-dish-wholesale-5-768x768.webp 768w, https:\/\/www.kedali.com\/wp-content\/uploads\/2026\/02\/soap-dish-wholesale-5-12x12.webp 12w, https:\/\/www.kedali.com\/wp-content\/uploads\/2026\/02\/soap-dish-wholesale-5-600x600.webp 600w, https:\/\/www.kedali.com\/wp-content\/uploads\/2026\/02\/soap-dish-wholesale-5-100x100.webp 100w\" sizes=\"(max-width: 800px) 100vw, 800px\" \/><\/figure>\n<\/div>\n<\/div>","protected":false},"excerpt":{"rendered":"<p>Nous sommes un professionnel <a href=\"https:\/\/www.kedali.com\/fr\/categorie-produit\/wholesale-ceramic-bathroom-accessories\/wholesale-ceramic-soap-dishes\/\" target=\"_blank\" rel=\"noopener\"><strong>fabricant de porte-savon<\/strong><\/a>, La collection de porte-savons en c\u00e9ramique en forme de baignoire, qui combine d'\u00e9l\u00e9gants accents dor\u00e9s avec un design classique de pied de griffe, est un produit de luxe. Chaque pi\u00e8ce sert \u00e0 la fois de porte-savon fonctionnel et d'\u00e9l\u00e9ment d\u00e9coratif. Gr\u00e2ce \u00e0 un contr\u00f4le de qualit\u00e9 fiable et \u00e0 un design \u00e9l\u00e9gant, ces porte-savons sont un choix populaire pour am\u00e9liorer l'esth\u00e9tique de la salle de bains et ajouter une touche de luxe haut de gamme.<\/p>\n<h2>Sp\u00e9cifications des porte-savons en c\u00e9ramique<\/h2>\n<table width=\"235\">\n<tbody>\n<tr>\n<td width=\"69\">Marque<\/td>\n<td width=\"166\">KDL<\/td>\n<\/tr>\n<tr>\n<td width=\"69\">Mod\u00e8le<\/td>\n<td width=\"166\">BS247-5.5JFG<\/td>\n<\/tr>\n<tr>\n<td width=\"69\">Mat\u00e9riau<\/td>\n<td width=\"166\">c\u00e9ramique<\/td>\n<\/tr>\n<tr>\n<td width=\"69\">couleur<\/td>\n<td width=\"166\">comme le montre l'image<\/td>\n<\/tr>\n<tr>\n<td width=\"69\">Application<\/td>\n<td width=\"166\">porte-savon<\/td>\n<\/tr>\n<tr>\n<td width=\"69\">Fonctionnalit\u00e9<\/td>\n<td width=\"166\">plaque \u00e9lectrolytique<\/td>\n<\/tr>\n<tr>\n<td width=\"69\">Dimensions<\/td>\n<td width=\"166\">14.2\u00d77.7\u00d77.7cm<\/td>\n<\/tr>\n<tr>\n<td width=\"69\">Poids brut (kg)<\/td>\n<td width=\"166\">0,3\/pi\u00e8ce<\/td>\n<\/tr>\n<tr>\n<td width=\"69\">Quantit\u00e9 minimale de commande<\/td>\n<td width=\"166\">800 jeux<\/td>\n<\/tr>\n<\/tbody>\n<\/table>\n<p>&nbsp;<\/p>\n<p>\n<script src=\"chrome-extension:\/\/fpelahbljekknahkcaegamhcndkfpfnc\/iFrame.js\" type=\"text\/javascript\"><\/script><\/p>","protected":false},"featured_media":2167,"comment_status":"closed","ping_status":"closed","template":"","meta":{"_acf_changed":false},"product_brand":[],"product_cat":[17,33],"product_tag":[],"class_list":{"0":"post-2165","1":"product","2":"type-product","3":"status-publish","4":"has-post-thumbnail","6":"product_cat-wholesale-ceramic-bathroom-accessories","7":"product_cat-wholesale-ceramic-soap-dishes","9":"first","10":"instock","11":"shipping-taxable","12":"product-type-simple"},"acf":[],"_links":{"self":[{"href":"https:\/\/www.kedali.com\/fr\/wp-json\/wp\/v2\/product\/2165","targetHints":{"allow":["GET"]}}],"collection":[{"href":"https:\/\/www.kedali.com\/fr\/wp-json\/wp\/v2\/product"}],"about":[{"href":"https:\/\/www.kedali.com\/fr\/wp-json\/wp\/v2\/types\/product"}],"replies":[{"embeddable":true,"href":"https:\/\/www.kedali.com\/fr\/wp-json\/wp\/v2\/comments?post=2165"}],"wp:featuredmedia":[{"embeddable":true,"href":"https:\/\/www.kedali.com\/fr\/wp-json\/wp\/v2\/media\/2167"}],"wp:attachment":[{"href":"https:\/\/www.kedali.com\/fr\/wp-json\/wp\/v2\/media?parent=2165"}],"wp:term":[{"taxonomy":"product_brand","embeddable":true,"href":"https:\/\/www.kedali.com\/fr\/wp-json\/wp\/v2\/product_brand?post=2165"},{"taxonomy":"product_cat","embeddable":true,"href":"https:\/\/www.kedali.com\/fr\/wp-json\/wp\/v2\/product_cat?post=2165"},{"taxonomy":"product_tag","embeddable":true,"href":"https:\/\/www.kedali.com\/fr\/wp-json\/wp\/v2\/product_tag?post=2165"}],"curies":[{"name":"wp","href":"https:\/\/api.w.org\/{rel}","templated":true}]}}