{"id":2172,"date":"2026-02-24T08:29:02","date_gmt":"2026-02-24T08:29:02","guid":{"rendered":"https:\/\/www.kedali.com\/?post_type=product&#038;p=2172"},"modified":"2026-02-24T09:19:51","modified_gmt":"2026-02-24T09:19:51","slug":"colorful-bathtub-soap-dish-bulk-supply","status":"publish","type":"product","link":"https:\/\/www.kedali.com\/fr\/produit\/colorful-bathtub-soap-dish-bulk-supply\/","title":{"rendered":"Porte-savon color\u00e9 pour baignoire Bulk Supply - Ceramic Soap Dish Supplier"},"content":{"rendered":"<div class=\"wp-block-columns is-layout-flex wp-container-core-columns-is-layout-9d6595d7 wp-block-columns-is-layout-flex\">\n<div class=\"wp-block-column is-layout-flow wp-block-column-is-layout-flow\">\n<h3 class=\"wp-block-heading\">Caract\u00e9ristiques des porte-savons pour baignoires<\/h3>\n\n\n\n<ul class=\"wp-block-list\">\n<li><strong>Forme unique de la baignoire :<\/strong> Nos porte-savons en vrac pr\u00e9sentent un charmant design inspir\u00e9 de la baignoire qui rehausse l'attrait visuel tout en gardant le savon bien contenu, ce qui en fait un accessoire \u00e9l\u00e9gant et pratique pour les salles de bains des particuliers et des h\u00f4tels.<\/li>\n\n\n\n<li><strong>Designs vibrants et attrayants :<\/strong> Nos porte-savons en vrac sont disponibles dans une vari\u00e9t\u00e9 de couleurs pour s'harmoniser facilement avec les diff\u00e9rents d\u00e9cors de salle de bains. Ils conviennent \u00e0 la vente au d\u00e9tail ou en tant que coffrets-cadeaux.<\/li>\n\n\n\n<li><strong>Mat\u00e9riau c\u00e9ramique durable : <\/strong>Ces porte-savons sont fabriqu\u00e9s en c\u00e9ramique de haute qualit\u00e9, ce qui les rend robustes, durables et r\u00e9sistants aux craquelures et \u00e0 l'\u00e9caillage. Ils peuvent r\u00e9sister \u00e0 un usage quotidien dans les maisons, les h\u00f4tels ou les spas tr\u00e8s fr\u00e9quent\u00e9s.<\/li>\n\n\n\n<li><strong>Prix de gros comp\u00e9titifs : <\/strong>En tant que fabricant de porte-savons, nos porte-savons en c\u00e9ramique sont disponibles en grandes quantit\u00e9s \u00e0 des prix comp\u00e9titifs, ce qui les rend id\u00e9aux pour les h\u00f4tels, les d\u00e9taillants et les boutiques en ligne.<\/li>\n<\/ul>\n\n\n\n<h3 class=\"wp-block-heading\">Service sur mesure<\/h3>\n\n\n\n<ul class=\"wp-block-list\">\n<li>Support OEM et ODM<\/li>\n\n\n\n<li>Livraison rapide d'\u00e9chantillons.<\/li>\n\n\n\n<li>Fournir des produits personnalis\u00e9s en termes de forme, de couleur, de motif, d'emballage et d'autres services personnalis\u00e9s.<\/li>\n<\/ul>\n<\/div>\n\n\n\n<div class=\"wp-block-column is-layout-flow wp-block-column-is-layout-flow\">\n<figure class=\"wp-block-image size-full\"><img decoding=\"async\" width=\"800\" height=\"800\" src=\"https:\/\/www.kedali.com\/wp-content\/uploads\/2026\/02\/bathtub-soap-dish-bulk\u200b-supply-3.webp\" alt=\"porte-savon pour baignoire approvisionnement en vrac (3)\" class=\"wp-image-2175\" srcset=\"https:\/\/www.kedali.com\/wp-content\/uploads\/2026\/02\/bathtub-soap-dish-bulk\u200b-supply-3.webp 800w, https:\/\/www.kedali.com\/wp-content\/uploads\/2026\/02\/bathtub-soap-dish-bulk\u200b-supply-3-300x300.webp 300w, https:\/\/www.kedali.com\/wp-content\/uploads\/2026\/02\/bathtub-soap-dish-bulk\u200b-supply-3-150x150.webp 150w, https:\/\/www.kedali.com\/wp-content\/uploads\/2026\/02\/bathtub-soap-dish-bulk\u200b-supply-3-768x768.webp 768w, https:\/\/www.kedali.com\/wp-content\/uploads\/2026\/02\/bathtub-soap-dish-bulk\u200b-supply-3-12x12.webp 12w, https:\/\/www.kedali.com\/wp-content\/uploads\/2026\/02\/bathtub-soap-dish-bulk\u200b-supply-3-600x600.webp 600w, https:\/\/www.kedali.com\/wp-content\/uploads\/2026\/02\/bathtub-soap-dish-bulk\u200b-supply-3-100x100.webp 100w\" sizes=\"(max-width: 800px) 100vw, 800px\" \/><\/figure>\n<\/div>\n<\/div>\n\n\n\n<div class=\"wp-block-columns is-layout-flex wp-container-core-columns-is-layout-9d6595d7 wp-block-columns-is-layout-flex\">\n<div class=\"wp-block-column is-layout-flow wp-block-column-is-layout-flow\">\n<figure class=\"wp-block-image size-full\"><img decoding=\"async\" width=\"800\" height=\"800\" src=\"https:\/\/www.kedali.com\/wp-content\/uploads\/2026\/02\/bathtub-soap-dish-bulk-supply-1.webp\" alt=\"porte-savon pour baignoire approvisionnement en vrac (1)\" class=\"wp-image-2173\" srcset=\"https:\/\/www.kedali.com\/wp-content\/uploads\/2026\/02\/bathtub-soap-dish-bulk\u200b-supply-1.webp 800w, https:\/\/www.kedali.com\/wp-content\/uploads\/2026\/02\/bathtub-soap-dish-bulk\u200b-supply-1-300x300.webp 300w, https:\/\/www.kedali.com\/wp-content\/uploads\/2026\/02\/bathtub-soap-dish-bulk\u200b-supply-1-150x150.webp 150w, https:\/\/www.kedali.com\/wp-content\/uploads\/2026\/02\/bathtub-soap-dish-bulk\u200b-supply-1-768x768.webp 768w, https:\/\/www.kedali.com\/wp-content\/uploads\/2026\/02\/bathtub-soap-dish-bulk\u200b-supply-1-12x12.webp 12w, https:\/\/www.kedali.com\/wp-content\/uploads\/2026\/02\/bathtub-soap-dish-bulk\u200b-supply-1-600x600.webp 600w, https:\/\/www.kedali.com\/wp-content\/uploads\/2026\/02\/bathtub-soap-dish-bulk\u200b-supply-1-100x100.webp 100w\" sizes=\"(max-width: 800px) 100vw, 800px\" \/><\/figure>\n<\/div>\n\n\n\n<div class=\"wp-block-column is-layout-flow wp-block-column-is-layout-flow\">\n<figure class=\"wp-block-image size-full\"><img decoding=\"async\" width=\"800\" height=\"800\" src=\"https:\/\/www.kedali.com\/wp-content\/uploads\/2026\/02\/bathtub-soap-dish-bulk\u200b-supply-2.webp\" alt=\"porte-savon pour baignoire approvisionnement en vrac (2)\" class=\"wp-image-2174\" srcset=\"https:\/\/www.kedali.com\/wp-content\/uploads\/2026\/02\/bathtub-soap-dish-bulk\u200b-supply-2.webp 800w, https:\/\/www.kedali.com\/wp-content\/uploads\/2026\/02\/bathtub-soap-dish-bulk\u200b-supply-2-300x300.webp 300w, https:\/\/www.kedali.com\/wp-content\/uploads\/2026\/02\/bathtub-soap-dish-bulk\u200b-supply-2-150x150.webp 150w, https:\/\/www.kedali.com\/wp-content\/uploads\/2026\/02\/bathtub-soap-dish-bulk\u200b-supply-2-768x768.webp 768w, https:\/\/www.kedali.com\/wp-content\/uploads\/2026\/02\/bathtub-soap-dish-bulk\u200b-supply-2-12x12.webp 12w, https:\/\/www.kedali.com\/wp-content\/uploads\/2026\/02\/bathtub-soap-dish-bulk\u200b-supply-2-600x600.webp 600w, https:\/\/www.kedali.com\/wp-content\/uploads\/2026\/02\/bathtub-soap-dish-bulk\u200b-supply-2-100x100.webp 100w\" sizes=\"(max-width: 800px) 100vw, 800px\" \/><\/figure>\n<\/div>\n<\/div>\n\n\n\n<p><\/p>","protected":false},"excerpt":{"rendered":"<p>Nos porte-savons en c\u00e9ramique en vrac pr\u00e9sentent une forme unique inspir\u00e9e de la baignoire, des couleurs vives et un mat\u00e9riau durable. Con\u00e7us pour garder le savon au sec, ils sont faciles \u00e0 nettoyer et conviennent parfaitement aux h\u00f4tels, aux maisons et aux spas. Possibilit\u00e9 de personnalisation OEM\/ODM.<\/p>\n<h2>Sp\u00e9cifications du porte-savon pour baignoire<\/h2>\n<table width=\"235\">\n<tbody>\n<tr>\n<td width=\"69\">Marque<\/td>\n<td width=\"166\">KDL<\/td>\n<\/tr>\n<tr>\n<td width=\"69\">Mod\u00e8le<\/td>\n<td width=\"166\">BS247-5.5-K889<\/td>\n<\/tr>\n<tr>\n<td width=\"69\">Mat\u00e9riau<\/td>\n<td width=\"166\">c\u00e9ramique<\/td>\n<\/tr>\n<tr>\n<td width=\"69\">couleur<\/td>\n<td width=\"166\">blanc\/noir\/bleu\/rose\/orange\/vert<\/td>\n<\/tr>\n<tr>\n<td width=\"69\">Application<\/td>\n<td width=\"166\">porte-savon<\/td>\n<\/tr>\n<tr>\n<td width=\"69\">Fonctionnalit\u00e9<\/td>\n<td width=\"166\">d\u00e9calcomanie<\/td>\n<\/tr>\n<tr>\n<td width=\"69\">Dimensions<\/td>\n<td width=\"166\">14.2\u00d77.7\u00d77.7cm<\/td>\n<\/tr>\n<tr>\n<td width=\"69\">Poids brut (kg)<\/td>\n<td width=\"166\">0,3\/pi\u00e8ce<\/td>\n<\/tr>\n<tr>\n<td width=\"69\">Quantit\u00e9 minimale de commande<\/td>\n<td width=\"166\">800 jeux<\/td>\n<\/tr>\n<\/tbody>\n<\/table>\n<p>&nbsp;<\/p>\n<p>\n<script src=\"chrome-extension:\/\/fpelahbljekknahkcaegamhcndkfpfnc\/iFrame.js\" type=\"text\/javascript\"><\/script><\/p>","protected":false},"featured_media":2173,"comment_status":"closed","ping_status":"closed","template":"","meta":{"_acf_changed":false},"product_brand":[],"product_cat":[17,33],"product_tag":[],"class_list":{"0":"post-2172","1":"product","2":"type-product","3":"status-publish","4":"has-post-thumbnail","6":"product_cat-wholesale-ceramic-bathroom-accessories","7":"product_cat-wholesale-ceramic-soap-dishes","9":"first","10":"instock","11":"shipping-taxable","12":"product-type-simple"},"acf":[],"_links":{"self":[{"href":"https:\/\/www.kedali.com\/fr\/wp-json\/wp\/v2\/product\/2172","targetHints":{"allow":["GET"]}}],"collection":[{"href":"https:\/\/www.kedali.com\/fr\/wp-json\/wp\/v2\/product"}],"about":[{"href":"https:\/\/www.kedali.com\/fr\/wp-json\/wp\/v2\/types\/product"}],"replies":[{"embeddable":true,"href":"https:\/\/www.kedali.com\/fr\/wp-json\/wp\/v2\/comments?post=2172"}],"wp:featuredmedia":[{"embeddable":true,"href":"https:\/\/www.kedali.com\/fr\/wp-json\/wp\/v2\/media\/2173"}],"wp:attachment":[{"href":"https:\/\/www.kedali.com\/fr\/wp-json\/wp\/v2\/media?parent=2172"}],"wp:term":[{"taxonomy":"product_brand","embeddable":true,"href":"https:\/\/www.kedali.com\/fr\/wp-json\/wp\/v2\/product_brand?post=2172"},{"taxonomy":"product_cat","embeddable":true,"href":"https:\/\/www.kedali.com\/fr\/wp-json\/wp\/v2\/product_cat?post=2172"},{"taxonomy":"product_tag","embeddable":true,"href":"https:\/\/www.kedali.com\/fr\/wp-json\/wp\/v2\/product_tag?post=2172"}],"curies":[{"name":"wp","href":"https:\/\/api.w.org\/{rel}","templated":true}]}}