{"id":2178,"date":"2026-02-24T08:51:20","date_gmt":"2026-02-24T08:51:20","guid":{"rendered":"https:\/\/www.kedali.com\/?post_type=product&#038;p=2178"},"modified":"2026-02-24T09:17:12","modified_gmt":"2026-02-24T09:17:12","slug":"wholesale-bathtub-shaped-soap-dishes","status":"publish","type":"product","link":"https:\/\/www.kedali.com\/fr\/produit\/wholesale-bathtub-shaped-soap-dishes\/","title":{"rendered":"Porte-savon en c\u00e9ramique pour baignoire en vrac, Porte-savon en forme de baignoire en gros"},"content":{"rendered":"<div class=\"wp-block-columns is-layout-flex wp-container-core-columns-is-layout-9d6595d7 wp-block-columns-is-layout-flex\">\n<div class=\"wp-block-column is-layout-flow wp-block-column-is-layout-flow\">\n<h3 class=\"wp-block-heading\">Caract\u00e9ristiques des porte-savons de baignoire en c\u00e9ramique<\/h3>\n\n\n\n<ul class=\"wp-block-list\">\n<li><strong>Baignoire au design unique : <\/strong>Ce porte-savon en forme de baignoire se distingue des porte-savons ordinaires et rehausse l'esth\u00e9tique g\u00e9n\u00e9rale de tout espace.<\/li>\n\n\n\n<li><strong>D\u00e9tails \u00e9l\u00e9gants : <\/strong>Les porte-savons en gros sont orn\u00e9s de magnifiques motifs floraux, t\u00e9moignant d'un savoir-faire exquis et d'un grand souci du d\u00e9tail, et s'int\u00e8grent parfaitement dans les diff\u00e9rents styles de salles de bains.<\/li>\n\n\n\n<li><strong>Porte-savon fonctionnel :<\/strong> Nos porte-savons en gros pr\u00e9sentent un design sur\u00e9lev\u00e9 avec des perforations internes pour garder le savon sur\u00e9lev\u00e9 et sec, l'emp\u00eachant de s'imbiber et de tacher les plans de travail.<\/li>\n\n\n\n<li><strong>Facile \u00e0 nettoyer et \u00e0 entretenir :<\/strong> La surface lisse en c\u00e9ramique \u00e9maill\u00e9e facilite le nettoyage. Il suffit de la rincer \u00e0 l'eau ou de l'essuyer avec un chiffon humide pour \u00e9liminer les r\u00e9sidus de savon, ce qui la rend pratique pour un usage quotidien tout en conservant une finition propre et brillante.<\/li>\n\n\n\n<li><strong>Vendu en vrac et en gros :<\/strong> Nos porte-savons sont vendus \u00e0 des prix d'usine comp\u00e9titifs, ce qui les rend id\u00e9aux pour les d\u00e9taillants, les boutiques de cadeaux, les h\u00f4tels et les organisateurs d'\u00e9v\u00e9nements, et parfaits pour compl\u00e9ter votre gamme de produits.<\/li>\n<\/ul>\n\n\n\n<h3 class=\"wp-block-heading\">Service sur mesure<\/h3>\n\n\n\n<ul class=\"wp-block-list\">\n<li>Support OEM et ODM<\/li>\n\n\n\n<li>Livraison rapide d'\u00e9chantillons.<\/li>\n\n\n\n<li>Fournir des produits personnalis\u00e9s en termes de forme, de couleur, de motif, d'emballage et d'autres services personnalis\u00e9s.<\/li>\n<\/ul>\n<\/div>\n\n\n\n<div class=\"wp-block-column is-layout-flow wp-block-column-is-layout-flow\">\n<figure class=\"wp-block-image size-full\"><img decoding=\"async\" width=\"750\" height=\"750\" src=\"https:\/\/www.kedali.com\/wp-content\/uploads\/2026\/02\/Bathtub-shaped-soap-dish-dimensions.webp\" alt=\"Dimensions du porte-savon en forme de baignoire\" class=\"wp-image-2179\" srcset=\"https:\/\/www.kedali.com\/wp-content\/uploads\/2026\/02\/Bathtub-shaped-soap-dish-dimensions.webp 750w, https:\/\/www.kedali.com\/wp-content\/uploads\/2026\/02\/Bathtub-shaped-soap-dish-dimensions-300x300.webp 300w, https:\/\/www.kedali.com\/wp-content\/uploads\/2026\/02\/Bathtub-shaped-soap-dish-dimensions-150x150.webp 150w, https:\/\/www.kedali.com\/wp-content\/uploads\/2026\/02\/Bathtub-shaped-soap-dish-dimensions-12x12.webp 12w, https:\/\/www.kedali.com\/wp-content\/uploads\/2026\/02\/Bathtub-shaped-soap-dish-dimensions-600x600.webp 600w, https:\/\/www.kedali.com\/wp-content\/uploads\/2026\/02\/Bathtub-shaped-soap-dish-dimensions-100x100.webp 100w\" sizes=\"(max-width: 750px) 100vw, 750px\" \/><\/figure>\n<\/div>\n<\/div>\n\n\n\n<div class=\"wp-block-columns is-layout-flex wp-container-core-columns-is-layout-9d6595d7 wp-block-columns-is-layout-flex\">\n<div class=\"wp-block-column is-layout-flow wp-block-column-is-layout-flow\"><\/div>\n\n\n\n<div class=\"wp-block-column is-layout-flow wp-block-column-is-layout-flow\"><\/div>\n<\/div>\n\n\n\n<div class=\"wp-block-columns is-layout-flex wp-container-core-columns-is-layout-9d6595d7 wp-block-columns-is-layout-flex\">\n<div class=\"wp-block-column is-layout-flow wp-block-column-is-layout-flow\">\n<figure class=\"wp-block-image size-full\"><img decoding=\"async\" width=\"800\" height=\"800\" src=\"https:\/\/www.kedali.com\/wp-content\/uploads\/2026\/02\/wholesale-bathtub-shaped-soap-dish-2.webp\" alt=\"Porte-savon en forme de baignoire (2)\" class=\"wp-image-2181\" srcset=\"https:\/\/www.kedali.com\/wp-content\/uploads\/2026\/02\/wholesale-bathtub-shaped-soap-dish-2.webp 800w, https:\/\/www.kedali.com\/wp-content\/uploads\/2026\/02\/wholesale-bathtub-shaped-soap-dish-2-300x300.webp 300w, https:\/\/www.kedali.com\/wp-content\/uploads\/2026\/02\/wholesale-bathtub-shaped-soap-dish-2-150x150.webp 150w, https:\/\/www.kedali.com\/wp-content\/uploads\/2026\/02\/wholesale-bathtub-shaped-soap-dish-2-768x768.webp 768w, https:\/\/www.kedali.com\/wp-content\/uploads\/2026\/02\/wholesale-bathtub-shaped-soap-dish-2-12x12.webp 12w, https:\/\/www.kedali.com\/wp-content\/uploads\/2026\/02\/wholesale-bathtub-shaped-soap-dish-2-600x600.webp 600w, https:\/\/www.kedali.com\/wp-content\/uploads\/2026\/02\/wholesale-bathtub-shaped-soap-dish-2-100x100.webp 100w\" sizes=\"(max-width: 800px) 100vw, 800px\" \/><\/figure>\n<\/div>\n\n\n\n<div class=\"wp-block-column is-layout-flow wp-block-column-is-layout-flow\">\n<figure class=\"wp-block-image size-full\"><img decoding=\"async\" width=\"800\" height=\"800\" src=\"https:\/\/www.kedali.com\/wp-content\/uploads\/2026\/02\/wholesale-bathtub-shaped-soap-dish-4.webp\" alt=\"Porte-savon en forme de baignoire (4)\" class=\"wp-image-2183\" srcset=\"https:\/\/www.kedali.com\/wp-content\/uploads\/2026\/02\/wholesale-bathtub-shaped-soap-dish-4.webp 800w, https:\/\/www.kedali.com\/wp-content\/uploads\/2026\/02\/wholesale-bathtub-shaped-soap-dish-4-300x300.webp 300w, https:\/\/www.kedali.com\/wp-content\/uploads\/2026\/02\/wholesale-bathtub-shaped-soap-dish-4-150x150.webp 150w, https:\/\/www.kedali.com\/wp-content\/uploads\/2026\/02\/wholesale-bathtub-shaped-soap-dish-4-768x768.webp 768w, https:\/\/www.kedali.com\/wp-content\/uploads\/2026\/02\/wholesale-bathtub-shaped-soap-dish-4-12x12.webp 12w, https:\/\/www.kedali.com\/wp-content\/uploads\/2026\/02\/wholesale-bathtub-shaped-soap-dish-4-600x600.webp 600w, https:\/\/www.kedali.com\/wp-content\/uploads\/2026\/02\/wholesale-bathtub-shaped-soap-dish-4-100x100.webp 100w\" sizes=\"(max-width: 800px) 100vw, 800px\" \/><\/figure>\n<\/div>\n<\/div>","protected":false},"excerpt":{"rendered":"<p data-pm-slice=\"0 0 []\">Vente en gros de porte-savon en c\u00e9ramique pour baignoire. Ce porte-savon en forme de baignoire est multifonctionnel, parfait pour contenir du savon, de petits bibelots ou des \u00e9l\u00e9ments d\u00e9coratifs. C'est un cadeau id\u00e9al pour la d\u00e9coration de la maison ou de la salle de bains. En tant que fabricant de porte-savon en c\u00e9ramique, nous fournissons des produits de haute qualit\u00e9 \u00e0 des prix de gros comp\u00e9titifs.<\/p>\n<h2>Sp\u00e9cifications des porte-savons de baignoire en c\u00e9ramique<\/h2>\n<table width=\"235\">\n<tbody>\n<tr>\n<td width=\"69\">Marque<\/td>\n<td width=\"166\">KDL<\/td>\n<\/tr>\n<tr>\n<td width=\"69\">Mod\u00e8le<\/td>\n<td width=\"166\">BS247-5.5<\/td>\n<\/tr>\n<tr>\n<td width=\"69\">Mat\u00e9riau<\/td>\n<td width=\"166\">c\u00e9ramique<\/td>\n<\/tr>\n<tr>\n<td width=\"69\">couleur<\/td>\n<td width=\"166\">blanc<\/td>\n<\/tr>\n<tr>\n<td width=\"69\">Application<\/td>\n<td width=\"166\">porte-savon<\/td>\n<\/tr>\n<tr>\n<td width=\"69\">Fonctionnalit\u00e9<\/td>\n<td width=\"166\">d\u00e9calcomanie<\/td>\n<\/tr>\n<tr>\n<td width=\"69\">Dimensions<\/td>\n<td width=\"166\">14.2\u00d77.7\u00d77.7cm<\/td>\n<\/tr>\n<tr>\n<td width=\"69\">Poids brut (kg)<\/td>\n<td width=\"166\">0,3kg\/pcs<\/td>\n<\/tr>\n<tr>\n<td width=\"69\">Quantit\u00e9 minimale de commande<\/td>\n<td width=\"166\">800 jeux<\/td>\n<\/tr>\n<\/tbody>\n<\/table>\n<p>&nbsp;<\/p>\n<p>&nbsp;<\/p>\n<p>&nbsp;<\/p>\n<p>\n<script src=\"chrome-extension:\/\/fpelahbljekknahkcaegamhcndkfpfnc\/iFrame.js\" type=\"text\/javascript\"><\/script><\/p>","protected":false},"featured_media":2181,"comment_status":"closed","ping_status":"closed","template":"","meta":{"_acf_changed":false},"product_brand":[],"product_cat":[17,33],"product_tag":[],"class_list":{"0":"post-2178","1":"product","2":"type-product","3":"status-publish","4":"has-post-thumbnail","6":"product_cat-wholesale-ceramic-bathroom-accessories","7":"product_cat-wholesale-ceramic-soap-dishes","9":"first","10":"instock","11":"shipping-taxable","12":"product-type-simple"},"acf":[],"_links":{"self":[{"href":"https:\/\/www.kedali.com\/fr\/wp-json\/wp\/v2\/product\/2178","targetHints":{"allow":["GET"]}}],"collection":[{"href":"https:\/\/www.kedali.com\/fr\/wp-json\/wp\/v2\/product"}],"about":[{"href":"https:\/\/www.kedali.com\/fr\/wp-json\/wp\/v2\/types\/product"}],"replies":[{"embeddable":true,"href":"https:\/\/www.kedali.com\/fr\/wp-json\/wp\/v2\/comments?post=2178"}],"wp:featuredmedia":[{"embeddable":true,"href":"https:\/\/www.kedali.com\/fr\/wp-json\/wp\/v2\/media\/2181"}],"wp:attachment":[{"href":"https:\/\/www.kedali.com\/fr\/wp-json\/wp\/v2\/media?parent=2178"}],"wp:term":[{"taxonomy":"product_brand","embeddable":true,"href":"https:\/\/www.kedali.com\/fr\/wp-json\/wp\/v2\/product_brand?post=2178"},{"taxonomy":"product_cat","embeddable":true,"href":"https:\/\/www.kedali.com\/fr\/wp-json\/wp\/v2\/product_cat?post=2178"},{"taxonomy":"product_tag","embeddable":true,"href":"https:\/\/www.kedali.com\/fr\/wp-json\/wp\/v2\/product_tag?post=2178"}],"curies":[{"name":"wp","href":"https:\/\/api.w.org\/{rel}","templated":true}]}}