{"id":2184,"date":"2026-02-24T09:25:41","date_gmt":"2026-02-24T09:25:41","guid":{"rendered":"https:\/\/www.kedali.com\/?post_type=product&#038;p=2184"},"modified":"2026-02-24T09:46:40","modified_gmt":"2026-02-24T09:46:40","slug":"wholesale-bathtub-soap-dishes","status":"publish","type":"product","link":"https:\/\/www.kedali.com\/fr\/produit\/wholesale-bathtub-soap-dishes\/","title":{"rendered":"Grossiste porte-savon pour baignoire en vrac - Fournisseur de porte-savons en vrac"},"content":{"rendered":"<div class=\"wp-block-columns is-layout-flex wp-container-core-columns-is-layout-9d6595d7 wp-block-columns-is-layout-flex\">\n<div class=\"wp-block-column is-layout-flow wp-block-column-is-layout-flow\">\n<h3 class=\"wp-block-heading\">Caract\u00e9ristiques des porte-savons de baignoire en c\u00e9ramique<\/h3>\n\n\n\n<ul class=\"wp-block-list\">\n<li><strong>Design classique et \u00e9l\u00e9gant :<\/strong> Ce porte-savon pr\u00e9sente un design classique de baignoire et offre une vari\u00e9t\u00e9 de motifs au choix, dont la lavande et les roses, inspir\u00e9s de l'esth\u00e9tique de la campagne fran\u00e7aise d'antan.<\/li>\n\n\n\n<li><strong>Motifs personnalisables :<\/strong> Ce porte-savon offre une vari\u00e9t\u00e9 de dessins et de motifs classiques et permet de le personnaliser pour l'adapter \u00e0 diff\u00e9rents styles d'int\u00e9rieur ou \u00e0 des pr\u00e9f\u00e9rences personnelles.<\/li>\n\n\n\n<li><strong>Possibilit\u00e9 d'achat en gros et en masse :<\/strong> En tant que fabricant de porte-savon, nous disposons d'une forte capacit\u00e9 de production et d'un stock stable, ce qui nous permet d'offrir des prix de gros comp\u00e9titifs aux acheteurs B2B.<\/li>\n\n\n\n<li><strong>Possibilit\u00e9 de personnalisation OEM et ODM :<\/strong> Pour les entreprises et les marques, ces porte-savons offrent des options de personnalisation compl\u00e8tes, y compris des motifs, des couleurs ou des emballages uniques.<\/li>\n<\/ul>\n\n\n\n<h3 class=\"wp-block-heading\">Service sur mesure<\/h3>\n\n\n\n<ul class=\"wp-block-list\">\n<li>Support OEM et ODM<\/li>\n\n\n\n<li>Livraison rapide d'\u00e9chantillons.<\/li>\n\n\n\n<li>Fournir des produits personnalis\u00e9s en termes de forme, de couleur, de motif, d'emballage et d'autres services personnalis\u00e9s.<\/li>\n<\/ul>\n<\/div>\n\n\n\n<div class=\"wp-block-column is-layout-flow wp-block-column-is-layout-flow\">\n<figure class=\"wp-block-image size-full\"><img decoding=\"async\" width=\"750\" height=\"750\" src=\"https:\/\/www.kedali.com\/wp-content\/uploads\/2026\/02\/bathtub-soap-dishes-details.webp\" alt=\"baignoire porte-savon d\u00e9tails\" class=\"wp-image-2185\" srcset=\"https:\/\/www.kedali.com\/wp-content\/uploads\/2026\/02\/bathtub-soap-dishes-details.webp 750w, https:\/\/www.kedali.com\/wp-content\/uploads\/2026\/02\/bathtub-soap-dishes-details-300x300.webp 300w, https:\/\/www.kedali.com\/wp-content\/uploads\/2026\/02\/bathtub-soap-dishes-details-150x150.webp 150w, https:\/\/www.kedali.com\/wp-content\/uploads\/2026\/02\/bathtub-soap-dishes-details-12x12.webp 12w, https:\/\/www.kedali.com\/wp-content\/uploads\/2026\/02\/bathtub-soap-dishes-details-600x600.webp 600w, https:\/\/www.kedali.com\/wp-content\/uploads\/2026\/02\/bathtub-soap-dishes-details-100x100.webp 100w\" sizes=\"(max-width: 750px) 100vw, 750px\" \/><\/figure>\n<\/div>\n<\/div>\n\n\n\n<div class=\"wp-block-columns is-layout-flex wp-container-core-columns-is-layout-9d6595d7 wp-block-columns-is-layout-flex\">\n<div class=\"wp-block-column is-layout-flow wp-block-column-is-layout-flow\">\n<figure class=\"wp-block-image size-full\"><img decoding=\"async\" width=\"800\" height=\"800\" src=\"https:\/\/www.kedali.com\/wp-content\/uploads\/2026\/02\/wholesale-bathtub-soap-dish-in-bulk-1.webp\" alt=\"porte-savon pour baignoire en gros en vrac (1)\" class=\"wp-image-2186\" srcset=\"https:\/\/www.kedali.com\/wp-content\/uploads\/2026\/02\/wholesale-bathtub-soap-dish-in-bulk-1.webp 800w, https:\/\/www.kedali.com\/wp-content\/uploads\/2026\/02\/wholesale-bathtub-soap-dish-in-bulk-1-300x300.webp 300w, https:\/\/www.kedali.com\/wp-content\/uploads\/2026\/02\/wholesale-bathtub-soap-dish-in-bulk-1-150x150.webp 150w, https:\/\/www.kedali.com\/wp-content\/uploads\/2026\/02\/wholesale-bathtub-soap-dish-in-bulk-1-768x768.webp 768w, https:\/\/www.kedali.com\/wp-content\/uploads\/2026\/02\/wholesale-bathtub-soap-dish-in-bulk-1-12x12.webp 12w, https:\/\/www.kedali.com\/wp-content\/uploads\/2026\/02\/wholesale-bathtub-soap-dish-in-bulk-1-600x600.webp 600w, https:\/\/www.kedali.com\/wp-content\/uploads\/2026\/02\/wholesale-bathtub-soap-dish-in-bulk-1-100x100.webp 100w\" sizes=\"(max-width: 800px) 100vw, 800px\" \/><\/figure>\n<\/div>\n\n\n\n<div class=\"wp-block-column is-layout-flow wp-block-column-is-layout-flow\">\n<figure class=\"wp-block-image size-full\"><img decoding=\"async\" width=\"750\" height=\"750\" src=\"https:\/\/www.kedali.com\/wp-content\/uploads\/2026\/02\/wholesale-bathtub-soap-dish-in-bulk-2.webp\" alt=\"porte-savon en gros pour baignoire en vrac (2)\" class=\"wp-image-2187\" srcset=\"https:\/\/www.kedali.com\/wp-content\/uploads\/2026\/02\/wholesale-bathtub-soap-dish-in-bulk-2.webp 750w, https:\/\/www.kedali.com\/wp-content\/uploads\/2026\/02\/wholesale-bathtub-soap-dish-in-bulk-2-300x300.webp 300w, https:\/\/www.kedali.com\/wp-content\/uploads\/2026\/02\/wholesale-bathtub-soap-dish-in-bulk-2-150x150.webp 150w, https:\/\/www.kedali.com\/wp-content\/uploads\/2026\/02\/wholesale-bathtub-soap-dish-in-bulk-2-12x12.webp 12w, https:\/\/www.kedali.com\/wp-content\/uploads\/2026\/02\/wholesale-bathtub-soap-dish-in-bulk-2-600x600.webp 600w, https:\/\/www.kedali.com\/wp-content\/uploads\/2026\/02\/wholesale-bathtub-soap-dish-in-bulk-2-100x100.webp 100w\" sizes=\"(max-width: 750px) 100vw, 750px\" \/><\/figure>\n<\/div>\n<\/div>","protected":false},"excerpt":{"rendered":"<p>Am\u00e9liorez votre salle de bain ou votre meuble-lavabo avec nos <strong data-start=\"171\" data-end=\"202\">Porte-savon pour baignoire en gros<\/strong>, Ce charmant porte-savon en c\u00e9ramique en forme de baignoire s'inspire du style campagnard fran\u00e7ais d'antan. Disponible en plusieurs mod\u00e8les classiques pour compl\u00e9ter n'importe quel d\u00e9cor, il peut \u00e9galement \u00eatre personnalis\u00e9 en fonction de la marque. En tant que fabricant, nous fournissons des produits en vrac fiables et de haute qualit\u00e9 - contactez-nous d\u00e8s aujourd'hui pour commander.<\/p>\n<h2>Sp\u00e9cifications du porte-savon pour baignoire<\/h2>\n<table width=\"235\">\n<tbody>\n<tr>\n<td width=\"69\">Marque<\/td>\n<td width=\"166\">KDL<\/td>\n<\/tr>\n<tr>\n<td width=\"69\">Mod\u00e8le<\/td>\n<td width=\"166\">BS294-6<\/td>\n<\/tr>\n<tr>\n<td width=\"69\">Mat\u00e9riau<\/td>\n<td width=\"166\">c\u00e9ramique<\/td>\n<\/tr>\n<tr>\n<td width=\"69\">couleur<\/td>\n<td width=\"166\">comme le montre l'image<\/td>\n<\/tr>\n<tr>\n<td width=\"69\">Application<\/td>\n<td width=\"166\">porte-savon pour salle de bain<\/td>\n<\/tr>\n<tr>\n<td width=\"69\">Fonctionnalit\u00e9<\/td>\n<td width=\"166\">d\u00e9calcomanie<\/td>\n<\/tr>\n<tr>\n<td width=\"69\">Dimensions<\/td>\n<td width=\"166\">14.6\u00d77\u00d76.3cm<\/td>\n<\/tr>\n<tr>\n<td width=\"69\">Poids brut (kg)<\/td>\n<td width=\"166\">0,3kg\/pcs<\/td>\n<\/tr>\n<tr>\n<td width=\"69\">Quantit\u00e9 minimale de commande<\/td>\n<td width=\"166\">800 jeux<\/td>\n<\/tr>\n<\/tbody>\n<\/table>\n<p>&nbsp;<\/p>\n<p>&nbsp;<\/p>\n<p>&nbsp;<\/p>\n<p>\n<script src=\"chrome-extension:\/\/fpelahbljekknahkcaegamhcndkfpfnc\/iFrame.js\" type=\"text\/javascript\"><\/script><\/p>","protected":false},"featured_media":2186,"comment_status":"closed","ping_status":"closed","template":"","meta":{"_acf_changed":false},"product_brand":[],"product_cat":[17,33],"product_tag":[],"class_list":{"0":"post-2184","1":"product","2":"type-product","3":"status-publish","4":"has-post-thumbnail","6":"product_cat-wholesale-ceramic-bathroom-accessories","7":"product_cat-wholesale-ceramic-soap-dishes","9":"first","10":"instock","11":"shipping-taxable","12":"product-type-simple"},"acf":[],"_links":{"self":[{"href":"https:\/\/www.kedali.com\/fr\/wp-json\/wp\/v2\/product\/2184","targetHints":{"allow":["GET"]}}],"collection":[{"href":"https:\/\/www.kedali.com\/fr\/wp-json\/wp\/v2\/product"}],"about":[{"href":"https:\/\/www.kedali.com\/fr\/wp-json\/wp\/v2\/types\/product"}],"replies":[{"embeddable":true,"href":"https:\/\/www.kedali.com\/fr\/wp-json\/wp\/v2\/comments?post=2184"}],"wp:featuredmedia":[{"embeddable":true,"href":"https:\/\/www.kedali.com\/fr\/wp-json\/wp\/v2\/media\/2186"}],"wp:attachment":[{"href":"https:\/\/www.kedali.com\/fr\/wp-json\/wp\/v2\/media?parent=2184"}],"wp:term":[{"taxonomy":"product_brand","embeddable":true,"href":"https:\/\/www.kedali.com\/fr\/wp-json\/wp\/v2\/product_brand?post=2184"},{"taxonomy":"product_cat","embeddable":true,"href":"https:\/\/www.kedali.com\/fr\/wp-json\/wp\/v2\/product_cat?post=2184"},{"taxonomy":"product_tag","embeddable":true,"href":"https:\/\/www.kedali.com\/fr\/wp-json\/wp\/v2\/product_tag?post=2184"}],"curies":[{"name":"wp","href":"https:\/\/api.w.org\/{rel}","templated":true}]}}