{"id":2190,"date":"2026-02-24T09:54:37","date_gmt":"2026-02-24T09:54:37","guid":{"rendered":"https:\/\/www.kedali.com\/?post_type=product&#038;p=2190"},"modified":"2026-02-24T10:18:36","modified_gmt":"2026-02-24T10:18:36","slug":"wholesale-ceramic-soap-trays","status":"publish","type":"product","link":"https:\/\/www.kedali.com\/fr\/produit\/wholesale-ceramic-soap-trays\/","title":{"rendered":"Bacs \u00e0 savon en c\u00e9ramique, Fabricant de bacs \u00e0 savon en vrac"},"content":{"rendered":"<div class=\"wp-block-columns is-layout-flex wp-container-core-columns-is-layout-9d6595d7 wp-block-columns-is-layout-flex\">\n<div class=\"wp-block-column is-layout-flow wp-block-column-is-layout-flow\">\n<h3 class=\"wp-block-heading\">Caract\u00e9ristiques des porte-savons en c\u00e9ramique<\/h3>\n\n\n\n<ul class=\"wp-block-list\">\n<li><strong>Conception fonctionnelle du drainage :<\/strong> Ce porte-savon est dot\u00e9 de trous de drainage au fond pour \u00e9viter l'accumulation d'eau autour du savon, ce qui r\u00e9duit les taches et prolonge sa dur\u00e9e de vie.<\/li>\n\n\n\n<li><strong>Poign\u00e9es de corde cass\u00e9es :<\/strong> Dot\u00e9 de poign\u00e9es en corde tress\u00e9e en c\u00e9ramique, ce porte-savon allie praticit\u00e9 et esth\u00e9tique, ce qui permet de le d\u00e9placer ou de le repositionner facilement.<\/li>\n\n\n\n<li><strong>Utilisation polyvalente dans tous les espaces : <\/strong>Ce porte-savon convient \u00e0 de nombreux environnements, notamment les salles de bains, les douches, les cuisines et m\u00eame pr\u00e8s des \u00e9viers ou des baignoires. Son design \u00e9l\u00e9gant lui permet de s'int\u00e9grer parfaitement dans des r\u00f4les fonctionnels et d\u00e9coratifs.<\/li>\n\n\n\n<li><strong>Id\u00e9al pour les commandes en gros et en masse : <\/strong>En tant que fabricant professionnel de porte-savon, nous proposons des accessoires de savon de haute qualit\u00e9 et \u00e9l\u00e9gants \u00e0 des prix comp\u00e9titifs, id\u00e9aux pour les h\u00f4tels, les spas, les maisons d'h\u00f4tes ou les d\u00e9taillants.<\/li>\n<\/ul>\n\n\n\n<h3 class=\"wp-block-heading\">Service sur mesure<\/h3>\n\n\n\n<ul class=\"wp-block-list\">\n<li>Support OEM et ODM<\/li>\n\n\n\n<li>Livraison rapide d'\u00e9chantillons.<\/li>\n\n\n\n<li>Fournir des produits personnalis\u00e9s en termes de forme, de couleur, de motif, d'emballage et d'autres services personnalis\u00e9s.<\/li>\n<\/ul>\n<\/div>\n\n\n\n<div class=\"wp-block-column is-layout-flow wp-block-column-is-layout-flow\">\n<figure class=\"wp-block-image size-full\"><img decoding=\"async\" width=\"800\" height=\"800\" src=\"https:\/\/www.kedali.com\/wp-content\/uploads\/2026\/02\/ceramic-soap-trays-details.webp\" alt=\"porte-savon en c\u00e9ramique d\u00e9tails\" class=\"wp-image-2191\" srcset=\"https:\/\/www.kedali.com\/wp-content\/uploads\/2026\/02\/ceramic-soap-trays-details.webp 800w, https:\/\/www.kedali.com\/wp-content\/uploads\/2026\/02\/ceramic-soap-trays-details-300x300.webp 300w, https:\/\/www.kedali.com\/wp-content\/uploads\/2026\/02\/ceramic-soap-trays-details-150x150.webp 150w, https:\/\/www.kedali.com\/wp-content\/uploads\/2026\/02\/ceramic-soap-trays-details-768x768.webp 768w, https:\/\/www.kedali.com\/wp-content\/uploads\/2026\/02\/ceramic-soap-trays-details-12x12.webp 12w, https:\/\/www.kedali.com\/wp-content\/uploads\/2026\/02\/ceramic-soap-trays-details-600x600.webp 600w, https:\/\/www.kedali.com\/wp-content\/uploads\/2026\/02\/ceramic-soap-trays-details-100x100.webp 100w\" sizes=\"(max-width: 800px) 100vw, 800px\" \/><\/figure>\n<\/div>\n<\/div>\n\n\n\n<div class=\"wp-block-columns is-layout-flex wp-container-core-columns-is-layout-9d6595d7 wp-block-columns-is-layout-flex\">\n<div class=\"wp-block-column is-layout-flow wp-block-column-is-layout-flow\">\n<figure class=\"wp-block-image size-full\"><img decoding=\"async\" width=\"800\" height=\"800\" src=\"https:\/\/www.kedali.com\/wp-content\/uploads\/2026\/02\/wholesale-ceramic-soap-trays-3.webp\" alt=\"Porte-savon en c\u00e9ramique en gros (3)\" class=\"wp-image-2194\" srcset=\"https:\/\/www.kedali.com\/wp-content\/uploads\/2026\/02\/wholesale-ceramic-soap-trays-3.webp 800w, https:\/\/www.kedali.com\/wp-content\/uploads\/2026\/02\/wholesale-ceramic-soap-trays-3-300x300.webp 300w, https:\/\/www.kedali.com\/wp-content\/uploads\/2026\/02\/wholesale-ceramic-soap-trays-3-150x150.webp 150w, https:\/\/www.kedali.com\/wp-content\/uploads\/2026\/02\/wholesale-ceramic-soap-trays-3-768x768.webp 768w, https:\/\/www.kedali.com\/wp-content\/uploads\/2026\/02\/wholesale-ceramic-soap-trays-3-12x12.webp 12w, https:\/\/www.kedali.com\/wp-content\/uploads\/2026\/02\/wholesale-ceramic-soap-trays-3-600x600.webp 600w, https:\/\/www.kedali.com\/wp-content\/uploads\/2026\/02\/wholesale-ceramic-soap-trays-3-100x100.webp 100w\" sizes=\"(max-width: 800px) 100vw, 800px\" \/><\/figure>\n<\/div>\n\n\n\n<div class=\"wp-block-column is-layout-flow wp-block-column-is-layout-flow\">\n<figure class=\"wp-block-image size-full\"><img decoding=\"async\" width=\"800\" height=\"800\" src=\"https:\/\/www.kedali.com\/wp-content\/uploads\/2026\/02\/wholesale-ceramic-soap-trays-4.webp\" alt=\"bacs \u00e0 savon en c\u00e9ramique pour le commerce de gros (4)\" class=\"wp-image-2195\" srcset=\"https:\/\/www.kedali.com\/wp-content\/uploads\/2026\/02\/wholesale-ceramic-soap-trays-4.webp 800w, https:\/\/www.kedali.com\/wp-content\/uploads\/2026\/02\/wholesale-ceramic-soap-trays-4-300x300.webp 300w, https:\/\/www.kedali.com\/wp-content\/uploads\/2026\/02\/wholesale-ceramic-soap-trays-4-150x150.webp 150w, https:\/\/www.kedali.com\/wp-content\/uploads\/2026\/02\/wholesale-ceramic-soap-trays-4-768x768.webp 768w, https:\/\/www.kedali.com\/wp-content\/uploads\/2026\/02\/wholesale-ceramic-soap-trays-4-12x12.webp 12w, https:\/\/www.kedali.com\/wp-content\/uploads\/2026\/02\/wholesale-ceramic-soap-trays-4-600x600.webp 600w, https:\/\/www.kedali.com\/wp-content\/uploads\/2026\/02\/wholesale-ceramic-soap-trays-4-100x100.webp 100w\" sizes=\"(max-width: 800px) 100vw, 800px\" \/><\/figure>\n<\/div>\n<\/div>","protected":false},"excerpt":{"rendered":"<p>Nos porte-savons en c\u00e9ramique sont \u00e0 la fois \u00e9l\u00e9gants et fonctionnels, avec des trous de drainage pour garder le savon sec et prolonger sa dur\u00e9e de vie, tout en conservant une surface propre et sans encombrement. Nous proposons des devis d'usine, parfaits pour les commandes en gros. Contactez-nous d\u00e8s aujourd'hui.<\/p>\n<h2>Sp\u00e9cifications des porte-savons en c\u00e9ramique<\/h2>\n<table width=\"235\">\n<tbody>\n<tr>\n<td width=\"69\">Marque<\/td>\n<td width=\"166\">KDL<\/td>\n<\/tr>\n<tr>\n<td width=\"69\">Mod\u00e8le<\/td>\n<td width=\"166\">BS637-4SG<\/td>\n<\/tr>\n<tr>\n<td width=\"69\">Mat\u00e9riau<\/td>\n<td width=\"166\">c\u00e9ramique<\/td>\n<\/tr>\n<tr>\n<td width=\"69\">couleur<\/td>\n<td width=\"166\">comme le montre l'image<\/td>\n<\/tr>\n<tr>\n<td width=\"69\">Application<\/td>\n<td width=\"166\">porte-savon pour salle de bain<\/td>\n<\/tr>\n<tr>\n<td width=\"69\">Fonctionnalit\u00e9<\/td>\n<td width=\"166\">couleur \u00e9maill\u00e9e<\/td>\n<\/tr>\n<tr>\n<td width=\"69\">Dimensions<\/td>\n<td width=\"166\">13.3\u00d710\u00d73.8cm<\/td>\n<\/tr>\n<tr>\n<td width=\"69\">Poids brut (kg)<\/td>\n<td width=\"166\">0,3kg\/pcs<\/td>\n<\/tr>\n<tr>\n<td width=\"69\">Quantit\u00e9 minimale de commande<\/td>\n<td width=\"166\">800 jeux<\/td>\n<\/tr>\n<\/tbody>\n<\/table>\n<p>&nbsp;<\/p>\n<p>&nbsp;<\/p>\n<p>&nbsp;<\/p>\n<p>\n<script src=\"chrome-extension:\/\/fpelahbljekknahkcaegamhcndkfpfnc\/iFrame.js\" type=\"text\/javascript\"><\/script><\/p>","protected":false},"featured_media":2192,"comment_status":"closed","ping_status":"closed","template":"","meta":{"_acf_changed":false},"product_brand":[],"product_cat":[17,33],"product_tag":[],"class_list":{"0":"post-2190","1":"product","2":"type-product","3":"status-publish","4":"has-post-thumbnail","6":"product_cat-wholesale-ceramic-bathroom-accessories","7":"product_cat-wholesale-ceramic-soap-dishes","9":"first","10":"instock","11":"shipping-taxable","12":"product-type-simple"},"acf":[],"_links":{"self":[{"href":"https:\/\/www.kedali.com\/fr\/wp-json\/wp\/v2\/product\/2190","targetHints":{"allow":["GET"]}}],"collection":[{"href":"https:\/\/www.kedali.com\/fr\/wp-json\/wp\/v2\/product"}],"about":[{"href":"https:\/\/www.kedali.com\/fr\/wp-json\/wp\/v2\/types\/product"}],"replies":[{"embeddable":true,"href":"https:\/\/www.kedali.com\/fr\/wp-json\/wp\/v2\/comments?post=2190"}],"wp:featuredmedia":[{"embeddable":true,"href":"https:\/\/www.kedali.com\/fr\/wp-json\/wp\/v2\/media\/2192"}],"wp:attachment":[{"href":"https:\/\/www.kedali.com\/fr\/wp-json\/wp\/v2\/media?parent=2190"}],"wp:term":[{"taxonomy":"product_brand","embeddable":true,"href":"https:\/\/www.kedali.com\/fr\/wp-json\/wp\/v2\/product_brand?post=2190"},{"taxonomy":"product_cat","embeddable":true,"href":"https:\/\/www.kedali.com\/fr\/wp-json\/wp\/v2\/product_cat?post=2190"},{"taxonomy":"product_tag","embeddable":true,"href":"https:\/\/www.kedali.com\/fr\/wp-json\/wp\/v2\/product_tag?post=2190"}],"curies":[{"name":"wp","href":"https:\/\/api.w.org\/{rel}","templated":true}]}}