{"id":2198,"date":"2026-02-24T10:20:21","date_gmt":"2026-02-24T10:20:21","guid":{"rendered":"https:\/\/www.kedali.com\/?post_type=product&#038;p=2198"},"modified":"2026-02-24T10:40:45","modified_gmt":"2026-02-24T10:40:45","slug":"wholesale-ceramic-soap-dishes-in-bulk","status":"publish","type":"product","link":"https:\/\/www.kedali.com\/fr\/produit\/wholesale-ceramic-soap-dishes-in-bulk\/","title":{"rendered":"Plats \u00e0 savon en gros Baignoire en forme de nuage - Plats \u00e0 savon Factory Supply"},"content":{"rendered":"<div class=\"wp-block-columns is-layout-flex wp-container-core-columns-is-layout-9d6595d7 wp-block-columns-is-layout-flex\">\n<div class=\"wp-block-column is-layout-flow wp-block-column-is-layout-flow\">\n<h3 class=\"wp-block-heading\">Caract\u00e9ristiques des porte-savons en c\u00e9ramique<\/h3>\n\n\n\n<ul class=\"wp-block-list\">\n<li><strong>Design unique et ludique : <\/strong>Ce porte-savon en c\u00e9ramique pr\u00e9sente un motif de baignoire en forme de nuage, ajoutant un \u00e9l\u00e9ment fantaisiste et accrocheur \u00e0 votre salle de bains ou \u00e0 votre espace de toilette.<\/li>\n\n\n\n<li><strong>Polyvalence multifonctionnelle : <\/strong>En plus de contenir du savon, cette mini-baignoire peut servir de plateau \u00e0 bijoux, de jardini\u00e8re de plantes grasses ou d'organisateur de bibelots.<\/li>\n\n\n\n<li><strong>Qualit\u00e9 c\u00e9ramique sup\u00e9rieure :<\/strong> Fabriqu\u00e9 en c\u00e9ramique de haute qualit\u00e9, ce porte-savon est robuste, durable et r\u00e9sistant \u00e0 l'usure. Sa surface lisse et \u00e9maill\u00e9e facilite le nettoyage tout en conservant un aspect raffin\u00e9.<\/li>\n\n\n\n<li><strong>Vente en gros et personnalisation pour les acheteurs B2B : <\/strong>En tant que fabricant professionnel de porte-savons en c\u00e9ramique, nous fournissons des porte-savons en vrac \u00e0 des prix de gros comp\u00e9titifs, ce qui les rend id\u00e9aux pour les d\u00e9taillants, les boutiques de cadeaux, les h\u00f4tels et les boutiques.<\/li>\n<\/ul>\n\n\n\n<h3 class=\"wp-block-heading\">Service sur mesure<\/h3>\n\n\n\n<ul class=\"wp-block-list\">\n<li>Support OEM et ODM<\/li>\n\n\n\n<li>Livraison rapide d'\u00e9chantillons.<\/li>\n\n\n\n<li>Fournir des produits personnalis\u00e9s en termes de forme, de couleur, de motif, d'emballage et d'autres services personnalis\u00e9s.<\/li>\n<\/ul>\n<\/div>\n\n\n\n<div class=\"wp-block-column is-layout-flow wp-block-column-is-layout-flow\">\n<figure class=\"wp-block-image size-full\"><img decoding=\"async\" width=\"800\" height=\"800\" src=\"https:\/\/www.kedali.com\/wp-content\/uploads\/2026\/02\/soap-dishes-details.webp\" alt=\"porte-savon d\u00e9tails\" class=\"wp-image-2199\" srcset=\"https:\/\/www.kedali.com\/wp-content\/uploads\/2026\/02\/soap-dishes-details.webp 800w, https:\/\/www.kedali.com\/wp-content\/uploads\/2026\/02\/soap-dishes-details-300x300.webp 300w, https:\/\/www.kedali.com\/wp-content\/uploads\/2026\/02\/soap-dishes-details-150x150.webp 150w, https:\/\/www.kedali.com\/wp-content\/uploads\/2026\/02\/soap-dishes-details-768x768.webp 768w, https:\/\/www.kedali.com\/wp-content\/uploads\/2026\/02\/soap-dishes-details-12x12.webp 12w, https:\/\/www.kedali.com\/wp-content\/uploads\/2026\/02\/soap-dishes-details-600x600.webp 600w, https:\/\/www.kedali.com\/wp-content\/uploads\/2026\/02\/soap-dishes-details-100x100.webp 100w\" sizes=\"(max-width: 800px) 100vw, 800px\" \/><\/figure>\n<\/div>\n<\/div>\n\n\n\n<div class=\"wp-block-columns is-layout-flex wp-container-core-columns-is-layout-9d6595d7 wp-block-columns-is-layout-flex\">\n<div class=\"wp-block-column is-layout-flow wp-block-column-is-layout-flow\">\n<figure class=\"wp-block-image size-full\"><img decoding=\"async\" width=\"800\" height=\"800\" src=\"https:\/\/www.kedali.com\/wp-content\/uploads\/2026\/02\/wholesale-soap-dishes-1-1.webp\" alt=\"porte-savon en gros (1)\" class=\"wp-image-2200\" srcset=\"https:\/\/www.kedali.com\/wp-content\/uploads\/2026\/02\/wholesale-soap-dishes-1-1.webp 800w, https:\/\/www.kedali.com\/wp-content\/uploads\/2026\/02\/wholesale-soap-dishes-1-1-300x300.webp 300w, https:\/\/www.kedali.com\/wp-content\/uploads\/2026\/02\/wholesale-soap-dishes-1-1-150x150.webp 150w, https:\/\/www.kedali.com\/wp-content\/uploads\/2026\/02\/wholesale-soap-dishes-1-1-768x768.webp 768w, https:\/\/www.kedali.com\/wp-content\/uploads\/2026\/02\/wholesale-soap-dishes-1-1-12x12.webp 12w, https:\/\/www.kedali.com\/wp-content\/uploads\/2026\/02\/wholesale-soap-dishes-1-1-600x600.webp 600w, https:\/\/www.kedali.com\/wp-content\/uploads\/2026\/02\/wholesale-soap-dishes-1-1-100x100.webp 100w\" sizes=\"(max-width: 800px) 100vw, 800px\" \/><\/figure>\n<\/div>\n\n\n\n<div class=\"wp-block-column is-layout-flow wp-block-column-is-layout-flow\">\n<figure class=\"wp-block-image size-full\"><img decoding=\"async\" width=\"800\" height=\"800\" src=\"https:\/\/www.kedali.com\/wp-content\/uploads\/2026\/02\/wholesale-soap-dishes-2-1.webp\" alt=\"porte-savon en gros (2)\" class=\"wp-image-2201\" srcset=\"https:\/\/www.kedali.com\/wp-content\/uploads\/2026\/02\/wholesale-soap-dishes-2-1.webp 800w, https:\/\/www.kedali.com\/wp-content\/uploads\/2026\/02\/wholesale-soap-dishes-2-1-300x300.webp 300w, https:\/\/www.kedali.com\/wp-content\/uploads\/2026\/02\/wholesale-soap-dishes-2-1-150x150.webp 150w, https:\/\/www.kedali.com\/wp-content\/uploads\/2026\/02\/wholesale-soap-dishes-2-1-768x768.webp 768w, https:\/\/www.kedali.com\/wp-content\/uploads\/2026\/02\/wholesale-soap-dishes-2-1-12x12.webp 12w, https:\/\/www.kedali.com\/wp-content\/uploads\/2026\/02\/wholesale-soap-dishes-2-1-600x600.webp 600w, https:\/\/www.kedali.com\/wp-content\/uploads\/2026\/02\/wholesale-soap-dishes-2-1-100x100.webp 100w\" sizes=\"(max-width: 800px) 100vw, 800px\" \/><\/figure>\n<\/div>\n<\/div>","protected":false},"excerpt":{"rendered":"<p data-pm-slice=\"0 0 []\">Charmant porte-savon en c\u00e9ramique en forme de nuage avec un design de baignoire sur pattes. Multifonctionnel, il peut servir de porte-savon, de plateau \u00e0 bijoux, de jardini\u00e8re de plantes succulentes ou d'organisateur de bibelots. Durable, facile \u00e0 nettoyer, compact, plusieurs couleurs disponibles. Contactez-nous pour un devis en usine.<\/p>\n<h2>Sp\u00e9cifications des porte-savons en c\u00e9ramique<\/h2>\n<table width=\"235\">\n<tbody>\n<tr>\n<td width=\"69\">Marque<\/td>\n<td width=\"166\">KDL<\/td>\n<\/tr>\n<tr>\n<td width=\"69\">Mod\u00e8le<\/td>\n<td width=\"166\">BS681<\/td>\n<\/tr>\n<tr>\n<td width=\"69\">Mat\u00e9riau<\/td>\n<td width=\"166\">c\u00e9ramique<\/td>\n<\/tr>\n<tr>\n<td width=\"69\">couleur<\/td>\n<td width=\"166\">comme le montre l'image<\/td>\n<\/tr>\n<tr>\n<td width=\"69\">Application<\/td>\n<td width=\"166\">porte-savon en c\u00e9ramique<\/td>\n<\/tr>\n<tr>\n<td width=\"69\">Fonctionnalit\u00e9<\/td>\n<td width=\"166\">couleur \u00e9maill\u00e9e<\/td>\n<\/tr>\n<tr>\n<td width=\"69\">Dimensions<\/td>\n<td width=\"166\">15\u00d78.5\u00d77cm<\/td>\n<\/tr>\n<tr>\n<td width=\"69\">Poids brut (kg)<\/td>\n<td width=\"166\">0,3kg\/pcs<\/td>\n<\/tr>\n<tr>\n<td width=\"69\">Quantit\u00e9 minimale de commande<\/td>\n<td width=\"166\">800 jeux<\/td>\n<\/tr>\n<\/tbody>\n<\/table>\n<p>&nbsp;<\/p>\n<p>&nbsp;<\/p>\n<p>&nbsp;<\/p>\n<p>\n<script src=\"chrome-extension:\/\/fpelahbljekknahkcaegamhcndkfpfnc\/iFrame.js\" type=\"text\/javascript\"><\/script><\/p>","protected":false},"featured_media":2200,"comment_status":"closed","ping_status":"closed","template":"","meta":{"_acf_changed":false},"product_brand":[],"product_cat":[17,33],"product_tag":[],"class_list":{"0":"post-2198","1":"product","2":"type-product","3":"status-publish","4":"has-post-thumbnail","6":"product_cat-wholesale-ceramic-bathroom-accessories","7":"product_cat-wholesale-ceramic-soap-dishes","9":"first","10":"instock","11":"shipping-taxable","12":"product-type-simple"},"acf":[],"_links":{"self":[{"href":"https:\/\/www.kedali.com\/fr\/wp-json\/wp\/v2\/product\/2198","targetHints":{"allow":["GET"]}}],"collection":[{"href":"https:\/\/www.kedali.com\/fr\/wp-json\/wp\/v2\/product"}],"about":[{"href":"https:\/\/www.kedali.com\/fr\/wp-json\/wp\/v2\/types\/product"}],"replies":[{"embeddable":true,"href":"https:\/\/www.kedali.com\/fr\/wp-json\/wp\/v2\/comments?post=2198"}],"wp:featuredmedia":[{"embeddable":true,"href":"https:\/\/www.kedali.com\/fr\/wp-json\/wp\/v2\/media\/2200"}],"wp:attachment":[{"href":"https:\/\/www.kedali.com\/fr\/wp-json\/wp\/v2\/media?parent=2198"}],"wp:term":[{"taxonomy":"product_brand","embeddable":true,"href":"https:\/\/www.kedali.com\/fr\/wp-json\/wp\/v2\/product_brand?post=2198"},{"taxonomy":"product_cat","embeddable":true,"href":"https:\/\/www.kedali.com\/fr\/wp-json\/wp\/v2\/product_cat?post=2198"},{"taxonomy":"product_tag","embeddable":true,"href":"https:\/\/www.kedali.com\/fr\/wp-json\/wp\/v2\/product_tag?post=2198"}],"curies":[{"name":"wp","href":"https:\/\/api.w.org\/{rel}","templated":true}]}}