{"id":2374,"date":"2026-04-03T01:53:35","date_gmt":"2026-04-03T01:53:35","guid":{"rendered":"https:\/\/www.kedali.com\/?post_type=product&#038;p=2374"},"modified":"2026-04-03T02:00:17","modified_gmt":"2026-04-03T02:00:17","slug":"wholesale-square-baking-dishes","status":"publish","type":"product","link":"https:\/\/www.kedali.com\/fr\/produit\/wholesale-square-baking-dishes\/","title":{"rendered":"Wholesale Square Baking Dishes \u2013 Durable Oven Dish Manufacturer"},"content":{"rendered":"<div class=\"wp-block-columns is-layout-flex wp-container-core-columns-is-layout-9d6595d7 wp-block-columns-is-layout-flex\">\n<div class=\"wp-block-column is-layout-flow wp-block-column-is-layout-flow\">\n<h3 class=\"wp-block-heading\">Caract\u00e9ristiques des moules \u00e0 p\u00e2tisserie en c\u00e9ramique<\/h3>\n\n\n\n<ul class=\"wp-block-list\">\n<li><strong>Facile \u00e0 nettoyer :<\/strong> Nos moules \u00e0 p\u00e2tisserie en c\u00e9ramique sont dot\u00e9s d'un int\u00e9rieur et d'un ext\u00e9rieur \u00e9maill\u00e9s lisses et d'une base textur\u00e9e, emp\u00eachant les aliments de coller et facilitant le nettoyage au lave-vaisselle ou \u00e0 la main.<\/li>\n\n\n\n<li><strong>Dual-handle design: <\/strong>Each baking dish is equipped with two sturdy side handles for a secure grip. This feature is essential for safe operation in fast-paced commercial kitchens.<\/li>\n\n\n\n<li><strong>Medium Size for Serving: <\/strong>Ideal for restaurants to serve dishes directly from the oven to the table, improving presentation and operational efficiency.<\/li>\n\n\n\n<li><strong>Personnalisation possible : <\/strong>En tant que fabricant professionnel d'ustensiles de cuisson en c\u00e9ramique en Chine, nous proposons des prix de gros et des services d'achat en gros, et nous pouvons personnaliser les produits en fonction des besoins des clients, y compris les options de couleur et de motif.<\/li>\n<\/ul>\n\n\n\n<h3 class=\"wp-block-heading\">Service sur mesure<\/h3>\n\n\n\n<ul class=\"wp-block-list\">\n<li>Support OEM et ODM<\/li>\n\n\n\n<li>Livraison rapide d'\u00e9chantillons.<\/li>\n\n\n\n<li>Fournir des produits personnalis\u00e9s en termes de forme, de couleur, de motif, d'emballage et d'autres services personnalis\u00e9s.<\/li>\n<\/ul>\n<\/div>\n\n\n\n<div class=\"wp-block-column is-layout-flow wp-block-column-is-layout-flow\">\n<figure class=\"wp-block-image size-full\"><img decoding=\"async\" width=\"800\" height=\"800\" src=\"https:\/\/www.kedali.com\/wp-content\/uploads\/2026\/03\/6-TDS1782-6-7.webp\" alt=\"\" class=\"wp-image-2381\" srcset=\"https:\/\/www.kedali.com\/wp-content\/uploads\/2026\/03\/6-TDS1782-6-7.webp 800w, https:\/\/www.kedali.com\/wp-content\/uploads\/2026\/03\/6-TDS1782-6-7-300x300.webp 300w, https:\/\/www.kedali.com\/wp-content\/uploads\/2026\/03\/6-TDS1782-6-7-150x150.webp 150w, https:\/\/www.kedali.com\/wp-content\/uploads\/2026\/03\/6-TDS1782-6-7-768x768.webp 768w, https:\/\/www.kedali.com\/wp-content\/uploads\/2026\/03\/6-TDS1782-6-7-12x12.webp 12w, https:\/\/www.kedali.com\/wp-content\/uploads\/2026\/03\/6-TDS1782-6-7-600x600.webp 600w, https:\/\/www.kedali.com\/wp-content\/uploads\/2026\/03\/6-TDS1782-6-7-100x100.webp 100w\" sizes=\"(max-width: 800px) 100vw, 800px\" \/><\/figure>\n<\/div>\n<\/div>\n\n\n\n<div class=\"wp-block-columns is-layout-flex wp-container-core-columns-is-layout-9d6595d7 wp-block-columns-is-layout-flex\">\n<div class=\"wp-block-column is-layout-flow wp-block-column-is-layout-flow\">\n<figure class=\"wp-block-image size-full\"><img decoding=\"async\" width=\"800\" height=\"800\" src=\"https:\/\/www.kedali.com\/wp-content\/uploads\/2026\/03\/6-TDS1782-6-2.webp\" alt=\"\" class=\"wp-image-2376\" srcset=\"https:\/\/www.kedali.com\/wp-content\/uploads\/2026\/03\/6-TDS1782-6-2.webp 800w, https:\/\/www.kedali.com\/wp-content\/uploads\/2026\/03\/6-TDS1782-6-2-300x300.webp 300w, https:\/\/www.kedali.com\/wp-content\/uploads\/2026\/03\/6-TDS1782-6-2-150x150.webp 150w, https:\/\/www.kedali.com\/wp-content\/uploads\/2026\/03\/6-TDS1782-6-2-768x768.webp 768w, https:\/\/www.kedali.com\/wp-content\/uploads\/2026\/03\/6-TDS1782-6-2-12x12.webp 12w, https:\/\/www.kedali.com\/wp-content\/uploads\/2026\/03\/6-TDS1782-6-2-600x600.webp 600w, https:\/\/www.kedali.com\/wp-content\/uploads\/2026\/03\/6-TDS1782-6-2-100x100.webp 100w\" sizes=\"(max-width: 800px) 100vw, 800px\" \/><\/figure>\n<\/div>\n\n\n\n<div class=\"wp-block-column is-layout-flow wp-block-column-is-layout-flow\">\n<figure class=\"wp-block-image size-full\"><img decoding=\"async\" width=\"800\" height=\"800\" src=\"https:\/\/www.kedali.com\/wp-content\/uploads\/2026\/03\/6-TDS1782-6-3.webp\" alt=\"\" class=\"wp-image-2377\" srcset=\"https:\/\/www.kedali.com\/wp-content\/uploads\/2026\/03\/6-TDS1782-6-3.webp 800w, https:\/\/www.kedali.com\/wp-content\/uploads\/2026\/03\/6-TDS1782-6-3-300x300.webp 300w, https:\/\/www.kedali.com\/wp-content\/uploads\/2026\/03\/6-TDS1782-6-3-150x150.webp 150w, https:\/\/www.kedali.com\/wp-content\/uploads\/2026\/03\/6-TDS1782-6-3-768x768.webp 768w, https:\/\/www.kedali.com\/wp-content\/uploads\/2026\/03\/6-TDS1782-6-3-12x12.webp 12w, https:\/\/www.kedali.com\/wp-content\/uploads\/2026\/03\/6-TDS1782-6-3-600x600.webp 600w, https:\/\/www.kedali.com\/wp-content\/uploads\/2026\/03\/6-TDS1782-6-3-100x100.webp 100w\" sizes=\"(max-width: 800px) 100vw, 800px\" \/><\/figure>\n<\/div>\n<\/div>\n\n\n\n<div class=\"wp-block-columns is-layout-flex wp-container-core-columns-is-layout-9d6595d7 wp-block-columns-is-layout-flex\">\n<div class=\"wp-block-column is-layout-flow wp-block-column-is-layout-flow\">\n<figure class=\"wp-block-image size-full\"><img decoding=\"async\" width=\"800\" height=\"800\" src=\"https:\/\/www.kedali.com\/wp-content\/uploads\/2026\/03\/6-TDS1782-6-4.webp\" alt=\"\" class=\"wp-image-2378\" srcset=\"https:\/\/www.kedali.com\/wp-content\/uploads\/2026\/03\/6-TDS1782-6-4.webp 800w, https:\/\/www.kedali.com\/wp-content\/uploads\/2026\/03\/6-TDS1782-6-4-300x300.webp 300w, https:\/\/www.kedali.com\/wp-content\/uploads\/2026\/03\/6-TDS1782-6-4-150x150.webp 150w, https:\/\/www.kedali.com\/wp-content\/uploads\/2026\/03\/6-TDS1782-6-4-768x768.webp 768w, https:\/\/www.kedali.com\/wp-content\/uploads\/2026\/03\/6-TDS1782-6-4-12x12.webp 12w, https:\/\/www.kedali.com\/wp-content\/uploads\/2026\/03\/6-TDS1782-6-4-600x600.webp 600w, https:\/\/www.kedali.com\/wp-content\/uploads\/2026\/03\/6-TDS1782-6-4-100x100.webp 100w\" sizes=\"(max-width: 800px) 100vw, 800px\" \/><\/figure>\n<\/div>\n\n\n\n<div class=\"wp-block-column is-layout-flow wp-block-column-is-layout-flow\">\n<figure class=\"wp-block-image size-full\"><img decoding=\"async\" width=\"800\" height=\"800\" src=\"https:\/\/www.kedali.com\/wp-content\/uploads\/2026\/03\/6-TDS1782-6-5.webp\" alt=\"\" class=\"wp-image-2379\" srcset=\"https:\/\/www.kedali.com\/wp-content\/uploads\/2026\/03\/6-TDS1782-6-5.webp 800w, https:\/\/www.kedali.com\/wp-content\/uploads\/2026\/03\/6-TDS1782-6-5-300x300.webp 300w, https:\/\/www.kedali.com\/wp-content\/uploads\/2026\/03\/6-TDS1782-6-5-150x150.webp 150w, https:\/\/www.kedali.com\/wp-content\/uploads\/2026\/03\/6-TDS1782-6-5-768x768.webp 768w, https:\/\/www.kedali.com\/wp-content\/uploads\/2026\/03\/6-TDS1782-6-5-12x12.webp 12w, https:\/\/www.kedali.com\/wp-content\/uploads\/2026\/03\/6-TDS1782-6-5-600x600.webp 600w, https:\/\/www.kedali.com\/wp-content\/uploads\/2026\/03\/6-TDS1782-6-5-100x100.webp 100w\" sizes=\"(max-width: 800px) 100vw, 800px\" \/><\/figure>\n<\/div>\n<\/div>","protected":false},"excerpt":{"rendered":"<p>Wholesale square ceramic baking dishes, oven dishes, suitable for multi-functional oven cooking and stylish tabletop plating. Each baking dish features a sturdy side handle for easy handling and a safe transition from oven to tabletop.<\/p>\n<p>En tant que professionnel <a href=\"https:\/\/www.kedali.com\/fr\/categorie-produit\/wholesale-ceramic-kitchenware\/wholesale-ceramic-bakeware\/\" target=\"_blank\" rel=\"noopener\"><strong>ceramic bakeware manufacturer<\/strong><\/a>, we design these square baking dishes to meet the high standards of the hospitality and retail industries. Contact us for a product quote.<\/p>\n<h2>Sp\u00e9cifications des moules \u00e0 p\u00e2tisserie en c\u00e9ramique<\/h2>\n<table width=\"235\">\n<tbody>\n<tr>\n<td width=\"69\">Marque<\/td>\n<td width=\"166\">KDL<\/td>\n<\/tr>\n<tr>\n<td width=\"69\">Mod\u00e8le<\/td>\n<td width=\"166\">TDS1745<\/td>\n<\/tr>\n<tr>\n<td width=\"69\">Mat\u00e9riau<\/td>\n<td width=\"166\">c\u00e9ramique<\/td>\n<\/tr>\n<tr>\n<td width=\"69\">couleur<\/td>\n<td width=\"166\">personnalis\u00e9<\/td>\n<\/tr>\n<tr>\n<td width=\"69\">Application<\/td>\n<td width=\"166\">ustensiles de cuisson en c\u00e9ramique<\/td>\n<\/tr>\n<tr>\n<td width=\"69\">Fonctionnalit\u00e9<\/td>\n<td width=\"166\">couleur \u00e9maill\u00e9e<\/td>\n<\/tr>\n<tr>\n<td width=\"69\">Dimensions<\/td>\n<td width=\"166\">17.1 \u00d7 5 cm<\/td>\n<\/tr>\n<tr>\n<td width=\"69\">Quantit\u00e9 minimale de commande<\/td>\n<td width=\"166\">800 jeux<\/td>\n<\/tr>\n<\/tbody>\n<\/table>\n<p>&nbsp;<\/p>\n<p>&nbsp;<\/p>\n<p>\n<script src=\"chrome-extension:\/\/fpelahbljekknahkcaegamhcndkfpfnc\/iFrame.js\" type=\"text\/javascript\"><\/script><\/p>","protected":false},"featured_media":2375,"comment_status":"closed","ping_status":"closed","template":"","meta":{"_acf_changed":false},"product_brand":[],"product_cat":[18,34],"product_tag":[],"class_list":{"0":"post-2374","1":"product","2":"type-product","3":"status-publish","4":"has-post-thumbnail","6":"product_cat-wholesale-ceramic-kitchenware","7":"product_cat-wholesale-ceramic-bakeware","9":"first","10":"instock","11":"shipping-taxable","12":"product-type-simple"},"acf":[],"_links":{"self":[{"href":"https:\/\/www.kedali.com\/fr\/wp-json\/wp\/v2\/product\/2374","targetHints":{"allow":["GET"]}}],"collection":[{"href":"https:\/\/www.kedali.com\/fr\/wp-json\/wp\/v2\/product"}],"about":[{"href":"https:\/\/www.kedali.com\/fr\/wp-json\/wp\/v2\/types\/product"}],"replies":[{"embeddable":true,"href":"https:\/\/www.kedali.com\/fr\/wp-json\/wp\/v2\/comments?post=2374"}],"wp:featuredmedia":[{"embeddable":true,"href":"https:\/\/www.kedali.com\/fr\/wp-json\/wp\/v2\/media\/2375"}],"wp:attachment":[{"href":"https:\/\/www.kedali.com\/fr\/wp-json\/wp\/v2\/media?parent=2374"}],"wp:term":[{"taxonomy":"product_brand","embeddable":true,"href":"https:\/\/www.kedali.com\/fr\/wp-json\/wp\/v2\/product_brand?post=2374"},{"taxonomy":"product_cat","embeddable":true,"href":"https:\/\/www.kedali.com\/fr\/wp-json\/wp\/v2\/product_cat?post=2374"},{"taxonomy":"product_tag","embeddable":true,"href":"https:\/\/www.kedali.com\/fr\/wp-json\/wp\/v2\/product_tag?post=2374"}],"curies":[{"name":"wp","href":"https:\/\/api.w.org\/{rel}","templated":true}]}}