{"id":2710,"date":"2026-04-15T08:10:57","date_gmt":"2026-04-15T08:10:57","guid":{"rendered":"https:\/\/www.kedali.com\/?post_type=product&#038;p=2710"},"modified":"2026-04-15T08:11:45","modified_gmt":"2026-04-15T08:11:45","slug":"wholesale-ceramic-spoon-rest-sets","status":"publish","type":"product","link":"https:\/\/www.kedali.com\/fr\/produit\/wholesale-ceramic-spoon-rest-sets\/","title":{"rendered":"Wholesale Ceramic Spoon Rest Sets \u2013 Factory Direct Supply, OEM and ODM Support"},"content":{"rendered":"<div class=\"wp-block-columns is-layout-flex wp-container-core-columns-is-layout-9d6595d7 wp-block-columns-is-layout-flex\">\n<div class=\"wp-block-column is-layout-flow wp-block-column-is-layout-flow\">\n<h3 class=\"wp-block-heading\">Ceramic Spoon Rest Set Features<\/h3>\n\n\n\n<ul class=\"wp-block-list\">\n<li><strong>Functional Kitchen Organization Design: <\/strong>Designed to hold cooking spoons, ladles, and utensils neatly, helping maintain a clean countertop during food preparation and cooking activities.<\/li>\n\n\n\n<li><strong>Elegant and Versatile Aesthetic: <\/strong>The simple yet stylish design fits a wide range of kitchen styles, making it suitable for retail, hospitality, and home use markets.<\/li>\n\n\n\n<li><strong>Possibilit\u00e9 de personnalisation OEM et ODM : <\/strong>As a professional ceramic kitchenware manufacturer, we support full customization including colors, shapes, branding, and packaging to meet diverse wholesale requirements.<\/li>\n\n\n\n<li><strong>Factory Direct Supply Advantage: <\/strong>We provide competitive pricing and stable production capacity for bulk orders, helping importers and distributors improve profit margins.<\/li>\n<\/ul>\n\n\n\n<h3 class=\"wp-block-heading\">Service sur mesure<\/h3>\n\n\n\n<ul class=\"wp-block-list\">\n<li>Support OEM et ODM<\/li>\n\n\n\n<li>Livraison rapide d'\u00e9chantillons.<\/li>\n\n\n\n<li>Fournir des produits personnalis\u00e9s en termes de forme, de couleur, de motif, d'emballage et d'autres services personnalis\u00e9s.<\/li>\n<\/ul>\n<\/div>\n\n\n\n<div class=\"wp-block-column is-layout-flow wp-block-column-is-layout-flow\">\n<figure class=\"wp-block-image size-full\"><img decoding=\"async\" width=\"800\" height=\"800\" src=\"https:\/\/www.kedali.com\/wp-content\/uploads\/2026\/04\/tds892-8-5.webp\" alt=\"\" class=\"wp-image-2722\" srcset=\"https:\/\/www.kedali.com\/wp-content\/uploads\/2026\/04\/tds892-8-5.webp 800w, https:\/\/www.kedali.com\/wp-content\/uploads\/2026\/04\/tds892-8-5-300x300.webp 300w, https:\/\/www.kedali.com\/wp-content\/uploads\/2026\/04\/tds892-8-5-150x150.webp 150w, https:\/\/www.kedali.com\/wp-content\/uploads\/2026\/04\/tds892-8-5-768x768.webp 768w, https:\/\/www.kedali.com\/wp-content\/uploads\/2026\/04\/tds892-8-5-12x12.webp 12w, https:\/\/www.kedali.com\/wp-content\/uploads\/2026\/04\/tds892-8-5-600x600.webp 600w, https:\/\/www.kedali.com\/wp-content\/uploads\/2026\/04\/tds892-8-5-100x100.webp 100w\" sizes=\"(max-width: 800px) 100vw, 800px\" \/><\/figure>\n<\/div>\n<\/div>\n\n\n\n<div class=\"wp-block-columns is-layout-flex wp-container-core-columns-is-layout-9d6595d7 wp-block-columns-is-layout-flex\">\n<div class=\"wp-block-column is-layout-flow wp-block-column-is-layout-flow\">\n<figure class=\"wp-block-image size-full\"><img decoding=\"async\" width=\"800\" height=\"800\" src=\"https:\/\/www.kedali.com\/wp-content\/uploads\/2026\/04\/tds892-8-1\u4e3b\u56fe.webp\" alt=\"\" class=\"wp-image-2719\" srcset=\"https:\/\/www.kedali.com\/wp-content\/uploads\/2026\/04\/tds892-8-1\u4e3b\u56fe.webp 800w, https:\/\/www.kedali.com\/wp-content\/uploads\/2026\/04\/tds892-8-1\u4e3b\u56fe-300x300.webp 300w, https:\/\/www.kedali.com\/wp-content\/uploads\/2026\/04\/tds892-8-1\u4e3b\u56fe-150x150.webp 150w, https:\/\/www.kedali.com\/wp-content\/uploads\/2026\/04\/tds892-8-1\u4e3b\u56fe-768x768.webp 768w, https:\/\/www.kedali.com\/wp-content\/uploads\/2026\/04\/tds892-8-1\u4e3b\u56fe-12x12.webp 12w, https:\/\/www.kedali.com\/wp-content\/uploads\/2026\/04\/tds892-8-1\u4e3b\u56fe-600x600.webp 600w, https:\/\/www.kedali.com\/wp-content\/uploads\/2026\/04\/tds892-8-1\u4e3b\u56fe-100x100.webp 100w\" sizes=\"(max-width: 800px) 100vw, 800px\" \/><\/figure>\n<\/div>\n\n\n\n<div class=\"wp-block-column is-layout-flow wp-block-column-is-layout-flow\">\n<figure class=\"wp-block-image size-full\"><img decoding=\"async\" width=\"800\" height=\"800\" src=\"https:\/\/www.kedali.com\/wp-content\/uploads\/2026\/04\/tds892-8-2.webp\" alt=\"\" class=\"wp-image-2720\" srcset=\"https:\/\/www.kedali.com\/wp-content\/uploads\/2026\/04\/tds892-8-2.webp 800w, https:\/\/www.kedali.com\/wp-content\/uploads\/2026\/04\/tds892-8-2-300x300.webp 300w, https:\/\/www.kedali.com\/wp-content\/uploads\/2026\/04\/tds892-8-2-150x150.webp 150w, https:\/\/www.kedali.com\/wp-content\/uploads\/2026\/04\/tds892-8-2-768x768.webp 768w, https:\/\/www.kedali.com\/wp-content\/uploads\/2026\/04\/tds892-8-2-12x12.webp 12w, https:\/\/www.kedali.com\/wp-content\/uploads\/2026\/04\/tds892-8-2-600x600.webp 600w, https:\/\/www.kedali.com\/wp-content\/uploads\/2026\/04\/tds892-8-2-100x100.webp 100w\" sizes=\"(max-width: 800px) 100vw, 800px\" \/><\/figure>\n<\/div>\n<\/div>\n\n\n\n<div class=\"wp-block-columns is-layout-flex wp-container-core-columns-is-layout-9d6595d7 wp-block-columns-is-layout-flex\">\n<div class=\"wp-block-column is-layout-flow wp-block-column-is-layout-flow\">\n<figure class=\"wp-block-image size-full\"><img decoding=\"async\" width=\"800\" height=\"800\" src=\"https:\/\/www.kedali.com\/wp-content\/uploads\/2026\/04\/tds892-8-3.webp\" alt=\"\" class=\"wp-image-2721\" srcset=\"https:\/\/www.kedali.com\/wp-content\/uploads\/2026\/04\/tds892-8-3.webp 800w, https:\/\/www.kedali.com\/wp-content\/uploads\/2026\/04\/tds892-8-3-300x300.webp 300w, https:\/\/www.kedali.com\/wp-content\/uploads\/2026\/04\/tds892-8-3-150x150.webp 150w, https:\/\/www.kedali.com\/wp-content\/uploads\/2026\/04\/tds892-8-3-768x768.webp 768w, https:\/\/www.kedali.com\/wp-content\/uploads\/2026\/04\/tds892-8-3-12x12.webp 12w, https:\/\/www.kedali.com\/wp-content\/uploads\/2026\/04\/tds892-8-3-600x600.webp 600w, https:\/\/www.kedali.com\/wp-content\/uploads\/2026\/04\/tds892-8-3-100x100.webp 100w\" sizes=\"(max-width: 800px) 100vw, 800px\" \/><\/figure>\n<\/div>\n\n\n\n<div class=\"wp-block-column is-layout-flow wp-block-column-is-layout-flow\">\n<figure class=\"wp-block-image size-full\"><img decoding=\"async\" width=\"800\" height=\"800\" src=\"https:\/\/www.kedali.com\/wp-content\/uploads\/2026\/04\/tds892-8-6.webp\" alt=\"\" class=\"wp-image-2723\" srcset=\"https:\/\/www.kedali.com\/wp-content\/uploads\/2026\/04\/tds892-8-6.webp 800w, https:\/\/www.kedali.com\/wp-content\/uploads\/2026\/04\/tds892-8-6-300x300.webp 300w, https:\/\/www.kedali.com\/wp-content\/uploads\/2026\/04\/tds892-8-6-150x150.webp 150w, https:\/\/www.kedali.com\/wp-content\/uploads\/2026\/04\/tds892-8-6-768x768.webp 768w, https:\/\/www.kedali.com\/wp-content\/uploads\/2026\/04\/tds892-8-6-12x12.webp 12w, https:\/\/www.kedali.com\/wp-content\/uploads\/2026\/04\/tds892-8-6-600x600.webp 600w, https:\/\/www.kedali.com\/wp-content\/uploads\/2026\/04\/tds892-8-6-100x100.webp 100w\" sizes=\"(max-width: 800px) 100vw, 800px\" \/><\/figure>\n<\/div>\n<\/div>\n\n\n\n<p><\/p>","protected":false},"excerpt":{"rendered":"<p>Nos porte-\u0153ufs en c\u00e9ramique durables ajoutent style et praticit\u00e9 \u00e0 votre cuisine. De couleur vive et robustes, ils maintiennent les \u0153ufs en place en toute s\u00e9curit\u00e9.<\/p>\n<p>En tant que <a href=\"https:\/\/www.kedali.com\/fr\/categorie-produit\/wholesale-ceramic-kitchenware\/\" target=\"_blank\" rel=\"noopener\"><strong>fabricant d'ustensiles de cuisine en c\u00e9ramique,<\/strong><\/a> nous offrons des services de personnalisation OEM et ODM, y compris la couleur, la forme et l'emballage. Contactez-nous d\u00e8s aujourd'hui.<\/p>\n<h2>Ceramic Spoon Rest Set Specifications<\/h2>\n<table width=\"235\">\n<tbody>\n<tr>\n<td width=\"69\">Marque<\/td>\n<td width=\"166\">KDL<\/td>\n<\/tr>\n<tr>\n<td width=\"69\">Mod\u00e8le<\/td>\n<td width=\"166\">tds892-8<\/td>\n<\/tr>\n<tr>\n<td width=\"69\">Mat\u00e9riau<\/td>\n<td width=\"166\">c\u00e9ramique<\/td>\n<\/tr>\n<tr>\n<td width=\"69\">couleur<\/td>\n<td width=\"166\">White<\/td>\n<\/tr>\n<tr>\n<td width=\"69\">Application<\/td>\n<td width=\"166\">porte-\u0153uf<\/td>\n<\/tr>\n<tr>\n<td width=\"69\">Fonctionnalit\u00e9<\/td>\n<td width=\"166\">vitr\u00e9<\/td>\n<\/tr>\n<tr>\n<td width=\"69\">Dimensions<\/td>\n<td width=\"166\">20,5*9*3,3cm<\/td>\n<\/tr>\n<tr>\n<td width=\"69\">Poids brut (kg)<\/td>\n<td width=\"166\">0.4kg<\/td>\n<\/tr>\n<tr>\n<td width=\"69\">Quantit\u00e9 minimale de commande<\/td>\n<td width=\"166\">800 jeux<\/td>\n<\/tr>\n<\/tbody>\n<\/table>\n<p>&nbsp;<\/p>\n<p>&nbsp;<\/p>\n<p>\n<script src=\"chrome-extension:\/\/fpelahbljekknahkcaegamhcndkfpfnc\/iFrame.js\" type=\"text\/javascript\"><\/script><\/p>","protected":false},"featured_media":2719,"comment_status":"closed","ping_status":"closed","template":"","meta":{"_acf_changed":false},"product_brand":[],"product_cat":[18,52],"product_tag":[],"class_list":{"0":"post-2710","1":"product","2":"type-product","3":"status-publish","4":"has-post-thumbnail","6":"product_cat-wholesale-ceramic-kitchenware","7":"product_cat-wholesale-ceramic-tools-and-utensils","9":"first","10":"instock","11":"shipping-taxable","12":"product-type-simple"},"acf":[],"_links":{"self":[{"href":"https:\/\/www.kedali.com\/fr\/wp-json\/wp\/v2\/product\/2710","targetHints":{"allow":["GET"]}}],"collection":[{"href":"https:\/\/www.kedali.com\/fr\/wp-json\/wp\/v2\/product"}],"about":[{"href":"https:\/\/www.kedali.com\/fr\/wp-json\/wp\/v2\/types\/product"}],"replies":[{"embeddable":true,"href":"https:\/\/www.kedali.com\/fr\/wp-json\/wp\/v2\/comments?post=2710"}],"wp:featuredmedia":[{"embeddable":true,"href":"https:\/\/www.kedali.com\/fr\/wp-json\/wp\/v2\/media\/2719"}],"wp:attachment":[{"href":"https:\/\/www.kedali.com\/fr\/wp-json\/wp\/v2\/media?parent=2710"}],"wp:term":[{"taxonomy":"product_brand","embeddable":true,"href":"https:\/\/www.kedali.com\/fr\/wp-json\/wp\/v2\/product_brand?post=2710"},{"taxonomy":"product_cat","embeddable":true,"href":"https:\/\/www.kedali.com\/fr\/wp-json\/wp\/v2\/product_cat?post=2710"},{"taxonomy":"product_tag","embeddable":true,"href":"https:\/\/www.kedali.com\/fr\/wp-json\/wp\/v2\/product_tag?post=2710"}],"curies":[{"name":"wp","href":"https:\/\/api.w.org\/{rel}","templated":true}]}}