{"id":452,"date":"2025-10-19T06:18:57","date_gmt":"2025-10-19T06:18:57","guid":{"rendered":"https:\/\/www.kedali.com\/?post_type=product&#038;p=452"},"modified":"2026-02-14T08:25:31","modified_gmt":"2026-02-14T08:25:31","slug":"wholesale-ceramic-jewelry-storage-tray","status":"publish","type":"product","link":"https:\/\/www.kedali.com\/fr\/produit\/wholesale-ceramic-jewelry-storage-tray\/","title":{"rendered":"Wholesale Ceramic Bathroom Accessories - Plateau de rangement pour bijoux en c\u00e9ramique"},"content":{"rendered":"<div class=\"wp-block-columns is-layout-flex wp-container-core-columns-is-layout-9d6595d7 wp-block-columns-is-layout-flex\">\n<div class=\"wp-block-column is-layout-flow wp-block-column-is-layout-flow\">\n<h3 class=\"wp-block-heading\">Caract\u00e9ristiques du plateau de rangement des bijoux en c\u00e9ramique <\/h3>\n\n\n\n<ul class=\"wp-block-list\">\n<li><strong>Conception cr\u00e9ative : <\/strong>Nos plateaux de rangement pour bijoux en c\u00e9ramique imitent la forme de la lampe magique d'Aladin, ajoutant une touche d'amusement. Leur design simple et \u00e9l\u00e9gant et leur motif imitation marbre rehaussent le style de votre int\u00e9rieur.<\/li>\n\n\n\n<li><strong>Mat\u00e9riau s\u00fbr : <\/strong>La c\u00e9ramique est respectueuse de l'environnement et non toxique, durable et adapt\u00e9e \u00e0 une utilisation \u00e0 long terme.<\/li>\n\n\n\n<li><strong>Polyvalent : <\/strong>Ils permettent de ranger de petits objets tels que des cl\u00e9s, des en-cas et des bijoux, et peuvent \u00e9galement servir d'ornements de table basse ou de plateaux d\u00e9coratifs.<\/li>\n\n\n\n<li><strong>Rangement pratique : <\/strong>Les pieds hauts assurent une meilleure stabilit\u00e9 et l'int\u00e9rieur bien con\u00e7u facilite le tri et le rangement.<\/li>\n\n\n\n<li><strong>Prix comp\u00e9titifs : <\/strong>En tant qu'usine professionnelle, nous fournissons des accessoires de salle de bains en c\u00e9ramique en vrac \u00e0 des prix tr\u00e8s comp\u00e9titifs, ce qui vous permet d'acqu\u00e9rir un avantage concurrentiel sur le march\u00e9.<\/li>\n<\/ul>\n\n\n\n<h3 class=\"wp-block-heading\">Service sur mesure<\/h3>\n\n\n\n<ul class=\"wp-block-list\">\n<li>Support OEM et ODM<\/li>\n\n\n\n<li>Livraison rapide d'\u00e9chantillons.<\/li>\n\n\n\n<li>Fournir des produits personnalis\u00e9s en termes de forme, de couleur, de motif, d'emballage et d'autres services personnalis\u00e9s.<\/li>\n<\/ul>\n<\/div>\n\n\n\n<div class=\"wp-block-column is-layout-flow wp-block-column-is-layout-flow\">\n<figure class=\"wp-block-image size-full\"><img decoding=\"async\" width=\"800\" height=\"800\" src=\"https:\/\/www.kedali.com\/wp-content\/uploads\/2025\/10\/ceramic-bathroom-accessories-dimensions.webp\" alt=\"dimensions des accessoires de salle de bain en c\u00e9ramique\" class=\"wp-image-453\" srcset=\"https:\/\/www.kedali.com\/wp-content\/uploads\/2025\/10\/ceramic-bathroom-accessories-dimensions.webp 800w, https:\/\/www.kedali.com\/wp-content\/uploads\/2025\/10\/ceramic-bathroom-accessories-dimensions-300x300.webp 300w, https:\/\/www.kedali.com\/wp-content\/uploads\/2025\/10\/ceramic-bathroom-accessories-dimensions-150x150.webp 150w, https:\/\/www.kedali.com\/wp-content\/uploads\/2025\/10\/ceramic-bathroom-accessories-dimensions-768x768.webp 768w, https:\/\/www.kedali.com\/wp-content\/uploads\/2025\/10\/ceramic-bathroom-accessories-dimensions-600x600.webp 600w, https:\/\/www.kedali.com\/wp-content\/uploads\/2025\/10\/ceramic-bathroom-accessories-dimensions-100x100.webp 100w\" sizes=\"(max-width: 800px) 100vw, 800px\" \/><\/figure>\n<\/div>\n<\/div>\n\n\n\n<div class=\"wp-block-columns is-layout-flex wp-container-core-columns-is-layout-9d6595d7 wp-block-columns-is-layout-flex\">\n<div class=\"wp-block-column is-layout-flow wp-block-column-is-layout-flow\">\n<figure class=\"wp-block-image size-full\"><img decoding=\"async\" width=\"800\" height=\"800\" src=\"https:\/\/www.kedali.com\/wp-content\/uploads\/2025\/10\/ceramic-jewelry-storage-table-4.webp\" alt=\"table de rangement pour bijoux en c\u00e9ramique (4)\" class=\"wp-image-457\" srcset=\"https:\/\/www.kedali.com\/wp-content\/uploads\/2025\/10\/ceramic-jewelry-storage-table-4.webp 800w, https:\/\/www.kedali.com\/wp-content\/uploads\/2025\/10\/ceramic-jewelry-storage-table-4-300x300.webp 300w, https:\/\/www.kedali.com\/wp-content\/uploads\/2025\/10\/ceramic-jewelry-storage-table-4-150x150.webp 150w, https:\/\/www.kedali.com\/wp-content\/uploads\/2025\/10\/ceramic-jewelry-storage-table-4-768x768.webp 768w, https:\/\/www.kedali.com\/wp-content\/uploads\/2025\/10\/ceramic-jewelry-storage-table-4-600x600.webp 600w, https:\/\/www.kedali.com\/wp-content\/uploads\/2025\/10\/ceramic-jewelry-storage-table-4-100x100.webp 100w\" sizes=\"(max-width: 800px) 100vw, 800px\" \/><\/figure>\n<\/div>\n\n\n\n<div class=\"wp-block-column is-layout-flow wp-block-column-is-layout-flow\">\n<figure class=\"wp-block-image size-full\"><img decoding=\"async\" width=\"800\" height=\"800\" src=\"https:\/\/www.kedali.com\/wp-content\/uploads\/2025\/10\/ceramic-jewelry-storage-table-5.webp\" alt=\"table de rangement pour bijoux en c\u00e9ramique (5)\" class=\"wp-image-458\" srcset=\"https:\/\/www.kedali.com\/wp-content\/uploads\/2025\/10\/ceramic-jewelry-storage-table-5.webp 800w, https:\/\/www.kedali.com\/wp-content\/uploads\/2025\/10\/ceramic-jewelry-storage-table-5-300x300.webp 300w, https:\/\/www.kedali.com\/wp-content\/uploads\/2025\/10\/ceramic-jewelry-storage-table-5-150x150.webp 150w, https:\/\/www.kedali.com\/wp-content\/uploads\/2025\/10\/ceramic-jewelry-storage-table-5-768x768.webp 768w, https:\/\/www.kedali.com\/wp-content\/uploads\/2025\/10\/ceramic-jewelry-storage-table-5-600x600.webp 600w, https:\/\/www.kedali.com\/wp-content\/uploads\/2025\/10\/ceramic-jewelry-storage-table-5-100x100.webp 100w\" sizes=\"(max-width: 800px) 100vw, 800px\" \/><\/figure>\n<\/div>\n<\/div>","protected":false},"excerpt":{"rendered":"<p>Les plateaux de rangement pour bijoux en c\u00e9ramique, avec leur design cr\u00e9atif de lampe d'Aladin et leurs \u00e9l\u00e9gants motifs en faux marbre, sont parfaits pour ranger des bijoux, des cl\u00e9s, des en-cas ou m\u00eame des d\u00e9corations de salle de bains. Nous proposons des prix de gros directs et prenons en charge les commandes OEM et ODM. N'h\u00e9sitez pas \u00e0 nous contacter d\u00e8s aujourd'hui !<\/p>\n<h2>Sp\u00e9cifications du plateau de rangement pour bijoux en c\u00e9ramique<\/h2>\n<table width=\"447\">\n<tbody>\n<tr>\n<td width=\"147\">Marque<\/td>\n<td width=\"300\">KDL<\/td>\n<\/tr>\n<tr>\n<td width=\"147\">Mod\u00e8le<\/td>\n<td width=\"300\">TDS1963-7.5<\/td>\n<\/tr>\n<tr>\n<td width=\"147\">Couleur<\/td>\n<td width=\"300\">marbre<\/td>\n<\/tr>\n<tr>\n<td width=\"147\">Mat\u00e9riau<\/td>\n<td width=\"300\">c\u00e9ramique<\/td>\n<\/tr>\n<tr>\n<td width=\"147\">Application<\/td>\n<td width=\"300\">salle de bain<\/td>\n<\/tr>\n<tr>\n<td width=\"147\">Dimensions<\/td>\n<td width=\"300\">18.9*11.4*8cm<\/td>\n<\/tr>\n<tr>\n<td width=\"147\">Fonctionnalit\u00e9<\/td>\n<td width=\"300\">Glac\u00e9<\/td>\n<\/tr>\n<tr>\n<td width=\"147\">Quantit\u00e9 minimale de commande<\/td>\n<td width=\"300\">800pcs<\/td>\n<\/tr>\n<\/tbody>\n<\/table>\n<p>&nbsp;<\/p>\n<p>\n<script src=\"chrome-extension:\/\/fpelahbljekknahkcaegamhcndkfpfnc\/iFrame.js\" type=\"text\/javascript\"><\/script><\/p>","protected":false},"featured_media":454,"comment_status":"closed","ping_status":"closed","template":"","meta":{"_acf_changed":false},"product_brand":[],"product_cat":[38,31,17,47],"product_tag":[],"class_list":{"0":"post-452","1":"product","2":"type-product","3":"status-publish","4":"has-post-thumbnail","6":"product_cat-wholesale-ceramic-home-decor","7":"product_cat-wholesale-ceramic-bath-storage","8":"product_cat-wholesale-ceramic-bathroom-accessories","9":"product_cat-wholesale-ceramic-vases","11":"first","12":"instock","13":"shipping-taxable","14":"product-type-simple"},"acf":[],"_links":{"self":[{"href":"https:\/\/www.kedali.com\/fr\/wp-json\/wp\/v2\/product\/452","targetHints":{"allow":["GET"]}}],"collection":[{"href":"https:\/\/www.kedali.com\/fr\/wp-json\/wp\/v2\/product"}],"about":[{"href":"https:\/\/www.kedali.com\/fr\/wp-json\/wp\/v2\/types\/product"}],"replies":[{"embeddable":true,"href":"https:\/\/www.kedali.com\/fr\/wp-json\/wp\/v2\/comments?post=452"}],"wp:featuredmedia":[{"embeddable":true,"href":"https:\/\/www.kedali.com\/fr\/wp-json\/wp\/v2\/media\/454"}],"wp:attachment":[{"href":"https:\/\/www.kedali.com\/fr\/wp-json\/wp\/v2\/media?parent=452"}],"wp:term":[{"taxonomy":"product_brand","embeddable":true,"href":"https:\/\/www.kedali.com\/fr\/wp-json\/wp\/v2\/product_brand?post=452"},{"taxonomy":"product_cat","embeddable":true,"href":"https:\/\/www.kedali.com\/fr\/wp-json\/wp\/v2\/product_cat?post=452"},{"taxonomy":"product_tag","embeddable":true,"href":"https:\/\/www.kedali.com\/fr\/wp-json\/wp\/v2\/product_tag?post=452"}],"curies":[{"name":"wp","href":"https:\/\/api.w.org\/{rel}","templated":true}]}}