{"id":464,"date":"2025-10-19T06:31:30","date_gmt":"2025-10-19T06:31:30","guid":{"rendered":"https:\/\/www.kedali.com\/?post_type=product&#038;p=464"},"modified":"2026-02-02T09:00:48","modified_gmt":"2026-02-02T09:00:48","slug":"wholesale-bathtub-shaped-storage-containers","status":"publish","type":"product","link":"https:\/\/www.kedali.com\/fr\/produit\/wholesale-bathtub-shaped-storage-containers\/","title":{"rendered":"Wholesale Bathroom Accessories - Baignoire en forme de savon, bo\u00eete de rangement pour bijoux"},"content":{"rendered":"<div class=\"wp-block-columns is-layout-flex wp-container-core-columns-is-layout-9d6595d7 wp-block-columns-is-layout-flex\">\n<div class=\"wp-block-column is-layout-flow wp-block-column-is-layout-flow\">\n<h3 class=\"wp-block-heading\">Accessoires de salle de bains Caract\u00e9ristiques<\/h3>\n\n\n\n<ul class=\"wp-block-list\">\n<li><strong>Conception brevet\u00e9e :<\/strong> Ce produit est un produit brevet\u00e9 d\u00e9velopp\u00e9 ind\u00e9pendamment par notre soci\u00e9t\u00e9. Il s'agit d'un rangement en c\u00e9ramique en forme de baignoire.<\/li>\n\n\n\n<li><strong>Construction en c\u00e9ramique de premi\u00e8re qualit\u00e9 : <\/strong>Chaque pi\u00e8ce de l'ensemble est m\u00e9ticuleusement fabriqu\u00e9e en c\u00e9ramique de haute qualit\u00e9, ce qui garantit sa durabilit\u00e9 et sa long\u00e9vit\u00e9. La finition lisse et \u00e9maill\u00e9e ajoute une touche de sophistication au d\u00e9cor de votre salle de bains.<\/li>\n\n\n\n<li><strong>Forte durabilit\u00e9 : <\/strong>Gr\u00e2ce au processus de fabrication et aux caract\u00e9ristiques des mat\u00e9riaux de la porcelaine durable, celle-ci pr\u00e9sente une forte r\u00e9sistance \u00e0 la chaleur et aux chocs, n'est pas facile \u00e0 casser, a une longue dur\u00e9e de vie et convient \u00e0 un usage quotidien.<\/li>\n\n\n\n<li><strong>Facile \u00e0 nettoyer :<\/strong> Le maintien de l'hygi\u00e8ne dans votre salle de bains se fait sans effort gr\u00e2ce \u00e0 notre ensemble d'accessoires en c\u00e9ramique. Il suffit de les nettoyer avec un chiffon humide pour qu'ils restent impeccables jour apr\u00e8s jour.<\/li>\n<\/ul>\n\n\n\n<h3 class=\"wp-block-heading\">Service d'accessoires de salle de bains sur mesure<\/h3>\n\n\n\n<ul class=\"wp-block-list\">\n<li>Support OEM et ODM<\/li>\n\n\n\n<li>Livraison rapide d'\u00e9chantillons.<\/li>\n\n\n\n<li>Fournir des produits personnalis\u00e9s en termes de forme, de couleur, de motif, d'emballage et d'autres services personnalis\u00e9s.<\/li>\n<\/ul>\n<\/div>\n\n\n\n<div class=\"wp-block-column is-layout-flow wp-block-column-is-layout-flow\">\n<figure class=\"wp-block-image size-full\"><img decoding=\"async\" width=\"800\" height=\"800\" src=\"https:\/\/www.kedali.com\/wp-content\/uploads\/2025\/10\/Ceramic-storage-box-dimensions.webp\" alt=\"Dimensions de la bo\u00eete de rangement en c\u00e9ramique\" class=\"wp-image-470\" srcset=\"https:\/\/www.kedali.com\/wp-content\/uploads\/2025\/10\/Ceramic-storage-box-dimensions.webp 800w, https:\/\/www.kedali.com\/wp-content\/uploads\/2025\/10\/Ceramic-storage-box-dimensions-300x300.webp 300w, https:\/\/www.kedali.com\/wp-content\/uploads\/2025\/10\/Ceramic-storage-box-dimensions-150x150.webp 150w, https:\/\/www.kedali.com\/wp-content\/uploads\/2025\/10\/Ceramic-storage-box-dimensions-768x768.webp 768w, https:\/\/www.kedali.com\/wp-content\/uploads\/2025\/10\/Ceramic-storage-box-dimensions-600x600.webp 600w, https:\/\/www.kedali.com\/wp-content\/uploads\/2025\/10\/Ceramic-storage-box-dimensions-100x100.webp 100w\" sizes=\"(max-width: 800px) 100vw, 800px\" \/><\/figure>\n<\/div>\n<\/div>\n\n\n\n<div class=\"wp-block-columns is-layout-flex wp-container-core-columns-is-layout-9d6595d7 wp-block-columns-is-layout-flex\">\n<div class=\"wp-block-column is-layout-flow wp-block-column-is-layout-flow\">\n<figure class=\"wp-block-image size-full\"><img decoding=\"async\" width=\"800\" height=\"800\" src=\"https:\/\/www.kedali.com\/wp-content\/uploads\/2025\/10\/bathroom-shaped-ceramic-storage-box-4.webp\" alt=\"bo\u00eete de rangement en c\u00e9ramique en forme de salle de bains (4)\" class=\"wp-image-468\" srcset=\"https:\/\/www.kedali.com\/wp-content\/uploads\/2025\/10\/bathroom-shaped-ceramic-storage-box-4.webp 800w, https:\/\/www.kedali.com\/wp-content\/uploads\/2025\/10\/bathroom-shaped-ceramic-storage-box-4-300x300.webp 300w, https:\/\/www.kedali.com\/wp-content\/uploads\/2025\/10\/bathroom-shaped-ceramic-storage-box-4-150x150.webp 150w, https:\/\/www.kedali.com\/wp-content\/uploads\/2025\/10\/bathroom-shaped-ceramic-storage-box-4-768x768.webp 768w, https:\/\/www.kedali.com\/wp-content\/uploads\/2025\/10\/bathroom-shaped-ceramic-storage-box-4-600x600.webp 600w, https:\/\/www.kedali.com\/wp-content\/uploads\/2025\/10\/bathroom-shaped-ceramic-storage-box-4-100x100.webp 100w\" sizes=\"(max-width: 800px) 100vw, 800px\" \/><\/figure>\n<\/div>\n\n\n\n<div class=\"wp-block-column is-layout-flow wp-block-column-is-layout-flow\">\n<figure class=\"wp-block-image size-full\"><img decoding=\"async\" width=\"800\" height=\"800\" src=\"https:\/\/www.kedali.com\/wp-content\/uploads\/2025\/10\/bathroom-shaped-ceramic-storage-box-5.webp\" alt=\"bo\u00eete de rangement en c\u00e9ramique en forme de salle de bains (5)\" class=\"wp-image-469\" srcset=\"https:\/\/www.kedali.com\/wp-content\/uploads\/2025\/10\/bathroom-shaped-ceramic-storage-box-5.webp 800w, https:\/\/www.kedali.com\/wp-content\/uploads\/2025\/10\/bathroom-shaped-ceramic-storage-box-5-300x300.webp 300w, https:\/\/www.kedali.com\/wp-content\/uploads\/2025\/10\/bathroom-shaped-ceramic-storage-box-5-150x150.webp 150w, https:\/\/www.kedali.com\/wp-content\/uploads\/2025\/10\/bathroom-shaped-ceramic-storage-box-5-768x768.webp 768w, https:\/\/www.kedali.com\/wp-content\/uploads\/2025\/10\/bathroom-shaped-ceramic-storage-box-5-600x600.webp 600w, https:\/\/www.kedali.com\/wp-content\/uploads\/2025\/10\/bathroom-shaped-ceramic-storage-box-5-100x100.webp 100w\" sizes=\"(max-width: 800px) 100vw, 800px\" \/><\/figure>\n<\/div>\n<\/div>","protected":false},"excerpt":{"rendered":"<p>Ce r\u00e9cipient brevet\u00e9 en c\u00e9ramique en forme de baignoire est un accessoire de salle de bains unique et de haute qualit\u00e9 qui allie style et fonctionnalit\u00e9. Il est parfait pour ranger du savon, des bijoux ou de petits objets essentiels. Contactez-nous pour un devis.<\/p>\n<h2>Sp\u00e9cifications du conteneur de stockage en forme de baignoire<\/h2>\n<table style=\"border-collapse: collapse;width: 689px;height: 247px\" border=\"0\" width=\"447\" cellspacing=\"0\" cellpadding=\"0\">\n<tbody>\n<tr style=\"height: 13.50pt\">\n<td class=\"et2\" style=\"height: 13.50pt;width: 110.25pt\" width=\"147\" height=\"18\">Marque<\/td>\n<td class=\"et2\" style=\"width: 225.00pt\" width=\"300\">KDL<\/td>\n<\/tr>\n<tr style=\"height: 13.50pt\">\n<td class=\"et2\" style=\"height: 13.50pt;width: 110.25pt\" width=\"147\" height=\"18\">Mod\u00e8le<\/td>\n<td class=\"et2\" style=\"width: 225.00pt\" width=\"300\">BDL205-10-K306&amp;K146<\/td>\n<\/tr>\n<tr style=\"height: 13.50pt\">\n<td class=\"et2\" style=\"height: 13.50pt;width: 110.25pt\" width=\"147\" height=\"18\">Couleur<\/td>\n<td class=\"et2\" style=\"width: 225.00pt\" width=\"300\">blanc<\/td>\n<\/tr>\n<tr style=\"height: 13.50pt\">\n<td class=\"et2\" style=\"height: 13.50pt;width: 110.25pt\" width=\"147\" height=\"18\">Mat\u00e9riau<\/td>\n<td class=\"et2\" style=\"width: 225.00pt\" width=\"300\">c\u00e9ramique<\/td>\n<\/tr>\n<tr style=\"height: 13.50pt\">\n<td class=\"et2\" style=\"height: 13.50pt;width: 110.25pt\" width=\"147\" height=\"18\">Application<\/td>\n<td class=\"et2\" style=\"width: 225.00pt\" width=\"300\">rangement dans la salle de bains<\/td>\n<\/tr>\n<tr style=\"height: 14.00pt\">\n<td class=\"et2\" style=\"height: 14.00pt;width: 110.25pt\" width=\"147\" height=\"18\">Dimensions<\/td>\n<td class=\"et2\" style=\"width: 225.00pt\" width=\"300\">24.3*12.7*11cm<\/td>\n<\/tr>\n<tr style=\"height: 14.00pt\">\n<td class=\"et2\" style=\"height: 14.00pt;width: 110.25pt\" width=\"147\" height=\"18\">Poids brut (kg)<\/td>\n<td class=\"et2\" style=\"width: 225.00pt\" width=\"300\">0.58kg\/SET<\/td>\n<\/tr>\n<tr style=\"height: 13.50pt\">\n<td class=\"et2\" style=\"height: 13.50pt;width: 110.25pt\" width=\"147\" height=\"18\">Fonctionnalit\u00e9<\/td>\n<td class=\"et2\" style=\"width: 225.00pt\" width=\"300\">Autocollant<\/td>\n<\/tr>\n<tr style=\"height: 27.00pt\">\n<td class=\"et2\" style=\"height: 27.00pt;width: 110.25pt\" width=\"147\" height=\"36\">Quantit\u00e9 minimale de commande<\/td>\n<td class=\"et2\" style=\"width: 225.00pt\" width=\"300\">800pcs<\/td>\n<\/tr>\n<\/tbody>\n<\/table>","protected":false},"featured_media":465,"comment_status":"closed","ping_status":"closed","template":"","meta":{"_acf_changed":false},"product_brand":[],"product_cat":[17,31],"product_tag":[],"class_list":{"0":"post-464","1":"product","2":"type-product","3":"status-publish","4":"has-post-thumbnail","6":"product_cat-wholesale-ceramic-bathroom-accessories","7":"product_cat-wholesale-ceramic-bath-storage","9":"first","10":"instock","11":"shipping-taxable","12":"product-type-simple"},"acf":[],"_links":{"self":[{"href":"https:\/\/www.kedali.com\/fr\/wp-json\/wp\/v2\/product\/464","targetHints":{"allow":["GET"]}}],"collection":[{"href":"https:\/\/www.kedali.com\/fr\/wp-json\/wp\/v2\/product"}],"about":[{"href":"https:\/\/www.kedali.com\/fr\/wp-json\/wp\/v2\/types\/product"}],"replies":[{"embeddable":true,"href":"https:\/\/www.kedali.com\/fr\/wp-json\/wp\/v2\/comments?post=464"}],"wp:featuredmedia":[{"embeddable":true,"href":"https:\/\/www.kedali.com\/fr\/wp-json\/wp\/v2\/media\/465"}],"wp:attachment":[{"href":"https:\/\/www.kedali.com\/fr\/wp-json\/wp\/v2\/media?parent=464"}],"wp:term":[{"taxonomy":"product_brand","embeddable":true,"href":"https:\/\/www.kedali.com\/fr\/wp-json\/wp\/v2\/product_brand?post=464"},{"taxonomy":"product_cat","embeddable":true,"href":"https:\/\/www.kedali.com\/fr\/wp-json\/wp\/v2\/product_cat?post=464"},{"taxonomy":"product_tag","embeddable":true,"href":"https:\/\/www.kedali.com\/fr\/wp-json\/wp\/v2\/product_tag?post=464"}],"curies":[{"name":"wp","href":"https:\/\/api.w.org\/{rel}","templated":true}]}}