{"id":472,"date":"2025-10-19T06:47:58","date_gmt":"2025-10-19T06:47:58","guid":{"rendered":"https:\/\/www.kedali.com\/?post_type=product&#038;p=472"},"modified":"2026-02-02T08:59:08","modified_gmt":"2026-02-02T08:59:08","slug":"bulk-ceramic-bathroom-accessories","status":"publish","type":"product","link":"https:\/\/www.kedali.com\/fr\/produit\/bulk-ceramic-bathroom-accessories\/","title":{"rendered":"Accessoires de salle de bain en c\u00e9ramique en vrac - Organisateurs de mini-baignoires en c\u00e9ramique"},"content":{"rendered":"<div class=\"wp-block-columns is-layout-flex wp-container-core-columns-is-layout-9d6595d7 wp-block-columns-is-layout-flex\">\n<div class=\"wp-block-column is-layout-flow wp-block-column-is-layout-flow\">\n<h3 class=\"wp-block-heading\">Mini-organisateurs de baignoire en c\u00e9ramique Caract\u00e9ristiques<\/h3>\n\n\n\n<ul class=\"wp-block-list\">\n<li><strong>Forme unique : <\/strong>Il adopte la forme d'une baignoire et peut servir \u00e0 la fois de d\u00e9coration et de rangement.<\/li>\n\n\n\n<li><strong>D\u00e9calcomanies : <\/strong>Le motif adopte le processus de d\u00e9calcomanie et la technologie de cuisson \u00e0 800 degr\u00e9s, qui ne s'estompe pas apr\u00e8s une utilisation prolong\u00e9e et conserve des couleurs vives.<\/li>\n\n\n\n<li><strong>Personnalisation de l'assistance : <\/strong>Nous proposons des prix de gros et des services d'achat en gros, et nous pouvons les personnaliser en fonction des besoins du client, y compris la s\u00e9lection des couleurs et des motifs, afin de r\u00e9pondre aux divers besoins des entreprises et des particuliers.<\/li>\n\n\n\n<li><strong>Taille droite :<\/strong> Le r\u00e9cipient de rangement en c\u00e9ramique pour la salle de bains est suffisamment long pour contenir des brosses ou des serviettes tout en ne prenant pas trop de place, ce qui vous permet de tirer le meilleur parti de votre espace de travail limit\u00e9.<\/li>\n\n\n\n<li><strong>Durable et facile \u00e0 nettoyer : <\/strong>Nos accessoires de salle de bains en gros sont fabriqu\u00e9s \u00e0 partir de mat\u00e9riaux c\u00e9ramiques de haute qualit\u00e9 afin de garantir la r\u00e9sistance aux fissures et \u00e0 l'humidit\u00e9, la facilit\u00e9 de nettoyage et d'entretien, et de les garder aussi brillants que neufs lors d'une utilisation \u00e0 long terme.<\/li>\n<\/ul>\n\n\n\n<h3 class=\"wp-block-heading\">Service sur mesure<\/h3>\n\n\n\n<ul class=\"wp-block-list\">\n<li>Support OEM et ODM<\/li>\n\n\n\n<li>Livraison rapide d'\u00e9chantillons.<\/li>\n\n\n\n<li>Fournir des produits personnalis\u00e9s en termes de forme, de couleur, de motif, d'emballage et d'autres services personnalis\u00e9s.<\/li>\n<\/ul>\n<\/div>\n\n\n\n<div class=\"wp-block-column is-layout-flow wp-block-column-is-layout-flow\">\n<figure class=\"wp-block-image size-full\"><img decoding=\"async\" width=\"750\" height=\"750\" src=\"https:\/\/www.kedali.com\/wp-content\/uploads\/2025\/10\/Ceramic-mini-bathtub-organizer-dimensions.webp\" alt=\"Dimensions de la mini-baignoire en c\u00e9ramique\" class=\"wp-image-473\" srcset=\"https:\/\/www.kedali.com\/wp-content\/uploads\/2025\/10\/Ceramic-mini-bathtub-organizer-dimensions.webp 750w, https:\/\/www.kedali.com\/wp-content\/uploads\/2025\/10\/Ceramic-mini-bathtub-organizer-dimensions-300x300.webp 300w, https:\/\/www.kedali.com\/wp-content\/uploads\/2025\/10\/Ceramic-mini-bathtub-organizer-dimensions-150x150.webp 150w, https:\/\/www.kedali.com\/wp-content\/uploads\/2025\/10\/Ceramic-mini-bathtub-organizer-dimensions-600x600.webp 600w, https:\/\/www.kedali.com\/wp-content\/uploads\/2025\/10\/Ceramic-mini-bathtub-organizer-dimensions-100x100.webp 100w\" sizes=\"(max-width: 750px) 100vw, 750px\" \/><\/figure>\n<\/div>\n<\/div>\n\n\n\n<div class=\"wp-block-columns is-layout-flex wp-container-core-columns-is-layout-9d6595d7 wp-block-columns-is-layout-flex\">\n<div class=\"wp-block-column is-layout-flow wp-block-column-is-layout-flow\">\n<figure class=\"wp-block-image size-full\"><img decoding=\"async\" width=\"750\" height=\"750\" src=\"https:\/\/www.kedali.com\/wp-content\/uploads\/2025\/10\/ceramic-mini-bathtub-organizers-4.webp\" alt=\"organisateurs de mini-baignoires en c\u00e9ramique (4)\" class=\"wp-image-477\" srcset=\"https:\/\/www.kedali.com\/wp-content\/uploads\/2025\/10\/ceramic-mini-bathtub-organizers-4.webp 750w, https:\/\/www.kedali.com\/wp-content\/uploads\/2025\/10\/ceramic-mini-bathtub-organizers-4-300x300.webp 300w, https:\/\/www.kedali.com\/wp-content\/uploads\/2025\/10\/ceramic-mini-bathtub-organizers-4-150x150.webp 150w, https:\/\/www.kedali.com\/wp-content\/uploads\/2025\/10\/ceramic-mini-bathtub-organizers-4-600x600.webp 600w, https:\/\/www.kedali.com\/wp-content\/uploads\/2025\/10\/ceramic-mini-bathtub-organizers-4-100x100.webp 100w\" sizes=\"(max-width: 750px) 100vw, 750px\" \/><\/figure>\n<\/div>\n\n\n\n<div class=\"wp-block-column is-layout-flow wp-block-column-is-layout-flow\">\n<figure class=\"wp-block-image size-full\"><img decoding=\"async\" width=\"750\" height=\"750\" src=\"https:\/\/www.kedali.com\/wp-content\/uploads\/2025\/10\/ceramic-mini-bathtub-organizers-5.webp\" alt=\"organisateurs de mini-baignoires en c\u00e9ramique (5)\" class=\"wp-image-478\" srcset=\"https:\/\/www.kedali.com\/wp-content\/uploads\/2025\/10\/ceramic-mini-bathtub-organizers-5.webp 750w, https:\/\/www.kedali.com\/wp-content\/uploads\/2025\/10\/ceramic-mini-bathtub-organizers-5-300x300.webp 300w, https:\/\/www.kedali.com\/wp-content\/uploads\/2025\/10\/ceramic-mini-bathtub-organizers-5-150x150.webp 150w, https:\/\/www.kedali.com\/wp-content\/uploads\/2025\/10\/ceramic-mini-bathtub-organizers-5-600x600.webp 600w, https:\/\/www.kedali.com\/wp-content\/uploads\/2025\/10\/ceramic-mini-bathtub-organizers-5-100x100.webp 100w\" sizes=\"(max-width: 750px) 100vw, 750px\" \/><\/figure>\n<\/div>\n<\/div>","protected":false},"excerpt":{"rendered":"<p>Accessoires de salle de bain en c\u00e9ramique, cet adorable mini organisateur de baignoire en c\u00e9ramique pr\u00e9sente un attrait unique et \u00e9l\u00e9gant. De taille parfaite, il s'adapte parfaitement \u00e0 votre meuble-lavabo ou au plan de travail de votre salle de bains, et permet de ranger les \u00e9l\u00e9ments essentiels tels que les pinceaux de maquillage, les serviettes roul\u00e9es, le savon ou les outils de beaut\u00e9 - une solution \u00e0 la fois pratique et esth\u00e9tique.<\/p>\n<p>En tant que fabricant professionnel de porcelaine domestique, nous proposons des accessoires de salle de bain en c\u00e9ramique en vrac \u00e0 des prix d'usine et des services OEM et ODM. Contactez-nous pour un devis.<\/p>\n<h2>Sp\u00e9cifications des accessoires de salle de bains en c\u00e9ramique<\/h2>\n<table style=\"border-collapse: collapse;width: 676px;height: 250px\" border=\"0\" width=\"635\" cellspacing=\"0\" cellpadding=\"0\">\n<tbody>\n<tr style=\"height: 13.50pt\">\n<td class=\"et2\" style=\"height: 13.50pt;width: 110.25pt\" width=\"147\" height=\"18\">Marque<\/td>\n<td class=\"et2\" style=\"width: 366.00pt\" width=\"488\">KDL<\/td>\n<\/tr>\n<tr style=\"height: 13.50pt\">\n<td class=\"et2\" style=\"height: 13.50pt;width: 110.25pt\" width=\"147\" height=\"18\">Mod\u00e8le<\/td>\n<td class=\"et2\" style=\"width: 366.00pt\" width=\"488\">BDL205-10-K306&amp;K146<\/td>\n<\/tr>\n<tr style=\"height: 13.50pt\">\n<td class=\"et2\" style=\"height: 13.50pt;width: 110.25pt\" width=\"147\" height=\"18\">Couleur<\/td>\n<td class=\"et2\" style=\"width: 366.00pt\" width=\"488\">blanc<\/td>\n<\/tr>\n<tr style=\"height: 13.50pt\">\n<td class=\"et2\" style=\"height: 13.50pt;width: 110.25pt\" width=\"147\" height=\"18\">Mat\u00e9riau<\/td>\n<td class=\"et2\" style=\"width: 366.00pt\" width=\"488\">c\u00e9ramique<\/td>\n<\/tr>\n<tr style=\"height: 13.50pt\">\n<td class=\"et2\" style=\"height: 13.50pt;width: 110.25pt\" width=\"147\" height=\"18\">Application<\/td>\n<td class=\"et2\" style=\"width: 366.00pt\" width=\"488\">rangement dans la salle de bains<\/td>\n<\/tr>\n<tr style=\"height: 14.00pt\">\n<td class=\"et2\" style=\"height: 14.00pt;width: 110.25pt\" width=\"147\" height=\"18\">Dimensions<\/td>\n<td class=\"et2\" style=\"width: 366.00pt\" width=\"488\">24.3*12.7*11cm<\/td>\n<\/tr>\n<tr style=\"height: 14.00pt\">\n<td class=\"et2\" style=\"height: 14.00pt;width: 110.25pt\" width=\"147\" height=\"18\">Poids brut (kg)<\/td>\n<td class=\"et2\" style=\"width: 366.00pt\" width=\"488\">0.58kg\/SET<\/td>\n<\/tr>\n<tr style=\"height: 13.50pt\">\n<td class=\"et2\" style=\"height: 13.50pt;width: 110.25pt\" width=\"147\" height=\"18\">Fonctionnalit\u00e9<\/td>\n<td class=\"et2\" style=\"width: 366.00pt\" width=\"488\">Autocollant<\/td>\n<\/tr>\n<tr style=\"height: 27.00pt\">\n<td class=\"et2\" style=\"height: 27.00pt;width: 110.25pt\" width=\"147\" height=\"36\">Quantit\u00e9 minimale de commande<\/td>\n<td class=\"et2\" style=\"width: 366.00pt\" width=\"488\">800pcs<\/td>\n<\/tr>\n<\/tbody>\n<\/table>","protected":false},"featured_media":474,"comment_status":"closed","ping_status":"closed","template":"","meta":{"_acf_changed":false},"product_brand":[],"product_cat":[17,31],"product_tag":[],"class_list":{"0":"post-472","1":"product","2":"type-product","3":"status-publish","4":"has-post-thumbnail","6":"product_cat-wholesale-ceramic-bathroom-accessories","7":"product_cat-wholesale-ceramic-bath-storage","9":"first","10":"instock","11":"shipping-taxable","12":"product-type-simple"},"acf":[],"_links":{"self":[{"href":"https:\/\/www.kedali.com\/fr\/wp-json\/wp\/v2\/product\/472","targetHints":{"allow":["GET"]}}],"collection":[{"href":"https:\/\/www.kedali.com\/fr\/wp-json\/wp\/v2\/product"}],"about":[{"href":"https:\/\/www.kedali.com\/fr\/wp-json\/wp\/v2\/types\/product"}],"replies":[{"embeddable":true,"href":"https:\/\/www.kedali.com\/fr\/wp-json\/wp\/v2\/comments?post=472"}],"wp:featuredmedia":[{"embeddable":true,"href":"https:\/\/www.kedali.com\/fr\/wp-json\/wp\/v2\/media\/474"}],"wp:attachment":[{"href":"https:\/\/www.kedali.com\/fr\/wp-json\/wp\/v2\/media?parent=472"}],"wp:term":[{"taxonomy":"product_brand","embeddable":true,"href":"https:\/\/www.kedali.com\/fr\/wp-json\/wp\/v2\/product_brand?post=472"},{"taxonomy":"product_cat","embeddable":true,"href":"https:\/\/www.kedali.com\/fr\/wp-json\/wp\/v2\/product_cat?post=472"},{"taxonomy":"product_tag","embeddable":true,"href":"https:\/\/www.kedali.com\/fr\/wp-json\/wp\/v2\/product_tag?post=472"}],"curies":[{"name":"wp","href":"https:\/\/api.w.org\/{rel}","templated":true}]}}