{"id":479,"date":"2025-10-19T07:30:00","date_gmt":"2025-10-19T07:30:00","guid":{"rendered":"https:\/\/www.kedali.com\/?post_type=product&#038;p=479"},"modified":"2026-01-22T08:55:40","modified_gmt":"2026-01-22T08:55:40","slug":"wholesale-ceramic-toothbrush-holders","status":"publish","type":"product","link":"https:\/\/www.kedali.com\/fr\/produit\/wholesale-ceramic-toothbrush-holders\/","title":{"rendered":"Porte-brosse \u00e0 dents en c\u00e9ramique avec \u00e9tiquette d'identification (gros)"},"content":{"rendered":"<div class=\"wp-block-columns is-layout-flex wp-container-core-columns-is-layout-9d6595d7 wp-block-columns-is-layout-flex\">\n<div class=\"wp-block-column is-layout-flow wp-block-column-is-layout-flow\">\n<h3 class=\"wp-block-heading\">Ceramic Toothbrush Holder Features<\/h3>\n\n\n\n<ul class=\"wp-block-list\">\n<li><strong>Material Advantages: <\/strong>Ceramic offers a smooth, delicate surface that resists water stains. It&#8217;s more durable than plastic and resists mold and discoloration. The glazed finish effectively reduces bacterial growth and is easy to clean; daily maintenance requires only a damp cloth.<\/li>\n\n\n\n<li><strong>Conception sans per\u00e7age : <\/strong>Ceramic toothbrush holders can be placed directly on countertops without damaging walls. They are also durable and suitable for small bathrooms or rentals.<\/li>\n\n\n\n<li><strong>Promotes Hygiene: <\/strong>Unlike communal cups or glasses, these individual ceramic toothbrush holders keep each toothbrush separate and upright. This design allows the toothbrush heads to air dry completely after use.<\/li>\n\n\n\n<li><strong>Family Identification and Customization: <\/strong>Available in a variety of styles with different designs like &#8220;Mom,&#8221; &#8220;Dad,&#8221; &#8220;Girl,&#8221; and &#8220;Boy.&#8221; This makes it easy for every family member, especially children, to find their toothbrush.<\/li>\n\n\n\n<li><strong>Personnalisation possible : <\/strong>We offer wholesale pricing and bulk purchasing services, and can customize them to meet the diverse needs of businesses and individuals, including color and pattern options.<\/li>\n<\/ul>\n\n\n\n<h3 class=\"wp-block-heading\">Service sur mesure<\/h3>\n\n\n\n<ul class=\"wp-block-list\">\n<li>Support OEM et ODM<\/li>\n\n\n\n<li>Livraison rapide d'\u00e9chantillons.<\/li>\n\n\n\n<li>Fournir des produits personnalis\u00e9s en termes de forme, de couleur, de motif, d'emballage et d'autres services personnalis\u00e9s.<\/li>\n<\/ul>\n<\/div>\n\n\n\n<div class=\"wp-block-column is-layout-flow wp-block-column-is-layout-flow\">\n<figure class=\"wp-block-image size-full\"><img decoding=\"async\" width=\"800\" height=\"800\" src=\"https:\/\/www.kedali.com\/wp-content\/uploads\/2025\/10\/Wholesale-Ceramic-Toothbrush-Holder-Dimensions.webp\" alt=\"Wholesale Ceramic Toothbrush Holder Dimensions\" class=\"wp-image-486\" srcset=\"https:\/\/www.kedali.com\/wp-content\/uploads\/2025\/10\/Wholesale-Ceramic-Toothbrush-Holder-Dimensions.webp 800w, https:\/\/www.kedali.com\/wp-content\/uploads\/2025\/10\/Wholesale-Ceramic-Toothbrush-Holder-Dimensions-300x300.webp 300w, https:\/\/www.kedali.com\/wp-content\/uploads\/2025\/10\/Wholesale-Ceramic-Toothbrush-Holder-Dimensions-150x150.webp 150w, https:\/\/www.kedali.com\/wp-content\/uploads\/2025\/10\/Wholesale-Ceramic-Toothbrush-Holder-Dimensions-768x768.webp 768w, https:\/\/www.kedali.com\/wp-content\/uploads\/2025\/10\/Wholesale-Ceramic-Toothbrush-Holder-Dimensions-600x600.webp 600w, https:\/\/www.kedali.com\/wp-content\/uploads\/2025\/10\/Wholesale-Ceramic-Toothbrush-Holder-Dimensions-100x100.webp 100w\" sizes=\"(max-width: 800px) 100vw, 800px\" \/><\/figure>\n<\/div>\n<\/div>\n\n\n\n<div class=\"wp-block-columns is-layout-flex wp-container-core-columns-is-layout-9d6595d7 wp-block-columns-is-layout-flex\">\n<div class=\"wp-block-column is-layout-flow wp-block-column-is-layout-flow\">\n<figure class=\"wp-block-image size-full\"><img decoding=\"async\" width=\"800\" height=\"800\" src=\"https:\/\/www.kedali.com\/wp-content\/uploads\/2025\/10\/Wholesale-Ceramic-Toothbrush-Holder-5.webp\" alt=\"Wholesale Ceramic Toothbrush Holder (5)\" class=\"wp-image-484\" srcset=\"https:\/\/www.kedali.com\/wp-content\/uploads\/2025\/10\/Wholesale-Ceramic-Toothbrush-Holder-5.webp 800w, https:\/\/www.kedali.com\/wp-content\/uploads\/2025\/10\/Wholesale-Ceramic-Toothbrush-Holder-5-300x300.webp 300w, https:\/\/www.kedali.com\/wp-content\/uploads\/2025\/10\/Wholesale-Ceramic-Toothbrush-Holder-5-150x150.webp 150w, https:\/\/www.kedali.com\/wp-content\/uploads\/2025\/10\/Wholesale-Ceramic-Toothbrush-Holder-5-768x768.webp 768w, https:\/\/www.kedali.com\/wp-content\/uploads\/2025\/10\/Wholesale-Ceramic-Toothbrush-Holder-5-600x600.webp 600w, https:\/\/www.kedali.com\/wp-content\/uploads\/2025\/10\/Wholesale-Ceramic-Toothbrush-Holder-5-100x100.webp 100w\" sizes=\"(max-width: 800px) 100vw, 800px\" \/><\/figure>\n<\/div>\n\n\n\n<div class=\"wp-block-column is-layout-flow wp-block-column-is-layout-flow\">\n<figure class=\"wp-block-image size-full\"><img decoding=\"async\" width=\"800\" height=\"800\" src=\"https:\/\/www.kedali.com\/wp-content\/uploads\/2025\/10\/Wholesale-Ceramic-Toothbrush-Holder-6.webp\" alt=\"Wholesale Ceramic Toothbrush Holder (6)\" class=\"wp-image-485\" srcset=\"https:\/\/www.kedali.com\/wp-content\/uploads\/2025\/10\/Wholesale-Ceramic-Toothbrush-Holder-6.webp 800w, https:\/\/www.kedali.com\/wp-content\/uploads\/2025\/10\/Wholesale-Ceramic-Toothbrush-Holder-6-300x300.webp 300w, https:\/\/www.kedali.com\/wp-content\/uploads\/2025\/10\/Wholesale-Ceramic-Toothbrush-Holder-6-150x150.webp 150w, https:\/\/www.kedali.com\/wp-content\/uploads\/2025\/10\/Wholesale-Ceramic-Toothbrush-Holder-6-768x768.webp 768w, https:\/\/www.kedali.com\/wp-content\/uploads\/2025\/10\/Wholesale-Ceramic-Toothbrush-Holder-6-600x600.webp 600w, https:\/\/www.kedali.com\/wp-content\/uploads\/2025\/10\/Wholesale-Ceramic-Toothbrush-Holder-6-100x100.webp 100w\" sizes=\"(max-width: 800px) 100vw, 800px\" \/><\/figure>\n<\/div>\n<\/div>","protected":false},"excerpt":{"rendered":"<p>Wholesale ceramic toothbrush holders. This excellent retail product meets consumers&#8217; growing demand for hygienic, personalized home storage. Its key commercial advantage lies in offering a wide variety of SKUs with clear family categorization (mom, dad, girl, boy, etc.), encouraging customers to purchase the complete set, thereby increasing average transaction value. This product is ideal for homeware retailers and boutique gift shops.<\/p>\n<p>En tant que fournisseur professionnel d'accessoires de salle de bain en c\u00e9ramique, nous proposons des accessoires de salle de bain en c\u00e9ramique en vrac \u00e0 des prix d'usine. Contactez-nous pour des achats en gros.<\/p>\n<h2>Sp\u00e9cifications des porte-brosses \u00e0 dents en c\u00e9ramique en gros<\/h2>\n<table style=\"border-collapse: collapse; width: 701px; height: 250px;\" border=\"0\" width=\"635\" cellspacing=\"0\" cellpadding=\"0\">\n<tbody>\n<tr style=\"height: 13.50pt;\">\n<td class=\"et2\" style=\"height: 13.50pt; width: 110.25pt;\" width=\"147\" height=\"18\">Marque<\/td>\n<td class=\"et2\" style=\"width: 366.00pt;\" width=\"488\">KDL<\/td>\n<\/tr>\n<tr style=\"height: 13.50pt;\">\n<td class=\"et2\" style=\"height: 13.50pt; width: 110.25pt;\" width=\"147\" height=\"18\">Mod\u00e8le<\/td>\n<td class=\"et2\" style=\"width: 366.00pt;\" width=\"488\">BQ534<\/td>\n<\/tr>\n<tr style=\"height: 13.50pt;\">\n<td class=\"et2\" style=\"height: 13.50pt; width: 110.25pt;\" width=\"147\" height=\"18\">Couleur<\/td>\n<td class=\"et2\" style=\"width: 366.00pt;\" width=\"488\">blanc<\/td>\n<\/tr>\n<tr style=\"height: 13.50pt;\">\n<td class=\"et2\" style=\"height: 13.50pt; width: 110.25pt;\" width=\"147\" height=\"18\">Mat\u00e9riau<\/td>\n<td class=\"et2\" style=\"width: 366.00pt;\" width=\"488\">c\u00e9ramique<\/td>\n<\/tr>\n<tr style=\"height: 13.50pt;\">\n<td class=\"et2\" style=\"height: 13.50pt; width: 110.25pt;\" width=\"147\" height=\"18\">Application<\/td>\n<td class=\"et2\" style=\"width: 366.00pt;\" width=\"488\">porte-brosse \u00e0 dents en c\u00e9ramique<\/td>\n<\/tr>\n<tr style=\"height: 14.00pt;\">\n<td class=\"et2\" style=\"height: 14.00pt; width: 110.25pt;\" width=\"147\" height=\"18\">Dimensions<\/td>\n<td class=\"et2\" style=\"width: 366.00pt;\" width=\"488\">5,6*4,6*4,5 0cm<\/td>\n<\/tr>\n<tr style=\"height: 14.00pt;\">\n<td class=\"et2\" style=\"height: 14.00pt; width: 110.25pt;\" width=\"147\" height=\"18\">Poids brut (kg)<\/td>\n<td class=\"et2\" style=\"width: 366.00pt;\" width=\"488\">0,1kg\/SET<\/td>\n<\/tr>\n<tr style=\"height: 13.50pt;\">\n<td class=\"et2\" style=\"height: 13.50pt; width: 110.25pt;\" width=\"147\" height=\"18\">Fonctionnalit\u00e9<\/td>\n<td class=\"et2\" style=\"width: 366.00pt;\" width=\"488\">Autocollant<\/td>\n<\/tr>\n<tr style=\"height: 27.00pt;\">\n<td class=\"et2\" style=\"height: 27.00pt; width: 110.25pt;\" width=\"147\" height=\"36\">Quantit\u00e9 minimale de commande<\/td>\n<td class=\"et2\" style=\"width: 366.00pt;\" width=\"488\">800pcs<\/td>\n<\/tr>\n<\/tbody>\n<\/table>\n<p>&nbsp;<\/p>\n<p><script src=\"chrome-extension:\/\/fpelahbljekknahkcaegamhcndkfpfnc\/iFrame.js\" type=\"text\/javascript\"><\/script><\/p>\n<p><script src=\"chrome-extension:\/\/fpelahbljekknahkcaegamhcndkfpfnc\/iFrame.js\" type=\"text\/javascript\"><\/script><\/p>","protected":false},"featured_media":480,"comment_status":"closed","ping_status":"closed","template":"","meta":{"_acf_changed":false},"product_brand":[],"product_cat":[17,42],"product_tag":[],"class_list":{"0":"post-479","1":"product","2":"type-product","3":"status-publish","4":"has-post-thumbnail","6":"product_cat-wholesale-ceramic-bathroom-accessories","7":"product_cat-wholesale-ceramic-toothbrush-holders","9":"first","10":"instock","11":"shipping-taxable","12":"product-type-simple"},"acf":[],"_links":{"self":[{"href":"https:\/\/www.kedali.com\/fr\/wp-json\/wp\/v2\/product\/479","targetHints":{"allow":["GET"]}}],"collection":[{"href":"https:\/\/www.kedali.com\/fr\/wp-json\/wp\/v2\/product"}],"about":[{"href":"https:\/\/www.kedali.com\/fr\/wp-json\/wp\/v2\/types\/product"}],"replies":[{"embeddable":true,"href":"https:\/\/www.kedali.com\/fr\/wp-json\/wp\/v2\/comments?post=479"}],"wp:featuredmedia":[{"embeddable":true,"href":"https:\/\/www.kedali.com\/fr\/wp-json\/wp\/v2\/media\/480"}],"wp:attachment":[{"href":"https:\/\/www.kedali.com\/fr\/wp-json\/wp\/v2\/media?parent=479"}],"wp:term":[{"taxonomy":"product_brand","embeddable":true,"href":"https:\/\/www.kedali.com\/fr\/wp-json\/wp\/v2\/product_brand?post=479"},{"taxonomy":"product_cat","embeddable":true,"href":"https:\/\/www.kedali.com\/fr\/wp-json\/wp\/v2\/product_cat?post=479"},{"taxonomy":"product_tag","embeddable":true,"href":"https:\/\/www.kedali.com\/fr\/wp-json\/wp\/v2\/product_tag?post=479"}],"curies":[{"name":"wp","href":"https:\/\/api.w.org\/{rel}","templated":true}]}}