{"id":488,"date":"2025-10-21T07:52:08","date_gmt":"2025-10-21T07:52:08","guid":{"rendered":"https:\/\/www.kedali.com\/?post_type=product&#038;p=488"},"modified":"2026-01-08T06:19:59","modified_gmt":"2026-01-08T06:19:59","slug":"wholesale-6-piece-luxury-ceramic-bathroom-accessories-set","status":"publish","type":"product","link":"https:\/\/www.kedali.com\/fr\/produit\/wholesale-6-piece-luxury-ceramic-bathroom-accessories-set\/","title":{"rendered":"Ensemble d'accessoires de salle de bain de luxe en c\u00e9ramique (6 pi\u00e8ces) avec distributeur, gobelet, pot et porte-savon"},"content":{"rendered":"<div class=\"wp-block-columns is-layout-flex wp-container-core-columns-is-layout-9d6595d7 wp-block-columns-is-layout-flex\">\n<div class=\"wp-block-column is-layout-flow wp-block-column-is-layout-flow\">\n<h3 class=\"wp-block-heading\">Ensemble d'accessoires de salle de bains en c\u00e9ramique Caract\u00e9ristiques<\/h3>\n\n\n\n<ul class=\"wp-block-list\">\n<li><strong>Esth\u00e9tique \u00e9l\u00e9gante : <\/strong>Cette collection d'accessoires de salle de bains en c\u00e9ramique cr\u00e9e un look unifi\u00e9 et haut de gamme dans n'importe quelle salle de bains, cr\u00e9ant une esth\u00e9tique fran\u00e7aise luxueuse ou classique moderne.<\/li>\n\n\n\n<li><strong>Vari\u00e9t\u00e9 de styles : <\/strong>La collection comprend de nombreux styles, chacun avec une riche s\u00e9lection d'accessoires de salle de bains, offrant une valeur per\u00e7ue \u00e9lev\u00e9e au consommateur final, ce qui en fait un article de vente au d\u00e9tail attrayant dans les magasins d'articles m\u00e9nagers, les boutiques de cadeaux et les grands magasins.<\/li>\n\n\n\n<li><strong>Durabilit\u00e9 : <\/strong>La grande duret\u00e9 de la c\u00e9ramique et sa r\u00e9sistance \u00e0 l'usure lui permettent de r\u00e9sister aux rayures et aux dommages caus\u00e9s par l'utilisation quotidienne. Elle conserve une surface lisse au fil du temps, ce qui r\u00e9duit le risque d'apparition de bact\u00e9ries sur les surfaces rugueuses.<\/li>\n\n\n\n<li><strong>Facile \u00e0 nettoyer et \u00e0 entretenir : <\/strong>La surface de la c\u00e9ramique r\u00e9siste aux taches, ce qui facilite et acc\u00e9l\u00e8re le nettoyage quotidien et garantit une propret\u00e9 et une beaut\u00e9 durables.<\/li>\n\n\n\n<li><strong>Forte stabilit\u00e9 :<\/strong> La densit\u00e9 \u00e9lev\u00e9e du mat\u00e9riau le rend tr\u00e8s r\u00e9sistant \u00e0 la d\u00e9formation et aux dommages caus\u00e9s par l'humidit\u00e9 et la pression, ce qui lui assure une longue dur\u00e9e de vie.<\/li>\n<\/ul>\n\n\n\n<h3 class=\"wp-block-heading\">Service sur mesure<\/h3>\n\n\n\n<ul class=\"wp-block-list\">\n<li>Support OEM et ODM<\/li>\n\n\n\n<li>Livraison rapide d'\u00e9chantillons.<\/li>\n\n\n\n<li>Fournir des produits personnalis\u00e9s en termes de forme, de couleur, de motif, d'emballage et d'autres services personnalis\u00e9s.<\/li>\n<\/ul>\n<\/div>\n\n\n\n<div class=\"wp-block-column is-layout-flow wp-block-column-is-layout-flow\">\n<figure class=\"wp-block-image size-full\"><img decoding=\"async\" width=\"790\" height=\"790\" src=\"https:\/\/www.kedali.com\/wp-content\/uploads\/2025\/10\/wholesale-ceramic-bathroom-accessories-sets-1.webp\" alt=\"accessoires de salle de bain en c\u00e9ramique en gros (1)\" class=\"wp-image-489\" srcset=\"https:\/\/www.kedali.com\/wp-content\/uploads\/2025\/10\/wholesale-ceramic-bathroom-accessories-sets-1.webp 790w, https:\/\/www.kedali.com\/wp-content\/uploads\/2025\/10\/wholesale-ceramic-bathroom-accessories-sets-1-300x300.webp 300w, https:\/\/www.kedali.com\/wp-content\/uploads\/2025\/10\/wholesale-ceramic-bathroom-accessories-sets-1-150x150.webp 150w, https:\/\/www.kedali.com\/wp-content\/uploads\/2025\/10\/wholesale-ceramic-bathroom-accessories-sets-1-768x768.webp 768w, https:\/\/www.kedali.com\/wp-content\/uploads\/2025\/10\/wholesale-ceramic-bathroom-accessories-sets-1-600x600.webp 600w, https:\/\/www.kedali.com\/wp-content\/uploads\/2025\/10\/wholesale-ceramic-bathroom-accessories-sets-1-100x100.webp 100w\" sizes=\"(max-width: 790px) 100vw, 790px\" \/><\/figure>\n<\/div>\n<\/div>\n\n\n\n<div class=\"wp-block-columns is-layout-flex wp-container-core-columns-is-layout-9d6595d7 wp-block-columns-is-layout-flex\">\n<div class=\"wp-block-column is-layout-flow wp-block-column-is-layout-flow\">\n<figure class=\"wp-block-image size-full\"><img decoding=\"async\" width=\"750\" height=\"750\" src=\"https:\/\/www.kedali.com\/wp-content\/uploads\/2025\/10\/wholesale-ceramic-bathroom-accessories-sets-6.webp\" alt=\"accessoires de salle de bain en c\u00e9ramique en gros (6)\" class=\"wp-image-494\" srcset=\"https:\/\/www.kedali.com\/wp-content\/uploads\/2025\/10\/wholesale-ceramic-bathroom-accessories-sets-6.webp 750w, https:\/\/www.kedali.com\/wp-content\/uploads\/2025\/10\/wholesale-ceramic-bathroom-accessories-sets-6-300x300.webp 300w, https:\/\/www.kedali.com\/wp-content\/uploads\/2025\/10\/wholesale-ceramic-bathroom-accessories-sets-6-150x150.webp 150w, https:\/\/www.kedali.com\/wp-content\/uploads\/2025\/10\/wholesale-ceramic-bathroom-accessories-sets-6-600x600.webp 600w, https:\/\/www.kedali.com\/wp-content\/uploads\/2025\/10\/wholesale-ceramic-bathroom-accessories-sets-6-100x100.webp 100w\" sizes=\"(max-width: 750px) 100vw, 750px\" \/><\/figure>\n<\/div>\n\n\n\n<div class=\"wp-block-column is-layout-flow wp-block-column-is-layout-flow\">\n<figure class=\"wp-block-image size-full\"><img decoding=\"async\" width=\"790\" height=\"790\" src=\"https:\/\/www.kedali.com\/wp-content\/uploads\/2025\/10\/wholesale-ceramic-bathroom-accessories-sets-8.webp\" alt=\"Accessoires de salle de bain en c\u00e9ramique (8)\" class=\"wp-image-496\" srcset=\"https:\/\/www.kedali.com\/wp-content\/uploads\/2025\/10\/wholesale-ceramic-bathroom-accessories-sets-8.webp 790w, https:\/\/www.kedali.com\/wp-content\/uploads\/2025\/10\/wholesale-ceramic-bathroom-accessories-sets-8-300x300.webp 300w, https:\/\/www.kedali.com\/wp-content\/uploads\/2025\/10\/wholesale-ceramic-bathroom-accessories-sets-8-150x150.webp 150w, https:\/\/www.kedali.com\/wp-content\/uploads\/2025\/10\/wholesale-ceramic-bathroom-accessories-sets-8-768x768.webp 768w, https:\/\/www.kedali.com\/wp-content\/uploads\/2025\/10\/wholesale-ceramic-bathroom-accessories-sets-8-600x600.webp 600w, https:\/\/www.kedali.com\/wp-content\/uploads\/2025\/10\/wholesale-ceramic-bathroom-accessories-sets-8-100x100.webp 100w\" sizes=\"(max-width: 790px) 100vw, 790px\" \/><\/figure>\n<\/div>\n<\/div>","protected":false},"excerpt":{"rendered":"<p>Ensemble d'accessoires de salle de bains de luxe en c\u00e9ramique, alliant beaut\u00e9 et praticit\u00e9. Comprend un distributeur de savon liquide avec une \u00e9l\u00e9gante pompe chrom\u00e9e, un porte-brosse \u00e0 dents, un gobelet de rin\u00e7age, un porte-savon, un r\u00e9cipient avec couvercle pour ranger les cotons-tiges ou les boules, et un porte-brosse pour les toilettes. Contactez-nous pour les prix de gros.<\/p>\n<h2>Sp\u00e9cifications de l'ensemble d'accessoires de salle de bains en c\u00e9ramique<\/h2>\n<table style=\"height: 348px;\" width=\"702\">\n<tbody>\n<tr>\n<td style=\"text-align: center;\" width=\"147\">Marque<\/td>\n<td style=\"text-align: center;\" width=\"488\">KDL<\/td>\n<\/tr>\n<tr>\n<td style=\"text-align: center;\" width=\"147\">Mod\u00e8le<\/td>\n<td style=\"text-align: center;\" width=\"488\">BQ537-K738<\/td>\n<\/tr>\n<tr>\n<td width=\"147\">Couleur<\/td>\n<td width=\"488\">blanc<\/td>\n<\/tr>\n<tr>\n<td width=\"147\">Mat\u00e9riau<\/td>\n<td width=\"488\">c\u00e9ramique<\/td>\n<\/tr>\n<tr>\n<td width=\"147\">Application<\/td>\n<td width=\"488\">ensemble d'accessoires de salle de bain<\/td>\n<\/tr>\n<tr>\n<td style=\"text-align: center;\" width=\"147\">Dimensions<\/td>\n<td style=\"text-align: center;\" width=\"488\">Distributeur:7*7*21.5cm ; Culbuteur:7*7*11.5cm ; Porte-brosse \u00e0 dents:11.3*6.6*12cm ; Porte-savon:14.6*10*3cm ; Porte-brosse \u00e0 dents:10*10*13cm ; Pot:10*10*16cm ;<\/td>\n<\/tr>\n<tr>\n<td width=\"147\">Poids brut (kg)<\/td>\n<td width=\"488\">4kg\/set<\/td>\n<\/tr>\n<tr>\n<td width=\"147\">Fonctionnalit\u00e9<\/td>\n<td width=\"488\">plaque \u00e9lectrolytique<\/td>\n<\/tr>\n<tr>\n<td style=\"text-align: center;\" width=\"147\">Quantit\u00e9 minimale de commande<\/td>\n<td style=\"text-align: center;\" width=\"488\">800sets<\/td>\n<\/tr>\n<\/tbody>\n<\/table>\n<p>&nbsp;<\/p>\n<p><script src=\"chrome-extension:\/\/fpelahbljekknahkcaegamhcndkfpfnc\/iFrame.js\" type=\"text\/javascript\"><\/script><\/p>","protected":false},"featured_media":489,"comment_status":"closed","ping_status":"closed","template":"","meta":{"_acf_changed":false},"product_brand":[],"product_cat":[17,32],"product_tag":[],"class_list":{"0":"post-488","1":"product","2":"type-product","3":"status-publish","4":"has-post-thumbnail","6":"product_cat-wholesale-ceramic-bathroom-accessories","7":"product_cat-wholesale-ceramic-bath-accessories-sets","9":"first","10":"instock","11":"shipping-taxable","12":"product-type-simple"},"acf":[],"_links":{"self":[{"href":"https:\/\/www.kedali.com\/fr\/wp-json\/wp\/v2\/product\/488","targetHints":{"allow":["GET"]}}],"collection":[{"href":"https:\/\/www.kedali.com\/fr\/wp-json\/wp\/v2\/product"}],"about":[{"href":"https:\/\/www.kedali.com\/fr\/wp-json\/wp\/v2\/types\/product"}],"replies":[{"embeddable":true,"href":"https:\/\/www.kedali.com\/fr\/wp-json\/wp\/v2\/comments?post=488"}],"wp:featuredmedia":[{"embeddable":true,"href":"https:\/\/www.kedali.com\/fr\/wp-json\/wp\/v2\/media\/489"}],"wp:attachment":[{"href":"https:\/\/www.kedali.com\/fr\/wp-json\/wp\/v2\/media?parent=488"}],"wp:term":[{"taxonomy":"product_brand","embeddable":true,"href":"https:\/\/www.kedali.com\/fr\/wp-json\/wp\/v2\/product_brand?post=488"},{"taxonomy":"product_cat","embeddable":true,"href":"https:\/\/www.kedali.com\/fr\/wp-json\/wp\/v2\/product_cat?post=488"},{"taxonomy":"product_tag","embeddable":true,"href":"https:\/\/www.kedali.com\/fr\/wp-json\/wp\/v2\/product_tag?post=488"}],"curies":[{"name":"wp","href":"https:\/\/api.w.org\/{rel}","templated":true}]}}