{"id":501,"date":"2025-10-21T11:04:28","date_gmt":"2025-10-21T11:04:28","guid":{"rendered":"https:\/\/www.kedali.com\/?post_type=product&#038;p=501"},"modified":"2025-11-13T06:10:30","modified_gmt":"2025-11-13T06:10:30","slug":"4-piece-ceramic-bathroom-accessories-set-wholesale","status":"publish","type":"product","link":"https:\/\/www.kedali.com\/fr\/produit\/4-piece-ceramic-bathroom-accessories-set-wholesale\/","title":{"rendered":"Factory Price Ceramic Bathroom Accessories Set 4 Piece with Embossed Lettering (Ensemble d'accessoires de salle de bain en c\u00e9ramique avec lettres en relief)"},"content":{"rendered":"<div class=\"wp-block-columns is-layout-flex wp-container-core-columns-is-layout-9d6595d7 wp-block-columns-is-layout-flex\">\n<div class=\"wp-block-column is-layout-flow wp-block-column-is-layout-flow\">\n<h3 class=\"wp-block-heading\">Ensemble d'accessoires de salle de bain en c\u00e9ramique Caract\u00e9ristiques<\/h3>\n\n\n\n<ul class=\"wp-block-list\">\n<li><strong>Conception cr\u00e9ative :<\/strong> Le design unique des pots Mason incarne une esth\u00e9tique moderne et classique.<\/li>\n\n\n\n<li><strong>Conception fonctionnelle : <\/strong>Chaque pi\u00e8ce de l'ensemble a \u00e9t\u00e9 con\u00e7ue dans un souci de fonctionnalit\u00e9, afin de r\u00e9pondre \u00e0 un besoin sp\u00e9cifique tout en se fondant harmonieusement dans le d\u00e9cor de votre salle de bains.<\/li>\n\n\n\n<li><strong>Polyvalent : <\/strong>L'ensemble d'accessoires de salle de bains comprend un distributeur de savon, un porte-brosse \u00e0 dents, un verre\/jarre et un porte-savon, r\u00e9pondant ainsi aux besoins essentiels du comptoir de la salle de bains.<\/li>\n\n\n\n<li><strong>Vari\u00e9t\u00e9 de couleurs : <\/strong>L'ensemble est disponible dans une vari\u00e9t\u00e9 de couleurs \u00e9l\u00e9gantes et vibrantes, dont le blanc, le gris, le beige\/taupe et le bleu clair\/vert menthe. Cette gamme de couleurs permet aux pi\u00e8ces de s'int\u00e9grer parfaitement \u00e0 tous les styles de salle de bains.<\/li>\n\n\n\n<li><strong>Durable : <\/strong>La c\u00e9ramique durable est tr\u00e8s r\u00e9sistante \u00e0 la chaleur et aux chocs, ce qui la rend incassable et durable pour un usage quotidien.<\/li>\n\n\n\n<li><strong>Facile \u00e0 nettoyer :<\/strong> Maintenir l'hygi\u00e8ne de la salle de bains est facile avec notre ensemble d'accessoires en c\u00e9ramique. Il suffit de passer un chiffon humide pour obtenir une finition propre et fra\u00eeche, jour apr\u00e8s jour.<\/li>\n<\/ul>\n\n\n\n<h3 class=\"wp-block-heading\">Service sur mesure<\/h3>\n\n\n\n<ul class=\"wp-block-list\">\n<li>Support OEM et ODM<\/li>\n\n\n\n<li>Livraison rapide d'\u00e9chantillons.<\/li>\n\n\n\n<li>Fournir des produits personnalis\u00e9s en termes de forme, de couleur, de motif, d'emballage et d'autres services personnalis\u00e9s.<\/li>\n<\/ul>\n<\/div>\n\n\n\n<div class=\"wp-block-column is-layout-flow wp-block-column-is-layout-flow\">\n<figure class=\"wp-block-image size-full\"><img decoding=\"async\" width=\"750\" height=\"750\" src=\"https:\/\/www.kedali.com\/wp-content\/uploads\/2025\/10\/4-piece-ceramic-bathroom-accessories-set-6.webp\" alt=\"Ensemble d&#039;accessoires de salle de bain 4 pi\u00e8ces en c\u00e9ramique (6)\" class=\"wp-image-507\" srcset=\"https:\/\/www.kedali.com\/wp-content\/uploads\/2025\/10\/4-piece-ceramic-bathroom-accessories-set-6.webp 750w, https:\/\/www.kedali.com\/wp-content\/uploads\/2025\/10\/4-piece-ceramic-bathroom-accessories-set-6-300x300.webp 300w, https:\/\/www.kedali.com\/wp-content\/uploads\/2025\/10\/4-piece-ceramic-bathroom-accessories-set-6-150x150.webp 150w, https:\/\/www.kedali.com\/wp-content\/uploads\/2025\/10\/4-piece-ceramic-bathroom-accessories-set-6-600x600.webp 600w, https:\/\/www.kedali.com\/wp-content\/uploads\/2025\/10\/4-piece-ceramic-bathroom-accessories-set-6-100x100.webp 100w\" sizes=\"(max-width: 750px) 100vw, 750px\" \/><\/figure>\n<\/div>\n<\/div>\n\n\n\n<div class=\"wp-block-columns is-layout-flex wp-container-core-columns-is-layout-9d6595d7 wp-block-columns-is-layout-flex\">\n<div class=\"wp-block-column is-layout-flow wp-block-column-is-layout-flow\">\n<figure class=\"wp-block-image size-full\"><img decoding=\"async\" width=\"750\" height=\"750\" src=\"https:\/\/www.kedali.com\/wp-content\/uploads\/2025\/10\/4-piece-ceramic-bathroom-accessories-set-4.webp\" alt=\"Ensemble d&#039;accessoires de salle de bain 4 pi\u00e8ces en c\u00e9ramique (4)\" class=\"wp-image-505\" srcset=\"https:\/\/www.kedali.com\/wp-content\/uploads\/2025\/10\/4-piece-ceramic-bathroom-accessories-set-4.webp 750w, https:\/\/www.kedali.com\/wp-content\/uploads\/2025\/10\/4-piece-ceramic-bathroom-accessories-set-4-300x300.webp 300w, https:\/\/www.kedali.com\/wp-content\/uploads\/2025\/10\/4-piece-ceramic-bathroom-accessories-set-4-150x150.webp 150w, https:\/\/www.kedali.com\/wp-content\/uploads\/2025\/10\/4-piece-ceramic-bathroom-accessories-set-4-600x600.webp 600w, https:\/\/www.kedali.com\/wp-content\/uploads\/2025\/10\/4-piece-ceramic-bathroom-accessories-set-4-100x100.webp 100w\" sizes=\"(max-width: 750px) 100vw, 750px\" \/><\/figure>\n<\/div>\n\n\n\n<div class=\"wp-block-column is-layout-flow wp-block-column-is-layout-flow\">\n<figure class=\"wp-block-image size-full\"><img decoding=\"async\" width=\"750\" height=\"750\" src=\"https:\/\/www.kedali.com\/wp-content\/uploads\/2025\/10\/4-piece-ceramic-bathroom-accessories-set-5.webp\" alt=\"Ensemble d&#039;accessoires de salle de bain 4 pi\u00e8ces en c\u00e9ramique (5)\" class=\"wp-image-506\" srcset=\"https:\/\/www.kedali.com\/wp-content\/uploads\/2025\/10\/4-piece-ceramic-bathroom-accessories-set-5.webp 750w, https:\/\/www.kedali.com\/wp-content\/uploads\/2025\/10\/4-piece-ceramic-bathroom-accessories-set-5-300x300.webp 300w, https:\/\/www.kedali.com\/wp-content\/uploads\/2025\/10\/4-piece-ceramic-bathroom-accessories-set-5-150x150.webp 150w, https:\/\/www.kedali.com\/wp-content\/uploads\/2025\/10\/4-piece-ceramic-bathroom-accessories-set-5-600x600.webp 600w, https:\/\/www.kedali.com\/wp-content\/uploads\/2025\/10\/4-piece-ceramic-bathroom-accessories-set-5-100x100.webp 100w\" sizes=\"(max-width: 750px) 100vw, 750px\" \/><\/figure>\n<\/div>\n<\/div>","protected":false},"excerpt":{"rendered":"<p style=\"text-align: left;\">Vente en gros d'accessoires de salle de bains en pot Mason en c\u00e9ramique. Chaque ensemble comprend un distributeur de savon liquide avec une pompe en acier inoxydable, un porte-brosse \u00e0 dents ouvert, un gobelet de rin\u00e7age et un porte-savon astucieusement con\u00e7u, r\u00e9pondant \u00e0 tous les besoins de la salle de bains. Disponible dans une vari\u00e9t\u00e9 de couleurs pour s'adapter \u00e0 tous les styles de salle de bains. La quantit\u00e9 minimale de commande est de 800 ensembles. Les d\u00e9taillants, grossistes et importateurs sont invit\u00e9s \u00e0 nous contacter.<\/p>\n<h2 style=\"text-align: left;\">Sp\u00e9cifications de l'ensemble d'accessoires de salle de bains 4 pi\u00e8ces en c\u00e9ramique<\/h2>\n<table class=\"alignleft\" width=\"635\">\n<tbody>\n<tr>\n<td width=\"147\">Marque<\/td>\n<td width=\"488\">KDL<\/td>\n<\/tr>\n<tr>\n<td width=\"147\">Mod\u00e8le<\/td>\n<td width=\"488\">DBS266-K466<\/td>\n<\/tr>\n<tr>\n<td width=\"147\">Nom<\/td>\n<td width=\"488\">Ensemble d'accessoires de salle de bain en c\u00e9ramique<\/td>\n<\/tr>\n<tr>\n<td width=\"147\">Couleur<\/td>\n<td width=\"488\">blanc<\/td>\n<\/tr>\n<tr>\n<td width=\"147\">Mat\u00e9riau<\/td>\n<td width=\"488\">c\u00e9ramique<\/td>\n<\/tr>\n<tr>\n<td width=\"147\">Application<\/td>\n<td width=\"488\">salle de bain\u00a0<\/td>\n<\/tr>\n<tr>\n<td width=\"147\">Dimensions<\/td>\n<td width=\"488\">Distributeur:7.7*7.7*18.5cm ; gobelet:7.7*7.7*12cm Porte-brosse \u00e0 dents:7.7*7.7*12cm ; porte-savon:13.2*8*1.7cm ;<\/td>\n<\/tr>\n<tr>\n<td width=\"147\">Poids brut (kg)<\/td>\n<td width=\"488\">2kg\/set<\/td>\n<\/tr>\n<tr>\n<td width=\"147\">Fonctionnalit\u00e9<\/td>\n<td width=\"488\">Sculpt\u00e9<\/td>\n<\/tr>\n<tr>\n<td width=\"147\">Quantit\u00e9 minimale de commande<\/td>\n<td width=\"488\">800sets<\/td>\n<\/tr>\n<\/tbody>\n<\/table>\n<p style=\"text-align: left;\">\u00a0<\/p>\n<p style=\"text-align: left;\">\u00a0<\/p>","protected":false},"featured_media":502,"comment_status":"closed","ping_status":"closed","template":"","meta":{"_acf_changed":false},"product_brand":[],"product_cat":[17,32],"product_tag":[],"class_list":{"0":"post-501","1":"product","2":"type-product","3":"status-publish","4":"has-post-thumbnail","6":"product_cat-wholesale-ceramic-bathroom-accessories","7":"product_cat-wholesale-ceramic-bath-accessories-sets","9":"first","10":"instock","11":"shipping-taxable","12":"product-type-simple"},"acf":[],"_links":{"self":[{"href":"https:\/\/www.kedali.com\/fr\/wp-json\/wp\/v2\/product\/501","targetHints":{"allow":["GET"]}}],"collection":[{"href":"https:\/\/www.kedali.com\/fr\/wp-json\/wp\/v2\/product"}],"about":[{"href":"https:\/\/www.kedali.com\/fr\/wp-json\/wp\/v2\/types\/product"}],"replies":[{"embeddable":true,"href":"https:\/\/www.kedali.com\/fr\/wp-json\/wp\/v2\/comments?post=501"}],"wp:featuredmedia":[{"embeddable":true,"href":"https:\/\/www.kedali.com\/fr\/wp-json\/wp\/v2\/media\/502"}],"wp:attachment":[{"href":"https:\/\/www.kedali.com\/fr\/wp-json\/wp\/v2\/media?parent=501"}],"wp:term":[{"taxonomy":"product_brand","embeddable":true,"href":"https:\/\/www.kedali.com\/fr\/wp-json\/wp\/v2\/product_brand?post=501"},{"taxonomy":"product_cat","embeddable":true,"href":"https:\/\/www.kedali.com\/fr\/wp-json\/wp\/v2\/product_cat?post=501"},{"taxonomy":"product_tag","embeddable":true,"href":"https:\/\/www.kedali.com\/fr\/wp-json\/wp\/v2\/product_tag?post=501"}],"curies":[{"name":"wp","href":"https:\/\/api.w.org\/{rel}","templated":true}]}}