{"id":513,"date":"2025-10-19T09:10:59","date_gmt":"2025-10-19T09:10:59","guid":{"rendered":"https:\/\/www.kedali.com\/?post_type=product&#038;p=513"},"modified":"2025-11-13T03:47:45","modified_gmt":"2025-11-13T03:47:45","slug":"wholesale-ceramic-7-piece-bathroom-set-multiple-colors-for-retailers-and-importers","status":"publish","type":"product","link":"https:\/\/www.kedali.com\/fr\/produit\/wholesale-ceramic-7-piece-bathroom-set-multiple-colors-for-retailers-and-importers\/","title":{"rendered":"Wholesale Ceramic 7-Piece Bathroom Set - Multiple Colors for Retailers and Importers"},"content":{"rendered":"<div class=\"wp-block-columns is-layout-flex wp-container-core-columns-is-layout-9d6595d7 wp-block-columns-is-layout-flex\">\n<div class=\"wp-block-column is-layout-flow wp-block-column-is-layout-flow\">\n<h3 class=\"wp-block-heading\">Ensemble de salle de bain 7 pi\u00e8ces en c\u00e9ramique Caract\u00e9ristiques<\/h3>\n\n\n\n<ul class=\"wp-block-list\">\n<li><strong>Construction en c\u00e9ramique de premi\u00e8re qualit\u00e9 :<\/strong> Chaque pi\u00e8ce de l'ensemble est m\u00e9ticuleusement fabriqu\u00e9e en c\u00e9ramique de haute qualit\u00e9, ce qui garantit sa durabilit\u00e9 et sa long\u00e9vit\u00e9. La finition lisse et \u00e9maill\u00e9e ajoute une touche de sophistication au d\u00e9cor de votre salle de bains.<\/li>\n\n\n\n<li><strong>Ensemble complet :<\/strong> Cet ensemble complet comprend tous les accessoires de salle de bains essentiels pour rationaliser votre routine quotidienne. Du distributeur de savon \u00e9l\u00e9gant au porte-brosse \u00e0 dents et plus encore, Kedali a tout pr\u00e9vu.<\/li>\n\n\n\n<li><strong>Options de couleurs vari\u00e9es et tendance : <\/strong>La collection offre une vari\u00e9t\u00e9 de finitions mates et glac\u00e9es \u00e9l\u00e9gantes, notamment le blanc classique, le taupe sophistiqu\u00e9, le noir saisissant et le vert sauge doux tant recherch\u00e9.<\/li>\n\n\n\n<li><strong>Protection de l'environnement et de la sant\u00e9 : <\/strong>Les c\u00e9ramiques en gr\u00e8s utilisent des mati\u00e8res premi\u00e8res naturelles pendant le processus de cuisson, sans r\u00e9sidus m\u00e9talliques nocifs, s\u00fbres et non toxiques, ce qui est conforme \u00e0 la philosophie de protection de l'environnement et de vie saine des gens d'aujourd'hui.<\/li>\n\n\n\n<li><strong>Prix de gros : <\/strong>En tant que fabricant d'accessoires de salle de bain en Chine, nous proposons aux importateurs et aux d\u00e9taillants des prix tr\u00e8s comp\u00e9titifs pour nos ensembles d'accessoires de salle de bain en gros.<\/li>\n<\/ul>\n\n\n\n<h3 class=\"wp-block-heading\">Service sur mesure<\/h3>\n\n\n\n<ul class=\"wp-block-list\">\n<li>Support OEM et ODM<\/li>\n\n\n\n<li>Livraison rapide d'\u00e9chantillons.<\/li>\n\n\n\n<li>Fournir des produits personnalis\u00e9s en termes de forme, de couleur, de motif, d'emballage et d'autres services personnalis\u00e9s.<\/li>\n<\/ul>\n<\/div>\n\n\n\n<div class=\"wp-block-column is-layout-flow wp-block-column-is-layout-flow\">\n<figure class=\"wp-block-image size-full\"><img decoding=\"async\" width=\"800\" height=\"800\" src=\"https:\/\/www.kedali.com\/wp-content\/uploads\/2025\/10\/wholesale-7-Piece-ceramic-Bathroom-Set-9.webp\" alt=\"Ensemble de salle de bain en c\u00e9ramique 7 pi\u00e8ces de wholesale (9)\" class=\"wp-image-522\" srcset=\"https:\/\/www.kedali.com\/wp-content\/uploads\/2025\/10\/wholesale-7-Piece-ceramic-Bathroom-Set-9.webp 800w, https:\/\/www.kedali.com\/wp-content\/uploads\/2025\/10\/wholesale-7-Piece-ceramic-Bathroom-Set-9-300x300.webp 300w, https:\/\/www.kedali.com\/wp-content\/uploads\/2025\/10\/wholesale-7-Piece-ceramic-Bathroom-Set-9-150x150.webp 150w, https:\/\/www.kedali.com\/wp-content\/uploads\/2025\/10\/wholesale-7-Piece-ceramic-Bathroom-Set-9-768x768.webp 768w, https:\/\/www.kedali.com\/wp-content\/uploads\/2025\/10\/wholesale-7-Piece-ceramic-Bathroom-Set-9-600x600.webp 600w, https:\/\/www.kedali.com\/wp-content\/uploads\/2025\/10\/wholesale-7-Piece-ceramic-Bathroom-Set-9-100x100.webp 100w\" sizes=\"(max-width: 800px) 100vw, 800px\" \/><\/figure>\n<\/div>\n<\/div>\n\n\n\n<div class=\"wp-block-columns is-layout-flex wp-container-core-columns-is-layout-9d6595d7 wp-block-columns-is-layout-flex\">\n<div class=\"wp-block-column is-layout-flow wp-block-column-is-layout-flow\">\n<figure class=\"wp-block-image size-full\"><img decoding=\"async\" width=\"800\" height=\"800\" src=\"https:\/\/www.kedali.com\/wp-content\/uploads\/2025\/10\/wholesale-7-Piece-ceramic-Bathroom-Set-7.webp\" alt=\"Wholesale Ensemble de salle de bain en c\u00e9ramique 7 pi\u00e8ces (7)\" class=\"wp-image-520\" srcset=\"https:\/\/www.kedali.com\/wp-content\/uploads\/2025\/10\/wholesale-7-Piece-ceramic-Bathroom-Set-7.webp 800w, https:\/\/www.kedali.com\/wp-content\/uploads\/2025\/10\/wholesale-7-Piece-ceramic-Bathroom-Set-7-300x300.webp 300w, https:\/\/www.kedali.com\/wp-content\/uploads\/2025\/10\/wholesale-7-Piece-ceramic-Bathroom-Set-7-150x150.webp 150w, https:\/\/www.kedali.com\/wp-content\/uploads\/2025\/10\/wholesale-7-Piece-ceramic-Bathroom-Set-7-768x768.webp 768w, https:\/\/www.kedali.com\/wp-content\/uploads\/2025\/10\/wholesale-7-Piece-ceramic-Bathroom-Set-7-600x600.webp 600w, https:\/\/www.kedali.com\/wp-content\/uploads\/2025\/10\/wholesale-7-Piece-ceramic-Bathroom-Set-7-100x100.webp 100w\" sizes=\"(max-width: 800px) 100vw, 800px\" \/><\/figure>\n<\/div>\n\n\n\n<div class=\"wp-block-column is-layout-flow wp-block-column-is-layout-flow\">\n<figure class=\"wp-block-image size-full\"><img decoding=\"async\" width=\"800\" height=\"800\" src=\"https:\/\/www.kedali.com\/wp-content\/uploads\/2025\/10\/wholesale-7-Piece-ceramic-Bathroom-Set-8.webp\" alt=\"Ensemble de salle de bain en c\u00e9ramique 7 pi\u00e8ces de Wholesale (8)\" class=\"wp-image-521\" srcset=\"https:\/\/www.kedali.com\/wp-content\/uploads\/2025\/10\/wholesale-7-Piece-ceramic-Bathroom-Set-8.webp 800w, https:\/\/www.kedali.com\/wp-content\/uploads\/2025\/10\/wholesale-7-Piece-ceramic-Bathroom-Set-8-300x300.webp 300w, https:\/\/www.kedali.com\/wp-content\/uploads\/2025\/10\/wholesale-7-Piece-ceramic-Bathroom-Set-8-150x150.webp 150w, https:\/\/www.kedali.com\/wp-content\/uploads\/2025\/10\/wholesale-7-Piece-ceramic-Bathroom-Set-8-768x768.webp 768w, https:\/\/www.kedali.com\/wp-content\/uploads\/2025\/10\/wholesale-7-Piece-ceramic-Bathroom-Set-8-600x600.webp 600w, https:\/\/www.kedali.com\/wp-content\/uploads\/2025\/10\/wholesale-7-Piece-ceramic-Bathroom-Set-8-100x100.webp 100w\" sizes=\"(max-width: 800px) 100vw, 800px\" \/><\/figure>\n<\/div>\n<\/div>","protected":false},"excerpt":{"rendered":"<p>Ensemble d'accessoires de salle de bains 7 pi\u00e8ces en gros. Cette collection en c\u00e9ramique durable pr\u00e9sente des couleurs attrayantes et modernes comme le vert sauge, le blanc et le noir, parfaites pour tout style de salle de bains. Chaque pi\u00e8ce est fabriqu\u00e9e en c\u00e9ramique \u00e9paisse et robuste pour une meilleure stabilit\u00e9 et durabilit\u00e9, et est r\u00e9sistante \u00e0 l'humidit\u00e9 et \u00e0 la rouille, garantissant des ann\u00e9es de beaut\u00e9 et de praticit\u00e9. Contactez-nous pour un devis.<\/p>\n<h2>Sp\u00e9cifications de l'ensemble de salle de bain 7 pi\u00e8ces en c\u00e9ramique\u00a0<\/h2>\n<table width=\"635\">\n<tbody>\n<tr>\n<td width=\"147\">Marque<\/td>\n<td width=\"488\">KDL<\/td>\n<\/tr>\n<tr>\n<td width=\"147\">Mod\u00e8le<\/td>\n<td width=\"488\">BS415-F055<\/td>\n<\/tr>\n<tr>\n<td width=\"147\">Nom<\/td>\n<td width=\"488\">Ensemble d'accessoires de salle de bain en c\u00e9ramique<\/td>\n<\/tr>\n<tr>\n<td width=\"147\">Couleur<\/td>\n<td width=\"488\">blanc<\/td>\n<\/tr>\n<tr>\n<td width=\"147\">Mat\u00e9riau<\/td>\n<td width=\"488\">c\u00e9ramique<\/td>\n<\/tr>\n<tr>\n<td width=\"147\">Application<\/td>\n<td width=\"488\">salle de bain\u00a0<\/td>\n<\/tr>\n<tr>\n<td rowspan=\"7\" width=\"147\">Dimensions<\/td>\n<td width=\"488\">Dispenser:6.8*6.8*19cm\u00a0\u00a0\u00a0\u00a0\u00a0\u00a0\u00a0\u00a0\u00a0\u00a0\u00a0\u00a0\u00a0\u00a0\u00a0\u00a0\u00a0\u00a0\u00a0\u00a0\u00a0\u00a0\u00a0\u00a0\u00a0\u00a0\u00a0\u00a0\u00a0\u00a0\u00a0\u00a0\u00a0\u00a0\u00a0\u00a0\u00a0\u00a0\u00a0\u00a0\u00a0\u00a0\u00a0\u00a0<\/td>\n<\/tr>\n<tr>\n<td width=\"488\">Gobelet : 6.8*6.8*10cm\u00a0\u00a0<\/td>\n<\/tr>\n<tr>\n<td width=\"488\">Toothbrush holder:6.8*6.8*11.3cm<\/td>\n<\/tr>\n<tr>\n<td width=\"488\">Porte-savon : 13.5*9.8*3cm\u00a0<\/td>\n<\/tr>\n<tr>\n<td width=\"488\">Porte-savon en forme de tube:14.2*7.7*7.7cm\u00a0\u00a0<\/td>\n<\/tr>\n<tr>\n<td width=\"488\">Forme du tube : 17,5*8,8*9,3cm\u00a0\u00a0\u00a0<\/td>\n<\/tr>\n<tr>\n<td width=\"488\">Grand bac de rangement:23*11.8*12.8cm<\/td>\n<\/tr>\n<tr>\n<td width=\"147\">Poids brut (kg)<\/td>\n<td width=\"488\">4kg\/set<\/td>\n<\/tr>\n<tr>\n<td width=\"147\">Fonctionnalit\u00e9<\/td>\n<td width=\"488\">Sculpt\u00e9<\/td>\n<\/tr>\n<tr>\n<td width=\"147\">Quantit\u00e9 minimale de commande<\/td>\n<td width=\"488\">800sets<\/td>\n<\/tr>\n<\/tbody>\n<\/table>\n<p><script src=\"chrome-extension:\/\/fpelahbljekknahkcaegamhcndkfpfnc\/iFrame.js\" type=\"text\/javascript\"><\/script><\/p>","protected":false},"featured_media":514,"comment_status":"closed","ping_status":"closed","template":"","meta":{"_acf_changed":false},"product_brand":[],"product_cat":[17,32],"product_tag":[],"class_list":{"0":"post-513","1":"product","2":"type-product","3":"status-publish","4":"has-post-thumbnail","6":"product_cat-wholesale-ceramic-bathroom-accessories","7":"product_cat-wholesale-ceramic-bath-accessories-sets","9":"first","10":"instock","11":"shipping-taxable","12":"product-type-simple"},"acf":[],"_links":{"self":[{"href":"https:\/\/www.kedali.com\/fr\/wp-json\/wp\/v2\/product\/513","targetHints":{"allow":["GET"]}}],"collection":[{"href":"https:\/\/www.kedali.com\/fr\/wp-json\/wp\/v2\/product"}],"about":[{"href":"https:\/\/www.kedali.com\/fr\/wp-json\/wp\/v2\/types\/product"}],"replies":[{"embeddable":true,"href":"https:\/\/www.kedali.com\/fr\/wp-json\/wp\/v2\/comments?post=513"}],"wp:featuredmedia":[{"embeddable":true,"href":"https:\/\/www.kedali.com\/fr\/wp-json\/wp\/v2\/media\/514"}],"wp:attachment":[{"href":"https:\/\/www.kedali.com\/fr\/wp-json\/wp\/v2\/media?parent=513"}],"wp:term":[{"taxonomy":"product_brand","embeddable":true,"href":"https:\/\/www.kedali.com\/fr\/wp-json\/wp\/v2\/product_brand?post=513"},{"taxonomy":"product_cat","embeddable":true,"href":"https:\/\/www.kedali.com\/fr\/wp-json\/wp\/v2\/product_cat?post=513"},{"taxonomy":"product_tag","embeddable":true,"href":"https:\/\/www.kedali.com\/fr\/wp-json\/wp\/v2\/product_tag?post=513"}],"curies":[{"name":"wp","href":"https:\/\/api.w.org\/{rel}","templated":true}]}}