{"id":617,"date":"2025-10-20T09:11:34","date_gmt":"2025-10-20T09:11:34","guid":{"rendered":"https:\/\/www.kedali.com\/?post_type=product&#038;p=617"},"modified":"2025-11-13T03:51:45","modified_gmt":"2025-11-13T03:51:45","slug":"wholesale-exquisite-ceramic-tea-sets","status":"publish","type":"product","link":"https:\/\/www.kedali.com\/fr\/produit\/wholesale-exquisite-ceramic-tea-sets\/","title":{"rendered":"Wholesale Exquisite Ceramic Tea Sets - Luxueux service \u00e0 th\u00e9 en c\u00e9ramique rose arc-en-ciel\/bleu clair"},"content":{"rendered":"<div class=\"wp-block-columns is-layout-flex wp-container-core-columns-is-layout-9d6595d7 wp-block-columns-is-layout-flex\">\n<div class=\"wp-block-column is-layout-flow wp-block-column-is-layout-flow\">\n<h3 class=\"wp-block-heading\">Caract\u00e9ristiques du service \u00e0 th\u00e9 en c\u00e9ramique<\/h3>\n\n\n\n<ul class=\"wp-block-list\">\n<li><strong>Ensemble complet :<\/strong> comprend tous les \u00e9l\u00e9ments essentiels d'un service \u00e0 th\u00e9 traditionnel : th\u00e9i\u00e8re, sucrier, bo\u00eete \u00e0 th\u00e9 et tasses \u00e0 th\u00e9 avec soucoupes, ce qui en fait un achat complet et attrayant.<\/li>\n\n\n\n<li><strong>Tr\u00e8s esth\u00e9tique et attrayant sur le plan artistique :<\/strong> La surface de la gla\u00e7ure perl\u00e9e pr\u00e9sente une douce texture nacr\u00e9e, associ\u00e9e \u00e0 une teinte rose, cr\u00e9ant un effet visuel \u00e9l\u00e9gant et luxueux. Cette technique d'\u00e9maillage cr\u00e9e un doux effet de d\u00e9grad\u00e9, parfait pour ceux qui recherchent l'esth\u00e9tique et le sens du rituel dans leur vie quotidienne.<\/li>\n\n\n\n<li><strong>Cuisson \u00e0 haute temp\u00e9rature : <\/strong>La texture de la c\u00e9ramique est dure, la gla\u00e7ure est lisse et d\u00e9licate, elle est durable et ne s'use pas facilement.<\/li>\n\n\n\n<li><strong>Bonne exp\u00e9rience utilisateur : <\/strong>Les commentaires des utilisateurs indiquent que les services \u00e0 th\u00e9 en \u00e9mail perl\u00e9 de haute qualit\u00e9 offrent une sensation confortable, un \u00e9coulement fluide de l'eau et une excellente r\u00e9tention de l'eau, am\u00e9liorant ainsi l'exp\u00e9rience de la consommation de th\u00e9.<\/li>\n\n\n\n<li><strong>Valeur \u00e9motionnelle et valeur de don : <\/strong>Les services \u00e0 th\u00e9 en c\u00e9ramique rose sont souvent choisis comme cadeaux. Leur teinte chaude et romantique en fait un cadeau id\u00e9al pour les amis et la famille, ainsi qu'un cadeau de mariage.<\/li>\n<\/ul>\n\n\n\n<h3 class=\"wp-block-heading\">Service sur mesure<\/h3>\n\n\n\n<ul class=\"wp-block-list\">\n<li>Support OEM et ODM<\/li>\n\n\n\n<li>Livraison rapide d'\u00e9chantillons.<\/li>\n\n\n\n<li>Fournir des produits personnalis\u00e9s en termes de forme, de couleur, de motif, d'emballage et d'autres services personnalis\u00e9s.<\/li>\n<\/ul>\n<\/div>\n\n\n\n<div class=\"wp-block-column is-layout-flow wp-block-column-is-layout-flow\">\n<figure class=\"wp-block-image size-full\"><img decoding=\"async\" width=\"790\" height=\"790\" src=\"https:\/\/www.kedali.com\/wp-content\/uploads\/2025\/10\/wholesale-ceramic-tea-sets-8.webp\" alt=\"Services \u00e0 th\u00e9 en c\u00e9ramique en gros (8)\" class=\"wp-image-625\" srcset=\"https:\/\/www.kedali.com\/wp-content\/uploads\/2025\/10\/wholesale-ceramic-tea-sets-8.webp 790w, https:\/\/www.kedali.com\/wp-content\/uploads\/2025\/10\/wholesale-ceramic-tea-sets-8-300x300.webp 300w, https:\/\/www.kedali.com\/wp-content\/uploads\/2025\/10\/wholesale-ceramic-tea-sets-8-150x150.webp 150w, https:\/\/www.kedali.com\/wp-content\/uploads\/2025\/10\/wholesale-ceramic-tea-sets-8-768x768.webp 768w, https:\/\/www.kedali.com\/wp-content\/uploads\/2025\/10\/wholesale-ceramic-tea-sets-8-600x600.webp 600w, https:\/\/www.kedali.com\/wp-content\/uploads\/2025\/10\/wholesale-ceramic-tea-sets-8-100x100.webp 100w\" sizes=\"(max-width: 790px) 100vw, 790px\" \/><\/figure>\n<\/div>\n<\/div>\n\n\n\n<div class=\"wp-block-columns is-layout-flex wp-container-core-columns-is-layout-9d6595d7 wp-block-columns-is-layout-flex\">\n<div class=\"wp-block-column is-layout-flow wp-block-column-is-layout-flow\">\n<figure class=\"wp-block-image size-full\"><img decoding=\"async\" width=\"790\" height=\"790\" src=\"https:\/\/www.kedali.com\/wp-content\/uploads\/2025\/10\/wholesale-ceramic-tea-sets-1.webp\" alt=\"services \u00e0 th\u00e9 en c\u00e9ramique en gros (1)\" class=\"wp-image-619\" srcset=\"https:\/\/www.kedali.com\/wp-content\/uploads\/2025\/10\/wholesale-ceramic-tea-sets-1.webp 790w, https:\/\/www.kedali.com\/wp-content\/uploads\/2025\/10\/wholesale-ceramic-tea-sets-1-300x300.webp 300w, https:\/\/www.kedali.com\/wp-content\/uploads\/2025\/10\/wholesale-ceramic-tea-sets-1-150x150.webp 150w, https:\/\/www.kedali.com\/wp-content\/uploads\/2025\/10\/wholesale-ceramic-tea-sets-1-768x768.webp 768w, https:\/\/www.kedali.com\/wp-content\/uploads\/2025\/10\/wholesale-ceramic-tea-sets-1-600x600.webp 600w, https:\/\/www.kedali.com\/wp-content\/uploads\/2025\/10\/wholesale-ceramic-tea-sets-1-100x100.webp 100w\" sizes=\"(max-width: 790px) 100vw, 790px\" \/><\/figure>\n<\/div>\n\n\n\n<div class=\"wp-block-column is-layout-flow wp-block-column-is-layout-flow\">\n<figure class=\"wp-block-image size-full\"><img decoding=\"async\" width=\"790\" height=\"790\" src=\"https:\/\/www.kedali.com\/wp-content\/uploads\/2025\/10\/wholesale-ceramic-tea-sets-7.webp\" alt=\"Services \u00e0 th\u00e9 en c\u00e9ramique en gros (7)\" class=\"wp-image-624\" srcset=\"https:\/\/www.kedali.com\/wp-content\/uploads\/2025\/10\/wholesale-ceramic-tea-sets-7.webp 790w, https:\/\/www.kedali.com\/wp-content\/uploads\/2025\/10\/wholesale-ceramic-tea-sets-7-300x300.webp 300w, https:\/\/www.kedali.com\/wp-content\/uploads\/2025\/10\/wholesale-ceramic-tea-sets-7-150x150.webp 150w, https:\/\/www.kedali.com\/wp-content\/uploads\/2025\/10\/wholesale-ceramic-tea-sets-7-768x768.webp 768w, https:\/\/www.kedali.com\/wp-content\/uploads\/2025\/10\/wholesale-ceramic-tea-sets-7-600x600.webp 600w, https:\/\/www.kedali.com\/wp-content\/uploads\/2025\/10\/wholesale-ceramic-tea-sets-7-100x100.webp 100w\" sizes=\"(max-width: 790px) 100vw, 790px\" \/><\/figure>\n<\/div>\n<\/div>","protected":false},"excerpt":{"rendered":"<p>Nos services \u00e0 th\u00e9 exquis en gros en c\u00e9ramique, disponibles dans les luxueux coloris rose arc-en-ciel et bleu clair, rehausseront votre exp\u00e9rience de d\u00e9gustation de th\u00e9. Alliant sophistication et praticit\u00e9 au quotidien, ces services \u00e0 th\u00e9 sont parfaits pour la vente au d\u00e9tail, les caf\u00e9s ou les cadeaux. Nous proposons des quantit\u00e9s en vrac \u00e0 des prix d'usine et prenons en charge les commandes OEM et ODM. Les importateurs et les d\u00e9taillants sont invit\u00e9s \u00e0 nous contacter pour obtenir un devis.<\/p>\n<h2>Sp\u00e9cifications des services \u00e0 th\u00e9 en c\u00e9ramique exquis<\/h2>\n<table width=\"481\">\n<tbody>\n<tr>\n<td width=\"191\">Marque<\/td>\n<td width=\"290\">KDL<\/td>\n<\/tr>\n<tr>\n<td width=\"191\">Mod\u00e8le<\/td>\n<td width=\"290\">TBS375<\/td>\n<\/tr>\n<tr>\n<td width=\"191\">Couleur<\/td>\n<td width=\"290\">Rose et bleu<\/td>\n<\/tr>\n<tr>\n<td width=\"191\">Mat\u00e9riau<\/td>\n<td width=\"290\">C\u00e9ramique<\/td>\n<\/tr>\n<tr>\n<td width=\"191\">Application<\/td>\n<td width=\"290\">Service \u00e0 th\u00e9<\/td>\n<\/tr>\n<tr>\n<td rowspan=\"5\" width=\"191\">Dimensions<\/td>\n<td width=\"290\">Th\u00e9i\u00e8re : 20*13*17cm<\/td>\n<\/tr>\n<tr>\n<td width=\"290\">Pot \u00e0 sucre:9*9*10.5cm\u00a0<\/td>\n<\/tr>\n<tr>\n<td width=\"290\">Pot \u00e0 lait : 11.2*9*9cm\u00a0<\/td>\n<\/tr>\n<tr>\n<td width=\"290\">Coupe : 12,3*9,8*6,6cm<\/td>\n<\/tr>\n<tr>\n<td width=\"290\">Saucer:15.5*15.5*2.3cm<\/td>\n<\/tr>\n<tr>\n<td width=\"191\">Poids brut (kg)<\/td>\n<td width=\"290\">0,5kg\/SET<\/td>\n<\/tr>\n<tr>\n<td width=\"191\">Fonctionnalit\u00e9<\/td>\n<td width=\"290\">Couleur glac\u00e9e<\/td>\n<\/tr>\n<tr>\n<td width=\"191\">Quantit\u00e9 minimale de commande<\/td>\n<td width=\"290\">800 jeux<\/td>\n<\/tr>\n<\/tbody>\n<\/table>","protected":false},"featured_media":619,"comment_status":"closed","ping_status":"closed","template":"","meta":{"_acf_changed":false},"product_brand":[],"product_cat":[21],"product_tag":[],"class_list":{"0":"post-617","1":"product","2":"type-product","3":"status-publish","4":"has-post-thumbnail","6":"product_cat-wholesale-ceramic-mugs-and-cups","8":"first","9":"instock","10":"shipping-taxable","11":"product-type-simple"},"acf":[],"_links":{"self":[{"href":"https:\/\/www.kedali.com\/fr\/wp-json\/wp\/v2\/product\/617","targetHints":{"allow":["GET"]}}],"collection":[{"href":"https:\/\/www.kedali.com\/fr\/wp-json\/wp\/v2\/product"}],"about":[{"href":"https:\/\/www.kedali.com\/fr\/wp-json\/wp\/v2\/types\/product"}],"replies":[{"embeddable":true,"href":"https:\/\/www.kedali.com\/fr\/wp-json\/wp\/v2\/comments?post=617"}],"wp:featuredmedia":[{"embeddable":true,"href":"https:\/\/www.kedali.com\/fr\/wp-json\/wp\/v2\/media\/619"}],"wp:attachment":[{"href":"https:\/\/www.kedali.com\/fr\/wp-json\/wp\/v2\/media?parent=617"}],"wp:term":[{"taxonomy":"product_brand","embeddable":true,"href":"https:\/\/www.kedali.com\/fr\/wp-json\/wp\/v2\/product_brand?post=617"},{"taxonomy":"product_cat","embeddable":true,"href":"https:\/\/www.kedali.com\/fr\/wp-json\/wp\/v2\/product_cat?post=617"},{"taxonomy":"product_tag","embeddable":true,"href":"https:\/\/www.kedali.com\/fr\/wp-json\/wp\/v2\/product_tag?post=617"}],"curies":[{"name":"wp","href":"https:\/\/api.w.org\/{rel}","templated":true}]}}