{"id":652,"date":"2025-10-21T06:41:14","date_gmt":"2025-10-21T06:41:14","guid":{"rendered":"https:\/\/www.kedali.com\/?post_type=product&#038;p=652"},"modified":"2026-02-19T06:07:37","modified_gmt":"2026-02-19T06:07:37","slug":"wholesale-ceramic-tea-set-4-piece","status":"publish","type":"product","link":"https:\/\/www.kedali.com\/fr\/produit\/wholesale-ceramic-tea-set-4-piece\/","title":{"rendered":"Service \u00e0 th\u00e9 en c\u00e9ramique - Support \u00e0 dessert \u00e0 deux niveaux et support \u00e0 tasses inclus"},"content":{"rendered":"<div class=\"wp-block-columns is-layout-flex wp-container-core-columns-is-layout-9d6595d7 wp-block-columns-is-layout-flex\">\n<div class=\"wp-block-column is-layout-flow wp-block-column-is-layout-flow\">\n<h3 class=\"wp-block-heading\">Caract\u00e9ristiques du service \u00e0 th\u00e9 en c\u00e9ramique<\/h3>\n\n\n\n<ul class=\"wp-block-list\">\n<li><strong>Conception cr\u00e9ative : <\/strong>L'\u00e9l\u00e9ment central du design est une \u201cmontgolfi\u00e8re\u201d. La th\u00e9i\u00e8re et les tasses \u00e0 th\u00e9 adoptent cette forme unique, cr\u00e9ant ainsi un look tr\u00e8s reconnaissable et m\u00e9morable.<\/li>\n\n\n\n<li><strong>Mat\u00e9riaux s\u00fbrs : <\/strong>Fabriqu\u00e9 \u00e0 partir de kaolin ou d'argile porcelaine de haute qualit\u00e9, le frittage \u00e0 haute densit\u00e9 permet d'obtenir une surface lisse et exempte de particules. L'\u00e9mail de qualit\u00e9 alimentaire r\u00e9siste \u00e0 la lib\u00e9ration de m\u00e9taux lourds au fil du temps.<\/li>\n\n\n\n<li><strong>Un savoir-faire exquis : <\/strong>Ce service \u00e0 th\u00e9 haut de gamme utilise une technique de cuisson lente \u00e0 haute temp\u00e9rature pour augmenter la densit\u00e9 de l'objet, r\u00e9duire l'absorption d'eau et offrir une r\u00e9sistance sup\u00e9rieure aux chocs.<\/li>\n\n\n\n<li><strong>Facile \u00e0 nettoyer :<\/strong> Ce service \u00e0 th\u00e9 en c\u00e9ramique est facile \u00e0 utiliser et \u00e0 nettoyer. Il suffit d'un simple nettoyage pour qu'il retrouve son \u00e9clat d'origine.<\/li>\n<\/ul>\n\n\n\n<h3 class=\"wp-block-heading\">Service sur mesure<\/h3>\n\n\n\n<ul class=\"wp-block-list\">\n<li>Support OEM et ODM<\/li>\n\n\n\n<li>Livraison rapide d'\u00e9chantillons.<\/li>\n\n\n\n<li>Fournir des produits personnalis\u00e9s en termes de forme, de couleur, de motif, d'emballage et d'autres services personnalis\u00e9s.<\/li>\n<\/ul>\n<\/div>\n\n\n\n<div class=\"wp-block-column is-layout-flow wp-block-column-is-layout-flow\">\n<figure class=\"wp-block-image size-full\"><img decoding=\"async\" width=\"800\" height=\"800\" src=\"https:\/\/www.kedali.com\/wp-content\/uploads\/2025\/10\/ceramic-tea-set-dimensions-1.webp\" alt=\"dimensions du service \u00e0 th\u00e9 en c\u00e9ramique\" class=\"wp-image-657\" srcset=\"https:\/\/www.kedali.com\/wp-content\/uploads\/2025\/10\/ceramic-tea-set-dimensions-1.webp 800w, https:\/\/www.kedali.com\/wp-content\/uploads\/2025\/10\/ceramic-tea-set-dimensions-1-300x300.webp 300w, https:\/\/www.kedali.com\/wp-content\/uploads\/2025\/10\/ceramic-tea-set-dimensions-1-150x150.webp 150w, https:\/\/www.kedali.com\/wp-content\/uploads\/2025\/10\/ceramic-tea-set-dimensions-1-768x768.webp 768w, https:\/\/www.kedali.com\/wp-content\/uploads\/2025\/10\/ceramic-tea-set-dimensions-1-600x600.webp 600w, https:\/\/www.kedali.com\/wp-content\/uploads\/2025\/10\/ceramic-tea-set-dimensions-1-100x100.webp 100w\" sizes=\"(max-width: 800px) 100vw, 800px\" \/><\/figure>\n<\/div>\n<\/div>\n\n\n\n<div class=\"wp-block-columns is-layout-flex wp-container-core-columns-is-layout-9d6595d7 wp-block-columns-is-layout-flex\">\n<div class=\"wp-block-column is-layout-flow wp-block-column-is-layout-flow\">\n<figure class=\"wp-block-image size-full\"><img decoding=\"async\" width=\"800\" height=\"800\" src=\"https:\/\/www.kedali.com\/wp-content\/uploads\/2025\/10\/wholesale-ceramic-tea-set-3.webp\" alt=\"service \u00e0 th\u00e9 en c\u00e9ramique en gros (3)\" class=\"wp-image-660\" srcset=\"https:\/\/www.kedali.com\/wp-content\/uploads\/2025\/10\/wholesale-ceramic-tea-set-3.webp 800w, https:\/\/www.kedali.com\/wp-content\/uploads\/2025\/10\/wholesale-ceramic-tea-set-3-300x300.webp 300w, https:\/\/www.kedali.com\/wp-content\/uploads\/2025\/10\/wholesale-ceramic-tea-set-3-150x150.webp 150w, https:\/\/www.kedali.com\/wp-content\/uploads\/2025\/10\/wholesale-ceramic-tea-set-3-768x768.webp 768w, https:\/\/www.kedali.com\/wp-content\/uploads\/2025\/10\/wholesale-ceramic-tea-set-3-600x600.webp 600w, https:\/\/www.kedali.com\/wp-content\/uploads\/2025\/10\/wholesale-ceramic-tea-set-3-100x100.webp 100w\" sizes=\"(max-width: 800px) 100vw, 800px\" \/><\/figure>\n<\/div>\n\n\n\n<div class=\"wp-block-column is-layout-flow wp-block-column-is-layout-flow\">\n<figure class=\"wp-block-image size-full\"><img decoding=\"async\" width=\"800\" height=\"800\" src=\"https:\/\/www.kedali.com\/wp-content\/uploads\/2025\/10\/wholesale-ceramic-tea-set-4.webp\" alt=\"service \u00e0 th\u00e9 en c\u00e9ramique en gros (4)\" class=\"wp-image-661\" srcset=\"https:\/\/www.kedali.com\/wp-content\/uploads\/2025\/10\/wholesale-ceramic-tea-set-4.webp 800w, https:\/\/www.kedali.com\/wp-content\/uploads\/2025\/10\/wholesale-ceramic-tea-set-4-300x300.webp 300w, https:\/\/www.kedali.com\/wp-content\/uploads\/2025\/10\/wholesale-ceramic-tea-set-4-150x150.webp 150w, https:\/\/www.kedali.com\/wp-content\/uploads\/2025\/10\/wholesale-ceramic-tea-set-4-768x768.webp 768w, https:\/\/www.kedali.com\/wp-content\/uploads\/2025\/10\/wholesale-ceramic-tea-set-4-600x600.webp 600w, https:\/\/www.kedali.com\/wp-content\/uploads\/2025\/10\/wholesale-ceramic-tea-set-4-100x100.webp 100w\" sizes=\"(max-width: 800px) 100vw, 800px\" \/><\/figure>\n<\/div>\n<\/div>","protected":false},"excerpt":{"rendered":"<p>Service \u00e0 th\u00e9 en gros. Ce charmant service \u00e0 th\u00e9 en c\u00e9ramique pour montgolfi\u00e8re allie parfaitement fantaisie et opulence, et ne manquera pas d'agr\u00e9menter votre th\u00e9 de l'apr\u00e8s-midi. Contactez-nous pour un devis en gros.<\/p>\n<h2>Sp\u00e9cifications du service \u00e0 th\u00e9 en c\u00e9ramique style montgolfi\u00e8re<\/h2>\n<table style=\"height: 443px;\" width=\"438\">\n<tbody>\n<tr>\n<td width=\"107\">Marque<\/td>\n<td width=\"337\">KDL<\/td>\n<\/tr>\n<tr>\n<td width=\"107\">Mod\u00e8le<\/td>\n<td width=\"337\">TDQ241-A197<\/td>\n<\/tr>\n<tr>\n<td width=\"107\">Couleur<\/td>\n<td width=\"337\">Blanc et rouge<\/td>\n<\/tr>\n<tr>\n<td width=\"107\">Mat\u00e9riau<\/td>\n<td width=\"337\">C\u00e9ramique<\/td>\n<\/tr>\n<tr>\n<td width=\"107\">Application<\/td>\n<td width=\"337\">Service \u00e0 th\u00e9 en c\u00e9ramique<\/td>\n<\/tr>\n<tr>\n<td width=\"107\">Dimensions<\/td>\n<td width=\"337\">Th\u00e9i\u00e8re : 24.5*13*21.8cm<br \/>Pot \u00e0 lait : 12*8*10 0cm<br \/>Coupe : 11*7.8*9.2cm<br \/>Soucoupe:14*14*2cm<br \/>Plaque \u00e0 deux couches : 25.5*25.5*24cm<\/td>\n<\/tr>\n<tr>\n<td width=\"107\">Poids brut (kg)<\/td>\n<td width=\"337\">5kg<\/td>\n<\/tr>\n<tr>\n<td width=\"107\">Fonctionnalit\u00e9<\/td>\n<td width=\"337\">Couleur glac\u00e9e<\/td>\n<\/tr>\n<tr>\n<td width=\"107\">Quantit\u00e9 minimale de commande<\/td>\n<td width=\"337\">800 jeux<\/td>\n<\/tr>\n<\/tbody>\n<\/table>","protected":false},"featured_media":658,"comment_status":"closed","ping_status":"closed","template":"","meta":{"_acf_changed":false},"product_brand":[],"product_cat":[29,53,21],"product_tag":[],"class_list":{"0":"post-652","1":"product","2":"type-product","3":"status-publish","4":"has-post-thumbnail","6":"product_cat-wholesale-ceramic-tea-sets","7":"product_cat-wholesale-coffee-and-tea-sets","8":"product_cat-wholesale-ceramic-mugs-and-cups","10":"first","11":"instock","12":"shipping-taxable","13":"product-type-simple"},"acf":[],"_links":{"self":[{"href":"https:\/\/www.kedali.com\/fr\/wp-json\/wp\/v2\/product\/652","targetHints":{"allow":["GET"]}}],"collection":[{"href":"https:\/\/www.kedali.com\/fr\/wp-json\/wp\/v2\/product"}],"about":[{"href":"https:\/\/www.kedali.com\/fr\/wp-json\/wp\/v2\/types\/product"}],"replies":[{"embeddable":true,"href":"https:\/\/www.kedali.com\/fr\/wp-json\/wp\/v2\/comments?post=652"}],"wp:featuredmedia":[{"embeddable":true,"href":"https:\/\/www.kedali.com\/fr\/wp-json\/wp\/v2\/media\/658"}],"wp:attachment":[{"href":"https:\/\/www.kedali.com\/fr\/wp-json\/wp\/v2\/media?parent=652"}],"wp:term":[{"taxonomy":"product_brand","embeddable":true,"href":"https:\/\/www.kedali.com\/fr\/wp-json\/wp\/v2\/product_brand?post=652"},{"taxonomy":"product_cat","embeddable":true,"href":"https:\/\/www.kedali.com\/fr\/wp-json\/wp\/v2\/product_cat?post=652"},{"taxonomy":"product_tag","embeddable":true,"href":"https:\/\/www.kedali.com\/fr\/wp-json\/wp\/v2\/product_tag?post=652"}],"curies":[{"name":"wp","href":"https:\/\/api.w.org\/{rel}","templated":true}]}}