{"id":666,"date":"2025-10-21T09:05:42","date_gmt":"2025-10-21T09:05:42","guid":{"rendered":"https:\/\/www.kedali.com\/?post_type=product&#038;p=666"},"modified":"2026-02-19T06:07:27","modified_gmt":"2026-02-19T06:07:27","slug":"wholesale-elegant-embossed-ceramic-tea-set","status":"publish","type":"product","link":"https:\/\/www.kedali.com\/fr\/produit\/wholesale-elegant-embossed-ceramic-tea-set\/","title":{"rendered":"Wholesale Elegant Embossed Ceramic Tea Set - 3 Colors Available"},"content":{"rendered":"<div class=\"wp-block-columns is-layout-flex wp-container-core-columns-is-layout-9d6595d7 wp-block-columns-is-layout-flex\">\n<div class=\"wp-block-column is-layout-flow wp-block-column-is-layout-flow\">\n<h3 class=\"wp-block-heading\">&nbsp;Service \u00e0 th\u00e9 4 pi\u00e8ces en c\u00e9ramique Caract\u00e9ristiques<\/h3>\n\n\n\n<ul class=\"wp-block-list\">\n<li><strong>Options de couleurs multiples :<\/strong> Cette s\u00e9rie propose des teintes telles que le blanc pur, le rose clair et le bleu-gris pour r\u00e9pondre aux diverses pr\u00e9f\u00e9rences esth\u00e9tiques et s'adapter facilement \u00e0 tous les styles d'int\u00e9rieur.<\/li>\n\n\n\n<li><strong>Configuration de l'ensemble complet : <\/strong>Le service \u00e0 th\u00e9 comprend des \u00e9l\u00e9ments essentiels tels qu'une th\u00e9i\u00e8re, des tasses \u00e0 th\u00e9, un pot \u00e0 lait et un sucrier. Il r\u00e9pond \u00e0 tous les besoins en mati\u00e8re d'infusion, de consommation et de conservation du th\u00e9, ce qui le rend tr\u00e8s pratique.<\/li>\n\n\n\n<li><strong>Id\u00e9e de cadeau parfaite : <\/strong>Le design haut de gamme, les diverses options de couleurs et le set complet en font un cadeau attentionn\u00e9 pour une pendaison de cr\u00e9maill\u00e8re, un mariage, la f\u00eate des m\u00e8res ou tout autre amateur de th\u00e9.<\/li>\n\n\n\n<li><strong>Dessin en relief :<\/strong> Gr\u00e2ce \u00e0 la technologie traditionnelle de la sculpture \u00e0 la main, la texture est d\u00e9licate et stratifi\u00e9e, et l'effet visuel est tridimensionnel et vivant.<\/li>\n\n\n\n<li><strong>Couleur de gla\u00e7age stable : <\/strong>La cuisson \u00e0 haute temp\u00e9rature forme un film protecteur sur la surface de l'\u00e9mail, alliant beaut\u00e9 et s\u00e9curit\u00e9.<\/li>\n<\/ul>\n\n\n\n<h3 class=\"wp-block-heading\">Service sur mesure<\/h3>\n\n\n\n<ul class=\"wp-block-list\">\n<li>Support OEM et ODM<\/li>\n\n\n\n<li>Livraison rapide d'\u00e9chantillons.<\/li>\n\n\n\n<li>Fournir des produits personnalis\u00e9s en termes de forme, de couleur, de motif, d'emballage et d'autres services personnalis\u00e9s.<\/li>\n<\/ul>\n<\/div>\n\n\n\n<div class=\"wp-block-column is-layout-flow wp-block-column-is-layout-flow\">\n<figure class=\"wp-block-image size-full\"><img decoding=\"async\" width=\"800\" height=\"800\" src=\"https:\/\/www.kedali.com\/wp-content\/uploads\/2025\/10\/ceramic-tea-set-dimensions-2.webp\" alt=\"dimensions du service \u00e0 th\u00e9 en c\u00e9ramique\" class=\"wp-image-667\" srcset=\"https:\/\/www.kedali.com\/wp-content\/uploads\/2025\/10\/ceramic-tea-set-dimensions-2.webp 800w, https:\/\/www.kedali.com\/wp-content\/uploads\/2025\/10\/ceramic-tea-set-dimensions-2-300x300.webp 300w, https:\/\/www.kedali.com\/wp-content\/uploads\/2025\/10\/ceramic-tea-set-dimensions-2-150x150.webp 150w, https:\/\/www.kedali.com\/wp-content\/uploads\/2025\/10\/ceramic-tea-set-dimensions-2-768x768.webp 768w, https:\/\/www.kedali.com\/wp-content\/uploads\/2025\/10\/ceramic-tea-set-dimensions-2-600x600.webp 600w, https:\/\/www.kedali.com\/wp-content\/uploads\/2025\/10\/ceramic-tea-set-dimensions-2-100x100.webp 100w\" sizes=\"(max-width: 800px) 100vw, 800px\" \/><\/figure>\n<\/div>\n<\/div>\n\n\n\n<div class=\"wp-block-columns is-layout-flex wp-container-core-columns-is-layout-9d6595d7 wp-block-columns-is-layout-flex\">\n<div class=\"wp-block-column is-layout-flow wp-block-column-is-layout-flow\">\n<figure class=\"wp-block-image size-full\"><img decoding=\"async\" width=\"800\" height=\"800\" src=\"https:\/\/www.kedali.com\/wp-content\/uploads\/2025\/10\/wholesale-ceramic-tea-sets-6.webp\" alt=\"Services \u00e0 th\u00e9 en c\u00e9ramique en gros (6)\" class=\"wp-image-673\" srcset=\"https:\/\/www.kedali.com\/wp-content\/uploads\/2025\/10\/wholesale-ceramic-tea-sets-6.webp 800w, https:\/\/www.kedali.com\/wp-content\/uploads\/2025\/10\/wholesale-ceramic-tea-sets-6-300x300.webp 300w, https:\/\/www.kedali.com\/wp-content\/uploads\/2025\/10\/wholesale-ceramic-tea-sets-6-150x150.webp 150w, https:\/\/www.kedali.com\/wp-content\/uploads\/2025\/10\/wholesale-ceramic-tea-sets-6-768x768.webp 768w, https:\/\/www.kedali.com\/wp-content\/uploads\/2025\/10\/wholesale-ceramic-tea-sets-6-600x600.webp 600w, https:\/\/www.kedali.com\/wp-content\/uploads\/2025\/10\/wholesale-ceramic-tea-sets-6-100x100.webp 100w\" sizes=\"(max-width: 800px) 100vw, 800px\" \/><\/figure>\n<\/div>\n\n\n\n<div class=\"wp-block-column is-layout-flow wp-block-column-is-layout-flow\">\n<figure class=\"wp-block-image size-full\"><img decoding=\"async\" width=\"800\" height=\"800\" src=\"https:\/\/www.kedali.com\/wp-content\/uploads\/2025\/10\/wholesale-ceramic-tea-sets-7-1.webp\" alt=\"Services \u00e0 th\u00e9 en c\u00e9ramique en gros (7)\" class=\"wp-image-674\" srcset=\"https:\/\/www.kedali.com\/wp-content\/uploads\/2025\/10\/wholesale-ceramic-tea-sets-7-1.webp 800w, https:\/\/www.kedali.com\/wp-content\/uploads\/2025\/10\/wholesale-ceramic-tea-sets-7-1-300x300.webp 300w, https:\/\/www.kedali.com\/wp-content\/uploads\/2025\/10\/wholesale-ceramic-tea-sets-7-1-150x150.webp 150w, https:\/\/www.kedali.com\/wp-content\/uploads\/2025\/10\/wholesale-ceramic-tea-sets-7-1-768x768.webp 768w, https:\/\/www.kedali.com\/wp-content\/uploads\/2025\/10\/wholesale-ceramic-tea-sets-7-1-600x600.webp 600w, https:\/\/www.kedali.com\/wp-content\/uploads\/2025\/10\/wholesale-ceramic-tea-sets-7-1-100x100.webp 100w\" sizes=\"(max-width: 800px) 100vw, 800px\" \/><\/figure>\n<\/div>\n<\/div>","protected":false},"excerpt":{"rendered":"<p>Vente en gros d'un service \u00e0 th\u00e9 en c\u00e9ramique. Disponible en vrac \u00e0 l'usine. D\u00e9couvrez l'\u00e9l\u00e9gance intemporelle d'un service \u00e0 th\u00e9 classique avec ce service \u00e0 th\u00e9 en c\u00e9ramique gaufr\u00e9e. Disponible en trois couleurs exquises pour compl\u00e9ter votre d\u00e9cor. Contactez-nous pour un devis.<\/p>\n<h2>Sp\u00e9cifications du service \u00e0 th\u00e9 en c\u00e9ramique<\/h2>\n<table width=\"444\">\n<tbody>\n<tr>\n<td width=\"107\">Marque<\/td>\n<td width=\"337\">KDL<\/td>\n<\/tr>\n<tr>\n<td width=\"107\">Mod\u00e8le<\/td>\n<td width=\"337\">TPQ069-F027<\/td>\n<\/tr>\n<tr>\n<td width=\"107\">Mat\u00e9riau<\/td>\n<td width=\"337\">C\u00e9ramique<\/td>\n<\/tr>\n<tr>\n<td width=\"107\">Application<\/td>\n<td width=\"337\">service \u00e0 caf\u00e9 et \u00e0 th\u00e9<\/td>\n<\/tr>\n<tr>\n<td width=\"107\">Dimensions<\/td>\n<td width=\"337\">Th\u00e9i\u00e8re:21.8*13.4*14.5cm<br \/>Pot \u00e0 sucre:9.6*9.9*9.2cm<br \/>Pot \u00e0 lait:13.4*8.3*7.6cm<br \/>Coupe : 11,2*8,9*6,3cm<br \/>Soucoupe:11.2*8.9*6.3<\/td>\n<\/tr>\n<tr>\n<td width=\"107\">Poids brut (kg)<\/td>\n<td width=\"337\">5kg<\/td>\n<\/tr>\n<tr>\n<td width=\"107\">Fonctionnalit\u00e9<\/td>\n<td width=\"337\">placage<\/td>\n<\/tr>\n<tr>\n<td width=\"107\">Quantit\u00e9 minimale de commande<\/td>\n<td width=\"337\">800 jeux<\/td>\n<\/tr>\n<\/tbody>\n<\/table>\n<p>&nbsp;<\/p>","protected":false},"featured_media":668,"comment_status":"closed","ping_status":"closed","template":"","meta":{"_acf_changed":false},"product_brand":[],"product_cat":[29,53],"product_tag":[],"class_list":{"0":"post-666","1":"product","2":"type-product","3":"status-publish","4":"has-post-thumbnail","6":"product_cat-wholesale-ceramic-tea-sets","7":"product_cat-wholesale-coffee-and-tea-sets","9":"first","10":"instock","11":"shipping-taxable","12":"product-type-simple"},"acf":[],"_links":{"self":[{"href":"https:\/\/www.kedali.com\/fr\/wp-json\/wp\/v2\/product\/666","targetHints":{"allow":["GET"]}}],"collection":[{"href":"https:\/\/www.kedali.com\/fr\/wp-json\/wp\/v2\/product"}],"about":[{"href":"https:\/\/www.kedali.com\/fr\/wp-json\/wp\/v2\/types\/product"}],"replies":[{"embeddable":true,"href":"https:\/\/www.kedali.com\/fr\/wp-json\/wp\/v2\/comments?post=666"}],"wp:featuredmedia":[{"embeddable":true,"href":"https:\/\/www.kedali.com\/fr\/wp-json\/wp\/v2\/media\/668"}],"wp:attachment":[{"href":"https:\/\/www.kedali.com\/fr\/wp-json\/wp\/v2\/media?parent=666"}],"wp:term":[{"taxonomy":"product_brand","embeddable":true,"href":"https:\/\/www.kedali.com\/fr\/wp-json\/wp\/v2\/product_brand?post=666"},{"taxonomy":"product_cat","embeddable":true,"href":"https:\/\/www.kedali.com\/fr\/wp-json\/wp\/v2\/product_cat?post=666"},{"taxonomy":"product_tag","embeddable":true,"href":"https:\/\/www.kedali.com\/fr\/wp-json\/wp\/v2\/product_tag?post=666"}],"curies":[{"name":"wp","href":"https:\/\/api.w.org\/{rel}","templated":true}]}}