{"id":676,"date":"2025-10-19T09:05:57","date_gmt":"2025-10-19T09:05:57","guid":{"rendered":"https:\/\/www.kedali.com\/?post_type=product&#038;p=676"},"modified":"2026-02-19T06:07:45","modified_gmt":"2026-02-19T06:07:45","slug":"wholesale-luxury-ceramic-tea-set","status":"publish","type":"product","link":"https:\/\/www.kedali.com\/fr\/produit\/wholesale-luxury-ceramic-tea-set\/","title":{"rendered":"Service \u00e0 th\u00e9 de luxe en c\u00e9ramique de gros avec motif de croissant orn\u00e9 de bijoux"},"content":{"rendered":"<div class=\"wp-block-columns is-layout-flex wp-container-core-columns-is-layout-9d6595d7 wp-block-columns-is-layout-flex\">\n<div class=\"wp-block-column is-layout-flow wp-block-column-is-layout-flow\">\n<h3 class=\"wp-block-heading\">Caract\u00e9ristiques du service \u00e0 th\u00e9 de luxe en c\u00e9ramique<\/h3>\n\n\n\n<ul class=\"wp-block-list\">\n<li><strong>Art d\u00e9coratif unique : <\/strong>Ce service \u00e0 th\u00e9 en c\u00e9ramique pr\u00e9sente un design unique et accrocheur. Le motif repr\u00e9sente un croissant de lune dor\u00e9 avec des \u201cgemmes\u201d ou des perles bleues superpos\u00e9es, ce qui conf\u00e8re \u00e0 l'ensemble une atmosph\u00e8re exotique et luxueuse.<\/li>\n\n\n\n<li><strong>Avantages des mat\u00e9riaux :<\/strong> Le mat\u00e9riau c\u00e9ramique a une bonne capacit\u00e9 de conservation de la chaleur, ce qui permet de maintenir le caf\u00e9 ou le th\u00e9 \u00e0 une temp\u00e9rature ad\u00e9quate. Par ailleurs, la surface est lisse et ne laisse pas facilement de taches de th\u00e9 ou de caf\u00e9. Elle est \u00e9galement facile \u00e0 nettoyer.<\/li>\n\n\n\n<li><strong>Valeur \u00e9motionnelle :<\/strong> L'utilisation d'un service \u00e0 caf\u00e9 en c\u00e9ramique peut consid\u00e9rablement am\u00e9liorer le rituel des boissons quotidiennes, transformant l'heure du caf\u00e9 ordinaire en une exp\u00e9rience relaxante et agr\u00e9able de la vie lente, aidant les gens \u00e0 s'\u00e9chapper du rythme rapide et \u00e0 obtenir un soulagement \u00e9motionnel et une satisfaction.<\/li>\n\n\n\n<li><strong>Personnalisation de l'assistance : <\/strong>Nous proposons des prix de gros et des services d'achat en gros, et nous pouvons les personnaliser en fonction des besoins du client, y compris la s\u00e9lection des couleurs et des motifs, afin de r\u00e9pondre aux divers besoins des entreprises et des particuliers.<\/li>\n<\/ul>\n\n\n\n<h3 class=\"wp-block-heading\">Service sur mesure<\/h3>\n\n\n\n<ul class=\"wp-block-list\">\n<li>Support OEM et ODM<\/li>\n\n\n\n<li>Livraison rapide d'\u00e9chantillons.<\/li>\n\n\n\n<li>Fournir des produits personnalis\u00e9s en termes de forme, de couleur, de motif, d'emballage et d'autres services personnalis\u00e9s.<\/li>\n<\/ul>\n<\/div>\n\n\n\n<div class=\"wp-block-column is-layout-flow wp-block-column-is-layout-flow\">\n<figure class=\"wp-block-image size-full\"><img decoding=\"async\" width=\"800\" height=\"800\" src=\"https:\/\/www.kedali.com\/wp-content\/uploads\/2025\/10\/ceramic-tea-set-dimensions-3.webp\" alt=\"dimensions du service \u00e0 th\u00e9 en c\u00e9ramique\" class=\"wp-image-677\" srcset=\"https:\/\/www.kedali.com\/wp-content\/uploads\/2025\/10\/ceramic-tea-set-dimensions-3.webp 800w, https:\/\/www.kedali.com\/wp-content\/uploads\/2025\/10\/ceramic-tea-set-dimensions-3-300x300.webp 300w, https:\/\/www.kedali.com\/wp-content\/uploads\/2025\/10\/ceramic-tea-set-dimensions-3-150x150.webp 150w, https:\/\/www.kedali.com\/wp-content\/uploads\/2025\/10\/ceramic-tea-set-dimensions-3-768x768.webp 768w, https:\/\/www.kedali.com\/wp-content\/uploads\/2025\/10\/ceramic-tea-set-dimensions-3-600x600.webp 600w, https:\/\/www.kedali.com\/wp-content\/uploads\/2025\/10\/ceramic-tea-set-dimensions-3-100x100.webp 100w\" sizes=\"(max-width: 800px) 100vw, 800px\" \/><\/figure>\n<\/div>\n<\/div>\n\n\n\n<div class=\"wp-block-columns is-layout-flex wp-container-core-columns-is-layout-9d6595d7 wp-block-columns-is-layout-flex\">\n<div class=\"wp-block-column is-layout-flow wp-block-column-is-layout-flow\">\n<figure class=\"wp-block-image size-full\"><img decoding=\"async\" width=\"800\" height=\"800\" src=\"https:\/\/www.kedali.com\/wp-content\/uploads\/2025\/10\/wholesale-luxury-ceramic-tea-sets-5.webp\" alt=\"Services \u00e0 th\u00e9 de luxe en c\u00e9ramique (5)\" class=\"wp-image-682\" srcset=\"https:\/\/www.kedali.com\/wp-content\/uploads\/2025\/10\/wholesale-luxury-ceramic-tea-sets-5.webp 800w, https:\/\/www.kedali.com\/wp-content\/uploads\/2025\/10\/wholesale-luxury-ceramic-tea-sets-5-300x300.webp 300w, https:\/\/www.kedali.com\/wp-content\/uploads\/2025\/10\/wholesale-luxury-ceramic-tea-sets-5-150x150.webp 150w, https:\/\/www.kedali.com\/wp-content\/uploads\/2025\/10\/wholesale-luxury-ceramic-tea-sets-5-768x768.webp 768w, https:\/\/www.kedali.com\/wp-content\/uploads\/2025\/10\/wholesale-luxury-ceramic-tea-sets-5-600x600.webp 600w, https:\/\/www.kedali.com\/wp-content\/uploads\/2025\/10\/wholesale-luxury-ceramic-tea-sets-5-100x100.webp 100w\" sizes=\"(max-width: 800px) 100vw, 800px\" \/><\/figure>\n<\/div>\n\n\n\n<div class=\"wp-block-column is-layout-flow wp-block-column-is-layout-flow\">\n<figure class=\"wp-block-image size-full\"><img decoding=\"async\" width=\"800\" height=\"800\" src=\"https:\/\/www.kedali.com\/wp-content\/uploads\/2025\/10\/wholesale-luxury-ceramic-tea-sets-4.webp\" alt=\"services \u00e0 th\u00e9 de luxe en c\u00e9ramique (4)\" class=\"wp-image-681\" srcset=\"https:\/\/www.kedali.com\/wp-content\/uploads\/2025\/10\/wholesale-luxury-ceramic-tea-sets-4.webp 800w, https:\/\/www.kedali.com\/wp-content\/uploads\/2025\/10\/wholesale-luxury-ceramic-tea-sets-4-300x300.webp 300w, https:\/\/www.kedali.com\/wp-content\/uploads\/2025\/10\/wholesale-luxury-ceramic-tea-sets-4-150x150.webp 150w, https:\/\/www.kedali.com\/wp-content\/uploads\/2025\/10\/wholesale-luxury-ceramic-tea-sets-4-768x768.webp 768w, https:\/\/www.kedali.com\/wp-content\/uploads\/2025\/10\/wholesale-luxury-ceramic-tea-sets-4-600x600.webp 600w, https:\/\/www.kedali.com\/wp-content\/uploads\/2025\/10\/wholesale-luxury-ceramic-tea-sets-4-100x100.webp 100w\" sizes=\"(max-width: 800px) 100vw, 800px\" \/><\/figure>\n<\/div>\n<\/div>","protected":false},"excerpt":{"rendered":"<p>Achetez nos services \u00e0 th\u00e9 en gros. Ce service \u00e0 th\u00e9 en c\u00e9ramique \u00e0 motif de \u201cpierres pr\u00e9cieuses\u201d respire le luxe exotique, m\u00ealant de fa\u00e7on \u00e9tonnante la porcelaine blanche immacul\u00e9e \u00e0 des motifs ornementaux vibrants. Contactez-nous pour un devis.<\/p>\n<h2>Sp\u00e9cifications du service \u00e0 th\u00e9 de luxe en c\u00e9ramique<\/h2>\n<table width=\"444\">\n<tbody>\n<tr>\n<td width=\"107\">Marque<\/td>\n<td width=\"337\">KDL<\/td>\n<\/tr>\n<tr>\n<td width=\"107\">Mod\u00e8le<\/td>\n<td width=\"337\">TPQ190-A128<\/td>\n<\/tr>\n<tr>\n<td width=\"107\">Mat\u00e9riau<\/td>\n<td width=\"337\">c\u00e9ramique<\/td>\n<\/tr>\n<tr>\n<td width=\"107\">Application<\/td>\n<td width=\"337\">service \u00e0 caf\u00e9 et \u00e0 th\u00e9<\/td>\n<\/tr>\n<tr>\n<td width=\"107\">Dimensions<\/td>\n<td width=\"337\">Cafeti\u00e8re:21*12.3*19.5cm ; Th\u00e9i\u00e8re:21*12.8*14cm ; Sucrier:9.4*9.4*9.5cm ; Pot \u00e0 lait:13*7.5*9.8cm ; Tasse:12*9*6.9 cm ; Soucoupe:15*15*2cm<\/td>\n<\/tr>\n<tr>\n<td width=\"107\">Poids brut (kg)<\/td>\n<td width=\"337\">5kg<\/td>\n<\/tr>\n<tr>\n<td width=\"107\">Fonctionnalit\u00e9<\/td>\n<td width=\"337\">d\u00e9calcomanie<\/td>\n<\/tr>\n<tr>\n<td width=\"107\">Quantit\u00e9 minimale de commande<\/td>\n<td width=\"337\">800 jeux<\/td>\n<\/tr>\n<\/tbody>\n<\/table>\n<p>&nbsp;<\/p>","protected":false},"featured_media":678,"comment_status":"closed","ping_status":"closed","template":"","meta":{"_acf_changed":false},"product_brand":[],"product_cat":[29,53,21],"product_tag":[],"class_list":{"0":"post-676","1":"product","2":"type-product","3":"status-publish","4":"has-post-thumbnail","6":"product_cat-wholesale-ceramic-tea-sets","7":"product_cat-wholesale-coffee-and-tea-sets","8":"product_cat-wholesale-ceramic-mugs-and-cups","10":"first","11":"instock","12":"shipping-taxable","13":"product-type-simple"},"acf":[],"_links":{"self":[{"href":"https:\/\/www.kedali.com\/fr\/wp-json\/wp\/v2\/product\/676","targetHints":{"allow":["GET"]}}],"collection":[{"href":"https:\/\/www.kedali.com\/fr\/wp-json\/wp\/v2\/product"}],"about":[{"href":"https:\/\/www.kedali.com\/fr\/wp-json\/wp\/v2\/types\/product"}],"replies":[{"embeddable":true,"href":"https:\/\/www.kedali.com\/fr\/wp-json\/wp\/v2\/comments?post=676"}],"wp:featuredmedia":[{"embeddable":true,"href":"https:\/\/www.kedali.com\/fr\/wp-json\/wp\/v2\/media\/678"}],"wp:attachment":[{"href":"https:\/\/www.kedali.com\/fr\/wp-json\/wp\/v2\/media?parent=676"}],"wp:term":[{"taxonomy":"product_brand","embeddable":true,"href":"https:\/\/www.kedali.com\/fr\/wp-json\/wp\/v2\/product_brand?post=676"},{"taxonomy":"product_cat","embeddable":true,"href":"https:\/\/www.kedali.com\/fr\/wp-json\/wp\/v2\/product_cat?post=676"},{"taxonomy":"product_tag","embeddable":true,"href":"https:\/\/www.kedali.com\/fr\/wp-json\/wp\/v2\/product_tag?post=676"}],"curies":[{"name":"wp","href":"https:\/\/api.w.org\/{rel}","templated":true}]}}