{"id":762,"date":"2025-10-18T07:10:00","date_gmt":"2025-10-18T07:10:00","guid":{"rendered":"https:\/\/www.kedali.com\/?post_type=product&#038;p=762"},"modified":"2025-11-13T03:04:24","modified_gmt":"2025-11-13T03:04:24","slug":"wholesale-elegant-ceramic-cup-with-saucer-set","status":"publish","type":"product","link":"https:\/\/www.kedali.com\/fr\/produit\/wholesale-elegant-ceramic-cup-with-saucer-set\/","title":{"rendered":"Wholesale Elegant Ceramic Cups and Saucer Kit with Golden Ring Handle - Mulitiple Colors (Kit de tasses et soucoupes \u00e9l\u00e9gantes en c\u00e9ramique avec poign\u00e9e en anneau dor\u00e9)"},"content":{"rendered":"<div class=\"wp-block-columns is-layout-flex wp-container-core-columns-is-layout-9d6595d7 wp-block-columns-is-layout-flex\">\n<div class=\"wp-block-column is-layout-flow wp-block-column-is-layout-flow\">\n<h3 class=\"wp-block-heading\">Caract\u00e9ristiques des tasses en c\u00e9ramique<\/h3>\n\n\n\n<ul class=\"wp-block-list\">\n<li><strong>S\u00e9lection de couleurs \u00e9l\u00e9gantes : <\/strong>Disponible en vert mousse, ivoire, vert menthe, bleu clair, rose et aqua, chaque nuance est pure et rafra\u00eechissante.<\/li>\n<\/ul>\n\n\n\n<ul class=\"wp-block-list\">\n<li><strong>Anneau d'or Conception de la poign\u00e9e :<\/strong> Chaque tasse est dot\u00e9e d'une poign\u00e9e circulaire dor\u00e9e, \u00e9l\u00e9ment de design unificateur qui met en valeur le savoir-faire et le luxe. <\/li>\n<\/ul>\n\n\n\n<ul class=\"wp-block-list\">\n<li><strong>Couleurs coordonn\u00e9es : <\/strong>Chaque tasse est accompagn\u00e9e d'une soucoupe ronde de m\u00eame couleur, certaines avec une finition mate. <\/li>\n<\/ul>\n\n\n\n<ul class=\"wp-block-list\">\n<li><strong>Occasions polyvalentes :<\/strong> Le design simple \u00e0 large ouverture pr\u00e9sente des lignes douces et fluides qui conviennent \u00e0 de nombreux styles de vie - du th\u00e9 d\u00e9contract\u00e9 de l'apr\u00e8s-midi \u00e0 la pr\u00e9sentation \u00e9l\u00e9gante d'un caf\u00e9.<\/li>\n<\/ul>\n\n\n\n<h3 class=\"wp-block-heading\">Service sur mesure<\/h3>\n\n\n\n<ul class=\"wp-block-list\">\n<li>Support OEM et ODM<\/li>\n\n\n\n<li>Livraison rapide d'\u00e9chantillons.<\/li>\n\n\n\n<li>Fournir des produits personnalis\u00e9s en termes de forme, de couleur, de motif, d'emballage et d'autres services personnalis\u00e9s.<\/li>\n<\/ul>\n<\/div>\n\n\n\n<div class=\"wp-block-column is-layout-flow wp-block-column-is-layout-flow\">\n<figure class=\"wp-block-image size-full\"><img decoding=\"async\" width=\"800\" height=\"800\" src=\"https:\/\/www.kedali.com\/wp-content\/uploads\/2025\/10\/wholesale-elegant-ceramic-cup-1.webp\" alt=\"Grossiste tasse en c\u00e9ramique \u00e9l\u00e9gante 1\" class=\"wp-image-763\" srcset=\"https:\/\/www.kedali.com\/wp-content\/uploads\/2025\/10\/wholesale-elegant-ceramic-cup-1.webp 800w, https:\/\/www.kedali.com\/wp-content\/uploads\/2025\/10\/wholesale-elegant-ceramic-cup-1-300x300.webp 300w, https:\/\/www.kedali.com\/wp-content\/uploads\/2025\/10\/wholesale-elegant-ceramic-cup-1-150x150.webp 150w, https:\/\/www.kedali.com\/wp-content\/uploads\/2025\/10\/wholesale-elegant-ceramic-cup-1-768x768.webp 768w, https:\/\/www.kedali.com\/wp-content\/uploads\/2025\/10\/wholesale-elegant-ceramic-cup-1-600x600.webp 600w, https:\/\/www.kedali.com\/wp-content\/uploads\/2025\/10\/wholesale-elegant-ceramic-cup-1-100x100.webp 100w\" sizes=\"(max-width: 800px) 100vw, 800px\" \/><\/figure>\n<\/div>\n<\/div>\n\n\n\n<div class=\"wp-block-columns is-layout-flex wp-container-core-columns-is-layout-9d6595d7 wp-block-columns-is-layout-flex\">\n<div class=\"wp-block-column is-layout-flow wp-block-column-is-layout-flow\">\n<figure class=\"wp-block-image size-full\"><img decoding=\"async\" width=\"800\" height=\"800\" src=\"https:\/\/www.kedali.com\/wp-content\/uploads\/2025\/10\/wholesale-elegant-ceramic-cup-3.webp\" alt=\"Grossiste tasse en c\u00e9ramique \u00e9l\u00e9gante 3\" class=\"wp-image-765\" srcset=\"https:\/\/www.kedali.com\/wp-content\/uploads\/2025\/10\/wholesale-elegant-ceramic-cup-3.webp 800w, https:\/\/www.kedali.com\/wp-content\/uploads\/2025\/10\/wholesale-elegant-ceramic-cup-3-300x300.webp 300w, https:\/\/www.kedali.com\/wp-content\/uploads\/2025\/10\/wholesale-elegant-ceramic-cup-3-150x150.webp 150w, https:\/\/www.kedali.com\/wp-content\/uploads\/2025\/10\/wholesale-elegant-ceramic-cup-3-768x768.webp 768w, https:\/\/www.kedali.com\/wp-content\/uploads\/2025\/10\/wholesale-elegant-ceramic-cup-3-600x600.webp 600w, https:\/\/www.kedali.com\/wp-content\/uploads\/2025\/10\/wholesale-elegant-ceramic-cup-3-100x100.webp 100w\" sizes=\"(max-width: 800px) 100vw, 800px\" \/><\/figure>\n<\/div>\n\n\n\n<div class=\"wp-block-column is-layout-flow wp-block-column-is-layout-flow\">\n<figure class=\"wp-block-image size-full\"><img decoding=\"async\" width=\"800\" height=\"800\" src=\"https:\/\/www.kedali.com\/wp-content\/uploads\/2025\/10\/wholesale-elegant-ceramic-cup-5.webp\" alt=\"Grossiste tasse en c\u00e9ramique \u00e9l\u00e9gante 5\" class=\"wp-image-767\" srcset=\"https:\/\/www.kedali.com\/wp-content\/uploads\/2025\/10\/wholesale-elegant-ceramic-cup-5.webp 800w, https:\/\/www.kedali.com\/wp-content\/uploads\/2025\/10\/wholesale-elegant-ceramic-cup-5-300x300.webp 300w, https:\/\/www.kedali.com\/wp-content\/uploads\/2025\/10\/wholesale-elegant-ceramic-cup-5-150x150.webp 150w, https:\/\/www.kedali.com\/wp-content\/uploads\/2025\/10\/wholesale-elegant-ceramic-cup-5-768x768.webp 768w, https:\/\/www.kedali.com\/wp-content\/uploads\/2025\/10\/wholesale-elegant-ceramic-cup-5-600x600.webp 600w, https:\/\/www.kedali.com\/wp-content\/uploads\/2025\/10\/wholesale-elegant-ceramic-cup-5-100x100.webp 100w\" sizes=\"(max-width: 800px) 100vw, 800px\" \/><\/figure>\n<\/div>\n<\/div>","protected":false},"excerpt":{"rendered":"<p>Tasses en c\u00e9ramique en gros. Nos \u00e9l\u00e9gantes tasses et soucoupes en c\u00e9ramique sont dot\u00e9es de l'embl\u00e9matique poign\u00e9e en anneau d'or et d'une palette de couleurs sophistiqu\u00e9e. Chaque pi\u00e8ce allie le minimalisme moderne aux d\u00e9tails de l'artisanat classique.<\/p>\n<h2>Sp\u00e9cifications de la tasse en c\u00e9ramique \u00e9l\u00e9gante<\/h2>\n<table width=\"235\">\n<tbody>\n<tr>\n<td width=\"69\">Marque<\/td>\n<td width=\"166\">KDL<\/td>\n<\/tr>\n<tr>\n<td width=\"69\">Mod\u00e8le<\/td>\n<td width=\"166\">TBS280S<\/td>\n<\/tr>\n<tr>\n<td width=\"69\">Mat\u00e9riau<\/td>\n<td width=\"166\">c\u00e9ramique<\/td>\n<\/tr>\n<tr>\n<td width=\"69\">couleur<\/td>\n<td width=\"166\">vert\/blanc cass\u00e9\/bleu\/rose<\/td>\n<\/tr>\n<tr>\n<td width=\"69\">Application<\/td>\n<td width=\"166\">tasse en c\u00e9ramique<\/td>\n<\/tr>\n<tr>\n<td width=\"69\">Fonctionnalit\u00e9<\/td>\n<td width=\"166\">plaque \u00e9lectrolytique<\/td>\n<\/tr>\n<tr>\n<td width=\"69\">Dimensions<\/td>\n<td width=\"166\">saucer:12.3*12.3*1.8cm\u00a0<br \/>gobelet : 9,8*8,1*5cm<\/td>\n<\/tr>\n<tr>\n<td width=\"69\">Poids brut (kg)<\/td>\n<td width=\"166\">0.6<\/td>\n<\/tr>\n<tr>\n<td width=\"69\">Quantit\u00e9 minimale de commande<\/td>\n<td width=\"166\">800 jeux<\/td>\n<\/tr>\n<\/tbody>\n<\/table>\n<p>&nbsp;<\/p>\n<p><script src=\"chrome-extension:\/\/fpelahbljekknahkcaegamhcndkfpfnc\/iFrame.js\" type=\"text\/javascript\"><\/script><\/p>","protected":false},"featured_media":766,"comment_status":"closed","ping_status":"closed","template":"","meta":{"_acf_changed":false},"product_brand":[],"product_cat":[21],"product_tag":[],"class_list":{"0":"post-762","1":"product","2":"type-product","3":"status-publish","4":"has-post-thumbnail","6":"product_cat-wholesale-ceramic-mugs-and-cups","8":"first","9":"instock","10":"shipping-taxable","11":"product-type-simple"},"acf":[],"_links":{"self":[{"href":"https:\/\/www.kedali.com\/fr\/wp-json\/wp\/v2\/product\/762","targetHints":{"allow":["GET"]}}],"collection":[{"href":"https:\/\/www.kedali.com\/fr\/wp-json\/wp\/v2\/product"}],"about":[{"href":"https:\/\/www.kedali.com\/fr\/wp-json\/wp\/v2\/types\/product"}],"replies":[{"embeddable":true,"href":"https:\/\/www.kedali.com\/fr\/wp-json\/wp\/v2\/comments?post=762"}],"wp:featuredmedia":[{"embeddable":true,"href":"https:\/\/www.kedali.com\/fr\/wp-json\/wp\/v2\/media\/766"}],"wp:attachment":[{"href":"https:\/\/www.kedali.com\/fr\/wp-json\/wp\/v2\/media?parent=762"}],"wp:term":[{"taxonomy":"product_brand","embeddable":true,"href":"https:\/\/www.kedali.com\/fr\/wp-json\/wp\/v2\/product_brand?post=762"},{"taxonomy":"product_cat","embeddable":true,"href":"https:\/\/www.kedali.com\/fr\/wp-json\/wp\/v2\/product_cat?post=762"},{"taxonomy":"product_tag","embeddable":true,"href":"https:\/\/www.kedali.com\/fr\/wp-json\/wp\/v2\/product_tag?post=762"}],"curies":[{"name":"wp","href":"https:\/\/api.w.org\/{rel}","templated":true}]}}