{"id":769,"date":"2025-10-18T07:50:11","date_gmt":"2025-10-18T07:50:11","guid":{"rendered":"https:\/\/www.kedali.com\/?post_type=product&#038;p=769"},"modified":"2025-11-13T03:16:22","modified_gmt":"2025-11-13T03:16:22","slug":"wholesale-ceramic-mug-with-silicone-lid","status":"publish","type":"product","link":"https:\/\/www.kedali.com\/fr\/produit\/wholesale-ceramic-mug-with-silicone-lid\/","title":{"rendered":"Tasse \u00e0 boisson en c\u00e9ramique avec couvercle en silicone - Usage multiple"},"content":{"rendered":"<div class=\"wp-block-columns is-layout-flex wp-container-core-columns-is-layout-9d6595d7 wp-block-columns-is-layout-flex\">\n<div class=\"wp-block-column is-layout-flow wp-block-column-is-layout-flow\">\n<h3 class=\"wp-block-heading\">Caract\u00e9ristiques de la tasse \u00e0 boisson en c\u00e9ramique<\/h3>\n\n\n\n<ul class=\"wp-block-list\">\n<li><strong>Couleur vive avec couvercles coordonn\u00e9s : <\/strong>Notre mug en c\u00e9ramique est disponible en bleu-vert sarcelle et en jaune-orange. Chaque mug est accompagn\u00e9 d'un couvercle en silicone assorti pour un look unifi\u00e9. <\/li>\n<\/ul>\n\n\n\n<ul class=\"wp-block-list\">\n<li><strong>Combinaison de mat\u00e9riaux de qualit\u00e9 sup\u00e9rieure : <\/strong>C\u00e9ramique et silicone<br>Cette tasse en c\u00e9ramique pr\u00e9sente l'\u00e9l\u00e9gance de la porcelaine. Elle est agr\u00e9able \u00e0 tenir, facile \u00e0 nettoyer et durable.<br><br><strong>Couvercle en silicone<\/strong> a d'excellentes performances d'\u00e9tanch\u00e9it\u00e9 - \u00e9tanche \u00e0 la poussi\u00e8re, r\u00e9sistant aux fuites, et pratique \u00e0 ouvrir ou \u00e0 fermer, parfait pour une utilisation en d\u00e9placement.<\/li>\n<\/ul>\n\n\n\n<ul class=\"wp-block-list\">\n<li><strong>Bec verseur :<\/strong> Le couvercle de notre mug en c\u00e9ramique comporte un petit trou rond permettant de boire directement sans le retirer. Id\u00e9al pour les trajets quotidiens, les voyages ou les activit\u00e9s de plein air.<\/li>\n<\/ul>\n\n\n\n<h3 class=\"wp-block-heading\">Service sur mesure<\/h3>\n\n\n\n<ul class=\"wp-block-list\">\n<li>Support OEM et ODM<\/li>\n\n\n\n<li>Livraison rapide d'\u00e9chantillons.<\/li>\n\n\n\n<li>Fournir des produits personnalis\u00e9s en termes de forme, de couleur, de motif, d'emballage et d'autres services personnalis\u00e9s.<\/li>\n<\/ul>\n<\/div>\n\n\n\n<div class=\"wp-block-column is-layout-flow wp-block-column-is-layout-flow\">\n<figure class=\"wp-block-image size-full\"><img decoding=\"async\" width=\"800\" height=\"800\" src=\"https:\/\/www.kedali.com\/wp-content\/uploads\/2025\/10\/wholesale-ceramic-travel-mug-2.webp\" alt=\"Tasse de voyage en c\u00e9ramique en gros 2\" class=\"wp-image-771\" srcset=\"https:\/\/www.kedali.com\/wp-content\/uploads\/2025\/10\/wholesale-ceramic-travel-mug-2.webp 800w, https:\/\/www.kedali.com\/wp-content\/uploads\/2025\/10\/wholesale-ceramic-travel-mug-2-300x300.webp 300w, https:\/\/www.kedali.com\/wp-content\/uploads\/2025\/10\/wholesale-ceramic-travel-mug-2-150x150.webp 150w, https:\/\/www.kedali.com\/wp-content\/uploads\/2025\/10\/wholesale-ceramic-travel-mug-2-768x768.webp 768w, https:\/\/www.kedali.com\/wp-content\/uploads\/2025\/10\/wholesale-ceramic-travel-mug-2-600x600.webp 600w, https:\/\/www.kedali.com\/wp-content\/uploads\/2025\/10\/wholesale-ceramic-travel-mug-2-100x100.webp 100w\" sizes=\"(max-width: 800px) 100vw, 800px\" \/><\/figure>\n<\/div>\n<\/div>\n\n\n\n<div class=\"wp-block-columns is-layout-flex wp-container-core-columns-is-layout-9d6595d7 wp-block-columns-is-layout-flex\">\n<div class=\"wp-block-column is-layout-flow wp-block-column-is-layout-flow\">\n<figure class=\"wp-block-image size-full\"><img decoding=\"async\" width=\"800\" height=\"800\" src=\"https:\/\/www.kedali.com\/wp-content\/uploads\/2025\/10\/wholesale-ceramic-travel-mug-1.webp\" alt=\"Tasse de voyage en c\u00e9ramique en gros 1\" class=\"wp-image-770\" srcset=\"https:\/\/www.kedali.com\/wp-content\/uploads\/2025\/10\/wholesale-ceramic-travel-mug-1.webp 800w, https:\/\/www.kedali.com\/wp-content\/uploads\/2025\/10\/wholesale-ceramic-travel-mug-1-300x300.webp 300w, https:\/\/www.kedali.com\/wp-content\/uploads\/2025\/10\/wholesale-ceramic-travel-mug-1-150x150.webp 150w, https:\/\/www.kedali.com\/wp-content\/uploads\/2025\/10\/wholesale-ceramic-travel-mug-1-768x768.webp 768w, https:\/\/www.kedali.com\/wp-content\/uploads\/2025\/10\/wholesale-ceramic-travel-mug-1-600x600.webp 600w, https:\/\/www.kedali.com\/wp-content\/uploads\/2025\/10\/wholesale-ceramic-travel-mug-1-100x100.webp 100w\" sizes=\"(max-width: 800px) 100vw, 800px\" \/><\/figure>\n<\/div>\n\n\n\n<div class=\"wp-block-column is-layout-flow wp-block-column-is-layout-flow\">\n<figure class=\"wp-block-image size-full\"><img decoding=\"async\" width=\"800\" height=\"800\" src=\"https:\/\/www.kedali.com\/wp-content\/uploads\/2025\/10\/wholesale-ceramic-travel-mug-3-1.webp\" alt=\"\" class=\"wp-image-1319\" srcset=\"https:\/\/www.kedali.com\/wp-content\/uploads\/2025\/10\/wholesale-ceramic-travel-mug-3-1.webp 800w, https:\/\/www.kedali.com\/wp-content\/uploads\/2025\/10\/wholesale-ceramic-travel-mug-3-1-300x300.webp 300w, https:\/\/www.kedali.com\/wp-content\/uploads\/2025\/10\/wholesale-ceramic-travel-mug-3-1-150x150.webp 150w, https:\/\/www.kedali.com\/wp-content\/uploads\/2025\/10\/wholesale-ceramic-travel-mug-3-1-768x768.webp 768w, https:\/\/www.kedali.com\/wp-content\/uploads\/2025\/10\/wholesale-ceramic-travel-mug-3-1-12x12.webp 12w, https:\/\/www.kedali.com\/wp-content\/uploads\/2025\/10\/wholesale-ceramic-travel-mug-3-1-600x600.webp 600w, https:\/\/www.kedali.com\/wp-content\/uploads\/2025\/10\/wholesale-ceramic-travel-mug-3-1-100x100.webp 100w\" sizes=\"(max-width: 800px) 100vw, 800px\" \/><\/figure>\n<\/div>\n<\/div>\n\n\n\n<p><\/p>","protected":false},"excerpt":{"rendered":"<p>Vente en gros de mugs en c\u00e9ramique. Con\u00e7ue avec une forme moderne et \u00e9l\u00e9gante et dot\u00e9e d'un couvercle en silicone souple, cette tasse allie parfaitement le style et l'aspect pratique. Id\u00e9al pour une utilisation \u00e0 la maison, au bureau ou \u00e0 l'ext\u00e9rieur. Contactez-nous pour obtenir votre devis d\u00e8s maintenant !<\/p>\n<h2>Sp\u00e9cifications de la tasse \u00e0 boisson en c\u00e9ramique<\/h2>\n<table style=\"border-collapse: collapse; width: 235.03pt;\" border=\"0\" width=\"235\" cellspacing=\"0\" cellpadding=\"0\">\n<tbody>\n<tr style=\"height: 17.00pt;\">\n<td class=\"et2\" style=\"height: 17.00pt; width: 69.55pt;\" width=\"69\" height=\"17\">Marque<\/td>\n<td class=\"et2\" style=\"width: 166.40pt;\" width=\"166\">KDL<\/td>\n<\/tr>\n<tr style=\"height: 17.00pt;\">\n<td class=\"et2\" style=\"height: 17.00pt; width: 69.55pt;\" width=\"69\" height=\"17\">Mod\u00e8le<\/td>\n<td class=\"et2\" style=\"width: 166.40pt;\" width=\"166\">TBQ945-6+G-A514<\/td>\n<\/tr>\n<tr style=\"height: 17.00pt;\">\n<td class=\"et2\" style=\"height: 17.00pt; width: 69.55pt;\" width=\"69\" height=\"17\">Mat\u00e9riau<\/td>\n<td class=\"et2\" style=\"width: 166.40pt;\" width=\"166\">c\u00e9ramique<\/td>\n<\/tr>\n<tr style=\"height: 17.00pt;\">\n<td class=\"et2\" style=\"height: 17.00pt; width: 69.55pt;\" width=\"69\" height=\"17\">couleur<\/td>\n<td class=\"et2\" style=\"width: 166.40pt;\" width=\"166\">bleu\/orange<\/td>\n<\/tr>\n<tr style=\"height: 17.00pt;\">\n<td class=\"et2\" style=\"height: 17.00pt; width: 69.55pt;\" width=\"69\" height=\"17\">Application<\/td>\n<td class=\"et2\" style=\"width: 166.40pt;\" width=\"166\">tasse de voyage en c\u00e9ramique<\/td>\n<\/tr>\n<tr style=\"height: 17.00pt;\">\n<td class=\"et2\" style=\"height: 17.00pt; width: 69.55pt;\" width=\"69\" height=\"17\">Fonctionnalit\u00e9<\/td>\n<td class=\"et2\" style=\"width: 166.40pt;\" width=\"166\">couleur \u00e9maill\u00e9e<\/td>\n<\/tr>\n<tr style=\"height: 17.00pt;\">\n<td class=\"et2\" style=\"height: 17.00pt; width: 69.55pt;\" width=\"69\" height=\"17\">Dimensions<\/td>\n<td class=\"et2\" style=\"width: 166.40pt;\" width=\"166\">9,9*9,9*15,2cm<\/td>\n<\/tr>\n<tr style=\"height: 34.00pt;\">\n<td class=\"et2\" style=\"height: 34.00pt; width: 69.55pt;\" width=\"69\" height=\"34\">Poids brut (kg)<\/td>\n<td class=\"et2\" style=\"width: 166.40pt;\" align=\"right\" width=\"166\">0.4<\/td>\n<\/tr>\n<tr style=\"height: 51.00pt;\">\n<td class=\"et2\" style=\"height: 51.00pt; width: 69.55pt;\" width=\"69\" height=\"51\">Quantit\u00e9 minimale de commande<\/td>\n<td class=\"et2\" style=\"width: 166.40pt;\" width=\"166\">800 jeux<\/td>\n<\/tr>\n<\/tbody>\n<\/table>\n<p>&nbsp;<\/p>\n<p><script src=\"chrome-extension:\/\/fpelahbljekknahkcaegamhcndkfpfnc\/iFrame.js\" type=\"text\/javascript\"><\/script><\/p>","protected":false},"featured_media":770,"comment_status":"closed","ping_status":"closed","template":"","meta":{"_acf_changed":false},"product_brand":[],"product_cat":[21],"product_tag":[],"class_list":{"0":"post-769","1":"product","2":"type-product","3":"status-publish","4":"has-post-thumbnail","6":"product_cat-wholesale-ceramic-mugs-and-cups","8":"first","9":"instock","10":"shipping-taxable","11":"product-type-simple"},"acf":[],"_links":{"self":[{"href":"https:\/\/www.kedali.com\/fr\/wp-json\/wp\/v2\/product\/769","targetHints":{"allow":["GET"]}}],"collection":[{"href":"https:\/\/www.kedali.com\/fr\/wp-json\/wp\/v2\/product"}],"about":[{"href":"https:\/\/www.kedali.com\/fr\/wp-json\/wp\/v2\/types\/product"}],"replies":[{"embeddable":true,"href":"https:\/\/www.kedali.com\/fr\/wp-json\/wp\/v2\/comments?post=769"}],"wp:featuredmedia":[{"embeddable":true,"href":"https:\/\/www.kedali.com\/fr\/wp-json\/wp\/v2\/media\/770"}],"wp:attachment":[{"href":"https:\/\/www.kedali.com\/fr\/wp-json\/wp\/v2\/media?parent=769"}],"wp:term":[{"taxonomy":"product_brand","embeddable":true,"href":"https:\/\/www.kedali.com\/fr\/wp-json\/wp\/v2\/product_brand?post=769"},{"taxonomy":"product_cat","embeddable":true,"href":"https:\/\/www.kedali.com\/fr\/wp-json\/wp\/v2\/product_cat?post=769"},{"taxonomy":"product_tag","embeddable":true,"href":"https:\/\/www.kedali.com\/fr\/wp-json\/wp\/v2\/product_tag?post=769"}],"curies":[{"name":"wp","href":"https:\/\/api.w.org\/{rel}","templated":true}]}}