{"id":772,"date":"2025-10-05T09:36:42","date_gmt":"2025-10-05T09:36:42","guid":{"rendered":"https:\/\/www.kedali.com\/?post_type=product&#038;p=772"},"modified":"2025-11-13T02:54:06","modified_gmt":"2025-11-13T02:54:06","slug":"wholesale-stackable-ceramic-cups","status":"publish","type":"product","link":"https:\/\/www.kedali.com\/fr\/produit\/wholesale-stackable-ceramic-cups\/","title":{"rendered":"Grossiste Tasse en c\u00e9ramique empilable avec support en fer - Th\u00e8me Happy Bee"},"content":{"rendered":"<div class=\"wp-block-columns is-layout-flex wp-container-core-columns-is-layout-9d6595d7 wp-block-columns-is-layout-flex\">\n<div class=\"wp-block-column is-layout-flow wp-block-column-is-layout-flow\">\n<h3 class=\"wp-block-heading\">Caract\u00e9ristiques de la tasse en c\u00e9ramique<\/h3>\n\n\n\n<ul class=\"wp-block-list\">\n<li><strong>Design empilable : <\/strong>Tous les gobelets peuvent \u00eatre empil\u00e9s verticalement pour un rangement ordonn\u00e9 dans un porte-fer, pour un gain de place et un rangement ordonn\u00e9.<\/li>\n<\/ul>\n\n\n\n<ul class=\"wp-block-list\">\n<li><strong>Corps blanc avec des accents jaunes vifs : <\/strong>Le corps principal est en c\u00e9ramique blanche brillante. Le bord et la paroi int\u00e9rieure sont rehauss\u00e9s d'un jaune vif, cr\u00e9ant ainsi un contraste de couleurs \u00e9clatant pour l'attrait visuel.<\/li>\n<\/ul>\n\n\n\n<ul class=\"wp-block-list\">\n<li><strong>D\u00e9tails pour Confort : <\/strong>Les poign\u00e9es ergonomiques incurv\u00e9es de nos tasses en c\u00e9ramique offrent une prise en main confortable.<\/li>\n<\/ul>\n\n\n\n<ul class=\"wp-block-list\">\n<li><strong>S\u00e9rie unifi\u00e9e : <\/strong>Le th\u00e8me \u201cBee Happy\u201d apporte un aspect vivant et coordonn\u00e9 \u00e0 votre collection de vaisselle.<\/li>\n<\/ul>\n\n\n\n<h3 class=\"wp-block-heading\">Service sur mesure<\/h3>\n\n\n\n<ul class=\"wp-block-list\">\n<li>Support OEM et ODM<\/li>\n\n\n\n<li>Livraison rapide d'\u00e9chantillons.<\/li>\n\n\n\n<li>Fournir des produits personnalis\u00e9s en termes de forme, de couleur, de motif, d'emballage et d'autres services personnalis\u00e9s.<\/li>\n<\/ul>\n<\/div>\n\n\n\n<div class=\"wp-block-column is-layout-flow wp-block-column-is-layout-flow\">\n<figure class=\"wp-block-image size-full\"><img decoding=\"async\" width=\"1600\" height=\"1600\" src=\"https:\/\/www.kedali.com\/wp-content\/uploads\/2025\/10\/wholesale-stackable-ceramic-cup-4.webp\" alt=\"Gros gobelets empilables en c\u00e9ramique 4\" class=\"wp-image-778\" srcset=\"https:\/\/www.kedali.com\/wp-content\/uploads\/2025\/10\/wholesale-stackable-ceramic-cup-4.webp 1600w, https:\/\/www.kedali.com\/wp-content\/uploads\/2025\/10\/wholesale-stackable-ceramic-cup-4-300x300.webp 300w, https:\/\/www.kedali.com\/wp-content\/uploads\/2025\/10\/wholesale-stackable-ceramic-cup-4-150x150.webp 150w, https:\/\/www.kedali.com\/wp-content\/uploads\/2025\/10\/wholesale-stackable-ceramic-cup-4-768x768.webp 768w, https:\/\/www.kedali.com\/wp-content\/uploads\/2025\/10\/wholesale-stackable-ceramic-cup-4-1200x1200.webp 1200w, https:\/\/www.kedali.com\/wp-content\/uploads\/2025\/10\/wholesale-stackable-ceramic-cup-4-600x600.webp 600w, https:\/\/www.kedali.com\/wp-content\/uploads\/2025\/10\/wholesale-stackable-ceramic-cup-4-100x100.webp 100w\" sizes=\"(max-width: 1600px) 100vw, 1600px\" \/><\/figure>\n<\/div>\n<\/div>\n\n\n\n<div class=\"wp-block-columns is-layout-flex wp-container-core-columns-is-layout-9d6595d7 wp-block-columns-is-layout-flex\">\n<div class=\"wp-block-column is-layout-flow wp-block-column-is-layout-flow\">\n<figure class=\"wp-block-image size-full\"><img decoding=\"async\" width=\"1600\" height=\"1600\" src=\"https:\/\/www.kedali.com\/wp-content\/uploads\/2025\/10\/wholesale-stackable-ceramic-cup-5.webp\" alt=\"Gros gobelets empilables en c\u00e9ramique 5\" class=\"wp-image-776\" srcset=\"https:\/\/www.kedali.com\/wp-content\/uploads\/2025\/10\/wholesale-stackable-ceramic-cup-5.webp 1600w, https:\/\/www.kedali.com\/wp-content\/uploads\/2025\/10\/wholesale-stackable-ceramic-cup-5-300x300.webp 300w, https:\/\/www.kedali.com\/wp-content\/uploads\/2025\/10\/wholesale-stackable-ceramic-cup-5-150x150.webp 150w, https:\/\/www.kedali.com\/wp-content\/uploads\/2025\/10\/wholesale-stackable-ceramic-cup-5-768x768.webp 768w, https:\/\/www.kedali.com\/wp-content\/uploads\/2025\/10\/wholesale-stackable-ceramic-cup-5-1200x1200.webp 1200w, https:\/\/www.kedali.com\/wp-content\/uploads\/2025\/10\/wholesale-stackable-ceramic-cup-5-600x600.webp 600w, https:\/\/www.kedali.com\/wp-content\/uploads\/2025\/10\/wholesale-stackable-ceramic-cup-5-100x100.webp 100w\" sizes=\"(max-width: 1600px) 100vw, 1600px\" \/><\/figure>\n<\/div>\n\n\n\n<div class=\"wp-block-column is-layout-flow wp-block-column-is-layout-flow\">\n<figure class=\"wp-block-image size-full\"><img decoding=\"async\" width=\"1600\" height=\"1600\" src=\"https:\/\/www.kedali.com\/wp-content\/uploads\/2025\/10\/wholesale-stackable-ceramic-cup-2.webp\" alt=\"tasse en c\u00e9ramique empilable en gros 2\" class=\"wp-image-774\" srcset=\"https:\/\/www.kedali.com\/wp-content\/uploads\/2025\/10\/wholesale-stackable-ceramic-cup-2.webp 1600w, https:\/\/www.kedali.com\/wp-content\/uploads\/2025\/10\/wholesale-stackable-ceramic-cup-2-300x300.webp 300w, https:\/\/www.kedali.com\/wp-content\/uploads\/2025\/10\/wholesale-stackable-ceramic-cup-2-150x150.webp 150w, https:\/\/www.kedali.com\/wp-content\/uploads\/2025\/10\/wholesale-stackable-ceramic-cup-2-768x768.webp 768w, https:\/\/www.kedali.com\/wp-content\/uploads\/2025\/10\/wholesale-stackable-ceramic-cup-2-1200x1200.webp 1200w, https:\/\/www.kedali.com\/wp-content\/uploads\/2025\/10\/wholesale-stackable-ceramic-cup-2-600x600.webp 600w, https:\/\/www.kedali.com\/wp-content\/uploads\/2025\/10\/wholesale-stackable-ceramic-cup-2-100x100.webp 100w\" sizes=\"(max-width: 1600px) 100vw, 1600px\" \/><\/figure>\n<\/div>\n<\/div>","protected":false},"excerpt":{"rendered":"<p>Vente en gros de tasses en c\u00e9ramique empilables. Notre tasse en c\u00e9ramique pr\u00e9sente des tons blancs nets avec des accents jaunes vifs, et un design empilable pratique pour un stockage facile. Parfaites pour le caf\u00e9 du matin, le th\u00e9 de l'apr\u00e8s-midi ou comme cadeau joyeux qui r\u00e9pand la joie. Contactez-nous pour obtenir un prix d'usine !<\/p>\n<h2>Sp\u00e9cifications de la tasse en c\u00e9ramique empilable\u00a0<\/h2>\n<table width=\"235\">\n<tbody>\n<tr>\n<td width=\"69\">Marque<\/td>\n<td width=\"166\">KDL<\/td>\n<\/tr>\n<tr>\n<td width=\"69\">Mod\u00e8le<\/td>\n<td width=\"166\">TBQ925<\/td>\n<\/tr>\n<tr>\n<td width=\"69\">Mat\u00e9riau<\/td>\n<td width=\"166\">c\u00e9ramique<\/td>\n<\/tr>\n<tr>\n<td width=\"69\">couleur<\/td>\n<td width=\"166\">blanc et orange<\/td>\n<\/tr>\n<tr>\n<td width=\"69\">Application<\/td>\n<td width=\"166\">tasse en c\u00e9ramique<\/td>\n<\/tr>\n<tr>\n<td width=\"69\">Fonctionnalit\u00e9<\/td>\n<td width=\"166\">couleur \u00e9maill\u00e9e<\/td>\n<\/tr>\n<tr>\n<td width=\"69\">Dimensions<\/td>\n<td width=\"166\">gobelet : 9,8*7,5*8cm<br \/>support de fer \u00e0 repasser : 11,3*11,3*26,4cm<\/td>\n<\/tr>\n<tr>\n<td width=\"69\">Poids brut (kg)<\/td>\n<td width=\"166\">1<\/td>\n<\/tr>\n<tr>\n<td width=\"69\">Quantit\u00e9 minimale de commande<\/td>\n<td width=\"166\">800 jeux<\/td>\n<\/tr>\n<\/tbody>\n<\/table>\n<p>&nbsp;<\/p>\n<p><script src=\"chrome-extension:\/\/fpelahbljekknahkcaegamhcndkfpfnc\/iFrame.js\" type=\"text\/javascript\"><\/script><\/p>\n<p><script src=\"chrome-extension:\/\/fpelahbljekknahkcaegamhcndkfpfnc\/iFrame.js\" type=\"text\/javascript\"><\/script><\/p>","protected":false},"featured_media":774,"comment_status":"closed","ping_status":"closed","template":"","meta":{"_acf_changed":false},"product_brand":[],"product_cat":[21],"product_tag":[],"class_list":{"0":"post-772","1":"product","2":"type-product","3":"status-publish","4":"has-post-thumbnail","6":"product_cat-wholesale-ceramic-mugs-and-cups","8":"first","9":"instock","10":"shipping-taxable","11":"product-type-simple"},"acf":[],"_links":{"self":[{"href":"https:\/\/www.kedali.com\/fr\/wp-json\/wp\/v2\/product\/772","targetHints":{"allow":["GET"]}}],"collection":[{"href":"https:\/\/www.kedali.com\/fr\/wp-json\/wp\/v2\/product"}],"about":[{"href":"https:\/\/www.kedali.com\/fr\/wp-json\/wp\/v2\/types\/product"}],"replies":[{"embeddable":true,"href":"https:\/\/www.kedali.com\/fr\/wp-json\/wp\/v2\/comments?post=772"}],"wp:featuredmedia":[{"embeddable":true,"href":"https:\/\/www.kedali.com\/fr\/wp-json\/wp\/v2\/media\/774"}],"wp:attachment":[{"href":"https:\/\/www.kedali.com\/fr\/wp-json\/wp\/v2\/media?parent=772"}],"wp:term":[{"taxonomy":"product_brand","embeddable":true,"href":"https:\/\/www.kedali.com\/fr\/wp-json\/wp\/v2\/product_brand?post=772"},{"taxonomy":"product_cat","embeddable":true,"href":"https:\/\/www.kedali.com\/fr\/wp-json\/wp\/v2\/product_cat?post=772"},{"taxonomy":"product_tag","embeddable":true,"href":"https:\/\/www.kedali.com\/fr\/wp-json\/wp\/v2\/product_tag?post=772"}],"curies":[{"name":"wp","href":"https:\/\/api.w.org\/{rel}","templated":true}]}}