{"id":779,"date":"2025-10-18T09:03:45","date_gmt":"2025-10-18T09:03:45","guid":{"rendered":"https:\/\/www.kedali.com\/?post_type=product&#038;p=779"},"modified":"2025-11-13T03:29:09","modified_gmt":"2025-11-13T03:29:09","slug":"wholesale-ceramic-beverage-cups","status":"publish","type":"product","link":"https:\/\/www.kedali.com\/fr\/produit\/wholesale-ceramic-beverage-cups\/","title":{"rendered":"Wholesale Alphabet Ceramic Beverage Cup with Silicone Lid - Multiple Fun Colors to Choose From"},"content":{"rendered":"<div class=\"wp-block-columns is-layout-flex wp-container-core-columns-is-layout-9d6595d7 wp-block-columns-is-layout-flex\">\n<div class=\"wp-block-column is-layout-flow wp-block-column-is-layout-flow\">\n<h3 class=\"wp-block-heading\">Caract\u00e9ristiques de la tasse en c\u00e9ramique<\/h3>\n\n\n\n<ul class=\"wp-block-list\">\n<li><strong>Alphabet &amp; Polka Dot Series Design : <\/strong>Chaque tasse en c\u00e9ramique est orn\u00e9e d'une lettre distincte (A\/B\/C\/D) en typographie noire classique, encadr\u00e9e par d'\u00e9l\u00e9gants motifs de volutes ou de vignes pour une touche raffin\u00e9e.<\/li>\n<\/ul>\n\n\n\n<ul class=\"wp-block-list\">\n<li><strong>Palette de couleurs vives et harmonieuses : <\/strong>Disponible dans une vari\u00e9t\u00e9 de tons frais et vibrants. Les combinaisons de couleurs cr\u00e9ent une esth\u00e9tique vivante et joyeuse qui illumine n'importe quelle cuisine ou bureau.<\/li>\n<\/ul>\n\n\n\n<ul class=\"wp-block-list\">\n<li><strong>Couvercle en silicone pratique :<\/strong> Chaque tasse en c\u00e9ramique est munie d'un couvercle en silicone flexible, \u00e9tanche et facile \u00e0 ouvrir d'une seule main.<\/li>\n<\/ul>\n\n\n\n<ul class=\"wp-block-list\">\n<li><strong>D\u00e9tails d\u00e9coratifs :<\/strong> Chaque tasse en c\u00e9ramique pr\u00e9sente un \u00e9quilibre entre le raffinement et l'espi\u00e8glerie. Elle est parfaite pour \u00eatre offerte ou appr\u00e9ci\u00e9e au quotidien.<\/li>\n<\/ul>\n\n\n\n<h3 class=\"wp-block-heading\">Service sur mesure<\/h3>\n\n\n\n<ul class=\"wp-block-list\">\n<li>Support OEM et ODM<\/li>\n\n\n\n<li>Livraison rapide d'\u00e9chantillons.<\/li>\n\n\n\n<li>Fournir des produits personnalis\u00e9s en termes de forme, de couleur, de motif, d'emballage et d'autres services personnalis\u00e9s.<\/li>\n<\/ul>\n<\/div>\n\n\n\n<div class=\"wp-block-column is-layout-flow wp-block-column-is-layout-flow\">\n<figure class=\"wp-block-image size-full\"><img decoding=\"async\" width=\"750\" height=\"750\" src=\"https:\/\/www.kedali.com\/wp-content\/uploads\/2025\/10\/wholesale-ceramic-cup-5.webp\" alt=\"tasse en c\u00e9ramique en gros 5\" class=\"wp-image-789\" srcset=\"https:\/\/www.kedali.com\/wp-content\/uploads\/2025\/10\/wholesale-ceramic-cup-5.webp 750w, https:\/\/www.kedali.com\/wp-content\/uploads\/2025\/10\/wholesale-ceramic-cup-5-300x300.webp 300w, https:\/\/www.kedali.com\/wp-content\/uploads\/2025\/10\/wholesale-ceramic-cup-5-150x150.webp 150w, https:\/\/www.kedali.com\/wp-content\/uploads\/2025\/10\/wholesale-ceramic-cup-5-600x600.webp 600w, https:\/\/www.kedali.com\/wp-content\/uploads\/2025\/10\/wholesale-ceramic-cup-5-100x100.webp 100w\" sizes=\"(max-width: 750px) 100vw, 750px\" \/><\/figure>\n<\/div>\n<\/div>\n\n\n\n<div class=\"wp-block-columns is-layout-flex wp-container-core-columns-is-layout-9d6595d7 wp-block-columns-is-layout-flex\">\n<div class=\"wp-block-column is-layout-flow wp-block-column-is-layout-flow\">\n<figure class=\"wp-block-image size-full\"><img decoding=\"async\" width=\"800\" height=\"800\" src=\"https:\/\/www.kedali.com\/wp-content\/uploads\/2025\/10\/wholesale-ceramic-cup-3.webp\" alt=\"tasse en c\u00e9ramique en gros 3\" class=\"wp-image-787\" srcset=\"https:\/\/www.kedali.com\/wp-content\/uploads\/2025\/10\/wholesale-ceramic-cup-3.webp 800w, https:\/\/www.kedali.com\/wp-content\/uploads\/2025\/10\/wholesale-ceramic-cup-3-300x300.webp 300w, https:\/\/www.kedali.com\/wp-content\/uploads\/2025\/10\/wholesale-ceramic-cup-3-150x150.webp 150w, https:\/\/www.kedali.com\/wp-content\/uploads\/2025\/10\/wholesale-ceramic-cup-3-768x768.webp 768w, https:\/\/www.kedali.com\/wp-content\/uploads\/2025\/10\/wholesale-ceramic-cup-3-600x600.webp 600w, https:\/\/www.kedali.com\/wp-content\/uploads\/2025\/10\/wholesale-ceramic-cup-3-100x100.webp 100w\" sizes=\"(max-width: 800px) 100vw, 800px\" \/><\/figure>\n<\/div>\n\n\n\n<div class=\"wp-block-column is-layout-flow wp-block-column-is-layout-flow\">\n<figure class=\"wp-block-image size-full\"><img decoding=\"async\" width=\"800\" height=\"800\" src=\"https:\/\/www.kedali.com\/wp-content\/uploads\/2025\/10\/wholesale-ceramic-cup-4.webp\" alt=\"tasse en c\u00e9ramique en gros 4\" class=\"wp-image-788\" srcset=\"https:\/\/www.kedali.com\/wp-content\/uploads\/2025\/10\/wholesale-ceramic-cup-4.webp 800w, https:\/\/www.kedali.com\/wp-content\/uploads\/2025\/10\/wholesale-ceramic-cup-4-300x300.webp 300w, https:\/\/www.kedali.com\/wp-content\/uploads\/2025\/10\/wholesale-ceramic-cup-4-150x150.webp 150w, https:\/\/www.kedali.com\/wp-content\/uploads\/2025\/10\/wholesale-ceramic-cup-4-768x768.webp 768w, https:\/\/www.kedali.com\/wp-content\/uploads\/2025\/10\/wholesale-ceramic-cup-4-600x600.webp 600w, https:\/\/www.kedali.com\/wp-content\/uploads\/2025\/10\/wholesale-ceramic-cup-4-100x100.webp 100w\" sizes=\"(max-width: 800px) 100vw, 800px\" \/><\/figure>\n<\/div>\n<\/div>","protected":false},"excerpt":{"rendered":"<p>Vente en gros de tasses en c\u00e9ramique. Fabriqu\u00e9es en porcelaine durable et dot\u00e9es d'un couvercle en silicone doux au toucher, ces tasses allient un design ludique \u00e0 une utilisation quotidienne. Elles sont id\u00e9ales pour le caf\u00e9, le th\u00e9 ou les moments de voyage pleins de personnalit\u00e9. Contactez-nous pour obtenir un prix d'usine !<\/p>\n<h2>Sp\u00e9cifications de la tasse en c\u00e9ramique<\/h2>\n<table style=\"border-collapse: collapse; width: 235.03pt;\" border=\"0\" width=\"235\" cellspacing=\"0\" cellpadding=\"0\">\n<tbody>\n<tr style=\"height: 17.00pt;\">\n<td class=\"et2\" style=\"height: 17.00pt; width: 69.55pt;\" width=\"69\" height=\"17\">Marque<\/td>\n<td class=\"et2\" style=\"width: 166.40pt;\" width=\"166\">KDL<\/td>\n<\/tr>\n<tr style=\"height: 17.00pt;\">\n<td class=\"et2\" style=\"height: 17.00pt; width: 69.55pt;\" width=\"69\" height=\"17\">Mod\u00e8le<\/td>\n<td class=\"et2\" style=\"width: 166.40pt;\" width=\"166\">TBQ945-6+G-A966<\/td>\n<\/tr>\n<tr style=\"height: 17.00pt;\">\n<td class=\"et2\" style=\"height: 17.00pt; width: 69.55pt;\" width=\"69\" height=\"17\">Mat\u00e9riau<\/td>\n<td class=\"et2\" style=\"width: 166.40pt;\" width=\"166\">c\u00e9ramique<\/td>\n<\/tr>\n<tr style=\"height: 17.00pt;\">\n<td class=\"et2\" style=\"height: 17.00pt; width: 69.55pt;\" width=\"69\" height=\"17\">couleur<\/td>\n<td class=\"et2\" style=\"width: 166.40pt;\" width=\"166\">bleu\/jaune\/rouge<\/td>\n<\/tr>\n<tr style=\"height: 17.00pt;\">\n<td class=\"et2\" style=\"height: 17.00pt; width: 69.55pt;\" width=\"69\" height=\"17\">Application<\/td>\n<td class=\"et2\" style=\"width: 166.40pt;\" width=\"166\">\n<p>mug en c\u00e9ramique<\/p>\n<\/td>\n<\/tr>\n<tr style=\"height: 17.00pt;\">\n<td class=\"et2\" style=\"height: 17.00pt; width: 69.55pt;\" width=\"69\" height=\"17\">Fonctionnalit\u00e9<\/td>\n<td class=\"et2\" style=\"width: 166.40pt;\" width=\"166\">d\u00e9calcomanie<\/td>\n<\/tr>\n<tr style=\"height: 17.00pt;\">\n<td class=\"et2\" style=\"height: 17.00pt; width: 69.55pt;\" width=\"69\" height=\"17\">Dimensions<\/td>\n<td class=\"et2\" style=\"width: 166.40pt;\" width=\"166\">9,9*9,9*15,2cm<\/td>\n<\/tr>\n<tr style=\"height: 34.00pt;\">\n<td class=\"et2\" style=\"height: 34.00pt; width: 69.55pt;\" width=\"69\" height=\"34\">Poids brut (kg)<\/td>\n<td class=\"et2\" style=\"width: 166.40pt;\" align=\"right\" width=\"166\">0.4<\/td>\n<\/tr>\n<tr style=\"height: 51.00pt;\">\n<td class=\"et2\" style=\"height: 51.00pt; width: 69.55pt;\" width=\"69\" height=\"51\">Quantit\u00e9 minimale de commande<\/td>\n<td class=\"et2\" style=\"width: 166.40pt;\" width=\"166\">800 jeux<\/td>\n<\/tr>\n<\/tbody>\n<\/table>\n<p>&nbsp;<\/p>\n<p><script src=\"chrome-extension:\/\/fpelahbljekknahkcaegamhcndkfpfnc\/iFrame.js\" type=\"text\/javascript\"><\/script><\/p>\n<p><script src=\"chrome-extension:\/\/fpelahbljekknahkcaegamhcndkfpfnc\/iFrame.js\" type=\"text\/javascript\"><\/script><\/p>","protected":false},"featured_media":788,"comment_status":"closed","ping_status":"closed","template":"","meta":{"_acf_changed":false},"product_brand":[],"product_cat":[21],"product_tag":[],"class_list":{"0":"post-779","1":"product","2":"type-product","3":"status-publish","4":"has-post-thumbnail","6":"product_cat-wholesale-ceramic-mugs-and-cups","8":"first","9":"instock","10":"shipping-taxable","11":"product-type-simple"},"acf":[],"_links":{"self":[{"href":"https:\/\/www.kedali.com\/fr\/wp-json\/wp\/v2\/product\/779","targetHints":{"allow":["GET"]}}],"collection":[{"href":"https:\/\/www.kedali.com\/fr\/wp-json\/wp\/v2\/product"}],"about":[{"href":"https:\/\/www.kedali.com\/fr\/wp-json\/wp\/v2\/types\/product"}],"replies":[{"embeddable":true,"href":"https:\/\/www.kedali.com\/fr\/wp-json\/wp\/v2\/comments?post=779"}],"wp:featuredmedia":[{"embeddable":true,"href":"https:\/\/www.kedali.com\/fr\/wp-json\/wp\/v2\/media\/788"}],"wp:attachment":[{"href":"https:\/\/www.kedali.com\/fr\/wp-json\/wp\/v2\/media?parent=779"}],"wp:term":[{"taxonomy":"product_brand","embeddable":true,"href":"https:\/\/www.kedali.com\/fr\/wp-json\/wp\/v2\/product_brand?post=779"},{"taxonomy":"product_cat","embeddable":true,"href":"https:\/\/www.kedali.com\/fr\/wp-json\/wp\/v2\/product_cat?post=779"},{"taxonomy":"product_tag","embeddable":true,"href":"https:\/\/www.kedali.com\/fr\/wp-json\/wp\/v2\/product_tag?post=779"}],"curies":[{"name":"wp","href":"https:\/\/api.w.org\/{rel}","templated":true}]}}