{"id":909,"date":"2025-10-05T09:08:16","date_gmt":"2025-10-05T09:08:16","guid":{"rendered":"https:\/\/www.kedali.com\/?post_type=product&#038;p=909"},"modified":"2025-11-13T02:52:16","modified_gmt":"2025-11-13T02:52:16","slug":"wholesale-ceramic-mugs-with-floral-pattern","status":"publish","type":"product","link":"https:\/\/www.kedali.com\/fr\/produit\/wholesale-ceramic-mugs-with-floral-pattern\/","title":{"rendered":"Tasses en c\u00e9ramique de gros avec motif floral - Support OEM et ODM"},"content":{"rendered":"<div class=\"wp-block-columns is-layout-flex wp-container-core-columns-is-layout-9d6595d7 wp-block-columns-is-layout-flex\">\n<div class=\"wp-block-column is-layout-flow wp-block-column-is-layout-flow\">\n<h3 class=\"wp-block-heading\">Caract\u00e9ristiques des tasses en c\u00e9ramique<\/h3>\n\n\n\n<ul class=\"wp-block-list\">\n<li><strong>Peint \u00e0 la main Faith &amp; Floral Design : <\/strong>Chaque c\u00e9ramique pr\u00e9sente des fleurs dessin\u00e9es \u00e0 la main et des phrases \u00e9crites \u00e0 la main en bleu. Cet \u00e9l\u00e9gant m\u00e9lange cr\u00e9e un look serein et \u00e9l\u00e9gant qui c\u00e9l\u00e8bre la foi et la joie de vivre au quotidien.<\/li>\n<\/ul>\n\n\n\n<ul class=\"wp-block-list\">\n<li><strong>Fabrication en c\u00e9ramique de premi\u00e8re qualit\u00e9 : <\/strong>Fabriqu\u00e9es en c\u00e9ramique blanche lisse avec une finition glac\u00e9e brillante, ces tasses sont durables, faciles \u00e0 nettoyer et agr\u00e9ables \u00e0 tenir. <\/li>\n<\/ul>\n\n\n\n<ul class=\"wp-block-list\">\n<li><strong>Design confortable et fonctionnel : <\/strong>Le large goulot et la poign\u00e9e ergonomique garantissent une prise en main confortable et une d\u00e9gustation facile. Parfait pour savourer des boissons chaudes comme le caf\u00e9, le th\u00e9 ou le chocolat chaud lors de vos matin\u00e9es douillettes ou de vos moments de lecture en toute tranquillit\u00e9.<\/li>\n<\/ul>\n\n\n\n<ul class=\"wp-block-list\">\n<li><strong>Ambiance esth\u00e9tique du style de vie : <\/strong>Con\u00e7u pour les int\u00e9rieurs sereins. Apporte de la chaleur et une touche de spiritualit\u00e9 \u00e0 tout coin repas ou lecture.<\/li>\n<\/ul>\n\n\n\n<h3 class=\"wp-block-heading\">Service sur mesure<\/h3>\n\n\n\n<ul class=\"wp-block-list\">\n<li>Support OEM et ODM<\/li>\n\n\n\n<li>Livraison rapide d'\u00e9chantillons.<\/li>\n\n\n\n<li>Fournir des produits personnalis\u00e9s en termes de forme, de couleur, de motif, d'emballage et d'autres services personnalis\u00e9s.<\/li>\n<\/ul>\n<\/div>\n\n\n\n<div class=\"wp-block-column is-layout-flow wp-block-column-is-layout-flow\">\n<figure class=\"wp-block-image size-full\"><img decoding=\"async\" width=\"800\" height=\"800\" src=\"https:\/\/www.kedali.com\/wp-content\/uploads\/2025\/11\/wholesale-flower-decor-ceramic-mug-7.webp\" alt=\"mugs en c\u00e9ramique d\u00e9cor\u00e9s de fleurs en gros 7\" class=\"wp-image-916\" srcset=\"https:\/\/www.kedali.com\/wp-content\/uploads\/2025\/11\/wholesale-flower-decor-ceramic-mug-7.webp 800w, https:\/\/www.kedali.com\/wp-content\/uploads\/2025\/11\/wholesale-flower-decor-ceramic-mug-7-300x300.webp 300w, https:\/\/www.kedali.com\/wp-content\/uploads\/2025\/11\/wholesale-flower-decor-ceramic-mug-7-150x150.webp 150w, https:\/\/www.kedali.com\/wp-content\/uploads\/2025\/11\/wholesale-flower-decor-ceramic-mug-7-768x768.webp 768w, https:\/\/www.kedali.com\/wp-content\/uploads\/2025\/11\/wholesale-flower-decor-ceramic-mug-7-600x600.webp 600w, https:\/\/www.kedali.com\/wp-content\/uploads\/2025\/11\/wholesale-flower-decor-ceramic-mug-7-100x100.webp 100w\" sizes=\"(max-width: 800px) 100vw, 800px\" \/><\/figure>\n<\/div>\n<\/div>\n\n\n\n<div class=\"wp-block-columns is-layout-flex wp-container-core-columns-is-layout-9d6595d7 wp-block-columns-is-layout-flex\">\n<div class=\"wp-block-column is-layout-flow wp-block-column-is-layout-flow\">\n<figure class=\"wp-block-image size-full\"><img decoding=\"async\" width=\"1328\" height=\"1328\" src=\"https:\/\/www.kedali.com\/wp-content\/uploads\/2025\/11\/wholesale-flower-decor-ceramic-mug-3.webp\" alt=\"mugs en c\u00e9ramique d\u00e9cor\u00e9s de fleurs en gros 3\" class=\"wp-image-912\" srcset=\"https:\/\/www.kedali.com\/wp-content\/uploads\/2025\/11\/wholesale-flower-decor-ceramic-mug-3.webp 1328w, https:\/\/www.kedali.com\/wp-content\/uploads\/2025\/11\/wholesale-flower-decor-ceramic-mug-3-300x300.webp 300w, https:\/\/www.kedali.com\/wp-content\/uploads\/2025\/11\/wholesale-flower-decor-ceramic-mug-3-150x150.webp 150w, https:\/\/www.kedali.com\/wp-content\/uploads\/2025\/11\/wholesale-flower-decor-ceramic-mug-3-768x768.webp 768w, https:\/\/www.kedali.com\/wp-content\/uploads\/2025\/11\/wholesale-flower-decor-ceramic-mug-3-1200x1200.webp 1200w, https:\/\/www.kedali.com\/wp-content\/uploads\/2025\/11\/wholesale-flower-decor-ceramic-mug-3-600x600.webp 600w, https:\/\/www.kedali.com\/wp-content\/uploads\/2025\/11\/wholesale-flower-decor-ceramic-mug-3-100x100.webp 100w\" sizes=\"(max-width: 1328px) 100vw, 1328px\" \/><\/figure>\n<\/div>\n\n\n\n<div class=\"wp-block-column is-layout-flow wp-block-column-is-layout-flow\">\n<figure class=\"wp-block-image size-full\"><img decoding=\"async\" width=\"1328\" height=\"1328\" src=\"https:\/\/www.kedali.com\/wp-content\/uploads\/2025\/11\/wholesale-flower-decor-ceramic-mug-4.webp\" alt=\"mugs en c\u00e9ramique d\u00e9cor\u00e9s de fleurs en gros 4\" class=\"wp-image-913\" srcset=\"https:\/\/www.kedali.com\/wp-content\/uploads\/2025\/11\/wholesale-flower-decor-ceramic-mug-4.webp 1328w, https:\/\/www.kedali.com\/wp-content\/uploads\/2025\/11\/wholesale-flower-decor-ceramic-mug-4-300x300.webp 300w, https:\/\/www.kedali.com\/wp-content\/uploads\/2025\/11\/wholesale-flower-decor-ceramic-mug-4-150x150.webp 150w, https:\/\/www.kedali.com\/wp-content\/uploads\/2025\/11\/wholesale-flower-decor-ceramic-mug-4-768x768.webp 768w, https:\/\/www.kedali.com\/wp-content\/uploads\/2025\/11\/wholesale-flower-decor-ceramic-mug-4-1200x1200.webp 1200w, https:\/\/www.kedali.com\/wp-content\/uploads\/2025\/11\/wholesale-flower-decor-ceramic-mug-4-600x600.webp 600w, https:\/\/www.kedali.com\/wp-content\/uploads\/2025\/11\/wholesale-flower-decor-ceramic-mug-4-100x100.webp 100w\" sizes=\"(max-width: 1328px) 100vw, 1328px\" \/><\/figure>\n<\/div>\n<\/div>","protected":false},"excerpt":{"rendered":"<p>Tasses en c\u00e9ramique en gros. Avec leurs motifs floraux, ils offrent une esth\u00e9tique artistique unique. Approvisionnement direct de l'usine, obtenez un devis en gros maintenant !<\/p>\n<h2>Sp\u00e9cifications de la tasse en c\u00e9ramique<\/h2>\n<table width=\"235\">\n<tbody>\n<tr>\n<td width=\"69\">Marque<\/td>\n<td width=\"166\">KDL<\/td>\n<\/tr>\n<tr>\n<td width=\"69\">Mod\u00e8le<\/td>\n<td width=\"166\">TBQL101-5-A510<\/td>\n<\/tr>\n<tr>\n<td width=\"69\">Mat\u00e9riau<\/td>\n<td width=\"166\">c\u00e9ramique<\/td>\n<\/tr>\n<tr>\n<td width=\"69\">couleur<\/td>\n<td width=\"166\">blanc<\/td>\n<\/tr>\n<tr>\n<td width=\"69\">Application<\/td>\n<td width=\"166\">mug en c\u00e9ramique<\/td>\n<\/tr>\n<tr>\n<td width=\"69\">Fonctionnalit\u00e9<\/td>\n<td width=\"166\">d\u00e9calcomanie<\/td>\n<\/tr>\n<tr>\n<td width=\"69\">Dimensions<\/td>\n<td width=\"166\">12,5*9*9,5cm<\/td>\n<\/tr>\n<tr>\n<td width=\"69\">Poids brut (kg)<\/td>\n<td width=\"166\">0.32<\/td>\n<\/tr>\n<tr>\n<td width=\"69\">Quantit\u00e9 minimale de commande<\/td>\n<td width=\"166\">800 jeux<\/td>\n<\/tr>\n<\/tbody>\n<\/table>\n<p>&nbsp;<\/p>\n<p><script src=\"chrome-extension:\/\/fpelahbljekknahkcaegamhcndkfpfnc\/iFrame.js\" type=\"text\/javascript\"><\/script><\/p>","protected":false},"featured_media":911,"comment_status":"closed","ping_status":"closed","template":"","meta":{"_acf_changed":false},"product_brand":[],"product_cat":[21],"product_tag":[],"class_list":{"0":"post-909","1":"product","2":"type-product","3":"status-publish","4":"has-post-thumbnail","6":"product_cat-wholesale-ceramic-mugs-and-cups","8":"first","9":"instock","10":"shipping-taxable","11":"product-type-simple"},"acf":[],"_links":{"self":[{"href":"https:\/\/www.kedali.com\/fr\/wp-json\/wp\/v2\/product\/909","targetHints":{"allow":["GET"]}}],"collection":[{"href":"https:\/\/www.kedali.com\/fr\/wp-json\/wp\/v2\/product"}],"about":[{"href":"https:\/\/www.kedali.com\/fr\/wp-json\/wp\/v2\/types\/product"}],"replies":[{"embeddable":true,"href":"https:\/\/www.kedali.com\/fr\/wp-json\/wp\/v2\/comments?post=909"}],"wp:featuredmedia":[{"embeddable":true,"href":"https:\/\/www.kedali.com\/fr\/wp-json\/wp\/v2\/media\/911"}],"wp:attachment":[{"href":"https:\/\/www.kedali.com\/fr\/wp-json\/wp\/v2\/media?parent=909"}],"wp:term":[{"taxonomy":"product_brand","embeddable":true,"href":"https:\/\/www.kedali.com\/fr\/wp-json\/wp\/v2\/product_brand?post=909"},{"taxonomy":"product_cat","embeddable":true,"href":"https:\/\/www.kedali.com\/fr\/wp-json\/wp\/v2\/product_cat?post=909"},{"taxonomy":"product_tag","embeddable":true,"href":"https:\/\/www.kedali.com\/fr\/wp-json\/wp\/v2\/product_tag?post=909"}],"curies":[{"name":"wp","href":"https:\/\/api.w.org\/{rel}","templated":true}]}}