{"id":917,"date":"2025-10-05T09:03:27","date_gmt":"2025-10-05T09:03:27","guid":{"rendered":"https:\/\/www.kedali.com\/?post_type=product&#038;p=917"},"modified":"2025-11-13T02:49:19","modified_gmt":"2025-11-13T02:49:19","slug":"bulk-classic-ceramic-coffee-cup-supply","status":"publish","type":"product","link":"https:\/\/www.kedali.com\/fr\/produit\/bulk-classic-ceramic-coffee-cup-supply\/","title":{"rendered":"Bulk Classic Ceramic Coffee Cup Supply - avec poign\u00e9e dor\u00e9e \u00e9l\u00e9gante"},"content":{"rendered":"<div class=\"wp-block-columns is-layout-flex wp-container-core-columns-is-layout-9d6595d7 wp-block-columns-is-layout-flex\">\n<div class=\"wp-block-column is-layout-flow wp-block-column-is-layout-flow\">\n<h3 class=\"wp-block-heading\">Caract\u00e9ristiques de la tasse \u00e0 caf\u00e9 en c\u00e9ramique<\/h3>\n\n\n\n<ul class=\"wp-block-list\">\n<li><strong>Poign\u00e9e dor\u00e9e : <\/strong>Chaque tasse \u00e0 caf\u00e9 en c\u00e9ramique est munie d'une anse en m\u00e9tal dor\u00e9 aux formes uniques - des anneaux circulaires aux barres g\u00e9om\u00e9triques en passant par les sph\u00e8res minimalistes - qui ajoute une touche de luxe et de flair artistique.<\/li>\n<\/ul>\n\n\n\n<ul class=\"wp-block-list\">\n<li><strong>C\u00e9ramique lisse Finition :<\/strong> Fabriqu\u00e9es en c\u00e9ramique \u00e9maill\u00e9e de premi\u00e8re qualit\u00e9, les tasses \u00e0 caf\u00e9 en c\u00e9ramique sont douces au toucher, faciles \u00e0 nettoyer et tr\u00e8s durables. <\/li>\n<\/ul>\n\n\n\n<ul class=\"wp-block-list\">\n<li><strong>Forme moderne et design ergonomique : <\/strong>Avec des silhouettes cylindriques l\u00e9g\u00e8rement arrondies, chaque tasse offre une prise en main confortable et un poids \u00e9quilibr\u00e9. <\/li>\n<\/ul>\n\n\n\n<ul class=\"wp-block-list\">\n<li><strong>\u00c9l\u00e9gant pour toutes les occasions : <\/strong>Du petit-d\u00e9jeuner au th\u00e9 de l'apr\u00e8s-midi, cette tasse \u00e0 caf\u00e9 en c\u00e9ramique s'int\u00e8gre parfaitement dans les int\u00e9rieurs minimalistes, nordiques ou contemporains.<\/li>\n<\/ul>\n\n\n\n<h3 class=\"wp-block-heading\">Service sur mesure<\/h3>\n\n\n\n<ul class=\"wp-block-list\">\n<li>Support OEM et ODM<\/li>\n\n\n\n<li>Livraison rapide d'\u00e9chantillons.<\/li>\n\n\n\n<li>Fournir des produits personnalis\u00e9s en termes de forme, de couleur, de motif, d'emballage et d'autres services personnalis\u00e9s.<\/li>\n<\/ul>\n<\/div>\n\n\n\n<div class=\"wp-block-column is-layout-flow wp-block-column-is-layout-flow\">\n<figure class=\"wp-block-image size-full\"><img decoding=\"async\" width=\"800\" height=\"800\" src=\"https:\/\/www.kedali.com\/wp-content\/uploads\/2025\/11\/bulk-elegant-ceramic-coffee-cup-6.webp\" alt=\"tasse \u00e0 caf\u00e9 en c\u00e9ramique \u00e9l\u00e9gante en vrac 6\" class=\"wp-image-923\" srcset=\"https:\/\/www.kedali.com\/wp-content\/uploads\/2025\/11\/bulk-elegant-ceramic-coffee-cup-6.webp 800w, https:\/\/www.kedali.com\/wp-content\/uploads\/2025\/11\/bulk-elegant-ceramic-coffee-cup-6-300x300.webp 300w, https:\/\/www.kedali.com\/wp-content\/uploads\/2025\/11\/bulk-elegant-ceramic-coffee-cup-6-150x150.webp 150w, https:\/\/www.kedali.com\/wp-content\/uploads\/2025\/11\/bulk-elegant-ceramic-coffee-cup-6-768x768.webp 768w, https:\/\/www.kedali.com\/wp-content\/uploads\/2025\/11\/bulk-elegant-ceramic-coffee-cup-6-600x600.webp 600w, https:\/\/www.kedali.com\/wp-content\/uploads\/2025\/11\/bulk-elegant-ceramic-coffee-cup-6-100x100.webp 100w\" sizes=\"(max-width: 800px) 100vw, 800px\" \/><\/figure>\n<\/div>\n<\/div>\n\n\n\n<div class=\"wp-block-columns is-layout-flex wp-container-core-columns-is-layout-9d6595d7 wp-block-columns-is-layout-flex\">\n<div class=\"wp-block-column is-layout-flow wp-block-column-is-layout-flow\">\n<figure class=\"wp-block-image size-full\"><img decoding=\"async\" width=\"800\" height=\"800\" src=\"https:\/\/www.kedali.com\/wp-content\/uploads\/2025\/11\/bulk-elegant-ceramic-coffee-cup-5.webp\" alt=\"tasse \u00e0 caf\u00e9 en c\u00e9ramique \u00e9l\u00e9gante en vrac 5\" class=\"wp-image-922\" srcset=\"https:\/\/www.kedali.com\/wp-content\/uploads\/2025\/11\/bulk-elegant-ceramic-coffee-cup-5.webp 800w, https:\/\/www.kedali.com\/wp-content\/uploads\/2025\/11\/bulk-elegant-ceramic-coffee-cup-5-300x300.webp 300w, https:\/\/www.kedali.com\/wp-content\/uploads\/2025\/11\/bulk-elegant-ceramic-coffee-cup-5-150x150.webp 150w, https:\/\/www.kedali.com\/wp-content\/uploads\/2025\/11\/bulk-elegant-ceramic-coffee-cup-5-768x768.webp 768w, https:\/\/www.kedali.com\/wp-content\/uploads\/2025\/11\/bulk-elegant-ceramic-coffee-cup-5-600x600.webp 600w, https:\/\/www.kedali.com\/wp-content\/uploads\/2025\/11\/bulk-elegant-ceramic-coffee-cup-5-100x100.webp 100w\" sizes=\"(max-width: 800px) 100vw, 800px\" \/><\/figure>\n<\/div>\n\n\n\n<div class=\"wp-block-column is-layout-flow wp-block-column-is-layout-flow\">\n<figure class=\"wp-block-image size-full\"><img decoding=\"async\" width=\"800\" height=\"800\" src=\"https:\/\/www.kedali.com\/wp-content\/uploads\/2025\/11\/bulk-elegant-ceramic-coffee-cup-3.webp\" alt=\"tasse \u00e0 caf\u00e9 en c\u00e9ramique \u00e9l\u00e9gante en vrac 3\" class=\"wp-image-920\" srcset=\"https:\/\/www.kedali.com\/wp-content\/uploads\/2025\/11\/bulk-elegant-ceramic-coffee-cup-3.webp 800w, https:\/\/www.kedali.com\/wp-content\/uploads\/2025\/11\/bulk-elegant-ceramic-coffee-cup-3-300x300.webp 300w, https:\/\/www.kedali.com\/wp-content\/uploads\/2025\/11\/bulk-elegant-ceramic-coffee-cup-3-150x150.webp 150w, https:\/\/www.kedali.com\/wp-content\/uploads\/2025\/11\/bulk-elegant-ceramic-coffee-cup-3-768x768.webp 768w, https:\/\/www.kedali.com\/wp-content\/uploads\/2025\/11\/bulk-elegant-ceramic-coffee-cup-3-600x600.webp 600w, https:\/\/www.kedali.com\/wp-content\/uploads\/2025\/11\/bulk-elegant-ceramic-coffee-cup-3-100x100.webp 100w\" sizes=\"(max-width: 800px) 100vw, 800px\" \/><\/figure>\n<\/div>\n<\/div>","protected":false},"excerpt":{"rendered":"<p>Vente en gros de tasses \u00e0 caf\u00e9 en c\u00e9ramique. Nos tasses \u00e0 caf\u00e9 en c\u00e9ramique pr\u00e9sentent des finitions \u00e9maill\u00e9es lisses, de riches options de couleurs et de luxueuses poign\u00e9es dor\u00e9es. Parfaites pour les caf\u00e9s \u00e0 domicile, les installations de bureau ou les cadeaux attentionn\u00e9s - o\u00f9 le style rencontre la fonction. Obtenez votre devis maintenant !<\/p>\n<h2>Sp\u00e9cifications de la tasse \u00e0 caf\u00e9 en c\u00e9ramique<\/h2>\n<table width=\"235\">\n<tbody>\n<tr>\n<td width=\"69\">Marque<\/td>\n<td width=\"166\">KDL<\/td>\n<\/tr>\n<tr>\n<td width=\"69\">Mod\u00e8le<\/td>\n<td width=\"166\">TBS588<\/td>\n<\/tr>\n<tr>\n<td width=\"69\">Mat\u00e9riau<\/td>\n<td width=\"166\">c\u00e9ramique<\/td>\n<\/tr>\n<tr>\n<td width=\"69\">couleur<\/td>\n<td width=\"166\">personnalis\u00e9<\/td>\n<\/tr>\n<tr>\n<td width=\"69\">Application<\/td>\n<td width=\"166\">tasse \u00e0 caf\u00e9 en c\u00e9ramique<\/td>\n<\/tr>\n<tr>\n<td width=\"69\">Fonctionnalit\u00e9<\/td>\n<td width=\"166\">couleur \u00e9maill\u00e9e<\/td>\n<\/tr>\n<tr>\n<td width=\"69\">Dimensions<\/td>\n<td width=\"166\">11,7*8,2*9,1cm<\/td>\n<\/tr>\n<tr>\n<td width=\"69\">Poids brut (kg)<\/td>\n<td width=\"166\">0.33<\/td>\n<\/tr>\n<tr>\n<td width=\"69\">Quantit\u00e9 minimale de commande<\/td>\n<td width=\"166\">800 jeux<\/td>\n<\/tr>\n<\/tbody>\n<\/table>\n<p>&nbsp;<\/p>\n<p><script src=\"chrome-extension:\/\/fpelahbljekknahkcaegamhcndkfpfnc\/iFrame.js\" type=\"text\/javascript\"><\/script><\/p>","protected":false},"featured_media":918,"comment_status":"closed","ping_status":"closed","template":"","meta":{"_acf_changed":false},"product_brand":[],"product_cat":[21],"product_tag":[],"class_list":{"0":"post-917","1":"product","2":"type-product","3":"status-publish","4":"has-post-thumbnail","6":"product_cat-wholesale-ceramic-mugs-and-cups","8":"first","9":"instock","10":"shipping-taxable","11":"product-type-simple"},"acf":[],"_links":{"self":[{"href":"https:\/\/www.kedali.com\/fr\/wp-json\/wp\/v2\/product\/917","targetHints":{"allow":["GET"]}}],"collection":[{"href":"https:\/\/www.kedali.com\/fr\/wp-json\/wp\/v2\/product"}],"about":[{"href":"https:\/\/www.kedali.com\/fr\/wp-json\/wp\/v2\/types\/product"}],"replies":[{"embeddable":true,"href":"https:\/\/www.kedali.com\/fr\/wp-json\/wp\/v2\/comments?post=917"}],"wp:featuredmedia":[{"embeddable":true,"href":"https:\/\/www.kedali.com\/fr\/wp-json\/wp\/v2\/media\/918"}],"wp:attachment":[{"href":"https:\/\/www.kedali.com\/fr\/wp-json\/wp\/v2\/media?parent=917"}],"wp:term":[{"taxonomy":"product_brand","embeddable":true,"href":"https:\/\/www.kedali.com\/fr\/wp-json\/wp\/v2\/product_brand?post=917"},{"taxonomy":"product_cat","embeddable":true,"href":"https:\/\/www.kedali.com\/fr\/wp-json\/wp\/v2\/product_cat?post=917"},{"taxonomy":"product_tag","embeddable":true,"href":"https:\/\/www.kedali.com\/fr\/wp-json\/wp\/v2\/product_tag?post=917"}],"curies":[{"name":"wp","href":"https:\/\/api.w.org\/{rel}","templated":true}]}}