{"id":960,"date":"2025-10-05T10:24:12","date_gmt":"2025-10-05T10:24:12","guid":{"rendered":"https:\/\/www.kedali.com\/?post_type=product&#038;p=960"},"modified":"2026-02-09T13:22:23","modified_gmt":"2026-02-09T13:22:23","slug":"wholesale-ceramic-pet-food-storage-jars","status":"publish","type":"product","link":"https:\/\/www.kedali.com\/fr\/produit\/wholesale-ceramic-pet-food-storage-jars\/","title":{"rendered":"Grossiste pots de conservation en c\u00e9ramique pour aliments pour animaux de compagnie"},"content":{"rendered":"<div class=\"wp-block-columns is-layout-flex wp-container-core-columns-is-layout-9d6595d7 wp-block-columns-is-layout-flex\">\n<div class=\"wp-block-column is-layout-flow wp-block-column-is-layout-flow\">\n<h3 class=\"wp-block-heading\">Caract\u00e9ristiques des pots de conservation en c\u00e9ramique pour aliments pour animaux de compagnie<\/h3>\n\n\n\n<ul class=\"wp-block-list\">\n<li><strong>Conservation herm\u00e9tique et fra\u00eecheur :<\/strong> Le couvercle du bocal de conservation des aliments pour animaux de compagnie est dot\u00e9 d'un anneau d'\u00e9tanch\u00e9it\u00e9 en caoutchouc, qui cr\u00e9e un joint herm\u00e9tique emp\u00eachant les aliments de s'humidifier et de se g\u00e2ter, pour qu'ils restent frais et d\u00e9licieux plus longtemps.<\/li>\n\n\n\n<li><strong>Design magnifique et d\u00e9coratif :<\/strong> Le pot de stockage des aliments pour animaux de compagnie pr\u00e9sente une \u00e9l\u00e9gante combinaison de couleurs noire et blanche et une finition lisse semblable \u00e0 la c\u00e9ramique, ce qui en fait un bel ajout \u00e0 tout comptoir de cuisine ou garde-manger.<\/li>\n\n\n\n<li><strong>\u00c9tiquetage pratique : <\/strong>Le bocal de conservation des aliments pour animaux de compagnie est dot\u00e9 d'un panneau int\u00e9gr\u00e9 en forme de tableau noir. Vous pouvez ainsi facilement \u00e9tiqueter le contenu, par exemple \u201cnourriture pour chiens\u201d, \u201cfriandises pour chiens\u201d, \u201caliments secs\u201d ou \u201ccure-dents\u201d.\u201d<\/li>\n<\/ul>\n\n\n\n<h3 class=\"wp-block-heading\">Service sur mesure<\/h3>\n\n\n\n<ul class=\"wp-block-list\">\n<li>Support OEM et ODM<\/li>\n\n\n\n<li>Livraison rapide d'\u00e9chantillons.<\/li>\n\n\n\n<li>Fournir des produits personnalis\u00e9s en termes de forme, de couleur, de motif, d'emballage et d'autres services personnalis\u00e9s.<\/li>\n<\/ul>\n<\/div>\n\n\n\n<div class=\"wp-block-column is-layout-flow wp-block-column-is-layout-flow\">\n<figure class=\"wp-block-image size-full\"><img decoding=\"async\" width=\"800\" height=\"800\" src=\"https:\/\/www.kedali.com\/wp-content\/uploads\/2025\/11\/wholesale-dog-food-jar-6.webp\" alt=\"Pot de nourriture pour chien en gros (6)\" class=\"wp-image-966\" srcset=\"https:\/\/www.kedali.com\/wp-content\/uploads\/2025\/11\/wholesale-dog-food-jar-6.webp 800w, https:\/\/www.kedali.com\/wp-content\/uploads\/2025\/11\/wholesale-dog-food-jar-6-300x300.webp 300w, https:\/\/www.kedali.com\/wp-content\/uploads\/2025\/11\/wholesale-dog-food-jar-6-150x150.webp 150w, https:\/\/www.kedali.com\/wp-content\/uploads\/2025\/11\/wholesale-dog-food-jar-6-768x768.webp 768w, https:\/\/www.kedali.com\/wp-content\/uploads\/2025\/11\/wholesale-dog-food-jar-6-600x600.webp 600w, https:\/\/www.kedali.com\/wp-content\/uploads\/2025\/11\/wholesale-dog-food-jar-6-100x100.webp 100w\" sizes=\"(max-width: 800px) 100vw, 800px\" \/><\/figure>\n<\/div>\n<\/div>\n\n\n\n<div class=\"wp-block-columns is-layout-flex wp-container-core-columns-is-layout-9d6595d7 wp-block-columns-is-layout-flex\">\n<div class=\"wp-block-column is-layout-flow wp-block-column-is-layout-flow\">\n<figure class=\"wp-block-image size-full\"><img decoding=\"async\" width=\"800\" height=\"800\" src=\"https:\/\/www.kedali.com\/wp-content\/uploads\/2025\/11\/wholesale-dog-food-jar-2.webp\" alt=\"pots de nourriture pour chiens en gros (2)\" class=\"wp-image-962\" srcset=\"https:\/\/www.kedali.com\/wp-content\/uploads\/2025\/11\/wholesale-dog-food-jar-2.webp 800w, https:\/\/www.kedali.com\/wp-content\/uploads\/2025\/11\/wholesale-dog-food-jar-2-300x300.webp 300w, https:\/\/www.kedali.com\/wp-content\/uploads\/2025\/11\/wholesale-dog-food-jar-2-150x150.webp 150w, https:\/\/www.kedali.com\/wp-content\/uploads\/2025\/11\/wholesale-dog-food-jar-2-768x768.webp 768w, https:\/\/www.kedali.com\/wp-content\/uploads\/2025\/11\/wholesale-dog-food-jar-2-600x600.webp 600w, https:\/\/www.kedali.com\/wp-content\/uploads\/2025\/11\/wholesale-dog-food-jar-2-100x100.webp 100w\" sizes=\"(max-width: 800px) 100vw, 800px\" \/><\/figure>\n<\/div>\n\n\n\n<div class=\"wp-block-column is-layout-flow wp-block-column-is-layout-flow\">\n<figure class=\"wp-block-image size-full\"><img decoding=\"async\" width=\"800\" height=\"800\" src=\"https:\/\/www.kedali.com\/wp-content\/uploads\/2025\/11\/wholesale-dog-food-jar-5.webp\" alt=\"Pot de nourriture pour chien en gros (5)\" class=\"wp-image-965\" srcset=\"https:\/\/www.kedali.com\/wp-content\/uploads\/2025\/11\/wholesale-dog-food-jar-5.webp 800w, https:\/\/www.kedali.com\/wp-content\/uploads\/2025\/11\/wholesale-dog-food-jar-5-300x300.webp 300w, https:\/\/www.kedali.com\/wp-content\/uploads\/2025\/11\/wholesale-dog-food-jar-5-150x150.webp 150w, https:\/\/www.kedali.com\/wp-content\/uploads\/2025\/11\/wholesale-dog-food-jar-5-768x768.webp 768w, https:\/\/www.kedali.com\/wp-content\/uploads\/2025\/11\/wholesale-dog-food-jar-5-600x600.webp 600w, https:\/\/www.kedali.com\/wp-content\/uploads\/2025\/11\/wholesale-dog-food-jar-5-100x100.webp 100w\" sizes=\"(max-width: 800px) 100vw, 800px\" \/><\/figure>\n<\/div>\n<\/div>","protected":false},"excerpt":{"rendered":"<p>Vente en gros de pots de nourriture pour chiens et chats. Les couvercles sont dot\u00e9s d'un joint interne en silicone qui pr\u00e9serve la fra\u00eecheur, maintient la saveur et pr\u00e9vient les parasites. Le design classique noir et blanc s'harmonise avec tout d\u00e9cor de cuisine ou de garde-manger.<\/p>\n<p>En tant qu'usine de porcelaine, nous prenons en charge les demandes OEM et ODM et proposons des prix d'usine. N'h\u00e9sitez pas \u00e0 nous contacter.<\/p>\n<h2>Sp\u00e9cifications de la jarre de conservation des aliments pour animaux de compagnie en c\u00e9ramique<\/h2>\n<table style=\"border-collapse: collapse; width: 272.27pt;\" border=\"0\" width=\"363\" cellspacing=\"0\" cellpadding=\"0\">\n<tbody>\n<tr style=\"height: 13.50pt;\">\n<td class=\"et2\" style=\"height: 13.50pt; width: 80.25pt;\" width=\"107\" height=\"18\">Marque<\/td>\n<td class=\"et2\" style=\"width: 192.00pt;\" width=\"256\">KDL<\/td>\n<\/tr>\n<tr style=\"height: 13.50pt;\">\n<td class=\"et2\" style=\"height: 13.50pt; width: 80.25pt;\" width=\"107\" height=\"18\">Mod\u00e8le<\/td>\n<td class=\"et2\" style=\"width: 192.00pt;\" width=\"256\">DTGS2147A-8<\/td>\n<\/tr>\n<tr style=\"height: 13.50pt;\">\n<td class=\"et2\" style=\"height: 13.50pt; width: 80.25pt;\" width=\"107\" height=\"18\">Mat\u00e9riau<\/td>\n<td class=\"et2\" style=\"width: 192.00pt;\" width=\"256\">c\u00e9ramique<\/td>\n<\/tr>\n<tr style=\"height: 13.50pt;\">\n<td class=\"et2\" style=\"height: 13.50pt; width: 80.25pt;\" width=\"107\" height=\"18\">couleur<\/td>\n<td class=\"et2\" style=\"width: 192.00pt;\" width=\"256\">noir et blanc<\/td>\n<\/tr>\n<tr style=\"height: 13.50pt;\">\n<td class=\"et2\" style=\"height: 13.50pt; width: 80.25pt;\" width=\"107\" height=\"18\">Application<\/td>\n<td class=\"et2\" style=\"width: 192.00pt;\" width=\"256\">stockage d'aliments pour animaux de compagnie<\/td>\n<\/tr>\n<tr style=\"height: 13.50pt;\">\n<td class=\"et2\" style=\"height: 13.50pt; width: 80.25pt;\" width=\"107\" height=\"18\">Fonctionnalit\u00e9<\/td>\n<td class=\"et2\" style=\"width: 192.00pt;\" width=\"256\">couleur \u00e9maill\u00e9e<\/td>\n<\/tr>\n<tr style=\"height: 13.50pt;\">\n<td class=\"et2\" style=\"height: 13.50pt; width: 80.25pt;\" width=\"107\" height=\"18\">Dimensions<\/td>\n<td class=\"et2\" style=\"width: 192.00pt;\" width=\"256\">12.7*12.7*20cm<\/td>\n<\/tr>\n<tr style=\"height: 27.00pt;\">\n<td class=\"et2\" style=\"height: 27.00pt; width: 80.25pt;\" width=\"107\" height=\"36\">Poids brut (kg)<\/td>\n<td class=\"et2\" style=\"width: 192.00pt;\" width=\"256\">1,5 kg<\/td>\n<\/tr>\n<tr style=\"height: 40.50pt;\">\n<td class=\"et2\" style=\"height: 40.50pt; width: 80.25pt;\" width=\"107\" height=\"54\">Quantit\u00e9 minimale de commande<\/td>\n<td class=\"et2\" style=\"width: 192.00pt;\" width=\"256\">800 jeux<\/td>\n<\/tr>\n<\/tbody>\n<\/table>\n<p><script src=\"chrome-extension:\/\/fpelahbljekknahkcaegamhcndkfpfnc\/iFrame.js\" type=\"text\/javascript\"><\/script><\/p>","protected":false},"featured_media":961,"comment_status":"closed","ping_status":"closed","template":"","meta":{"_acf_changed":false},"product_brand":[],"product_cat":[22,55],"product_tag":[],"class_list":{"0":"post-960","1":"product","2":"type-product","3":"status-publish","4":"has-post-thumbnail","6":"product_cat-wholesale-ceramic-pet-supplies","7":"product_cat-wholesale-pet-storage","9":"first","10":"instock","11":"shipping-taxable","12":"product-type-simple"},"acf":[],"_links":{"self":[{"href":"https:\/\/www.kedali.com\/fr\/wp-json\/wp\/v2\/product\/960","targetHints":{"allow":["GET"]}}],"collection":[{"href":"https:\/\/www.kedali.com\/fr\/wp-json\/wp\/v2\/product"}],"about":[{"href":"https:\/\/www.kedali.com\/fr\/wp-json\/wp\/v2\/types\/product"}],"replies":[{"embeddable":true,"href":"https:\/\/www.kedali.com\/fr\/wp-json\/wp\/v2\/comments?post=960"}],"wp:featuredmedia":[{"embeddable":true,"href":"https:\/\/www.kedali.com\/fr\/wp-json\/wp\/v2\/media\/961"}],"wp:attachment":[{"href":"https:\/\/www.kedali.com\/fr\/wp-json\/wp\/v2\/media?parent=960"}],"wp:term":[{"taxonomy":"product_brand","embeddable":true,"href":"https:\/\/www.kedali.com\/fr\/wp-json\/wp\/v2\/product_brand?post=960"},{"taxonomy":"product_cat","embeddable":true,"href":"https:\/\/www.kedali.com\/fr\/wp-json\/wp\/v2\/product_cat?post=960"},{"taxonomy":"product_tag","embeddable":true,"href":"https:\/\/www.kedali.com\/fr\/wp-json\/wp\/v2\/product_tag?post=960"}],"curies":[{"name":"wp","href":"https:\/\/api.w.org\/{rel}","templated":true}]}}