{"id":968,"date":"2025-10-05T10:52:14","date_gmt":"2025-10-05T10:52:14","guid":{"rendered":"https:\/\/www.kedali.com\/?post_type=product&#038;p=968"},"modified":"2026-02-09T13:22:15","modified_gmt":"2026-02-09T13:22:15","slug":"wholesale-ceramic-cat-bowl-set","status":"publish","type":"product","link":"https:\/\/www.kedali.com\/fr\/produit\/wholesale-ceramic-cat-bowl-set\/","title":{"rendered":"Wholesale Ceramic Cat Bowl Set, Adorable Cat Ear Design"},"content":{"rendered":"<div class=\"wp-block-columns is-layout-flex wp-container-core-columns-is-layout-9d6595d7 wp-block-columns-is-layout-flex\">\n<div class=\"wp-block-column is-layout-flow wp-block-column-is-layout-flow\">\n<h3 class=\"wp-block-heading\">Caract\u00e9ristiques de l'ensemble de bols en c\u00e9ramique pour chats<\/h3>\n\n\n\n<ul class=\"wp-block-list\">\n<li><strong>Antibact\u00e9rien et r\u00e9sistant aux moisissures : <\/strong>La surface lisse en c\u00e9ramique emp\u00eache les r\u00e9sidus alimentaires de s'accumuler, ce qui facilite le nettoyage et r\u00e9duit efficacement la croissance bact\u00e9rienne, contribuant ainsi \u00e0 pr\u00e9server la sant\u00e9 digestive de votre animal.<\/li>\n\n\n\n<li><strong>Conception \u00e0 double bol :<\/strong> Un support m\u00e9tallique permet de ranger deux bols simultan\u00e9ment, ce qui est pratique pour que votre animal puisse boire et manger. Stimule l'app\u00e9tit : Les couleurs chaudes et le design des bols en c\u00e9ramique am\u00e9liorent l'attrait visuel de la nourriture, ce qui stimule indirectement l'app\u00e9tit de votre animal.<\/li>\n\n\n\n<li><strong>Facile \u00e0 nettoyer : <\/strong>Fabriqu\u00e9es en c\u00e9ramique douce et d\u00e9licate, les gamelles pour animaux de compagnie peuvent \u00eatre lav\u00e9es directement \u00e0 l'eau avec d'excellents r\u00e9sultats de nettoyage.<\/li>\n\n\n\n<li><strong>Personnalisation possible : <\/strong>Nous proposons des prix de gros et des services d'achat en gros, et nous pouvons personnaliser nos produits pour r\u00e9pondre aux divers besoins des entreprises et des particuliers, y compris en ce qui concerne la s\u00e9lection des couleurs et des motifs.<\/li>\n<\/ul>\n\n\n\n<h3 class=\"wp-block-heading\">Service sur mesure<\/h3>\n\n\n\n<ul class=\"wp-block-list\">\n<li>Support OEM et ODM<\/li>\n\n\n\n<li>Livraison rapide d'\u00e9chantillons.<\/li>\n\n\n\n<li>Fournir des produits personnalis\u00e9s en termes de forme, de couleur, de motif, d'emballage et d'autres services personnalis\u00e9s.<\/li>\n<\/ul>\n<\/div>\n\n\n\n<div class=\"wp-block-column is-layout-flow wp-block-column-is-layout-flow\">\n<figure class=\"wp-block-image size-full\"><img decoding=\"async\" width=\"800\" height=\"800\" src=\"https:\/\/www.kedali.com\/wp-content\/uploads\/2025\/11\/wholesale-ceramic-cat-bowl-8.webp\" alt=\"\u00e9cuelle en c\u00e9ramique pour chat (8)\" class=\"wp-image-976\" srcset=\"https:\/\/www.kedali.com\/wp-content\/uploads\/2025\/11\/wholesale-ceramic-cat-bowl-8.webp 800w, https:\/\/www.kedali.com\/wp-content\/uploads\/2025\/11\/wholesale-ceramic-cat-bowl-8-300x300.webp 300w, https:\/\/www.kedali.com\/wp-content\/uploads\/2025\/11\/wholesale-ceramic-cat-bowl-8-150x150.webp 150w, https:\/\/www.kedali.com\/wp-content\/uploads\/2025\/11\/wholesale-ceramic-cat-bowl-8-768x768.webp 768w, https:\/\/www.kedali.com\/wp-content\/uploads\/2025\/11\/wholesale-ceramic-cat-bowl-8-600x600.webp 600w, https:\/\/www.kedali.com\/wp-content\/uploads\/2025\/11\/wholesale-ceramic-cat-bowl-8-100x100.webp 100w\" sizes=\"(max-width: 800px) 100vw, 800px\" \/><\/figure>\n<\/div>\n<\/div>\n\n\n\n<div class=\"wp-block-columns is-layout-flex wp-container-core-columns-is-layout-9d6595d7 wp-block-columns-is-layout-flex\">\n<div class=\"wp-block-column is-layout-flow wp-block-column-is-layout-flow\">\n<figure class=\"wp-block-image size-full\"><img decoding=\"async\" width=\"800\" height=\"800\" src=\"https:\/\/www.kedali.com\/wp-content\/uploads\/2025\/11\/wholesale-ceramic-cat-bowl-6.webp\" alt=\"\u00e9cuelle en c\u00e9ramique pour chat (6)\" class=\"wp-image-974\" srcset=\"https:\/\/www.kedali.com\/wp-content\/uploads\/2025\/11\/wholesale-ceramic-cat-bowl-6.webp 800w, https:\/\/www.kedali.com\/wp-content\/uploads\/2025\/11\/wholesale-ceramic-cat-bowl-6-300x300.webp 300w, https:\/\/www.kedali.com\/wp-content\/uploads\/2025\/11\/wholesale-ceramic-cat-bowl-6-150x150.webp 150w, https:\/\/www.kedali.com\/wp-content\/uploads\/2025\/11\/wholesale-ceramic-cat-bowl-6-768x768.webp 768w, https:\/\/www.kedali.com\/wp-content\/uploads\/2025\/11\/wholesale-ceramic-cat-bowl-6-600x600.webp 600w, https:\/\/www.kedali.com\/wp-content\/uploads\/2025\/11\/wholesale-ceramic-cat-bowl-6-100x100.webp 100w\" sizes=\"(max-width: 800px) 100vw, 800px\" \/><\/figure>\n<\/div>\n\n\n\n<div class=\"wp-block-column is-layout-flow wp-block-column-is-layout-flow\">\n<figure class=\"wp-block-image size-full\"><img decoding=\"async\" width=\"800\" height=\"800\" src=\"https:\/\/www.kedali.com\/wp-content\/uploads\/2025\/11\/wholesale-ceramic-cat-bowl-1.webp\" alt=\"bol \u00e0 chat en c\u00e9ramique en gros (1)\" class=\"wp-image-969\" srcset=\"https:\/\/www.kedali.com\/wp-content\/uploads\/2025\/11\/wholesale-ceramic-cat-bowl-1.webp 800w, https:\/\/www.kedali.com\/wp-content\/uploads\/2025\/11\/wholesale-ceramic-cat-bowl-1-300x300.webp 300w, https:\/\/www.kedali.com\/wp-content\/uploads\/2025\/11\/wholesale-ceramic-cat-bowl-1-150x150.webp 150w, https:\/\/www.kedali.com\/wp-content\/uploads\/2025\/11\/wholesale-ceramic-cat-bowl-1-768x768.webp 768w, https:\/\/www.kedali.com\/wp-content\/uploads\/2025\/11\/wholesale-ceramic-cat-bowl-1-600x600.webp 600w, https:\/\/www.kedali.com\/wp-content\/uploads\/2025\/11\/wholesale-ceramic-cat-bowl-1-100x100.webp 100w\" sizes=\"(max-width: 800px) 100vw, 800px\" \/><\/figure>\n<\/div>\n<\/div>\n\n\n\n<p><\/p>","protected":false},"excerpt":{"rendered":"<p>Vente en gros d'ensembles de bols pour chats en c\u00e9ramique de haute qualit\u00e9, avec d'adorables motifs d'oreilles de chat et une gla\u00e7ure lisse et brillante. Fabriqu\u00e9s en c\u00e9ramique de premi\u00e8re qualit\u00e9, ils sont durables, robustes et faciles \u00e0 nettoyer. Id\u00e9al pour les boutiques d'animaux, les magasins d'articles m\u00e9nagers et les boutiques de cadeaux. Nous proposons des devis d'usine ; veuillez nous contacter.<\/p>\n<h2>Sp\u00e9cifications de l'ensemble de bols en c\u00e9ramique pour chats<\/h2>\n<table style=\"border-collapse: collapse; width: 272.27pt;\" border=\"0\" width=\"363\" cellspacing=\"0\" cellpadding=\"0\">\n<tbody>\n<tr style=\"height: 13.50pt;\">\n<td class=\"et2\" style=\"height: 13.50pt; width: 80.25pt;\" width=\"107\" height=\"18\">Marque<\/td>\n<td class=\"et2\" style=\"width: 192.00pt;\" width=\"256\">KDL<\/td>\n<\/tr>\n<tr style=\"height: 13.50pt;\">\n<td class=\"et2\" style=\"height: 13.50pt; width: 80.25pt;\" width=\"107\" height=\"18\">Mod\u00e8le<\/td>\n<td class=\"et2\" style=\"width: 192.00pt;\" width=\"256\">DTOS446<\/td>\n<\/tr>\n<tr style=\"height: 13.50pt;\">\n<td class=\"et2\" style=\"height: 13.50pt; width: 80.25pt;\" width=\"107\" height=\"18\">Mat\u00e9riau<\/td>\n<td class=\"et2\" style=\"width: 192.00pt;\" width=\"256\">c\u00e9ramique<\/td>\n<\/tr>\n<tr style=\"height: 13.50pt;\">\n<td class=\"et2\" style=\"height: 13.50pt; width: 80.25pt;\" width=\"107\" height=\"18\">couleur<\/td>\n<td class=\"et2\" style=\"width: 192.00pt;\" width=\"256\">personnalis\u00e9<\/td>\n<\/tr>\n<tr style=\"height: 13.50pt;\">\n<td class=\"et2\" style=\"height: 13.50pt; width: 80.25pt;\" width=\"107\" height=\"18\">Application<\/td>\n<td class=\"et2\" style=\"width: 192.00pt;\" width=\"256\">stockage d'aliments pour animaux de compagnie<\/td>\n<\/tr>\n<tr style=\"height: 13.50pt;\">\n<td class=\"et2\" style=\"height: 13.50pt; width: 80.25pt;\" width=\"107\" height=\"18\">Fonctionnalit\u00e9<\/td>\n<td class=\"et2\" style=\"width: 192.00pt;\" width=\"256\">Couleur glac\u00e9e<\/td>\n<\/tr>\n<tr style=\"height: 13.50pt;\">\n<td class=\"et2\" style=\"height: 13.50pt; width: 80.25pt;\" width=\"107\" height=\"18\">Dimensions<\/td>\n<td class=\"et2\" style=\"width: 192.00pt;\" width=\"256\">bol : 15.5*15.5*7.9cm<\/td>\n<\/tr>\n<tr style=\"height: 27.00pt;\">\n<td class=\"et2\" style=\"height: 27.00pt; width: 80.25pt;\" width=\"107\" height=\"36\">Poids brut (kg)<\/td>\n<td class=\"et2\" style=\"width: 192.00pt;\" width=\"256\">1,5 kg<\/td>\n<\/tr>\n<tr style=\"height: 40.50pt;\">\n<td class=\"et2\" style=\"height: 40.50pt; width: 80.25pt;\" width=\"107\" height=\"54\">Quantit\u00e9 minimale de commande<\/td>\n<td class=\"et2\" style=\"width: 192.00pt;\" width=\"256\">800 jeux<\/td>\n<\/tr>\n<\/tbody>\n<\/table>\n<p><script src=\"chrome-extension:\/\/fpelahbljekknahkcaegamhcndkfpfnc\/iFrame.js\" type=\"text\/javascript\"><\/script><\/p>","protected":false},"featured_media":969,"comment_status":"closed","ping_status":"closed","template":"","meta":{"_acf_changed":false},"product_brand":[],"product_cat":[22,54],"product_tag":[],"class_list":{"0":"post-968","1":"product","2":"type-product","3":"status-publish","4":"has-post-thumbnail","6":"product_cat-wholesale-ceramic-pet-supplies","7":"product_cat-wholesale-ceramic-pet-bowls","9":"first","10":"instock","11":"shipping-taxable","12":"product-type-simple"},"acf":[],"_links":{"self":[{"href":"https:\/\/www.kedali.com\/fr\/wp-json\/wp\/v2\/product\/968","targetHints":{"allow":["GET"]}}],"collection":[{"href":"https:\/\/www.kedali.com\/fr\/wp-json\/wp\/v2\/product"}],"about":[{"href":"https:\/\/www.kedali.com\/fr\/wp-json\/wp\/v2\/types\/product"}],"replies":[{"embeddable":true,"href":"https:\/\/www.kedali.com\/fr\/wp-json\/wp\/v2\/comments?post=968"}],"wp:featuredmedia":[{"embeddable":true,"href":"https:\/\/www.kedali.com\/fr\/wp-json\/wp\/v2\/media\/969"}],"wp:attachment":[{"href":"https:\/\/www.kedali.com\/fr\/wp-json\/wp\/v2\/media?parent=968"}],"wp:term":[{"taxonomy":"product_brand","embeddable":true,"href":"https:\/\/www.kedali.com\/fr\/wp-json\/wp\/v2\/product_brand?post=968"},{"taxonomy":"product_cat","embeddable":true,"href":"https:\/\/www.kedali.com\/fr\/wp-json\/wp\/v2\/product_cat?post=968"},{"taxonomy":"product_tag","embeddable":true,"href":"https:\/\/www.kedali.com\/fr\/wp-json\/wp\/v2\/product_tag?post=968"}],"curies":[{"name":"wp","href":"https:\/\/api.w.org\/{rel}","templated":true}]}}