{"id":988,"date":"2025-10-05T11:42:47","date_gmt":"2025-10-05T11:42:47","guid":{"rendered":"https:\/\/www.kedali.com\/?post_type=product&#038;p=988"},"modified":"2025-11-13T03:02:03","modified_gmt":"2025-11-13T03:02:03","slug":"wholesale-ceramic-jug-vase","status":"publish","type":"product","link":"https:\/\/www.kedali.com\/fr\/produit\/wholesale-ceramic-jug-vase\/","title":{"rendered":"Wholesale Farmhouse-style Ceramic Jug Vase, Cream-colored Glaze (Vase en c\u00e9ramique de style fermier, gla\u00e7ure cr\u00e8me)"},"content":{"rendered":"<div class=\"wp-block-columns is-layout-flex wp-container-core-columns-is-layout-9d6595d7 wp-block-columns-is-layout-flex\">\n<div class=\"wp-block-column is-layout-flow wp-block-column-is-layout-flow\">\n<h3 class=\"wp-block-heading\">Caract\u00e9ristiques du vase Jug en c\u00e9ramique<\/h3>\n\n\n\n<ul class=\"wp-block-list\">\n<li><strong>Conception esth\u00e9tique :<\/strong> Ce vase allie praticit\u00e9 et art, ses contours arrondis et ses courbes \u00e9l\u00e9gantes s'int\u00e9grant parfaitement \u00e0 diff\u00e9rents styles de d\u00e9coration.<\/li>\n\n\n\n<li><strong>Application polyvalente :<\/strong> Il peut \u00eatre plac\u00e9 de mani\u00e8re flexible sur les tables basses du salon, les tables de chevet de la chambre \u00e0 coucher, les bureaux et d'autres endroits. Associ\u00e9 \u00e0 de la verdure et \u00e0 des fleurs fra\u00eeches, il rehausse instantan\u00e9ment le style de l'espace, ajoutant une touche de rituel \u00e0 la vie.<\/li>\n\n\n\n<li><strong>Pratique : <\/strong>Fabriqu\u00e9 en c\u00e9ramique durable, son excellente \u00e9tanch\u00e9it\u00e9 offre un environnement de croissance stable aux fleurs, prolongeant ainsi leur p\u00e9riode de floraison. L'ouverture du vase convient \u00e0 diverses fleurs et r\u00e9pond aux besoins quotidiens en mati\u00e8re de composition florale.<\/li>\n\n\n\n<li><strong>R\u00e9sonance \u00e9motionnelle : <\/strong>La combinaison de fleurs fra\u00eeches et d'un vase peut apaiser l'\u00e2me, soulager le stress et rendre la vie plus chaleureuse et accueillante.<\/li>\n\n\n\n<li><strong>Personnalisation possible :<\/strong> Nous proposons des prix de gros et des services d'achat en gros, et nous pouvons personnaliser les produits en fonction des besoins des clients, y compris la s\u00e9lection des couleurs et des motifs, afin de r\u00e9pondre aux divers besoins des entreprises et des particuliers.<\/li>\n<\/ul>\n\n\n\n<h3 class=\"wp-block-heading\">Service sur mesure<\/h3>\n\n\n\n<ul class=\"wp-block-list\">\n<li>Support OEM et ODM<\/li>\n\n\n\n<li>Livraison rapide d'\u00e9chantillons.<\/li>\n\n\n\n<li>Fournir des produits personnalis\u00e9s en termes de forme, de couleur, de motif, d'emballage et d'autres services personnalis\u00e9s.<\/li>\n<\/ul>\n<\/div>\n\n\n\n<div class=\"wp-block-column is-layout-flow wp-block-column-is-layout-flow\">\n<figure class=\"wp-block-image size-full\"><img decoding=\"async\" width=\"800\" height=\"800\" src=\"https:\/\/www.kedali.com\/wp-content\/uploads\/2025\/11\/wholesale-ceramic-vase5.webp\" alt=\"Vase en c\u00e9ramique en gros(5)\" class=\"wp-image-998\" srcset=\"https:\/\/www.kedali.com\/wp-content\/uploads\/2025\/11\/wholesale-ceramic-vase5.webp 800w, https:\/\/www.kedali.com\/wp-content\/uploads\/2025\/11\/wholesale-ceramic-vase5-300x300.webp 300w, https:\/\/www.kedali.com\/wp-content\/uploads\/2025\/11\/wholesale-ceramic-vase5-150x150.webp 150w, https:\/\/www.kedali.com\/wp-content\/uploads\/2025\/11\/wholesale-ceramic-vase5-768x768.webp 768w, https:\/\/www.kedali.com\/wp-content\/uploads\/2025\/11\/wholesale-ceramic-vase5-600x600.webp 600w, https:\/\/www.kedali.com\/wp-content\/uploads\/2025\/11\/wholesale-ceramic-vase5-100x100.webp 100w\" sizes=\"(max-width: 800px) 100vw, 800px\" \/><\/figure>\n<\/div>\n<\/div>\n\n\n\n<div class=\"wp-block-columns is-layout-flex wp-container-core-columns-is-layout-9d6595d7 wp-block-columns-is-layout-flex\">\n<div class=\"wp-block-column is-layout-flow wp-block-column-is-layout-flow\">\n<figure class=\"wp-block-image size-full\"><img decoding=\"async\" width=\"800\" height=\"800\" src=\"https:\/\/www.kedali.com\/wp-content\/uploads\/2025\/11\/wholesale-ceramic-vase3.webp\" alt=\"vase en c\u00e9ramique en gros(3)\" class=\"wp-image-996\" srcset=\"https:\/\/www.kedali.com\/wp-content\/uploads\/2025\/11\/wholesale-ceramic-vase3.webp 800w, https:\/\/www.kedali.com\/wp-content\/uploads\/2025\/11\/wholesale-ceramic-vase3-300x300.webp 300w, https:\/\/www.kedali.com\/wp-content\/uploads\/2025\/11\/wholesale-ceramic-vase3-150x150.webp 150w, https:\/\/www.kedali.com\/wp-content\/uploads\/2025\/11\/wholesale-ceramic-vase3-768x768.webp 768w, https:\/\/www.kedali.com\/wp-content\/uploads\/2025\/11\/wholesale-ceramic-vase3-600x600.webp 600w, https:\/\/www.kedali.com\/wp-content\/uploads\/2025\/11\/wholesale-ceramic-vase3-100x100.webp 100w\" sizes=\"(max-width: 800px) 100vw, 800px\" \/><\/figure>\n<\/div>\n\n\n\n<div class=\"wp-block-column is-layout-flow wp-block-column-is-layout-flow\">\n<figure class=\"wp-block-image size-full\"><img decoding=\"async\" width=\"800\" height=\"800\" src=\"https:\/\/www.kedali.com\/wp-content\/uploads\/2025\/11\/wholesale-ceramic-vase1.webp\" alt=\"vase en c\u00e9ramique en gros(1)\" class=\"wp-image-994\" srcset=\"https:\/\/www.kedali.com\/wp-content\/uploads\/2025\/11\/wholesale-ceramic-vase1.webp 800w, https:\/\/www.kedali.com\/wp-content\/uploads\/2025\/11\/wholesale-ceramic-vase1-300x300.webp 300w, https:\/\/www.kedali.com\/wp-content\/uploads\/2025\/11\/wholesale-ceramic-vase1-150x150.webp 150w, https:\/\/www.kedali.com\/wp-content\/uploads\/2025\/11\/wholesale-ceramic-vase1-768x768.webp 768w, https:\/\/www.kedali.com\/wp-content\/uploads\/2025\/11\/wholesale-ceramic-vase1-600x600.webp 600w, https:\/\/www.kedali.com\/wp-content\/uploads\/2025\/11\/wholesale-ceramic-vase1-100x100.webp 100w\" sizes=\"(max-width: 800px) 100vw, 800px\" \/><\/figure>\n<\/div>\n<\/div>","protected":false},"excerpt":{"rendered":"<p>Vente en gros de vases en c\u00e9ramique. Cet adorable vase en c\u00e9ramique de couleur cr\u00e8me, en forme de bouilloire, est parfait pour pr\u00e9senter des tournesols et d'autres fleurs, ajoutant de l'\u00e9l\u00e9gance \u00e0 n'importe quel espace. Contactez-nous pour un devis d'usine.<\/p>\n<h2>Sp\u00e9cifications du vase Jug en c\u00e9ramique<\/h2>\n<table width=\"363\">\n<tbody>\n<tr>\n<td width=\"107\">Marque<\/td>\n<td width=\"256\">KDL<\/td>\n<\/tr>\n<tr>\n<td width=\"107\">Mod\u00e8le<\/td>\n<td width=\"256\">BQ1722-GE-f238\u00a0<\/td>\n<\/tr>\n<tr>\n<td width=\"107\">Mat\u00e9riau<\/td>\n<td width=\"256\">c\u00e9ramique<\/td>\n<\/tr>\n<tr>\n<td width=\"107\">couleur<\/td>\n<td width=\"256\">ivoire<\/td>\n<\/tr>\n<tr>\n<td width=\"107\">Application<\/td>\n<td width=\"256\">d\u00e9cor en c\u00e9ramique<\/td>\n<\/tr>\n<tr>\n<td width=\"107\">Fonctionnalit\u00e9<\/td>\n<td width=\"256\">S\u00e9rigraphie<\/td>\n<\/tr>\n<tr>\n<td width=\"107\">Dimensions<\/td>\n<td width=\"256\">19*15.5*18.5cm<\/td>\n<\/tr>\n<tr>\n<td width=\"107\">Poids brut (kg)<\/td>\n<td width=\"256\">1,3 kg<\/td>\n<\/tr>\n<tr>\n<td width=\"107\">Quantit\u00e9 minimale de commande<\/td>\n<td width=\"256\">800 jeux<\/td>\n<\/tr>\n<\/tbody>\n<\/table>\n<p>&nbsp;<\/p>\n<p><script src=\"chrome-extension:\/\/fpelahbljekknahkcaegamhcndkfpfnc\/iFrame.js\" type=\"text\/javascript\"><\/script><\/p>","protected":false},"featured_media":994,"comment_status":"closed","ping_status":"closed","template":"","meta":{"_acf_changed":false},"product_brand":[],"product_cat":[38],"product_tag":[],"class_list":{"0":"post-988","1":"product","2":"type-product","3":"status-publish","4":"has-post-thumbnail","6":"product_cat-wholesale-ceramic-home-decor","8":"first","9":"instock","10":"shipping-taxable","11":"product-type-simple"},"acf":[],"_links":{"self":[{"href":"https:\/\/www.kedali.com\/fr\/wp-json\/wp\/v2\/product\/988","targetHints":{"allow":["GET"]}}],"collection":[{"href":"https:\/\/www.kedali.com\/fr\/wp-json\/wp\/v2\/product"}],"about":[{"href":"https:\/\/www.kedali.com\/fr\/wp-json\/wp\/v2\/types\/product"}],"replies":[{"embeddable":true,"href":"https:\/\/www.kedali.com\/fr\/wp-json\/wp\/v2\/comments?post=988"}],"wp:featuredmedia":[{"embeddable":true,"href":"https:\/\/www.kedali.com\/fr\/wp-json\/wp\/v2\/media\/994"}],"wp:attachment":[{"href":"https:\/\/www.kedali.com\/fr\/wp-json\/wp\/v2\/media?parent=988"}],"wp:term":[{"taxonomy":"product_brand","embeddable":true,"href":"https:\/\/www.kedali.com\/fr\/wp-json\/wp\/v2\/product_brand?post=988"},{"taxonomy":"product_cat","embeddable":true,"href":"https:\/\/www.kedali.com\/fr\/wp-json\/wp\/v2\/product_cat?post=988"},{"taxonomy":"product_tag","embeddable":true,"href":"https:\/\/www.kedali.com\/fr\/wp-json\/wp\/v2\/product_tag?post=988"}],"curies":[{"name":"wp","href":"https:\/\/api.w.org\/{rel}","templated":true}]}}