{"id":1881,"date":"2025-12-23T02:24:54","date_gmt":"2025-12-23T02:24:54","guid":{"rendered":"https:\/\/www.kedali.com\/?post_type=product&#038;p=1881"},"modified":"2025-12-23T02:54:49","modified_gmt":"2025-12-23T02:54:49","slug":"wholesale-ceramic-butter-crocks","status":"publish","type":"product","link":"https:\/\/www.kedali.com\/ja\/product\/wholesale-ceramic-butter-crocks\/","title":{"rendered":"\u5378\u58f2\u30bb\u30e9\u30df\u30c3\u30af\u30d0\u30bf\u30fc\u30b3\u30c3\u30af - \u5bb6\u5ead\u3001\u30ad\u30c3\u30c1\u30f3\u3001\u30ae\u30d5\u30c8\u306e\u4f7f\u7528\u306b\u9069\u3057\u3066\u3044\u307e\u3059\u3002"},"content":{"rendered":"<div class=\"wp-block-columns is-layout-flex wp-container-core-columns-is-layout-9d6595d7 wp-block-columns-is-layout-flex\">\n<div class=\"wp-block-column is-layout-flow wp-block-column-is-layout-flow\">\n<h3 class=\"wp-block-heading\">\u30bb\u30e9\u30df\u30c3\u30af\u30fb\u30d0\u30bf\u30fc\u30fb\u30af\u30ed\u30c3\u30af\u306e\u7279\u5fb4<\/h3>\n\n\n\n<ul class=\"wp-block-list\">\n<li><strong>Perfectly Spreadable Butter: <\/strong>This ceramic butter crock uses a water-seal method. This keeps the butter soft and easy to spread on toast, muffins, or waffles at all times.<\/li>\n\n\n\n<li><strong>\u9ad8\u54c1\u8cea\u306e\u30bb\u30e9\u30df\u30c3\u30af\u7d20\u6750\uff1a <\/strong>The thick ceramic walls help maintain a constant temperature, protecting the butter from kitchen heat.<\/li>\n\n\n\n<li><strong>\u8907\u6570\u8272\u3042\u308a\uff1a<\/strong> This product is available in a variety of soft, modern shades (gray-blue, teal, slate gray) to complement various kitchen styles.<\/li>\n\n\n\n<li><strong>\u5de5\u5834\u51fa\u8377\u6642\u306e\u4fa1\u683c\uff1a <\/strong>As a professional ceramic kitchenware manufacturer, we offer a wide variety of ceramic butter dishes at competitive prices.<\/li>\n<\/ul>\n\n\n\n<h3 class=\"wp-block-heading\">\u30ab\u30b9\u30bf\u30e0\u30b5\u30fc\u30d3\u30b9<\/h3>\n\n\n\n<ul class=\"wp-block-list\">\n<li>OEM\u304a\u3088\u3073ODM\u30b5\u30dd\u30fc\u30c8<\/li>\n\n\n\n<li>\u8fc5\u901f\u306a\u30b5\u30f3\u30d7\u30eb\u914d\u9001\u3002.<\/li>\n\n\n\n<li>\u30ab\u30b9\u30bf\u30de\u30a4\u30ba\u3055\u308c\u305f\u88fd\u54c1\u306e\u5f62\u72b6\u3001\u8272\u3001\u30d1\u30bf\u30fc\u30f3\u3001\u30d1\u30c3\u30b1\u30fc\u30b8\u3001\u304a\u3088\u3073\u305d\u306e\u4ed6\u306e\u30ab\u30b9\u30bf\u30de\u30a4\u30ba\u3055\u308c\u305f\u30b5\u30fc\u30d3\u30b9\u3092\u63d0\u4f9b\u3057\u307e\u3059\u3002.<\/li>\n<\/ul>\n<\/div>\n\n\n\n<div class=\"wp-block-column is-layout-flow wp-block-column-is-layout-flow\">\n<figure class=\"wp-block-image size-full\"><img decoding=\"async\" width=\"800\" height=\"800\" src=\"https:\/\/www.kedali.com\/wp-content\/uploads\/2025\/12\/specifications-of-the-ceramic-butter-crock.webp\" alt=\"specifications of the ceramic butter crock\" class=\"wp-image-1882\" srcset=\"https:\/\/www.kedali.com\/wp-content\/uploads\/2025\/12\/specifications-of-the-ceramic-butter-crock.webp 800w, https:\/\/www.kedali.com\/wp-content\/uploads\/2025\/12\/specifications-of-the-ceramic-butter-crock-300x300.webp 300w, https:\/\/www.kedali.com\/wp-content\/uploads\/2025\/12\/specifications-of-the-ceramic-butter-crock-150x150.webp 150w, https:\/\/www.kedali.com\/wp-content\/uploads\/2025\/12\/specifications-of-the-ceramic-butter-crock-768x768.webp 768w, https:\/\/www.kedali.com\/wp-content\/uploads\/2025\/12\/specifications-of-the-ceramic-butter-crock-12x12.webp 12w, https:\/\/www.kedali.com\/wp-content\/uploads\/2025\/12\/specifications-of-the-ceramic-butter-crock-600x600.webp 600w, https:\/\/www.kedali.com\/wp-content\/uploads\/2025\/12\/specifications-of-the-ceramic-butter-crock-100x100.webp 100w\" sizes=\"(max-width: 800px) 100vw, 800px\" \/><\/figure>\n<\/div>\n<\/div>\n\n\n\n<div class=\"wp-block-columns is-layout-flex wp-container-core-columns-is-layout-9d6595d7 wp-block-columns-is-layout-flex\">\n<div class=\"wp-block-column is-layout-flow wp-block-column-is-layout-flow\">\n<figure class=\"wp-block-image size-full\"><img decoding=\"async\" width=\"800\" height=\"800\" src=\"https:\/\/www.kedali.com\/wp-content\/uploads\/2025\/12\/wholesale-ceramic-butter-crock-4.webp\" alt=\"wholesale ceramic butter crock (4)\" class=\"wp-image-1886\" srcset=\"https:\/\/www.kedali.com\/wp-content\/uploads\/2025\/12\/wholesale-ceramic-butter-crock-4.webp 800w, https:\/\/www.kedali.com\/wp-content\/uploads\/2025\/12\/wholesale-ceramic-butter-crock-4-300x300.webp 300w, https:\/\/www.kedali.com\/wp-content\/uploads\/2025\/12\/wholesale-ceramic-butter-crock-4-150x150.webp 150w, https:\/\/www.kedali.com\/wp-content\/uploads\/2025\/12\/wholesale-ceramic-butter-crock-4-768x768.webp 768w, https:\/\/www.kedali.com\/wp-content\/uploads\/2025\/12\/wholesale-ceramic-butter-crock-4-12x12.webp 12w, https:\/\/www.kedali.com\/wp-content\/uploads\/2025\/12\/wholesale-ceramic-butter-crock-4-600x600.webp 600w, https:\/\/www.kedali.com\/wp-content\/uploads\/2025\/12\/wholesale-ceramic-butter-crock-4-100x100.webp 100w\" sizes=\"(max-width: 800px) 100vw, 800px\" \/><\/figure>\n<\/div>\n\n\n\n<div class=\"wp-block-column is-layout-flow wp-block-column-is-layout-flow\">\n<figure class=\"wp-block-image size-full\"><img decoding=\"async\" width=\"800\" height=\"800\" src=\"https:\/\/www.kedali.com\/wp-content\/uploads\/2025\/12\/wholesale-ceramic-butter-crock-5.webp\" alt=\"wholesale ceramic butter crock (5)\" class=\"wp-image-1887\" srcset=\"https:\/\/www.kedali.com\/wp-content\/uploads\/2025\/12\/wholesale-ceramic-butter-crock-5.webp 800w, https:\/\/www.kedali.com\/wp-content\/uploads\/2025\/12\/wholesale-ceramic-butter-crock-5-300x300.webp 300w, https:\/\/www.kedali.com\/wp-content\/uploads\/2025\/12\/wholesale-ceramic-butter-crock-5-150x150.webp 150w, https:\/\/www.kedali.com\/wp-content\/uploads\/2025\/12\/wholesale-ceramic-butter-crock-5-768x768.webp 768w, https:\/\/www.kedali.com\/wp-content\/uploads\/2025\/12\/wholesale-ceramic-butter-crock-5-12x12.webp 12w, https:\/\/www.kedali.com\/wp-content\/uploads\/2025\/12\/wholesale-ceramic-butter-crock-5-600x600.webp 600w, https:\/\/www.kedali.com\/wp-content\/uploads\/2025\/12\/wholesale-ceramic-butter-crock-5-100x100.webp 100w\" sizes=\"(max-width: 800px) 100vw, 800px\" \/><\/figure>\n<\/div>\n<\/div>","protected":false},"excerpt":{"rendered":"<p>Wholesale ceramic butter crocks. This ceramic butter crock is made of ceramic material, making it sturdy, durable, and heat-resistant with a long service life. The ceramic material is also easy to clean; a simple rinse after use is all that&#8217;s needed. Contact us for wholesale quote.<\/p>\n<h2>Specifications of Ceramic Butter Crocks<\/h2>\n<table width=\"235\">\n<tbody>\n<tr>\n<td width=\"69\">\u30d6\u30e9\u30f3\u30c9<\/td>\n<td width=\"166\">KDL<\/td>\n<\/tr>\n<tr>\n<td width=\"69\">\u30e2\u30c7\u30eb<\/td>\n<td width=\"166\">TDS1661-4-F235-7699C<\/td>\n<\/tr>\n<tr>\n<td width=\"69\">\u7d20\u6750<\/td>\n<td width=\"166\">\u30bb\u30e9\u30df\u30c3\u30af<\/td>\n<\/tr>\n<tr>\n<td width=\"69\">\u30ab\u30e9\u30fc<\/td>\n<td width=\"166\">green\/gray<\/td>\n<\/tr>\n<tr>\n<td width=\"69\">\u7533\u3057\u8fbc\u307f<\/td>\n<td width=\"166\">\u30bb\u30e9\u30df\u30c3\u30af\u30fb\u30d0\u30bf\u30fc\u30fb\u30dd\u30c3\u30c8<\/td>\n<\/tr>\n<tr>\n<td width=\"69\">\u7279\u5fb4<\/td>\n<td width=\"166\">\u523b\u307e\u308c\u305f<\/td>\n<\/tr>\n<tr>\n<td width=\"69\">\u5bf8\u6cd5<\/td>\n<td width=\"166\">10.4\u00d710.4\u00d710.6 cm (Body: 10.2\u00d710.2\u00d78 cm, Lid: 10.4\u00d710.4\u00d78.6 cm)<\/td>\n<\/tr>\n<tr>\n<td width=\"69\">\u7dcf\u91cd\u91cf\uff08kg\uff09<\/td>\n<td width=\"166\">0.89<\/td>\n<\/tr>\n<tr>\n<td width=\"69\">\u6700\u5c0f\u6ce8\u6587\u6570\u91cf<\/td>\n<td width=\"166\">800\u30bb\u30c3\u30c8<\/td>\n<\/tr>\n<\/tbody>\n<\/table>\n<p>&nbsp;<\/p>\n<p>\n<script src=\"chrome-extension:\/\/fpelahbljekknahkcaegamhcndkfpfnc\/iFrame.js\" type=\"text\/javascript\"><\/script><\/p>","protected":false},"featured_media":1883,"comment_status":"closed","ping_status":"closed","template":"","meta":{"_acf_changed":false},"product_brand":[],"product_cat":[18,35],"product_tag":[],"class_list":{"0":"post-1881","1":"product","2":"type-product","3":"status-publish","4":"has-post-thumbnail","6":"product_cat-wholesale-ceramic-kitchenware","7":"product_cat-wholesale-ceramic-butter-dishes","9":"first","10":"instock","11":"shipping-taxable","12":"product-type-simple"},"acf":[],"_links":{"self":[{"href":"https:\/\/www.kedali.com\/ja\/wp-json\/wp\/v2\/product\/1881","targetHints":{"allow":["GET"]}}],"collection":[{"href":"https:\/\/www.kedali.com\/ja\/wp-json\/wp\/v2\/product"}],"about":[{"href":"https:\/\/www.kedali.com\/ja\/wp-json\/wp\/v2\/types\/product"}],"replies":[{"embeddable":true,"href":"https:\/\/www.kedali.com\/ja\/wp-json\/wp\/v2\/comments?post=1881"}],"wp:featuredmedia":[{"embeddable":true,"href":"https:\/\/www.kedali.com\/ja\/wp-json\/wp\/v2\/media\/1883"}],"wp:attachment":[{"href":"https:\/\/www.kedali.com\/ja\/wp-json\/wp\/v2\/media?parent=1881"}],"wp:term":[{"taxonomy":"product_brand","embeddable":true,"href":"https:\/\/www.kedali.com\/ja\/wp-json\/wp\/v2\/product_brand?post=1881"},{"taxonomy":"product_cat","embeddable":true,"href":"https:\/\/www.kedali.com\/ja\/wp-json\/wp\/v2\/product_cat?post=1881"},{"taxonomy":"product_tag","embeddable":true,"href":"https:\/\/www.kedali.com\/ja\/wp-json\/wp\/v2\/product_tag?post=1881"}],"curies":[{"name":"wp","href":"https:\/\/api.w.org\/{rel}","templated":true}]}}