{"id":1881,"date":"2025-12-23T02:24:54","date_gmt":"2025-12-23T02:24:54","guid":{"rendered":"https:\/\/www.kedali.com\/?post_type=product&#038;p=1881"},"modified":"2025-12-23T02:54:49","modified_gmt":"2025-12-23T02:54:49","slug":"wholesale-ceramic-butter-crocks","status":"publish","type":"product","link":"https:\/\/www.kedali.com\/ko\/product\/wholesale-ceramic-butter-crocks\/","title":{"rendered":"\ub3c4\ub9e4 \uc138\ub77c\ubbf9 \ubc84\ud130 \ud06c\ub85d - \uac00\uc815, \uc8fc\ubc29 \ubc0f \uc120\ubb3c\uc6a9\uc73c\ub85c \uc801\ud569"},"content":{"rendered":"<div class=\"wp-block-columns is-layout-flex wp-container-core-columns-is-layout-9d6595d7 wp-block-columns-is-layout-flex\">\n<div class=\"wp-block-column is-layout-flow wp-block-column-is-layout-flow\">\n<h3 class=\"wp-block-heading\">\uc138\ub77c\ubbf9 \ubc84\ud130 \ud06c\ub85d\uc758 \ud2b9\uc9d5<\/h3>\n\n\n\n<ul class=\"wp-block-list\">\n<li><strong>Perfectly Spreadable Butter: <\/strong>This ceramic butter crock uses a water-seal method. This keeps the butter soft and easy to spread on toast, muffins, or waffles at all times.<\/li>\n\n\n\n<li><strong>High-Quality Ceramic Material: <\/strong>The thick ceramic walls help maintain a constant temperature, protecting the butter from kitchen heat.<\/li>\n\n\n\n<li><strong>Multiple Colors Available:<\/strong> This product is available in a variety of soft, modern shades (gray-blue, teal, slate gray) to complement various kitchen styles.<\/li>\n\n\n\n<li><strong>\uacf5\uc7a5\ub3c4 \uac00\uaca9: <\/strong>As a professional ceramic kitchenware manufacturer, we offer a wide variety of ceramic butter dishes at competitive prices.<\/li>\n<\/ul>\n\n\n\n<h3 class=\"wp-block-heading\">\ub9de\ucda4 \uc11c\ube44\uc2a4<\/h3>\n\n\n\n<ul class=\"wp-block-list\">\n<li>OEM \ubc0f ODM \uc9c0\uc6d0<\/li>\n\n\n\n<li>\ube60\ub978 \uc0d8\ud50c \ubc30\uc1a1.<\/li>\n\n\n\n<li>\ub9de\ucda4\ud615 \uc81c\ud488 \ubaa8\uc591, \uc0c9\uc0c1, \ud328\ud134, \ud3ec\uc7a5 \ubc0f \uae30\ud0c0 \ub9de\ucda4\ud615 \uc11c\ube44\uc2a4\ub97c \uc81c\uacf5\ud569\ub2c8\ub2e4.<\/li>\n<\/ul>\n<\/div>\n\n\n\n<div class=\"wp-block-column is-layout-flow wp-block-column-is-layout-flow\">\n<figure class=\"wp-block-image size-full\"><img decoding=\"async\" width=\"800\" height=\"800\" src=\"https:\/\/www.kedali.com\/wp-content\/uploads\/2025\/12\/specifications-of-the-ceramic-butter-crock.webp\" alt=\"specifications of the ceramic butter crock\" class=\"wp-image-1882\" srcset=\"https:\/\/www.kedali.com\/wp-content\/uploads\/2025\/12\/specifications-of-the-ceramic-butter-crock.webp 800w, https:\/\/www.kedali.com\/wp-content\/uploads\/2025\/12\/specifications-of-the-ceramic-butter-crock-300x300.webp 300w, https:\/\/www.kedali.com\/wp-content\/uploads\/2025\/12\/specifications-of-the-ceramic-butter-crock-150x150.webp 150w, https:\/\/www.kedali.com\/wp-content\/uploads\/2025\/12\/specifications-of-the-ceramic-butter-crock-768x768.webp 768w, https:\/\/www.kedali.com\/wp-content\/uploads\/2025\/12\/specifications-of-the-ceramic-butter-crock-12x12.webp 12w, https:\/\/www.kedali.com\/wp-content\/uploads\/2025\/12\/specifications-of-the-ceramic-butter-crock-600x600.webp 600w, https:\/\/www.kedali.com\/wp-content\/uploads\/2025\/12\/specifications-of-the-ceramic-butter-crock-100x100.webp 100w\" sizes=\"(max-width: 800px) 100vw, 800px\" \/><\/figure>\n<\/div>\n<\/div>\n\n\n\n<div class=\"wp-block-columns is-layout-flex wp-container-core-columns-is-layout-9d6595d7 wp-block-columns-is-layout-flex\">\n<div class=\"wp-block-column is-layout-flow wp-block-column-is-layout-flow\">\n<figure class=\"wp-block-image size-full\"><img decoding=\"async\" width=\"800\" height=\"800\" src=\"https:\/\/www.kedali.com\/wp-content\/uploads\/2025\/12\/wholesale-ceramic-butter-crock-4.webp\" alt=\"wholesale ceramic butter crock (4)\" class=\"wp-image-1886\" srcset=\"https:\/\/www.kedali.com\/wp-content\/uploads\/2025\/12\/wholesale-ceramic-butter-crock-4.webp 800w, https:\/\/www.kedali.com\/wp-content\/uploads\/2025\/12\/wholesale-ceramic-butter-crock-4-300x300.webp 300w, https:\/\/www.kedali.com\/wp-content\/uploads\/2025\/12\/wholesale-ceramic-butter-crock-4-150x150.webp 150w, https:\/\/www.kedali.com\/wp-content\/uploads\/2025\/12\/wholesale-ceramic-butter-crock-4-768x768.webp 768w, https:\/\/www.kedali.com\/wp-content\/uploads\/2025\/12\/wholesale-ceramic-butter-crock-4-12x12.webp 12w, https:\/\/www.kedali.com\/wp-content\/uploads\/2025\/12\/wholesale-ceramic-butter-crock-4-600x600.webp 600w, https:\/\/www.kedali.com\/wp-content\/uploads\/2025\/12\/wholesale-ceramic-butter-crock-4-100x100.webp 100w\" sizes=\"(max-width: 800px) 100vw, 800px\" \/><\/figure>\n<\/div>\n\n\n\n<div class=\"wp-block-column is-layout-flow wp-block-column-is-layout-flow\">\n<figure class=\"wp-block-image size-full\"><img decoding=\"async\" width=\"800\" height=\"800\" src=\"https:\/\/www.kedali.com\/wp-content\/uploads\/2025\/12\/wholesale-ceramic-butter-crock-5.webp\" alt=\"wholesale ceramic butter crock (5)\" class=\"wp-image-1887\" srcset=\"https:\/\/www.kedali.com\/wp-content\/uploads\/2025\/12\/wholesale-ceramic-butter-crock-5.webp 800w, https:\/\/www.kedali.com\/wp-content\/uploads\/2025\/12\/wholesale-ceramic-butter-crock-5-300x300.webp 300w, https:\/\/www.kedali.com\/wp-content\/uploads\/2025\/12\/wholesale-ceramic-butter-crock-5-150x150.webp 150w, https:\/\/www.kedali.com\/wp-content\/uploads\/2025\/12\/wholesale-ceramic-butter-crock-5-768x768.webp 768w, https:\/\/www.kedali.com\/wp-content\/uploads\/2025\/12\/wholesale-ceramic-butter-crock-5-12x12.webp 12w, https:\/\/www.kedali.com\/wp-content\/uploads\/2025\/12\/wholesale-ceramic-butter-crock-5-600x600.webp 600w, https:\/\/www.kedali.com\/wp-content\/uploads\/2025\/12\/wholesale-ceramic-butter-crock-5-100x100.webp 100w\" sizes=\"(max-width: 800px) 100vw, 800px\" \/><\/figure>\n<\/div>\n<\/div>","protected":false},"excerpt":{"rendered":"<p>Wholesale ceramic butter crocks. This ceramic butter crock is made of ceramic material, making it sturdy, durable, and heat-resistant with a long service life. The ceramic material is also easy to clean; a simple rinse after use is all that&#8217;s needed. Contact us for wholesale quote.<\/p>\n<h2>Specifications of Ceramic Butter Crocks<\/h2>\n<table width=\"235\">\n<tbody>\n<tr>\n<td width=\"69\">\ube0c\ub79c\ub4dc<\/td>\n<td width=\"166\">KDL<\/td>\n<\/tr>\n<tr>\n<td width=\"69\">\ubaa8\ub378<\/td>\n<td width=\"166\">TDS1661-4-F235-7699C<\/td>\n<\/tr>\n<tr>\n<td width=\"69\">\uc7ac\ub8cc<\/td>\n<td width=\"166\">\uc138\ub77c\ubbf9<\/td>\n<\/tr>\n<tr>\n<td width=\"69\">\uc0c9\uc0c1<\/td>\n<td width=\"166\">green\/gray<\/td>\n<\/tr>\n<tr>\n<td width=\"69\">\uc560\ud50c\ub9ac\ucf00\uc774\uc158<\/td>\n<td width=\"166\">\uc138\ub77c\ubbf9 \ubc84\ud130 \ud06c\ub85d<\/td>\n<\/tr>\n<tr>\n<td width=\"69\">\uae30\ub2a5<\/td>\n<td width=\"166\">\uc870\uac01<\/td>\n<\/tr>\n<tr>\n<td width=\"69\">\uce58\uc218<\/td>\n<td width=\"166\">10.4\u00d710.4\u00d710.6 cm (Body: 10.2\u00d710.2\u00d78 cm, Lid: 10.4\u00d710.4\u00d78.6 cm)<\/td>\n<\/tr>\n<tr>\n<td width=\"69\">\ucd1d \uc911\ub7c9(kg)<\/td>\n<td width=\"166\">0.89<\/td>\n<\/tr>\n<tr>\n<td width=\"69\">\ucd5c\uc18c \uc8fc\ubb38 \uc218\ub7c9<\/td>\n<td width=\"166\">800 \uc138\ud2b8<\/td>\n<\/tr>\n<\/tbody>\n<\/table>\n<p>&nbsp;<\/p>\n<p>\n<script src=\"chrome-extension:\/\/fpelahbljekknahkcaegamhcndkfpfnc\/iFrame.js\" type=\"text\/javascript\"><\/script><\/p>","protected":false},"featured_media":1883,"comment_status":"closed","ping_status":"closed","template":"","meta":{"_acf_changed":false},"product_brand":[],"product_cat":[18,35],"product_tag":[],"class_list":{"0":"post-1881","1":"product","2":"type-product","3":"status-publish","4":"has-post-thumbnail","6":"product_cat-wholesale-ceramic-kitchenware","7":"product_cat-wholesale-ceramic-butter-dishes","9":"first","10":"instock","11":"shipping-taxable","12":"product-type-simple"},"acf":[],"_links":{"self":[{"href":"https:\/\/www.kedali.com\/ko\/wp-json\/wp\/v2\/product\/1881","targetHints":{"allow":["GET"]}}],"collection":[{"href":"https:\/\/www.kedali.com\/ko\/wp-json\/wp\/v2\/product"}],"about":[{"href":"https:\/\/www.kedali.com\/ko\/wp-json\/wp\/v2\/types\/product"}],"replies":[{"embeddable":true,"href":"https:\/\/www.kedali.com\/ko\/wp-json\/wp\/v2\/comments?post=1881"}],"wp:featuredmedia":[{"embeddable":true,"href":"https:\/\/www.kedali.com\/ko\/wp-json\/wp\/v2\/media\/1883"}],"wp:attachment":[{"href":"https:\/\/www.kedali.com\/ko\/wp-json\/wp\/v2\/media?parent=1881"}],"wp:term":[{"taxonomy":"product_brand","embeddable":true,"href":"https:\/\/www.kedali.com\/ko\/wp-json\/wp\/v2\/product_brand?post=1881"},{"taxonomy":"product_cat","embeddable":true,"href":"https:\/\/www.kedali.com\/ko\/wp-json\/wp\/v2\/product_cat?post=1881"},{"taxonomy":"product_tag","embeddable":true,"href":"https:\/\/www.kedali.com\/ko\/wp-json\/wp\/v2\/product_tag?post=1881"}],"curies":[{"name":"wp","href":"https:\/\/api.w.org\/{rel}","templated":true}]}}