{"id":1261,"date":"2025-11-12T08:34:59","date_gmt":"2025-11-12T08:34:59","guid":{"rendered":"https:\/\/www.kedali.com\/?post_type=product&#038;p=1261"},"modified":"2026-01-22T08:55:30","modified_gmt":"2026-01-22T08:55:30","slug":"wholesale-ceramic-toothbrush-holders-small-and-exquisite-manufacturer-direct-supply","status":"publish","type":"product","link":"https:\/\/www.kedali.com\/pt\/produto\/wholesale-ceramic-toothbrush-holders-small-and-exquisite-manufacturer-direct-supply\/","title":{"rendered":"Porta-escovas de dentes de cer\u00e2mica por atacado, pequenos e requintados - Fornecimento direto do fabricante"},"content":{"rendered":"<div class=\"wp-block-columns is-layout-flex wp-container-core-columns-is-layout-9d6595d7 wp-block-columns-is-layout-flex\">\n<div class=\"wp-block-column is-layout-flow wp-block-column-is-layout-flow\">\n<h3 class=\"wp-block-heading\">Carater\u00edsticas dos suportes para escovas de dentes em cer\u00e2mica<\/h3>\n\n\n\n<ul class=\"wp-block-list\">\n<li><strong>Apelo est\u00e9tico: <\/strong>O material cer\u00e2mico natural transmite um toque refinado e elegante. Este suporte para escovas de dentes em cer\u00e2mica n\u00e3o s\u00f3 guarda escovas de dentes e escovas, como tamb\u00e9m serve de elemento decorativo, melhorando o aspeto geral da sua casa de banho ou lavat\u00f3rio.<\/li>\n\n\n\n<li><strong>F\u00e1cil de limpar:<\/strong> Os artigos de casa de banho s\u00e3o propensos a acumular sujidade. O esmalte cer\u00e2mico deste suporte para escovas de dentes impede eficazmente a absor\u00e7\u00e3o de \u00e1gua, espuma de sab\u00e3o e bact\u00e9rias, facilitando a limpeza.<\/li>\n\n\n\n<li><strong>Design sem furos: <\/strong>Pode ser colocado diretamente sobre a bancada sem furar. A sua forte capacidade de carga torna-o adequado para casas de banho pequenas ou im\u00f3veis de aluguer.<\/li>\n\n\n\n<li><strong>Personaliza\u00e7\u00e3o dispon\u00edvel: <\/strong>Como <strong><a href=\"https:\/\/www.kedali.com\/pt\/categoria-produto\/wholesale-ceramic-bathroom-accessories\/\" target=\"_blank\" rel=\"noreferrer noopener\">fabricante profissional de acess\u00f3rios de casa de banho<\/a><\/strong>, Oferecemos pre\u00e7os por grosso e podemos personalizar os produtos de acordo com as suas necessidades.<\/li>\n<\/ul>\n\n\n\n<h3 class=\"wp-block-heading\">Servi\u00e7o personalizado<\/h3>\n\n\n\n<ul class=\"wp-block-list\">\n<li>Suporte OEM e ODM<\/li>\n\n\n\n<li>Entrega r\u00e1pida de amostras.<\/li>\n\n\n\n<li>Fornecer forma personalizada do produto, cor, padr\u00e3o, embalagem e outros servi\u00e7os personalizados.<\/li>\n<\/ul>\n<\/div>\n\n\n\n<div class=\"wp-block-column is-layout-flow wp-block-column-is-layout-flow\">\n<figure class=\"wp-block-image size-full\"><img decoding=\"async\" width=\"800\" height=\"800\" src=\"https:\/\/www.kedali.com\/wp-content\/uploads\/2025\/11\/ceramic-toothbrush-holder-dimension.webp\" alt=\"dimens\u00e3o do suporte para escova de dentes em cer\u00e2mica\" class=\"wp-image-1262\" srcset=\"https:\/\/www.kedali.com\/wp-content\/uploads\/2025\/11\/ceramic-toothbrush-holder-dimension.webp 800w, https:\/\/www.kedali.com\/wp-content\/uploads\/2025\/11\/ceramic-toothbrush-holder-dimension-300x300.webp 300w, https:\/\/www.kedali.com\/wp-content\/uploads\/2025\/11\/ceramic-toothbrush-holder-dimension-150x150.webp 150w, https:\/\/www.kedali.com\/wp-content\/uploads\/2025\/11\/ceramic-toothbrush-holder-dimension-768x768.webp 768w, https:\/\/www.kedali.com\/wp-content\/uploads\/2025\/11\/ceramic-toothbrush-holder-dimension-12x12.webp 12w, https:\/\/www.kedali.com\/wp-content\/uploads\/2025\/11\/ceramic-toothbrush-holder-dimension-600x600.webp 600w, https:\/\/www.kedali.com\/wp-content\/uploads\/2025\/11\/ceramic-toothbrush-holder-dimension-100x100.webp 100w\" sizes=\"(max-width: 800px) 100vw, 800px\" \/><\/figure>\n<\/div>\n<\/div>\n\n\n\n<div class=\"wp-block-columns is-layout-flex wp-container-core-columns-is-layout-9d6595d7 wp-block-columns-is-layout-flex\">\n<div class=\"wp-block-column is-layout-flow wp-block-column-is-layout-flow\">\n<figure class=\"wp-block-image size-full\"><img decoding=\"async\" width=\"800\" height=\"800\" src=\"https:\/\/www.kedali.com\/wp-content\/uploads\/2025\/11\/wholesale-ceramic-toothbrush-holders-6.webp\" alt=\"suportes para escovas de dentes em cer\u00e2mica por atacado (6)\" class=\"wp-image-1268\" srcset=\"https:\/\/www.kedali.com\/wp-content\/uploads\/2025\/11\/wholesale-ceramic-toothbrush-holders-6.webp 800w, https:\/\/www.kedali.com\/wp-content\/uploads\/2025\/11\/wholesale-ceramic-toothbrush-holders-6-300x300.webp 300w, https:\/\/www.kedali.com\/wp-content\/uploads\/2025\/11\/wholesale-ceramic-toothbrush-holders-6-150x150.webp 150w, https:\/\/www.kedali.com\/wp-content\/uploads\/2025\/11\/wholesale-ceramic-toothbrush-holders-6-768x768.webp 768w, https:\/\/www.kedali.com\/wp-content\/uploads\/2025\/11\/wholesale-ceramic-toothbrush-holders-6-12x12.webp 12w, https:\/\/www.kedali.com\/wp-content\/uploads\/2025\/11\/wholesale-ceramic-toothbrush-holders-6-600x600.webp 600w, https:\/\/www.kedali.com\/wp-content\/uploads\/2025\/11\/wholesale-ceramic-toothbrush-holders-6-100x100.webp 100w\" sizes=\"(max-width: 800px) 100vw, 800px\" \/><\/figure>\n<\/div>\n\n\n\n<div class=\"wp-block-column is-layout-flow wp-block-column-is-layout-flow\">\n<figure class=\"wp-block-image size-full\"><img decoding=\"async\" width=\"800\" height=\"800\" src=\"https:\/\/www.kedali.com\/wp-content\/uploads\/2025\/11\/wholesale-ceramic-toothbrush-holders-7.webp\" alt=\"suportes para escovas de dentes em cer\u00e2mica por atacado (7)\" class=\"wp-image-1269\" srcset=\"https:\/\/www.kedali.com\/wp-content\/uploads\/2025\/11\/wholesale-ceramic-toothbrush-holders-7.webp 800w, https:\/\/www.kedali.com\/wp-content\/uploads\/2025\/11\/wholesale-ceramic-toothbrush-holders-7-300x300.webp 300w, https:\/\/www.kedali.com\/wp-content\/uploads\/2025\/11\/wholesale-ceramic-toothbrush-holders-7-150x150.webp 150w, https:\/\/www.kedali.com\/wp-content\/uploads\/2025\/11\/wholesale-ceramic-toothbrush-holders-7-768x768.webp 768w, https:\/\/www.kedali.com\/wp-content\/uploads\/2025\/11\/wholesale-ceramic-toothbrush-holders-7-12x12.webp 12w, https:\/\/www.kedali.com\/wp-content\/uploads\/2025\/11\/wholesale-ceramic-toothbrush-holders-7-600x600.webp 600w, https:\/\/www.kedali.com\/wp-content\/uploads\/2025\/11\/wholesale-ceramic-toothbrush-holders-7-100x100.webp 100w\" sizes=\"(max-width: 800px) 100vw, 800px\" \/><\/figure>\n<\/div>\n<\/div>","protected":false},"excerpt":{"rendered":"<p>Porta-escovas de dentes em cer\u00e2mica por grosso. Fabricados em cer\u00e2mica de alta qualidade e duradoura com um esmalte suave, estes elegantes suportes para escovas de dentes d\u00e3o um toque de sofistica\u00e7\u00e3o europeia \u00e0 bancada da sua casa de banho.<\/p>\n<p>Como l\u00edder <a href=\"https:\/\/www.kedali.com\/pt\/categoria-produto\/wholesale-ceramic-bathroom-accessories\/\" target=\"_blank\" rel=\"noopener\"><strong>fabricante de acess\u00f3rios para casa de banho<\/strong><\/a>, A nossa empresa oferece servi\u00e7os de personaliza\u00e7\u00e3o OEM e ODM, adaptando os produtos \u00e0s suas necessidades espec\u00edficas para criar acess\u00f3rios de casa de banho \u00fanicos e de alta qualidade.<\/p>\n<h2>Especifica\u00e7\u00f5es dos suportes para escovas de dentes em cer\u00e2mica<\/h2>\n<table width=\"235\">\n<tbody>\n<tr>\n<td width=\"69\">Marca<\/td>\n<td width=\"166\">KDL<\/td>\n<\/tr>\n<tr>\n<td width=\"69\">Modelo<\/td>\n<td width=\"166\">BS555-3<\/td>\n<\/tr>\n<tr>\n<td width=\"69\">Material<\/td>\n<td width=\"166\">cer\u00e2mica<\/td>\n<\/tr>\n<tr>\n<td width=\"69\">cor<\/td>\n<td width=\"166\">personaliz\u00e1vel<\/td>\n<\/tr>\n<tr>\n<td width=\"69\">Aplica\u00e7\u00e3o<\/td>\n<td width=\"166\">suporte para escova de dentes<\/td>\n<\/tr>\n<tr>\n<td width=\"69\">Carater\u00edstica<\/td>\n<td width=\"166\">em relevo<\/td>\n<\/tr>\n<tr>\n<td width=\"69\">Dimens\u00f5es<\/td>\n<td width=\"166\">4,4 \u00d7 4,4 \u00d7 4,4 cm<\/td>\n<\/tr>\n<tr>\n<td width=\"69\">Peso bruto (kg)<\/td>\n<td width=\"166\">\/<\/td>\n<\/tr>\n<tr>\n<td width=\"69\">Quantidade m\u00ednima de encomenda<\/td>\n<td width=\"166\">800 unidades<\/td>\n<\/tr>\n<\/tbody>\n<\/table>\n<p>&nbsp;<\/p>","protected":false},"featured_media":1263,"comment_status":"closed","ping_status":"closed","template":"","meta":{"_acf_changed":false},"product_brand":[],"product_cat":[17,42],"product_tag":[],"class_list":{"0":"post-1261","1":"product","2":"type-product","3":"status-publish","4":"has-post-thumbnail","6":"product_cat-wholesale-ceramic-bathroom-accessories","7":"product_cat-wholesale-ceramic-toothbrush-holders","9":"first","10":"instock","11":"shipping-taxable","12":"product-type-simple"},"acf":[],"_links":{"self":[{"href":"https:\/\/www.kedali.com\/pt\/wp-json\/wp\/v2\/product\/1261","targetHints":{"allow":["GET"]}}],"collection":[{"href":"https:\/\/www.kedali.com\/pt\/wp-json\/wp\/v2\/product"}],"about":[{"href":"https:\/\/www.kedali.com\/pt\/wp-json\/wp\/v2\/types\/product"}],"replies":[{"embeddable":true,"href":"https:\/\/www.kedali.com\/pt\/wp-json\/wp\/v2\/comments?post=1261"}],"wp:featuredmedia":[{"embeddable":true,"href":"https:\/\/www.kedali.com\/pt\/wp-json\/wp\/v2\/media\/1263"}],"wp:attachment":[{"href":"https:\/\/www.kedali.com\/pt\/wp-json\/wp\/v2\/media?parent=1261"}],"wp:term":[{"taxonomy":"product_brand","embeddable":true,"href":"https:\/\/www.kedali.com\/pt\/wp-json\/wp\/v2\/product_brand?post=1261"},{"taxonomy":"product_cat","embeddable":true,"href":"https:\/\/www.kedali.com\/pt\/wp-json\/wp\/v2\/product_cat?post=1261"},{"taxonomy":"product_tag","embeddable":true,"href":"https:\/\/www.kedali.com\/pt\/wp-json\/wp\/v2\/product_tag?post=1261"}],"curies":[{"name":"wp","href":"https:\/\/api.w.org\/{rel}","templated":true}]}}