{"id":1270,"date":"2025-11-12T09:05:21","date_gmt":"2025-11-12T09:05:21","guid":{"rendered":"https:\/\/www.kedali.com\/?post_type=product&#038;p=1270"},"modified":"2026-01-22T09:16:51","modified_gmt":"2026-01-22T09:16:51","slug":"premium-wholesale-ceramic-soap-dispensers","status":"publish","type":"product","link":"https:\/\/www.kedali.com\/pt\/produto\/premium-wholesale-ceramic-soap-dispensers\/","title":{"rendered":"Distribuidores de sab\u00e3o de cer\u00e2mica Premium por atacado, fornecimento a granel da f\u00e1brica"},"content":{"rendered":"<div class=\"wp-block-columns is-layout-flex wp-container-core-columns-is-layout-9d6595d7 wp-block-columns-is-layout-flex\">\n<div class=\"wp-block-column is-layout-flow wp-block-column-is-layout-flow\">\n<h3 class=\"wp-block-heading\">Carater\u00edsticas dos dispensadores de sab\u00e3o em cer\u00e2mica<\/h3>\n\n\n\n<ul class=\"wp-block-list\">\n<li><strong>Design topo de gama:<\/strong> Os nossos dispensadores de sab\u00e3o de cer\u00e2mica por atacado s\u00e3o feitos de cer\u00e2mica com uma textura geom\u00e9trica. Este produto supera os dispensadores de pl\u00e1stico ou de vidro, oferecendo um efeito decorativo superior e melhorando a decora\u00e7\u00e3o da sua casa de banho ou cozinha.<\/li>\n\n\n\n<li><strong>V\u00e1rias cores dispon\u00edveis: <\/strong>Os nossos dispensadores de sabonete de cer\u00e2mica por atacado est\u00e3o dispon\u00edveis numa variedade de cores, incluindo azul, cinzento e azul-petr\u00f3leo, para combinar com v\u00e1rios ambientes de casa de banho e estilos de design de interiores. A personaliza\u00e7\u00e3o tamb\u00e9m est\u00e1 dispon\u00edvel.<\/li>\n\n\n\n<li><strong>F\u00e1cil de limpar: <\/strong>O esmalte n\u00e3o poroso dos nossos dispensadores de sab\u00e3o em cer\u00e2mica para venda por grosso simplifica a limpeza e a desinfe\u00e7\u00e3o, mantendo a higiene e a limpeza em \u00e1reas de tr\u00e1fego intenso. Ideal para hot\u00e9is, restaurantes e outros locais semelhantes.<\/li>\n\n\n\n<li><strong>Aplicabilidade em v\u00e1rias divis\u00f5es:<\/strong> Ideais para conter sab\u00e3o para as m\u00e3os, detergente para a loi\u00e7a, lo\u00e7\u00e3o ou desinfetante para as m\u00e3os, tornando-as adequadas para casas de banho, cozinhas e lavandarias.<\/li>\n\n\n\n<li><strong>Apelo hoteleiro\/comercial: <\/strong>O design elegante torna-os uma excelente escolha para hot\u00e9is boutique, Airbnbs de luxo, restaurantes e espa\u00e7os comerciais para melhorar a experi\u00eancia do cliente.<\/li>\n<\/ul>\n\n\n\n<h3 class=\"wp-block-heading\">Servi\u00e7o personalizado<\/h3>\n\n\n\n<ul class=\"wp-block-list\">\n<li>Suporte OEM e ODM<\/li>\n\n\n\n<li>Entrega r\u00e1pida de amostras.<\/li>\n\n\n\n<li>Fornecer forma personalizada do produto, cor, padr\u00e3o, embalagem e outros servi\u00e7os personalizados.<\/li>\n<\/ul>\n<\/div>\n\n\n\n<div class=\"wp-block-column is-layout-flow wp-block-column-is-layout-flow\">\n<figure class=\"wp-block-image size-full\"><img decoding=\"async\" width=\"1200\" height=\"1200\" src=\"https:\/\/www.kedali.com\/wp-content\/uploads\/2025\/11\/ceramic-soap-dispenser-dimension-1.webp\" alt=\"dimens\u00e3o do distribuidor de sab\u00e3o em cer\u00e2mica\" class=\"wp-image-1271\" srcset=\"https:\/\/www.kedali.com\/wp-content\/uploads\/2025\/11\/ceramic-soap-dispenser-dimension-1.webp 1200w, https:\/\/www.kedali.com\/wp-content\/uploads\/2025\/11\/ceramic-soap-dispenser-dimension-1-300x300.webp 300w, https:\/\/www.kedali.com\/wp-content\/uploads\/2025\/11\/ceramic-soap-dispenser-dimension-1-150x150.webp 150w, https:\/\/www.kedali.com\/wp-content\/uploads\/2025\/11\/ceramic-soap-dispenser-dimension-1-768x768.webp 768w, https:\/\/www.kedali.com\/wp-content\/uploads\/2025\/11\/ceramic-soap-dispenser-dimension-1-12x12.webp 12w, https:\/\/www.kedali.com\/wp-content\/uploads\/2025\/11\/ceramic-soap-dispenser-dimension-1-600x600.webp 600w, https:\/\/www.kedali.com\/wp-content\/uploads\/2025\/11\/ceramic-soap-dispenser-dimension-1-100x100.webp 100w\" sizes=\"(max-width: 1200px) 100vw, 1200px\" \/><\/figure>\n<\/div>\n<\/div>\n\n\n\n<div class=\"wp-block-columns is-layout-flex wp-container-core-columns-is-layout-9d6595d7 wp-block-columns-is-layout-flex\">\n<div class=\"wp-block-column is-layout-flow wp-block-column-is-layout-flow\">\n<figure class=\"wp-block-image size-full\"><img decoding=\"async\" width=\"1200\" height=\"1200\" src=\"https:\/\/www.kedali.com\/wp-content\/uploads\/2025\/11\/wholesale-ceramic-soap-dispensers-4-1.webp\" alt=\"distribuidores de sab\u00e3o em cer\u00e2mica por atacado (4)\" class=\"wp-image-1275\" srcset=\"https:\/\/www.kedali.com\/wp-content\/uploads\/2025\/11\/wholesale-ceramic-soap-dispensers-4-1.webp 1200w, https:\/\/www.kedali.com\/wp-content\/uploads\/2025\/11\/wholesale-ceramic-soap-dispensers-4-1-300x300.webp 300w, https:\/\/www.kedali.com\/wp-content\/uploads\/2025\/11\/wholesale-ceramic-soap-dispensers-4-1-150x150.webp 150w, https:\/\/www.kedali.com\/wp-content\/uploads\/2025\/11\/wholesale-ceramic-soap-dispensers-4-1-768x768.webp 768w, https:\/\/www.kedali.com\/wp-content\/uploads\/2025\/11\/wholesale-ceramic-soap-dispensers-4-1-12x12.webp 12w, https:\/\/www.kedali.com\/wp-content\/uploads\/2025\/11\/wholesale-ceramic-soap-dispensers-4-1-600x600.webp 600w, https:\/\/www.kedali.com\/wp-content\/uploads\/2025\/11\/wholesale-ceramic-soap-dispensers-4-1-100x100.webp 100w\" sizes=\"(max-width: 1200px) 100vw, 1200px\" \/><\/figure>\n<\/div>\n\n\n\n<div class=\"wp-block-column is-layout-flow wp-block-column-is-layout-flow\">\n<figure class=\"wp-block-image size-full\"><img decoding=\"async\" width=\"1200\" height=\"1200\" src=\"https:\/\/www.kedali.com\/wp-content\/uploads\/2025\/11\/wholesale-ceramic-soap-dispensers-5-1.webp\" alt=\"distribuidores de sab\u00e3o em cer\u00e2mica por atacado (5)\" class=\"wp-image-1276\" srcset=\"https:\/\/www.kedali.com\/wp-content\/uploads\/2025\/11\/wholesale-ceramic-soap-dispensers-5-1.webp 1200w, https:\/\/www.kedali.com\/wp-content\/uploads\/2025\/11\/wholesale-ceramic-soap-dispensers-5-1-300x300.webp 300w, https:\/\/www.kedali.com\/wp-content\/uploads\/2025\/11\/wholesale-ceramic-soap-dispensers-5-1-150x150.webp 150w, https:\/\/www.kedali.com\/wp-content\/uploads\/2025\/11\/wholesale-ceramic-soap-dispensers-5-1-768x768.webp 768w, https:\/\/www.kedali.com\/wp-content\/uploads\/2025\/11\/wholesale-ceramic-soap-dispensers-5-1-12x12.webp 12w, https:\/\/www.kedali.com\/wp-content\/uploads\/2025\/11\/wholesale-ceramic-soap-dispensers-5-1-600x600.webp 600w, https:\/\/www.kedali.com\/wp-content\/uploads\/2025\/11\/wholesale-ceramic-soap-dispensers-5-1-100x100.webp 100w\" sizes=\"(max-width: 1200px) 100vw, 1200px\" \/><\/figure>\n<\/div>\n<\/div>","protected":false},"excerpt":{"rendered":"<p>Temos o orgulho de apresentar a nossa cole\u00e7\u00e3o de dispensadores de sab\u00e3o em cer\u00e2mica em relevo para venda por grosso. Estes dispensadores apresentam um excelente peso e estabilidade para evitar que tombem, e v\u00eam com bombas de metal lisas e fi\u00e1veis, concebidas para utiliza\u00e7\u00e3o com v\u00e1rios sabonetes l\u00edquidos e lo\u00e7\u00f5es, garantindo um desempenho consistente. S\u00e3o perfeitos para casas de banho, bem como para ambientes comerciais ou hoteleiros.<\/p>\n<p>Como <a href=\"https:\/\/www.kedali.com\/pt\/categoria-produto\/wholesale-ceramic-bathroom-accessories\/\" target=\"_blank\" rel=\"noopener\"><strong>fabricante de acess\u00f3rios de cer\u00e2mica para casa de banho<\/strong><\/a>, A nossa empresa oferece uma vasta gama de distribuidores de sab\u00e3o por atacado e fornece servi\u00e7os OEM e ODM. Contacte-nos para mais informa\u00e7\u00f5es.<\/p>\n<h2>Especifica\u00e7\u00f5es do Dispensador de sab\u00e3o em cer\u00e2mica<\/h2>\n<table width=\"235\">\n<tbody>\n<tr>\n<td width=\"69\">Marca<\/td>\n<td width=\"166\">KDL<\/td>\n<\/tr>\n<tr>\n<td width=\"69\">Modelo<\/td>\n<td width=\"166\">BS677-1-7543C<\/td>\n<\/tr>\n<tr>\n<td width=\"69\">Material<\/td>\n<td width=\"166\">cer\u00e2mica<\/td>\n<\/tr>\n<tr>\n<td width=\"69\">cor<\/td>\n<td width=\"166\">personaliz\u00e1vel<\/td>\n<\/tr>\n<tr>\n<td width=\"69\">Aplica\u00e7\u00e3o<\/td>\n<td width=\"166\">dispensador de sab\u00e3o<\/td>\n<\/tr>\n<tr>\n<td width=\"69\">Carater\u00edstica<\/td>\n<td width=\"166\">em relevo<\/td>\n<\/tr>\n<tr>\n<td width=\"69\">Dimens\u00f5es<\/td>\n<td width=\"166\">8,2 \u00d7 8,2 \u00d7 18,5 cm<\/td>\n<\/tr>\n<tr>\n<td width=\"69\">Quantidade m\u00ednima de encomenda<\/td>\n<td width=\"166\">800 unidades<\/td>\n<\/tr>\n<\/tbody>\n<\/table>\n<p>&nbsp;<\/p>","protected":false},"featured_media":1272,"comment_status":"closed","ping_status":"closed","template":"","meta":{"_acf_changed":false},"product_brand":[],"product_cat":[17,43],"product_tag":[],"class_list":{"0":"post-1270","1":"product","2":"type-product","3":"status-publish","4":"has-post-thumbnail","6":"product_cat-wholesale-ceramic-bathroom-accessories","7":"product_cat-wholesale-ceramic-soap-dispensers","9":"first","10":"instock","11":"shipping-taxable","12":"product-type-simple"},"acf":[],"_links":{"self":[{"href":"https:\/\/www.kedali.com\/pt\/wp-json\/wp\/v2\/product\/1270","targetHints":{"allow":["GET"]}}],"collection":[{"href":"https:\/\/www.kedali.com\/pt\/wp-json\/wp\/v2\/product"}],"about":[{"href":"https:\/\/www.kedali.com\/pt\/wp-json\/wp\/v2\/types\/product"}],"replies":[{"embeddable":true,"href":"https:\/\/www.kedali.com\/pt\/wp-json\/wp\/v2\/comments?post=1270"}],"wp:featuredmedia":[{"embeddable":true,"href":"https:\/\/www.kedali.com\/pt\/wp-json\/wp\/v2\/media\/1272"}],"wp:attachment":[{"href":"https:\/\/www.kedali.com\/pt\/wp-json\/wp\/v2\/media?parent=1270"}],"wp:term":[{"taxonomy":"product_brand","embeddable":true,"href":"https:\/\/www.kedali.com\/pt\/wp-json\/wp\/v2\/product_brand?post=1270"},{"taxonomy":"product_cat","embeddable":true,"href":"https:\/\/www.kedali.com\/pt\/wp-json\/wp\/v2\/product_cat?post=1270"},{"taxonomy":"product_tag","embeddable":true,"href":"https:\/\/www.kedali.com\/pt\/wp-json\/wp\/v2\/product_tag?post=1270"}],"curies":[{"name":"wp","href":"https:\/\/api.w.org\/{rel}","templated":true}]}}