{"id":1286,"date":"2025-11-12T10:40:19","date_gmt":"2025-11-12T10:40:19","guid":{"rendered":"https:\/\/www.kedali.com\/?post_type=product&#038;p=1286"},"modified":"2025-11-13T02:33:46","modified_gmt":"2025-11-13T02:33:46","slug":"ceramic-seashell-bathroom-accessories-set-wholesale","status":"publish","type":"product","link":"https:\/\/www.kedali.com\/pt\/produto\/ceramic-seashell-bathroom-accessories-set-wholesale\/","title":{"rendered":"Conjunto de acess\u00f3rios de casa de banho em cer\u00e2mica com conchas por atacado - Fornecimento direto do fabricante"},"content":{"rendered":"<div class=\"wp-block-columns is-layout-flex wp-container-core-columns-is-layout-9d6595d7 wp-block-columns-is-layout-flex\">\n<div class=\"wp-block-column is-layout-flow wp-block-column-is-layout-flow\">\n<h3 class=\"wp-block-heading\">Carater\u00edsticas do conjunto de acess\u00f3rios de casa de banho em cer\u00e2mica com conchas<\/h3>\n\n\n\n<ul class=\"wp-block-list\">\n<li><strong>Forma \u00fanica de concha:<\/strong> Os conjuntos de acess\u00f3rios de casa de banho apresentam um design unificado de conchas com linhas elegantes e fluidas e uma est\u00e9tica natural, acrescentando um toque art\u00edstico e um toque n\u00e1utico \u00e0 casa de banho.<\/li>\n\n\n\n<li><strong>Cores gradientes suaves: <\/strong>O conjunto de acess\u00f3rios de casa de banho utiliza um esquema de cores gradiente rosa e branco, criando um ambiente quente e suave que promove uma atmosfera confort\u00e1vel e rom\u00e2ntica na casa de banho.<\/li>\n\n\n\n<li><strong>Funcionalidade completa: <\/strong>O nosso conjunto de acess\u00f3rios de casa de banho por atacado inclui um dispensador de sab\u00e3o, uma saboneteira, um copo e um porta-escovas de dentes, entre outros artigos de casa de banho de uso comum.<\/li>\n\n\n\n<li><strong>Fornecimento est\u00e1vel:<\/strong> Como <strong><a href=\"https:\/\/www.kedali.com\/pt\/categoria-produto\/wholesale-ceramic-bathroom-accessories\/\" target=\"_blank\" rel=\"noreferrer noopener\">fabricante de acess\u00f3rios de cer\u00e2mica para casa de banho<\/a><\/strong>, A nossa empresa possui capacidades de produ\u00e7\u00e3o profissionais e economias de escala, garantindo um fornecimento est\u00e1vel e uma qualidade consistente para encomendas de grande volume.<\/li>\n<\/ul>\n\n\n\n<h3 class=\"wp-block-heading\">Servi\u00e7o personalizado<\/h3>\n\n\n\n<ul class=\"wp-block-list\">\n<li>Suporte OEM e ODM<\/li>\n\n\n\n<li>Entrega r\u00e1pida de amostras.<\/li>\n\n\n\n<li>Fornecer forma personalizada do produto, cor, padr\u00e3o, embalagem e outros servi\u00e7os personalizados.<\/li>\n<\/ul>\n<\/div>\n\n\n\n<div class=\"wp-block-column is-layout-flow wp-block-column-is-layout-flow\">\n<figure class=\"wp-block-image size-full\"><img decoding=\"async\" width=\"790\" height=\"1141\" src=\"https:\/\/www.kedali.com\/wp-content\/uploads\/2025\/11\/ceramic-seashell-bathroom-accessories-set-dimension.webp\" alt=\"conjunto de acess\u00f3rios de casa de banho em cer\u00e2mica com conchas dimens\u00e3o\" class=\"wp-image-1295\" srcset=\"https:\/\/www.kedali.com\/wp-content\/uploads\/2025\/11\/ceramic-seashell-bathroom-accessories-set-dimension.webp 790w, https:\/\/www.kedali.com\/wp-content\/uploads\/2025\/11\/ceramic-seashell-bathroom-accessories-set-dimension-208x300.webp 208w, https:\/\/www.kedali.com\/wp-content\/uploads\/2025\/11\/ceramic-seashell-bathroom-accessories-set-dimension-768x1109.webp 768w, https:\/\/www.kedali.com\/wp-content\/uploads\/2025\/11\/ceramic-seashell-bathroom-accessories-set-dimension-8x12.webp 8w, https:\/\/www.kedali.com\/wp-content\/uploads\/2025\/11\/ceramic-seashell-bathroom-accessories-set-dimension-600x867.webp 600w\" sizes=\"(max-width: 790px) 100vw, 790px\" \/><\/figure>\n<\/div>\n<\/div>\n\n\n\n<div class=\"wp-block-columns is-layout-flex wp-container-core-columns-is-layout-9d6595d7 wp-block-columns-is-layout-flex\">\n<div class=\"wp-block-column is-layout-flow wp-block-column-is-layout-flow\">\n<figure class=\"wp-block-image size-full\"><img decoding=\"async\" width=\"790\" height=\"1261\" src=\"https:\/\/www.kedali.com\/wp-content\/uploads\/2025\/11\/ceramic-seashell-bathroom-accessories-set-details-1.webp\" alt=\"conjunto de acess\u00f3rios de casa de banho em cer\u00e2mica com conchas detalhes (1)\" class=\"wp-image-1291\" srcset=\"https:\/\/www.kedali.com\/wp-content\/uploads\/2025\/11\/ceramic-seashell-bathroom-accessories-set-details-1.webp 790w, https:\/\/www.kedali.com\/wp-content\/uploads\/2025\/11\/ceramic-seashell-bathroom-accessories-set-details-1-188x300.webp 188w, https:\/\/www.kedali.com\/wp-content\/uploads\/2025\/11\/ceramic-seashell-bathroom-accessories-set-details-1-768x1226.webp 768w, https:\/\/www.kedali.com\/wp-content\/uploads\/2025\/11\/ceramic-seashell-bathroom-accessories-set-details-1-8x12.webp 8w, https:\/\/www.kedali.com\/wp-content\/uploads\/2025\/11\/ceramic-seashell-bathroom-accessories-set-details-1-600x958.webp 600w\" sizes=\"(max-width: 790px) 100vw, 790px\" \/><\/figure>\n<\/div>\n\n\n\n<div class=\"wp-block-column is-layout-flow wp-block-column-is-layout-flow\">\n<figure class=\"wp-block-image size-full\"><img decoding=\"async\" width=\"790\" height=\"1148\" src=\"https:\/\/www.kedali.com\/wp-content\/uploads\/2025\/11\/ceramic-seashell-bathroom-accessories-set-details-3.webp\" alt=\"conjunto de acess\u00f3rios de casa de banho em cer\u00e2mica com conchas detalhes (3)\" class=\"wp-image-1293\" srcset=\"https:\/\/www.kedali.com\/wp-content\/uploads\/2025\/11\/ceramic-seashell-bathroom-accessories-set-details-3.webp 790w, https:\/\/www.kedali.com\/wp-content\/uploads\/2025\/11\/ceramic-seashell-bathroom-accessories-set-details-3-206x300.webp 206w, https:\/\/www.kedali.com\/wp-content\/uploads\/2025\/11\/ceramic-seashell-bathroom-accessories-set-details-3-768x1116.webp 768w, https:\/\/www.kedali.com\/wp-content\/uploads\/2025\/11\/ceramic-seashell-bathroom-accessories-set-details-3-8x12.webp 8w, https:\/\/www.kedali.com\/wp-content\/uploads\/2025\/11\/ceramic-seashell-bathroom-accessories-set-details-3-600x872.webp 600w\" sizes=\"(max-width: 790px) 100vw, 790px\" \/><\/figure>\n<\/div>\n<\/div>","protected":false},"excerpt":{"rendered":"<p>Conjuntos de acess\u00f3rios de casa de banho em cer\u00e2mica por grosso, com um luxuoso design de concha. Os produtos utilizam uma forma unificada de concha natural e cores gradientes suaves, tornando-os altamente reconhec\u00edveis e esteticamente agrad\u00e1veis. Cada conjunto inclui um dispensador de sab\u00e3o, um suporte para escova de dentes, um copo para elixir bucal e uma saboneteira, satisfazendo as principais necessidades da casa de banho. Este design est\u00e9tico poderoso eleva efetivamente o estilo geral da sua loja e promove as vendas cruzadas. Contacte-nos para um or\u00e7amento.<\/p>\n<h2>Especifica\u00e7\u00f5es do Conjunto de acess\u00f3rios de casa de banho em cer\u00e2mica com conchas<\/h2>\n<table width=\"235\">\n<tbody>\n<tr>\n<td width=\"69\">Marca<\/td>\n<td width=\"166\">KDL<\/td>\n<\/tr>\n<tr>\n<td width=\"69\">Modelo<\/td>\n<td width=\"166\">BS599-GVF178<\/td>\n<\/tr>\n<tr>\n<td width=\"69\">Material<\/td>\n<td width=\"166\">cer\u00e2mica<\/td>\n<\/tr>\n<tr>\n<td width=\"69\">cor<\/td>\n<td width=\"166\">cor-de-rosa\/verde\/branco<\/td>\n<\/tr>\n<tr>\n<td width=\"69\">Aplica\u00e7\u00e3o<\/td>\n<td width=\"166\">casa de banho\u00a0<\/td>\n<\/tr>\n<tr>\n<td width=\"69\">Carater\u00edstica<\/td>\n<td width=\"166\">esculpidas<\/td>\n<\/tr>\n<tr>\n<td width=\"69\">Dimens\u00f5es<\/td>\n<td width=\"166\"><strong data-start=\"32\" data-end=\"51\">Distribuidor de sab\u00e3o:<\/strong> 12 \u00d7 6,2 \u00d7 15,8 cm<br data-start=\"70\" data-end=\"73\" data-is-only-node=\"\" \/><strong data-start=\"73\" data-end=\"85\">Copo:<\/strong> 7,3 \u00d7 7,3 \u00d7 11 cm<br data-start=\"103\" data-end=\"106\" \/><strong data-start=\"106\" data-end=\"128\">Suporte para escova de dentes:<\/strong> 12 \u00d7 6,3 \u00d7 10 cm<br data-start=\"145\" data-end=\"148\" \/><strong data-start=\"148\" data-end=\"162\">Saboneteira:<\/strong> 12,3 \u00d7 13,3 \u00d7 3 cm<\/td>\n<\/tr>\n<tr>\n<td width=\"69\">Peso bruto (kg)<\/td>\n<td width=\"166\">1,5 kg\/conjunto<\/td>\n<\/tr>\n<tr>\n<td width=\"69\">Quantidade m\u00ednima de encomenda<\/td>\n<td width=\"166\">800 conjuntos<\/td>\n<\/tr>\n<\/tbody>\n<\/table>\n<p>&nbsp;<\/p>\n<p>\n<script src=\"chrome-extension:\/\/fpelahbljekknahkcaegamhcndkfpfnc\/iFrame.js\" type=\"text\/javascript\"><\/script><\/p>","protected":false},"featured_media":1296,"comment_status":"closed","ping_status":"closed","template":"","meta":{"_acf_changed":false},"product_brand":[],"product_cat":[17,32],"product_tag":[],"class_list":{"0":"post-1286","1":"product","2":"type-product","3":"status-publish","4":"has-post-thumbnail","6":"product_cat-wholesale-ceramic-bathroom-accessories","7":"product_cat-wholesale-ceramic-bath-accessories-sets","9":"first","10":"instock","11":"shipping-taxable","12":"product-type-simple"},"acf":[],"_links":{"self":[{"href":"https:\/\/www.kedali.com\/pt\/wp-json\/wp\/v2\/product\/1286","targetHints":{"allow":["GET"]}}],"collection":[{"href":"https:\/\/www.kedali.com\/pt\/wp-json\/wp\/v2\/product"}],"about":[{"href":"https:\/\/www.kedali.com\/pt\/wp-json\/wp\/v2\/types\/product"}],"replies":[{"embeddable":true,"href":"https:\/\/www.kedali.com\/pt\/wp-json\/wp\/v2\/comments?post=1286"}],"wp:featuredmedia":[{"embeddable":true,"href":"https:\/\/www.kedali.com\/pt\/wp-json\/wp\/v2\/media\/1296"}],"wp:attachment":[{"href":"https:\/\/www.kedali.com\/pt\/wp-json\/wp\/v2\/media?parent=1286"}],"wp:term":[{"taxonomy":"product_brand","embeddable":true,"href":"https:\/\/www.kedali.com\/pt\/wp-json\/wp\/v2\/product_brand?post=1286"},{"taxonomy":"product_cat","embeddable":true,"href":"https:\/\/www.kedali.com\/pt\/wp-json\/wp\/v2\/product_cat?post=1286"},{"taxonomy":"product_tag","embeddable":true,"href":"https:\/\/www.kedali.com\/pt\/wp-json\/wp\/v2\/product_tag?post=1286"}],"curies":[{"name":"wp","href":"https:\/\/api.w.org\/{rel}","templated":true}]}}