{"id":1301,"date":"2025-11-13T02:37:57","date_gmt":"2025-11-13T02:37:57","guid":{"rendered":"https:\/\/www.kedali.com\/?post_type=product&#038;p=1301"},"modified":"2025-11-13T02:59:57","modified_gmt":"2025-11-13T02:59:57","slug":"wholesale-6-piece-ceramic-bathroom-accessories-set","status":"publish","type":"product","link":"https:\/\/www.kedali.com\/pt\/produto\/wholesale-6-piece-ceramic-bathroom-accessories-set\/","title":{"rendered":"Conjunto de acess\u00f3rios de casa de banho em cer\u00e2mica de 6 pe\u00e7as com impress\u00e3o bot\u00e2nica e rebordo dourado"},"content":{"rendered":"<div class=\"wp-block-columns is-layout-flex wp-container-core-columns-is-layout-9d6595d7 wp-block-columns-is-layout-flex\">\n<div class=\"wp-block-column is-layout-flow wp-block-column-is-layout-flow\">\n<h3 class=\"wp-block-heading\">Carater\u00edsticas do conjunto de acess\u00f3rios de casa de banho em cer\u00e2mica<\/h3>\n\n\n\n<ul class=\"wp-block-list\">\n<li><strong>Desenho da s\u00e9rie: <\/strong>Este conjunto de produtos inclui v\u00e1rios artigos, tais como um copo para elixir bucal, um frasco de sabonete, uma escova de sanita, uma saboneteira e um tabuleiro. Todos os artigos apresentam uma linguagem de design unificada: base de porcelana branca, padr\u00f5es bot\u00e2nicos pretos e acabamentos dourados, criando uma sensa\u00e7\u00e3o de s\u00e9rie coesa.<\/li>\n\n\n\n<li><strong>Conjunto completo:<\/strong> O conjunto abrange os artigos essenciais necess\u00e1rios para a utiliza\u00e7\u00e3o di\u00e1ria da casa de banho, satisfazendo as necessidades de lavagem, limpeza e arruma\u00e7\u00e3o.<\/li>\n\n\n\n<li><strong>Amigo do ambiente e saud\u00e1vel: <\/strong>A porcelana duradoura \u00e9 fabricada a partir de mat\u00e9rias-primas naturais, sem quaisquer res\u00edduos met\u00e1licos nocivos, o que a torna segura e n\u00e3o t\u00f3xica.<\/li>\n\n\n\n<li><strong>F\u00e1cil de limpar: <\/strong>A superf\u00edcie lisa e n\u00e3o porosa da cer\u00e2mica \u00e9 f\u00e1cil de limpar e resistente \u00e0 espuma de sab\u00e3o e ao bolor.<\/li>\n\n\n\n<li><strong>Pre\u00e7o direto da f\u00e1brica:<\/strong> Como fabricante de acess\u00f3rios de cer\u00e2mica para casa de banho, oferecemos pre\u00e7os diretos de f\u00e1brica, ajudando os clientes a obter conjuntos de cer\u00e2mica para casa de banho de alta qualidade a um custo mais competitivo.<\/li>\n<\/ul>\n\n\n\n<h3 class=\"wp-block-heading\">Servi\u00e7o personalizado<\/h3>\n\n\n\n<ul class=\"wp-block-list\">\n<li>Suporte OEM e ODM<\/li>\n\n\n\n<li>Entrega r\u00e1pida de amostras.<\/li>\n\n\n\n<li>Fornecer forma personalizada do produto, cor, padr\u00e3o, embalagem e outros servi\u00e7os personalizados.<\/li>\n<\/ul>\n<\/div>\n\n\n\n<div class=\"wp-block-column is-layout-flow wp-block-column-is-layout-flow\">\n<figure class=\"wp-block-image size-full\"><img decoding=\"async\" width=\"800\" height=\"800\" src=\"https:\/\/www.kedali.com\/wp-content\/uploads\/2025\/11\/wholesale-6-piece-ceramic-bathroom-accessories-set-1.webp\" alt=\"conjunto de acess\u00f3rios de casa de banho em cer\u00e2mica com 6 pe\u00e7as (1)\" class=\"wp-image-1303\" srcset=\"https:\/\/www.kedali.com\/wp-content\/uploads\/2025\/11\/wholesale-6-piece-ceramic-bathroom-accessories-set-1.webp 800w, https:\/\/www.kedali.com\/wp-content\/uploads\/2025\/11\/wholesale-6-piece-ceramic-bathroom-accessories-set-1-300x300.webp 300w, https:\/\/www.kedali.com\/wp-content\/uploads\/2025\/11\/wholesale-6-piece-ceramic-bathroom-accessories-set-1-150x150.webp 150w, https:\/\/www.kedali.com\/wp-content\/uploads\/2025\/11\/wholesale-6-piece-ceramic-bathroom-accessories-set-1-768x768.webp 768w, https:\/\/www.kedali.com\/wp-content\/uploads\/2025\/11\/wholesale-6-piece-ceramic-bathroom-accessories-set-1-12x12.webp 12w, https:\/\/www.kedali.com\/wp-content\/uploads\/2025\/11\/wholesale-6-piece-ceramic-bathroom-accessories-set-1-600x600.webp 600w, https:\/\/www.kedali.com\/wp-content\/uploads\/2025\/11\/wholesale-6-piece-ceramic-bathroom-accessories-set-1-100x100.webp 100w\" sizes=\"(max-width: 800px) 100vw, 800px\" \/><\/figure>\n<\/div>\n<\/div>\n\n\n\n<div class=\"wp-block-columns is-layout-flex wp-container-core-columns-is-layout-9d6595d7 wp-block-columns-is-layout-flex\">\n<div class=\"wp-block-column is-layout-flow wp-block-column-is-layout-flow\">\n<figure class=\"wp-block-image size-full\"><img decoding=\"async\" width=\"800\" height=\"800\" src=\"https:\/\/www.kedali.com\/wp-content\/uploads\/2025\/11\/wholesale-6-piece-ceramic-bathroom-accessories-set-5.webp\" alt=\"conjunto de acess\u00f3rios de casa de banho em cer\u00e2mica com 6 pe\u00e7as (5)\" class=\"wp-image-1307\" srcset=\"https:\/\/www.kedali.com\/wp-content\/uploads\/2025\/11\/wholesale-6-piece-ceramic-bathroom-accessories-set-5.webp 800w, https:\/\/www.kedali.com\/wp-content\/uploads\/2025\/11\/wholesale-6-piece-ceramic-bathroom-accessories-set-5-300x300.webp 300w, https:\/\/www.kedali.com\/wp-content\/uploads\/2025\/11\/wholesale-6-piece-ceramic-bathroom-accessories-set-5-150x150.webp 150w, https:\/\/www.kedali.com\/wp-content\/uploads\/2025\/11\/wholesale-6-piece-ceramic-bathroom-accessories-set-5-768x768.webp 768w, https:\/\/www.kedali.com\/wp-content\/uploads\/2025\/11\/wholesale-6-piece-ceramic-bathroom-accessories-set-5-12x12.webp 12w, https:\/\/www.kedali.com\/wp-content\/uploads\/2025\/11\/wholesale-6-piece-ceramic-bathroom-accessories-set-5-600x600.webp 600w, https:\/\/www.kedali.com\/wp-content\/uploads\/2025\/11\/wholesale-6-piece-ceramic-bathroom-accessories-set-5-100x100.webp 100w\" sizes=\"(max-width: 800px) 100vw, 800px\" \/><\/figure>\n<\/div>\n\n\n\n<div class=\"wp-block-column is-layout-flow wp-block-column-is-layout-flow\">\n<figure class=\"wp-block-image size-full\"><img decoding=\"async\" width=\"800\" height=\"800\" src=\"https:\/\/www.kedali.com\/wp-content\/uploads\/2025\/11\/wholesale-6-piece-ceramic-bathroom-accessories-set-6.webp\" alt=\"conjunto de acess\u00f3rios de casa de banho em cer\u00e2mica com 6 pe\u00e7as (6)\" class=\"wp-image-1308\" srcset=\"https:\/\/www.kedali.com\/wp-content\/uploads\/2025\/11\/wholesale-6-piece-ceramic-bathroom-accessories-set-6.webp 800w, https:\/\/www.kedali.com\/wp-content\/uploads\/2025\/11\/wholesale-6-piece-ceramic-bathroom-accessories-set-6-300x300.webp 300w, https:\/\/www.kedali.com\/wp-content\/uploads\/2025\/11\/wholesale-6-piece-ceramic-bathroom-accessories-set-6-150x150.webp 150w, https:\/\/www.kedali.com\/wp-content\/uploads\/2025\/11\/wholesale-6-piece-ceramic-bathroom-accessories-set-6-768x768.webp 768w, https:\/\/www.kedali.com\/wp-content\/uploads\/2025\/11\/wholesale-6-piece-ceramic-bathroom-accessories-set-6-12x12.webp 12w, https:\/\/www.kedali.com\/wp-content\/uploads\/2025\/11\/wholesale-6-piece-ceramic-bathroom-accessories-set-6-600x600.webp 600w, https:\/\/www.kedali.com\/wp-content\/uploads\/2025\/11\/wholesale-6-piece-ceramic-bathroom-accessories-set-6-100x100.webp 100w\" sizes=\"(max-width: 800px) 100vw, 800px\" \/><\/figure>\n<\/div>\n<\/div>","protected":false},"excerpt":{"rendered":"<p>Conjuntos de acess\u00f3rios de casa de banho por atacado. Este conjunto de acess\u00f3rios de casa de banho em cer\u00e2mica apresenta um estilo n\u00f3rdico de luxo leve, com um corpo em porcelana branca e estampas bot\u00e2nicas pretas e douradas. Inclui uma gama completa de artigos, como copos para escovas de dentes, frascos de sabonete, escovas de sanita e saboneteiras. Contacte-nos para um or\u00e7amento.<\/p>\n<h2>Especifica\u00e7\u00f5es do Conjunto de acess\u00f3rios de casa de banho em cer\u00e2mica com 6 pe\u00e7as<\/h2>\n<table width=\"235\">\n<tbody>\n<tr>\n<td width=\"69\">Marca<\/td>\n<td width=\"166\">KDL<\/td>\n<\/tr>\n<tr>\n<td width=\"69\">Modelo<\/td>\n<td width=\"166\">BS600<\/td>\n<\/tr>\n<tr>\n<td width=\"69\">Material<\/td>\n<td width=\"166\">cer\u00e2mica<\/td>\n<\/tr>\n<tr>\n<td width=\"69\">cor<\/td>\n<td width=\"166\">branco<\/td>\n<\/tr>\n<tr>\n<td width=\"69\">Aplica\u00e7\u00e3o<\/td>\n<td width=\"166\">casa de banho<\/td>\n<\/tr>\n<tr>\n<td width=\"69\">Carater\u00edstica<\/td>\n<td width=\"166\">serigrafia<\/td>\n<\/tr>\n<tr>\n<td width=\"69\">Dimens\u00f5es<\/td>\n<td width=\"166\"><strong data-start=\"34\" data-end=\"46\">Copo:<\/strong> 7,5 \u00d7 7,3 \u00d7 11,2 cm<br data-start=\"66\" data-end=\"69\" \/><strong data-start=\"69\" data-end=\"83\" data-is-only-node=\"\">Dispensador:<\/strong> 7,5 \u00d7 7,3 \u00d7 18,8 cm<br data-start=\"103\" data-end=\"106\" \/><strong data-start=\"106\" data-end=\"129\">Suporte para escova de casa de banho:<\/strong> 8,9 \u00d7 8,7 \u00d7 11 cm<br data-start=\"147\" data-end=\"150\" \/><strong data-start=\"150\" data-end=\"173\">Arruma\u00e7\u00e3o em forma de banheira:<\/strong> 20,5 \u00d7 10,5 \u00d7 11 cm<br data-start=\"193\" data-end=\"196\" \/><strong data-start=\"196\" data-end=\"212\">Frasco de armazenamento:<\/strong> 8,9 \u00d7 8,9 \u00d7 11,1 cm<br data-start=\"232\" data-end=\"235\" \/><strong data-start=\"235\" data-end=\"249\">Saboneteira:<\/strong> 13,4 \u00d7 9,3 \u00d7 1,9 cm<\/td>\n<\/tr>\n<tr>\n<td width=\"69\">Peso bruto (kg)<\/td>\n<td width=\"166\">4kg\/conjunto<\/td>\n<\/tr>\n<tr>\n<td width=\"69\">Quantidade m\u00ednima de encomenda<\/td>\n<td width=\"166\">800 conjuntos<\/td>\n<\/tr>\n<\/tbody>\n<\/table>\n<p>&nbsp;<\/p>","protected":false},"featured_media":1303,"comment_status":"closed","ping_status":"closed","template":"","meta":{"_acf_changed":false},"product_brand":[],"product_cat":[17,32],"product_tag":[],"class_list":{"0":"post-1301","1":"product","2":"type-product","3":"status-publish","4":"has-post-thumbnail","6":"product_cat-wholesale-ceramic-bathroom-accessories","7":"product_cat-wholesale-ceramic-bath-accessories-sets","9":"first","10":"instock","11":"shipping-taxable","12":"product-type-simple"},"acf":[],"_links":{"self":[{"href":"https:\/\/www.kedali.com\/pt\/wp-json\/wp\/v2\/product\/1301","targetHints":{"allow":["GET"]}}],"collection":[{"href":"https:\/\/www.kedali.com\/pt\/wp-json\/wp\/v2\/product"}],"about":[{"href":"https:\/\/www.kedali.com\/pt\/wp-json\/wp\/v2\/types\/product"}],"replies":[{"embeddable":true,"href":"https:\/\/www.kedali.com\/pt\/wp-json\/wp\/v2\/comments?post=1301"}],"wp:featuredmedia":[{"embeddable":true,"href":"https:\/\/www.kedali.com\/pt\/wp-json\/wp\/v2\/media\/1303"}],"wp:attachment":[{"href":"https:\/\/www.kedali.com\/pt\/wp-json\/wp\/v2\/media?parent=1301"}],"wp:term":[{"taxonomy":"product_brand","embeddable":true,"href":"https:\/\/www.kedali.com\/pt\/wp-json\/wp\/v2\/product_brand?post=1301"},{"taxonomy":"product_cat","embeddable":true,"href":"https:\/\/www.kedali.com\/pt\/wp-json\/wp\/v2\/product_cat?post=1301"},{"taxonomy":"product_tag","embeddable":true,"href":"https:\/\/www.kedali.com\/pt\/wp-json\/wp\/v2\/product_tag?post=1301"}],"curies":[{"name":"wp","href":"https:\/\/api.w.org\/{rel}","templated":true}]}}