{"id":1314,"date":"2025-11-13T03:00:47","date_gmt":"2025-11-13T03:00:47","guid":{"rendered":"https:\/\/www.kedali.com\/?post_type=product&#038;p=1314"},"modified":"2026-02-19T06:07:20","modified_gmt":"2026-02-19T06:07:20","slug":"wholesale-premium-ceramic-tea-set","status":"publish","type":"product","link":"https:\/\/www.kedali.com\/pt\/produto\/wholesale-premium-ceramic-tea-set\/","title":{"rendered":"Conjunto de ch\u00e1 em cer\u00e2mica de qualidade superior para venda por grosso - um conjunto completo para venda a retalho que inclui um bule, ch\u00e1venas de ch\u00e1, jarro de leite e a\u00e7ucareiro."},"content":{"rendered":"<div class=\"wp-block-columns is-layout-flex wp-container-core-columns-is-layout-9d6595d7 wp-block-columns-is-layout-flex\">\n<div class=\"wp-block-column is-layout-flow wp-block-column-is-layout-flow\">\n<h3 class=\"wp-block-heading\">Carater\u00edsticas do Conjunto de ch\u00e1 em cer\u00e2mica Premium<\/h3>\n\n\n\n<ul class=\"wp-block-list\">\n<li><strong>Aspeto elegante e intemporal: <\/strong>A combina\u00e7\u00e3o de porcelana branca pura e detalhes dourados d\u00e1 a este conjunto de ch\u00e1 de cer\u00e2mica por atacado um aspeto refinado, cl\u00e1ssico e moderno.<\/li>\n\n\n\n<li><strong>Conjunto completo: <\/strong>Este conjunto inclui um bule de ch\u00e1, um jarro de leite, um a\u00e7ucareiro e ch\u00e1venas de ch\u00e1 e pires, proporcionando um conjunto de ch\u00e1 completo pronto a utilizar a partir da caixa.<\/li>\n\n\n\n<li><strong>Conce\u00e7\u00e3o funcional:<\/strong> O bule de ch\u00e1 tem uma tampa bem fechada e um bico bem concebido para verter facilmente. O jarro de leite tem um rebordo f\u00e1cil de verter e as ch\u00e1venas de ch\u00e1 t\u00eam pegas confort\u00e1veis.<\/li>\n\n\n\n<li><strong>Procura no mercado: <\/strong>A cultura do ch\u00e1 e a tend\u00eancia do ch\u00e1 da tarde continuam a ser populares. Como fabricante de topo de conjuntos de ch\u00e1 em Guangdong, China, a nossa capacidade de produ\u00e7\u00e3o pode satisfazer a procura cont\u00ednua do mercado por conjuntos de ch\u00e1 requintados e de alta qualidade.<\/li>\n<\/ul>\n\n\n\n<h3 class=\"wp-block-heading\">Servi\u00e7o personalizado<\/h3>\n\n\n\n<ul class=\"wp-block-list\">\n<li>Suporte OEM e ODM<\/li>\n\n\n\n<li>Entrega r\u00e1pida de amostras.<\/li>\n\n\n\n<li>Fornecer forma personalizada do produto, cor, padr\u00e3o, embalagem e outros servi\u00e7os personalizados.<\/li>\n<\/ul>\n<\/div>\n\n\n\n<div class=\"wp-block-column is-layout-flow wp-block-column-is-layout-flow\">\n<figure class=\"wp-block-image size-full\"><img decoding=\"async\" width=\"800\" height=\"800\" src=\"https:\/\/www.kedali.com\/wp-content\/uploads\/2025\/11\/wholesale-premium-ceramic-tea-set-2.webp\" alt=\"conjunto de ch\u00e1 de cer\u00e2mica premium por atacado (2)\" class=\"wp-image-1326\" srcset=\"https:\/\/www.kedali.com\/wp-content\/uploads\/2025\/11\/wholesale-premium-ceramic-tea-set-2.webp 800w, https:\/\/www.kedali.com\/wp-content\/uploads\/2025\/11\/wholesale-premium-ceramic-tea-set-2-300x300.webp 300w, https:\/\/www.kedali.com\/wp-content\/uploads\/2025\/11\/wholesale-premium-ceramic-tea-set-2-150x150.webp 150w, https:\/\/www.kedali.com\/wp-content\/uploads\/2025\/11\/wholesale-premium-ceramic-tea-set-2-768x768.webp 768w, https:\/\/www.kedali.com\/wp-content\/uploads\/2025\/11\/wholesale-premium-ceramic-tea-set-2-12x12.webp 12w, https:\/\/www.kedali.com\/wp-content\/uploads\/2025\/11\/wholesale-premium-ceramic-tea-set-2-600x600.webp 600w, https:\/\/www.kedali.com\/wp-content\/uploads\/2025\/11\/wholesale-premium-ceramic-tea-set-2-100x100.webp 100w\" sizes=\"(max-width: 800px) 100vw, 800px\" \/><\/figure>\n<\/div>\n<\/div>\n\n\n\n<div class=\"wp-block-columns is-layout-flex wp-container-core-columns-is-layout-9d6595d7 wp-block-columns-is-layout-flex\">\n<div class=\"wp-block-column is-layout-flow wp-block-column-is-layout-flow\">\n<figure class=\"wp-block-image size-full\"><img decoding=\"async\" width=\"800\" height=\"800\" src=\"https:\/\/www.kedali.com\/wp-content\/uploads\/2025\/11\/wholesale-premium-ceramic-tea-set-3.webp\" alt=\"conjunto de ch\u00e1 de cer\u00e2mica premium por atacado (3)\" class=\"wp-image-1327\" srcset=\"https:\/\/www.kedali.com\/wp-content\/uploads\/2025\/11\/wholesale-premium-ceramic-tea-set-3.webp 800w, https:\/\/www.kedali.com\/wp-content\/uploads\/2025\/11\/wholesale-premium-ceramic-tea-set-3-300x300.webp 300w, https:\/\/www.kedali.com\/wp-content\/uploads\/2025\/11\/wholesale-premium-ceramic-tea-set-3-150x150.webp 150w, https:\/\/www.kedali.com\/wp-content\/uploads\/2025\/11\/wholesale-premium-ceramic-tea-set-3-768x768.webp 768w, https:\/\/www.kedali.com\/wp-content\/uploads\/2025\/11\/wholesale-premium-ceramic-tea-set-3-12x12.webp 12w, https:\/\/www.kedali.com\/wp-content\/uploads\/2025\/11\/wholesale-premium-ceramic-tea-set-3-600x600.webp 600w, https:\/\/www.kedali.com\/wp-content\/uploads\/2025\/11\/wholesale-premium-ceramic-tea-set-3-100x100.webp 100w\" sizes=\"(max-width: 800px) 100vw, 800px\" \/><\/figure>\n<\/div>\n\n\n\n<div class=\"wp-block-column is-layout-flow wp-block-column-is-layout-flow\">\n<figure class=\"wp-block-image size-full\"><img decoding=\"async\" width=\"800\" height=\"800\" src=\"https:\/\/www.kedali.com\/wp-content\/uploads\/2025\/11\/wholesale-premium-ceramic-tea-set-4.webp\" alt=\"conjunto de ch\u00e1 de cer\u00e2mica premium por atacado (4)\" class=\"wp-image-1328\" srcset=\"https:\/\/www.kedali.com\/wp-content\/uploads\/2025\/11\/wholesale-premium-ceramic-tea-set-4.webp 800w, https:\/\/www.kedali.com\/wp-content\/uploads\/2025\/11\/wholesale-premium-ceramic-tea-set-4-300x300.webp 300w, https:\/\/www.kedali.com\/wp-content\/uploads\/2025\/11\/wholesale-premium-ceramic-tea-set-4-150x150.webp 150w, https:\/\/www.kedali.com\/wp-content\/uploads\/2025\/11\/wholesale-premium-ceramic-tea-set-4-768x768.webp 768w, https:\/\/www.kedali.com\/wp-content\/uploads\/2025\/11\/wholesale-premium-ceramic-tea-set-4-12x12.webp 12w, https:\/\/www.kedali.com\/wp-content\/uploads\/2025\/11\/wholesale-premium-ceramic-tea-set-4-600x600.webp 600w, https:\/\/www.kedali.com\/wp-content\/uploads\/2025\/11\/wholesale-premium-ceramic-tea-set-4-100x100.webp 100w\" sizes=\"(max-width: 800px) 100vw, 800px\" \/><\/figure>\n<\/div>\n<\/div>","protected":false},"excerpt":{"rendered":"<p>Conjuntos de ch\u00e1 em cer\u00e2mica por atacado, com designs que combinam est\u00e9tica moderna e funcionalidade pr\u00e1tica, tornando-os ideais para presentes de casamento e para o mercado retalhista de presentes de alta qualidade. A personaliza\u00e7\u00e3o em stock e do log\u00f3tipo \u00e9 suportada.  Como fabricante de conjuntos de ch\u00e1, a Kedali oferece uma variedade de estilos a pre\u00e7os competitivos. Contacte-nos agora!<\/p>\n<h2>Especifica\u00e7\u00f5es do Conjunto de ch\u00e1 em cer\u00e2mica<\/h2>\n<table width=\"235\">\n<tbody>\n<tr>\n<td width=\"69\">Marca<\/td>\n<td width=\"166\">KDL<\/td>\n<\/tr>\n<tr>\n<td width=\"69\">Modelo<\/td>\n<td width=\"166\">TPQ190-A128<\/td>\n<\/tr>\n<tr>\n<td width=\"69\">Material<\/td>\n<td width=\"166\">cer\u00e2mica<\/td>\n<\/tr>\n<tr>\n<td width=\"69\">cor<\/td>\n<td width=\"166\">branco<\/td>\n<\/tr>\n<tr>\n<td width=\"69\">Aplica\u00e7\u00e3o<\/td>\n<td width=\"166\">servi\u00e7o de ch\u00e1 em cer\u00e2mica<\/td>\n<\/tr>\n<tr>\n<td width=\"69\">Carater\u00edstica<\/td>\n<td width=\"166\">decalque<\/td>\n<\/tr>\n<tr>\n<td width=\"69\">Dimens\u00f5es<\/td>\n<td width=\"166\"><strong data-start=\"34\" data-end=\"49\">Cafeteira:<\/strong> 21 \u00d7 12,3 \u00d7 19,5 cm<br data-start=\"69\" data-end=\"72\" data-is-only-node=\"\" \/><strong data-start=\"72\" data-end=\"84\">Bule de ch\u00e1:<\/strong> 21 \u00d7 12,8 \u00d7 14 cm<br data-start=\"102\" data-end=\"105\" \/><strong data-start=\"105\" data-end=\"119\">Frasco de a\u00e7\u00facar:<\/strong> 9,4 \u00d7 9,4 \u00d7 9,5 cm<br data-start=\"138\" data-end=\"141\" \/><strong data-start=\"141\" data-end=\"154\">Frasco de leite:<\/strong> 13 \u00d7 7,5 \u00d7 9,8 cm<br data-start=\"172\" data-end=\"175\" \/><strong data-start=\"175\" data-end=\"183\">Ta\u00e7a:<\/strong> 12 \u00d7 9 \u00d7 6,9 cm<br data-start=\"199\" data-end=\"202\" \/><strong data-start=\"202\" data-end=\"213\">Pires:<\/strong> 15 \u00d7 15 \u00d7 2 cm<\/td>\n<\/tr>\n<tr>\n<td width=\"69\">Peso bruto (kg)<\/td>\n<td width=\"166\">5 kg<\/td>\n<\/tr>\n<tr>\n<td width=\"69\">Quantidade m\u00ednima de encomenda<\/td>\n<td width=\"166\">800 conjuntos<\/td>\n<\/tr>\n<\/tbody>\n<\/table>\n<p>&nbsp;<\/p>","protected":false},"featured_media":1325,"comment_status":"closed","ping_status":"closed","template":"","meta":{"_acf_changed":false},"product_brand":[],"product_cat":[29,53],"product_tag":[],"class_list":{"0":"post-1314","1":"product","2":"type-product","3":"status-publish","4":"has-post-thumbnail","6":"product_cat-wholesale-ceramic-tea-sets","7":"product_cat-wholesale-coffee-and-tea-sets","9":"first","10":"instock","11":"shipping-taxable","12":"product-type-simple"},"acf":[],"_links":{"self":[{"href":"https:\/\/www.kedali.com\/pt\/wp-json\/wp\/v2\/product\/1314","targetHints":{"allow":["GET"]}}],"collection":[{"href":"https:\/\/www.kedali.com\/pt\/wp-json\/wp\/v2\/product"}],"about":[{"href":"https:\/\/www.kedali.com\/pt\/wp-json\/wp\/v2\/types\/product"}],"replies":[{"embeddable":true,"href":"https:\/\/www.kedali.com\/pt\/wp-json\/wp\/v2\/comments?post=1314"}],"wp:featuredmedia":[{"embeddable":true,"href":"https:\/\/www.kedali.com\/pt\/wp-json\/wp\/v2\/media\/1325"}],"wp:attachment":[{"href":"https:\/\/www.kedali.com\/pt\/wp-json\/wp\/v2\/media?parent=1314"}],"wp:term":[{"taxonomy":"product_brand","embeddable":true,"href":"https:\/\/www.kedali.com\/pt\/wp-json\/wp\/v2\/product_brand?post=1314"},{"taxonomy":"product_cat","embeddable":true,"href":"https:\/\/www.kedali.com\/pt\/wp-json\/wp\/v2\/product_cat?post=1314"},{"taxonomy":"product_tag","embeddable":true,"href":"https:\/\/www.kedali.com\/pt\/wp-json\/wp\/v2\/product_tag?post=1314"}],"curies":[{"name":"wp","href":"https:\/\/api.w.org\/{rel}","templated":true}]}}