{"id":1338,"date":"2025-11-13T04:01:15","date_gmt":"2025-11-13T04:01:15","guid":{"rendered":"https:\/\/www.kedali.com\/?post_type=product&#038;p=1338"},"modified":"2026-02-19T06:07:13","modified_gmt":"2026-02-19T06:07:13","slug":"stackable-ceramic-teapot-and-cup-set-wholesale","status":"publish","type":"product","link":"https:\/\/www.kedali.com\/pt\/produto\/stackable-ceramic-teapot-and-cup-set-wholesale\/","title":{"rendered":"Conjunto de ch\u00e1venas e bules de cer\u00e2mica empilh\u00e1veis por atacado - esquema de cores preto e vermelho."},"content":{"rendered":"<div class=\"wp-block-columns is-layout-flex wp-container-core-columns-is-layout-9d6595d7 wp-block-columns-is-layout-flex\">\n<div class=\"wp-block-column is-layout-flow wp-block-column-is-layout-flow\">\n<h3 class=\"wp-block-heading\">Carater\u00edsticas do conjunto de ch\u00e1vena e bule de cer\u00e2mica<\/h3>\n\n\n\n<ul class=\"wp-block-list\">\n<li><strong>Estilo vers\u00e1til: <\/strong>O esquema de cores vermelho e preto real\u00e7a o apelo visual, tornando-o adequado para uso pessoal ou como presente. A ch\u00e1vena e o pires com um design requintado integram-se perfeitamente em ambientes dom\u00e9sticos ou de escrit\u00f3rio, tornando-se um ponto focal impressionante em qualquer secret\u00e1ria.<\/li>\n\n\n\n<li><strong>Funcionalidade pr\u00e1tica: <\/strong>O material cer\u00e2mico oferece uma excelente reten\u00e7\u00e3o de calor, mantendo o caf\u00e9 e o ch\u00e1 \u00e0 temperatura perfeita. A sua superf\u00edcie lisa \u00e9 f\u00e1cil de limpar e resiste a manchas de ch\u00e1 ou caf\u00e9.<\/li>\n\n\n\n<li><strong>Port\u00e1til: <\/strong>Linhas elegantes e uma pega equilibrada optimizam a experi\u00eancia do utilizador no dia a dia. Este conjunto port\u00e1til \u00e9 compacto e perfeito para viagens ou utiliza\u00e7\u00e3o no exterior, ocupando um espa\u00e7o m\u00ednimo.<\/li>\n\n\n\n<li><strong>Suporte OEM e ODM: <\/strong>Como fabricante profissional de artigos para ch\u00e1, oferecemos servi\u00e7os abrangentes de personaliza\u00e7\u00e3o OEM\/ODM, permitindo-lhe adaptar materiais, cores, padr\u00f5es, embalagens e marcas \u00e0s suas necessidades espec\u00edficas.<\/li>\n<\/ul>\n\n\n\n<h3 class=\"wp-block-heading\">Servi\u00e7o personalizado<\/h3>\n\n\n\n<ul class=\"wp-block-list\">\n<li>Suporte OEM e ODM<\/li>\n\n\n\n<li>Entrega r\u00e1pida de amostras.<\/li>\n\n\n\n<li>Fornecer forma personalizada do produto, cor, padr\u00e3o, embalagem e outros servi\u00e7os personalizados.<\/li>\n<\/ul>\n<\/div>\n\n\n\n<div class=\"wp-block-column is-layout-flow wp-block-column-is-layout-flow\">\n<figure class=\"wp-block-image size-full\"><img decoding=\"async\" width=\"1600\" height=\"1600\" src=\"https:\/\/www.kedali.com\/wp-content\/uploads\/2025\/11\/ceramic-teapot-and-cup-set-dimension.webp\" alt=\"conjunto de ch\u00e1vena e bule de cer\u00e2mica dimens\u00e3o\" class=\"wp-image-1339\" srcset=\"https:\/\/www.kedali.com\/wp-content\/uploads\/2025\/11\/ceramic-teapot-and-cup-set-dimension.webp 1600w, https:\/\/www.kedali.com\/wp-content\/uploads\/2025\/11\/ceramic-teapot-and-cup-set-dimension-300x300.webp 300w, https:\/\/www.kedali.com\/wp-content\/uploads\/2025\/11\/ceramic-teapot-and-cup-set-dimension-150x150.webp 150w, https:\/\/www.kedali.com\/wp-content\/uploads\/2025\/11\/ceramic-teapot-and-cup-set-dimension-768x768.webp 768w, https:\/\/www.kedali.com\/wp-content\/uploads\/2025\/11\/ceramic-teapot-and-cup-set-dimension-12x12.webp 12w, https:\/\/www.kedali.com\/wp-content\/uploads\/2025\/11\/ceramic-teapot-and-cup-set-dimension-1200x1200.webp 1200w, https:\/\/www.kedali.com\/wp-content\/uploads\/2025\/11\/ceramic-teapot-and-cup-set-dimension-600x600.webp 600w, https:\/\/www.kedali.com\/wp-content\/uploads\/2025\/11\/ceramic-teapot-and-cup-set-dimension-100x100.webp 100w\" sizes=\"(max-width: 1600px) 100vw, 1600px\" \/><\/figure>\n<\/div>\n<\/div>\n\n\n\n<div class=\"wp-block-columns is-layout-flex wp-container-core-columns-is-layout-9d6595d7 wp-block-columns-is-layout-flex\">\n<div class=\"wp-block-column is-layout-flow wp-block-column-is-layout-flow\">\n<figure class=\"wp-block-image size-full\"><img decoding=\"async\" width=\"1600\" height=\"1600\" src=\"https:\/\/www.kedali.com\/wp-content\/uploads\/2025\/11\/wholesale-ceramic-teapot-and-cup-set-2.webp\" alt=\"conjunto de bule e ch\u00e1vena de cer\u00e2mica por atacado (2)\" class=\"wp-image-1341\" srcset=\"https:\/\/www.kedali.com\/wp-content\/uploads\/2025\/11\/wholesale-ceramic-teapot-and-cup-set-2.webp 1600w, https:\/\/www.kedali.com\/wp-content\/uploads\/2025\/11\/wholesale-ceramic-teapot-and-cup-set-2-300x300.webp 300w, https:\/\/www.kedali.com\/wp-content\/uploads\/2025\/11\/wholesale-ceramic-teapot-and-cup-set-2-150x150.webp 150w, https:\/\/www.kedali.com\/wp-content\/uploads\/2025\/11\/wholesale-ceramic-teapot-and-cup-set-2-768x768.webp 768w, https:\/\/www.kedali.com\/wp-content\/uploads\/2025\/11\/wholesale-ceramic-teapot-and-cup-set-2-12x12.webp 12w, https:\/\/www.kedali.com\/wp-content\/uploads\/2025\/11\/wholesale-ceramic-teapot-and-cup-set-2-1200x1200.webp 1200w, https:\/\/www.kedali.com\/wp-content\/uploads\/2025\/11\/wholesale-ceramic-teapot-and-cup-set-2-600x600.webp 600w, https:\/\/www.kedali.com\/wp-content\/uploads\/2025\/11\/wholesale-ceramic-teapot-and-cup-set-2-100x100.webp 100w\" sizes=\"(max-width: 1600px) 100vw, 1600px\" \/><\/figure>\n<\/div>\n\n\n\n<div class=\"wp-block-column is-layout-flow wp-block-column-is-layout-flow\">\n<figure class=\"wp-block-image size-full\"><img decoding=\"async\" width=\"1600\" height=\"1600\" src=\"https:\/\/www.kedali.com\/wp-content\/uploads\/2025\/11\/wholesale-ceramic-teapot-and-cup-set-4.webp\" alt=\"conjunto de bule e ch\u00e1vena de cer\u00e2mica por atacado (4)\" class=\"wp-image-1343\" srcset=\"https:\/\/www.kedali.com\/wp-content\/uploads\/2025\/11\/wholesale-ceramic-teapot-and-cup-set-4.webp 1600w, https:\/\/www.kedali.com\/wp-content\/uploads\/2025\/11\/wholesale-ceramic-teapot-and-cup-set-4-300x300.webp 300w, https:\/\/www.kedali.com\/wp-content\/uploads\/2025\/11\/wholesale-ceramic-teapot-and-cup-set-4-150x150.webp 150w, https:\/\/www.kedali.com\/wp-content\/uploads\/2025\/11\/wholesale-ceramic-teapot-and-cup-set-4-768x768.webp 768w, https:\/\/www.kedali.com\/wp-content\/uploads\/2025\/11\/wholesale-ceramic-teapot-and-cup-set-4-12x12.webp 12w, https:\/\/www.kedali.com\/wp-content\/uploads\/2025\/11\/wholesale-ceramic-teapot-and-cup-set-4-1200x1200.webp 1200w, https:\/\/www.kedali.com\/wp-content\/uploads\/2025\/11\/wholesale-ceramic-teapot-and-cup-set-4-600x600.webp 600w, https:\/\/www.kedali.com\/wp-content\/uploads\/2025\/11\/wholesale-ceramic-teapot-and-cup-set-4-100x100.webp 100w\" sizes=\"(max-width: 1600px) 100vw, 1600px\" \/><\/figure>\n<\/div>\n<\/div>","protected":false},"excerpt":{"rendered":"<p>Este conjunto de ch\u00e1 apelativo apresenta um design arrojado de dois tons em vermelho vivo e preto, chamando instantaneamente a aten\u00e7\u00e3o em qualquer prateleira. O seu design empilh\u00e1vel inovador integra inteligentemente um bule de ch\u00e1 de 380 ml, uma caneca de 280 ml e um pires, tornando-o ideal para estudantes, trabalhadores de escrit\u00f3rio ou viajantes.<\/p>\n<p>Como <a href=\"https:\/\/www.kedali.com\/pt\/categoria-produto\/wholesale-ceramic-tea-sets\/\" target=\"_blank\" rel=\"noopener\"><strong>fabricante de jogos de ch\u00e1<\/strong><\/a>, A nossa empresa oferece apoio OEM e ODM e pre\u00e7os competitivos. Por favor, contacte-nos.<\/p>\n<h2>Especifica\u00e7\u00f5es do conjunto de ch\u00e1vena e bule de cer\u00e2mica<\/h2>\n<table width=\"235\">\n<tbody>\n<tr>\n<td width=\"69\">Marca<\/td>\n<td width=\"166\">KDL<\/td>\n<\/tr>\n<tr>\n<td width=\"69\">Modelo<\/td>\n<td width=\"166\">TPS082<\/td>\n<\/tr>\n<tr>\n<td width=\"69\">Material<\/td>\n<td width=\"166\">cer\u00e2mica<\/td>\n<\/tr>\n<tr>\n<td width=\"69\">cor<\/td>\n<td width=\"166\">preto e vermelho<\/td>\n<\/tr>\n<tr>\n<td width=\"69\">Aplica\u00e7\u00e3o<\/td>\n<td width=\"166\">servi\u00e7o de ch\u00e1 em cer\u00e2mica<\/td>\n<\/tr>\n<tr>\n<td width=\"69\">Carater\u00edstica<\/td>\n<td width=\"166\">vidrado a cores<\/td>\n<\/tr>\n<tr>\n<td width=\"69\">Dimens\u00f5es<\/td>\n<td width=\"166\"><strong data-start=\"34\" data-end=\"46\">Bule de ch\u00e1:<\/strong> 17 \u00d7 11,2 \u00d7 11,5 cm<br data-start=\"66\" data-end=\"69\" data-is-only-node=\"\" \/><strong data-start=\"69\" data-end=\"77\">Ta\u00e7a:<\/strong> 14 \u00d7 11,2 \u00d7 5,7 cm<br data-start=\"96\" data-end=\"99\" \/><strong data-start=\"99\" data-end=\"110\">Pires:<\/strong> 15,2 \u00d7 15,2 \u00d7 2 cm<\/td>\n<\/tr>\n<tr>\n<td width=\"69\">Peso bruto (kg)<\/td>\n<td width=\"166\">5 kg<\/td>\n<\/tr>\n<tr>\n<td width=\"69\">Quantidade m\u00ednima de encomenda<\/td>\n<td width=\"166\">800 conjuntos<\/td>\n<\/tr>\n<\/tbody>\n<\/table>\n<p>&nbsp;<\/p>","protected":false},"featured_media":1340,"comment_status":"closed","ping_status":"closed","template":"","meta":{"_acf_changed":false},"product_brand":[],"product_cat":[29,53],"product_tag":[],"class_list":{"0":"post-1338","1":"product","2":"type-product","3":"status-publish","4":"has-post-thumbnail","6":"product_cat-wholesale-ceramic-tea-sets","7":"product_cat-wholesale-coffee-and-tea-sets","9":"first","10":"instock","11":"shipping-taxable","12":"product-type-simple"},"acf":[],"_links":{"self":[{"href":"https:\/\/www.kedali.com\/pt\/wp-json\/wp\/v2\/product\/1338","targetHints":{"allow":["GET"]}}],"collection":[{"href":"https:\/\/www.kedali.com\/pt\/wp-json\/wp\/v2\/product"}],"about":[{"href":"https:\/\/www.kedali.com\/pt\/wp-json\/wp\/v2\/types\/product"}],"replies":[{"embeddable":true,"href":"https:\/\/www.kedali.com\/pt\/wp-json\/wp\/v2\/comments?post=1338"}],"wp:featuredmedia":[{"embeddable":true,"href":"https:\/\/www.kedali.com\/pt\/wp-json\/wp\/v2\/media\/1340"}],"wp:attachment":[{"href":"https:\/\/www.kedali.com\/pt\/wp-json\/wp\/v2\/media?parent=1338"}],"wp:term":[{"taxonomy":"product_brand","embeddable":true,"href":"https:\/\/www.kedali.com\/pt\/wp-json\/wp\/v2\/product_brand?post=1338"},{"taxonomy":"product_cat","embeddable":true,"href":"https:\/\/www.kedali.com\/pt\/wp-json\/wp\/v2\/product_cat?post=1338"},{"taxonomy":"product_tag","embeddable":true,"href":"https:\/\/www.kedali.com\/pt\/wp-json\/wp\/v2\/product_tag?post=1338"}],"curies":[{"name":"wp","href":"https:\/\/api.w.org\/{rel}","templated":true}]}}