{"id":1355,"date":"2025-11-13T09:56:34","date_gmt":"2025-11-13T09:56:34","guid":{"rendered":"https:\/\/www.kedali.com\/?post_type=product&#038;p=1355"},"modified":"2025-11-13T10:18:24","modified_gmt":"2025-11-13T10:18:24","slug":"bulk-ceramic-utensil-holders-wholesale","status":"publish","type":"product","link":"https:\/\/www.kedali.com\/pt\/produto\/bulk-ceramic-utensil-holders-wholesale\/","title":{"rendered":"Porta-utens\u00edlios de cer\u00e2mica por grosso - Arruma\u00e7\u00e3o de cozinha para casa, restaurantes e caf\u00e9s"},"content":{"rendered":"<div class=\"wp-block-columns is-layout-flex wp-container-core-columns-is-layout-9d6595d7 wp-block-columns-is-layout-flex\">\n<div class=\"wp-block-column is-layout-flow wp-block-column-is-layout-flow\">\n<h3 class=\"wp-block-heading\">Carater\u00edsticas dos suportes para utens\u00edlios de cer\u00e2mica<\/h3>\n\n\n\n<ul class=\"wp-block-list\">\n<li><strong>Grande capacidade de armazenamento:<\/strong> O suporte de utens\u00edlios em cer\u00e2mica apresenta um design de di\u00e2metro largo, acomodando facilmente v\u00e1rios utens\u00edlios de cozinha, tais como pauzinhos, colheres, garfos e facas.<\/li>\n\n\n\n<li><strong>Op\u00e7\u00f5es de cor:<\/strong> Os nossos suportes para utens\u00edlios de cer\u00e2mica por atacado s\u00e3o apresentados num esquema de cores minimalista em preto e cinzento, adequado para estilos de cozinha modernos.<\/li>\n\n\n\n<li><strong>Textura do material: <\/strong>O material cer\u00e2mico tem um brilho quente e um toque delicado. Em compara\u00e7\u00e3o com os utens\u00edlios de arruma\u00e7\u00e3o de metal e pl\u00e1stico, a cer\u00e2mica oferece um toque superior e acrescenta um toque de cerim\u00f3nia \u00e0 experi\u00eancia culin\u00e1ria.<\/li>\n\n\n\n<li><strong>F\u00e1cil de limpar:<\/strong> A superf\u00edcie lisa facilita a limpeza de manchas e gorduras, tornando a manuten\u00e7\u00e3o di\u00e1ria f\u00e1cil. A cer\u00e2mica \u00e9 resistente \u00e0 corros\u00e3o, n\u00e3o \u00e9 facilmente corro\u00edda pelos produtos de limpeza da cozinha e tem uma longa vida \u00fatil.<\/li>\n\n\n\n<li>F<strong>Seguro para os alimentos e n\u00e3o t\u00f3xico:<\/strong> Fabricado com esmalte sem chumbo e sem c\u00e1dmio, garantindo a seguran\u00e7a e a higiene dos seus utens\u00edlios de cozinha. Em conformidade com as normas FDA e LFGB.<\/li>\n\n\n\n<li><strong>Capacidades de produ\u00e7\u00e3o em massa:<\/strong> Como um fabricante experiente de panelas de cer\u00e2mica, somos capazes de fornecer continuamente encomendas de grande volume, garantindo a entrega atempada aos compradores grossistas.<\/li>\n<\/ul>\n\n\n\n<h3 class=\"wp-block-heading\">Servi\u00e7o personalizado<\/h3>\n\n\n\n<ul class=\"wp-block-list\">\n<li>Suporte OEM e ODM<\/li>\n\n\n\n<li>Entrega r\u00e1pida de amostras.<\/li>\n\n\n\n<li>Fornecer forma personalizada do produto, cor, padr\u00e3o, embalagem e outros servi\u00e7os personalizados.<\/li>\n<\/ul>\n<\/div>\n\n\n\n<div class=\"wp-block-column is-layout-flow wp-block-column-is-layout-flow\">\n<figure class=\"wp-block-image size-full\"><img decoding=\"async\" width=\"1600\" height=\"1600\" src=\"https:\/\/www.kedali.com\/wp-content\/uploads\/2025\/11\/ceramic-utensil-holder-dimension.webp\" alt=\"porta-utens\u00edlios em cer\u00e2mica dimens\u00e3o\" class=\"wp-image-1356\" srcset=\"https:\/\/www.kedali.com\/wp-content\/uploads\/2025\/11\/ceramic-utensil-holder-dimension.webp 1600w, https:\/\/www.kedali.com\/wp-content\/uploads\/2025\/11\/ceramic-utensil-holder-dimension-300x300.webp 300w, https:\/\/www.kedali.com\/wp-content\/uploads\/2025\/11\/ceramic-utensil-holder-dimension-150x150.webp 150w, https:\/\/www.kedali.com\/wp-content\/uploads\/2025\/11\/ceramic-utensil-holder-dimension-768x768.webp 768w, https:\/\/www.kedali.com\/wp-content\/uploads\/2025\/11\/ceramic-utensil-holder-dimension-12x12.webp 12w, https:\/\/www.kedali.com\/wp-content\/uploads\/2025\/11\/ceramic-utensil-holder-dimension-1200x1200.webp 1200w, https:\/\/www.kedali.com\/wp-content\/uploads\/2025\/11\/ceramic-utensil-holder-dimension-600x600.webp 600w, https:\/\/www.kedali.com\/wp-content\/uploads\/2025\/11\/ceramic-utensil-holder-dimension-100x100.webp 100w\" sizes=\"(max-width: 1600px) 100vw, 1600px\" \/><\/figure>\n<\/div>\n<\/div>\n\n\n\n<div class=\"wp-block-columns is-layout-flex wp-container-core-columns-is-layout-9d6595d7 wp-block-columns-is-layout-flex\">\n<div class=\"wp-block-column is-layout-flow wp-block-column-is-layout-flow\">\n<figure class=\"wp-block-image size-full\"><img decoding=\"async\" width=\"1600\" height=\"1600\" src=\"https:\/\/www.kedali.com\/wp-content\/uploads\/2025\/11\/wholesale-ceramic-utensil-holders-2.webp\" alt=\"suportes para utens\u00edlios de cer\u00e2mica por atacado (2)\" class=\"wp-image-1358\" srcset=\"https:\/\/www.kedali.com\/wp-content\/uploads\/2025\/11\/wholesale-ceramic-utensil-holders-2.webp 1600w, https:\/\/www.kedali.com\/wp-content\/uploads\/2025\/11\/wholesale-ceramic-utensil-holders-2-300x300.webp 300w, https:\/\/www.kedali.com\/wp-content\/uploads\/2025\/11\/wholesale-ceramic-utensil-holders-2-150x150.webp 150w, https:\/\/www.kedali.com\/wp-content\/uploads\/2025\/11\/wholesale-ceramic-utensil-holders-2-768x768.webp 768w, https:\/\/www.kedali.com\/wp-content\/uploads\/2025\/11\/wholesale-ceramic-utensil-holders-2-12x12.webp 12w, https:\/\/www.kedali.com\/wp-content\/uploads\/2025\/11\/wholesale-ceramic-utensil-holders-2-1200x1200.webp 1200w, https:\/\/www.kedali.com\/wp-content\/uploads\/2025\/11\/wholesale-ceramic-utensil-holders-2-600x600.webp 600w, https:\/\/www.kedali.com\/wp-content\/uploads\/2025\/11\/wholesale-ceramic-utensil-holders-2-100x100.webp 100w\" sizes=\"(max-width: 1600px) 100vw, 1600px\" \/><\/figure>\n<\/div>\n\n\n\n<div class=\"wp-block-column is-layout-flow wp-block-column-is-layout-flow\">\n<figure class=\"wp-block-image size-full\"><img decoding=\"async\" width=\"1600\" height=\"1600\" src=\"https:\/\/www.kedali.com\/wp-content\/uploads\/2025\/11\/wholesale-ceramic-utensil-holders-5.webp\" alt=\"suportes para utens\u00edlios de cer\u00e2mica por atacado (5)\" class=\"wp-image-1361\" srcset=\"https:\/\/www.kedali.com\/wp-content\/uploads\/2025\/11\/wholesale-ceramic-utensil-holders-5.webp 1600w, https:\/\/www.kedali.com\/wp-content\/uploads\/2025\/11\/wholesale-ceramic-utensil-holders-5-300x300.webp 300w, https:\/\/www.kedali.com\/wp-content\/uploads\/2025\/11\/wholesale-ceramic-utensil-holders-5-150x150.webp 150w, https:\/\/www.kedali.com\/wp-content\/uploads\/2025\/11\/wholesale-ceramic-utensil-holders-5-768x768.webp 768w, https:\/\/www.kedali.com\/wp-content\/uploads\/2025\/11\/wholesale-ceramic-utensil-holders-5-12x12.webp 12w, https:\/\/www.kedali.com\/wp-content\/uploads\/2025\/11\/wholesale-ceramic-utensil-holders-5-1200x1200.webp 1200w, https:\/\/www.kedali.com\/wp-content\/uploads\/2025\/11\/wholesale-ceramic-utensil-holders-5-600x600.webp 600w, https:\/\/www.kedali.com\/wp-content\/uploads\/2025\/11\/wholesale-ceramic-utensil-holders-5-100x100.webp 100w\" sizes=\"(max-width: 1600px) 100vw, 1600px\" \/><\/figure>\n<\/div>\n<\/div>","protected":false},"excerpt":{"rendered":"<p>Porta-utens\u00edlios de cer\u00e2mica por grosso. Seguro para alimentos e n\u00e3o t\u00f3xico, dur\u00e1vel e resistente a riscos. Os nossos porta-talheres de cer\u00e2mica combinam praticidade e design elegante, perfeitos para casas, restaurantes, caf\u00e9s e cozinhas profissionais. Contacte-nos para obter um or\u00e7amento.<\/p>\n<h2>Especifica\u00e7\u00f5es dos suportes para utens\u00edlios de cer\u00e2mica<\/h2>\n<table width=\"235\">\n<tbody>\n<tr>\n<td width=\"69\">Marca<\/td>\n<td width=\"166\">KDL<\/td>\n<\/tr>\n<tr>\n<td width=\"69\">Modelo<\/td>\n<td width=\"166\">DTGS2312-7-F394<\/td>\n<\/tr>\n<tr>\n<td width=\"69\">Material<\/td>\n<td width=\"166\">cer\u00e2mica<\/td>\n<\/tr>\n<tr>\n<td width=\"69\">cor<\/td>\n<td width=\"166\">branco\/preto\/cinzento<\/td>\n<\/tr>\n<tr>\n<td width=\"69\">Aplica\u00e7\u00e3o<\/td>\n<td width=\"166\">arruma\u00e7\u00e3o de cozinha<\/td>\n<\/tr>\n<tr>\n<td width=\"69\">Carater\u00edstica<\/td>\n<td width=\"166\">esculpidas<\/td>\n<\/tr>\n<tr>\n<td width=\"69\">Dimens\u00f5es<\/td>\n<td width=\"166\">14,8\u00d714,8\u00d718cm<\/td>\n<\/tr>\n<tr>\n<td width=\"69\">Peso bruto (kg)<\/td>\n<td width=\"166\">1,4 kg<\/td>\n<\/tr>\n<tr>\n<td width=\"69\">Quantidade m\u00ednima de encomenda<\/td>\n<td width=\"166\">800 unidades<\/td>\n<\/tr>\n<\/tbody>\n<\/table>\n<p>&nbsp;<\/p>","protected":false},"featured_media":1357,"comment_status":"closed","ping_status":"closed","template":"","meta":{"_acf_changed":false},"product_brand":[],"product_cat":[36,18],"product_tag":[],"class_list":{"0":"post-1355","1":"product","2":"type-product","3":"status-publish","4":"has-post-thumbnail","6":"product_cat-wholesale-ceramic-utensil-holders","7":"product_cat-wholesale-ceramic-kitchenware","9":"first","10":"instock","11":"shipping-taxable","12":"product-type-simple"},"acf":[],"_links":{"self":[{"href":"https:\/\/www.kedali.com\/pt\/wp-json\/wp\/v2\/product\/1355","targetHints":{"allow":["GET"]}}],"collection":[{"href":"https:\/\/www.kedali.com\/pt\/wp-json\/wp\/v2\/product"}],"about":[{"href":"https:\/\/www.kedali.com\/pt\/wp-json\/wp\/v2\/types\/product"}],"replies":[{"embeddable":true,"href":"https:\/\/www.kedali.com\/pt\/wp-json\/wp\/v2\/comments?post=1355"}],"wp:featuredmedia":[{"embeddable":true,"href":"https:\/\/www.kedali.com\/pt\/wp-json\/wp\/v2\/media\/1357"}],"wp:attachment":[{"href":"https:\/\/www.kedali.com\/pt\/wp-json\/wp\/v2\/media?parent=1355"}],"wp:term":[{"taxonomy":"product_brand","embeddable":true,"href":"https:\/\/www.kedali.com\/pt\/wp-json\/wp\/v2\/product_brand?post=1355"},{"taxonomy":"product_cat","embeddable":true,"href":"https:\/\/www.kedali.com\/pt\/wp-json\/wp\/v2\/product_cat?post=1355"},{"taxonomy":"product_tag","embeddable":true,"href":"https:\/\/www.kedali.com\/pt\/wp-json\/wp\/v2\/product_tag?post=1355"}],"curies":[{"name":"wp","href":"https:\/\/api.w.org\/{rel}","templated":true}]}}