{"id":1362,"date":"2025-11-14T06:20:00","date_gmt":"2025-11-14T06:20:00","guid":{"rendered":"https:\/\/www.kedali.com\/?post_type=product&#038;p=1362"},"modified":"2026-01-09T01:18:12","modified_gmt":"2026-01-09T01:18:12","slug":"wholesale-ceramic-baking-dish-sets","status":"publish","type":"product","link":"https:\/\/www.kedali.com\/pt\/produto\/wholesale-ceramic-baking-dish-sets\/","title":{"rendered":"Conjunto de assadeira de cer\u00e2mica por atacado, tamanho e personaliza\u00e7\u00e3o de cor suportados"},"content":{"rendered":"<div class=\"wp-block-columns is-layout-flex wp-container-core-columns-is-layout-9d6595d7 wp-block-columns-is-layout-flex\">\n<div class=\"wp-block-column is-layout-flow wp-block-column-is-layout-flow\">\n<h3 class=\"wp-block-heading\">Carater\u00edsticas do conjunto de assadeiras de cer\u00e2mica<\/h3>\n\n\n\n<ul class=\"wp-block-list\">\n<li><strong>Sa\u00fade e seguran\u00e7a:<\/strong> O nosso conjunto de assadeiras por atacado n\u00e3o tem quaisquer revestimentos e pode suportar ambientes de cozedura a alta temperatura, como fornos e micro-ondas.<\/li>\n\n\n\n<li><strong>Qualidade alimentar:<\/strong> Os nossos pratos para assar por atacado s\u00e3o fabricados com materiais de qualidade alimentar de primeira qualidade e cozidos a altas temperaturas para garantir uma superf\u00edcie n\u00e3o t\u00f3xica e sem chumbo.<\/li>\n\n\n\n<li><strong>Apelo est\u00e9tico: <\/strong>As cores vibrantes e o acabamento suave proporcionam uma apresenta\u00e7\u00e3o visual atractiva, eliminando a necessidade de transferir os alimentos para pratos de servir separados.<\/li>\n\n\n\n<li><strong>Utiliza\u00e7\u00e3o vers\u00e1til:<\/strong> Adequadas para micro-ondas, fornos e mesas de jantar. As assadeiras por atacado podem ser utilizadas para cozer e assar no forno, reaquecer rapidamente os alimentos no micro-ondas e, gra\u00e7as ao seu aspeto elegante, podem ir diretamente do forno para a mesa.<\/li>\n<\/ul>\n\n\n\n<h3 class=\"wp-block-heading\">Servi\u00e7o personalizado<\/h3>\n\n\n\n<ul class=\"wp-block-list\">\n<li>Suporte OEM e ODM<\/li>\n\n\n\n<li>Entrega r\u00e1pida de amostras.<\/li>\n\n\n\n<li>Fornecer forma personalizada do produto, cor, padr\u00e3o, embalagem e outros servi\u00e7os personalizados.<\/li>\n<\/ul>\n<\/div>\n\n\n\n<div class=\"wp-block-column is-layout-flow wp-block-column-is-layout-flow\">\n<figure class=\"wp-block-image size-full\"><img decoding=\"async\" width=\"1600\" height=\"1600\" src=\"https:\/\/www.kedali.com\/wp-content\/uploads\/2025\/11\/ceramic-baking-dish-dimension.webp\" alt=\"dimens\u00e3o da assadeira de cer\u00e2mica\" class=\"wp-image-1363\" srcset=\"https:\/\/www.kedali.com\/wp-content\/uploads\/2025\/11\/ceramic-baking-dish-dimension.webp 1600w, https:\/\/www.kedali.com\/wp-content\/uploads\/2025\/11\/ceramic-baking-dish-dimension-300x300.webp 300w, https:\/\/www.kedali.com\/wp-content\/uploads\/2025\/11\/ceramic-baking-dish-dimension-150x150.webp 150w, https:\/\/www.kedali.com\/wp-content\/uploads\/2025\/11\/ceramic-baking-dish-dimension-768x768.webp 768w, https:\/\/www.kedali.com\/wp-content\/uploads\/2025\/11\/ceramic-baking-dish-dimension-12x12.webp 12w, https:\/\/www.kedali.com\/wp-content\/uploads\/2025\/11\/ceramic-baking-dish-dimension-1200x1200.webp 1200w, https:\/\/www.kedali.com\/wp-content\/uploads\/2025\/11\/ceramic-baking-dish-dimension-600x600.webp 600w, https:\/\/www.kedali.com\/wp-content\/uploads\/2025\/11\/ceramic-baking-dish-dimension-100x100.webp 100w\" sizes=\"(max-width: 1600px) 100vw, 1600px\" \/><\/figure>\n<\/div>\n<\/div>\n\n\n\n<div class=\"wp-block-columns is-layout-flex wp-container-core-columns-is-layout-9d6595d7 wp-block-columns-is-layout-flex\">\n<div class=\"wp-block-column is-layout-flow wp-block-column-is-layout-flow\">\n<figure class=\"wp-block-image size-full\"><img decoding=\"async\" width=\"1600\" height=\"1600\" src=\"https:\/\/www.kedali.com\/wp-content\/uploads\/2025\/11\/wholesale-ceramic-baking-dish-set-1.webp\" alt=\"conjunto de assadeiras de cer\u00e2mica para venda por atacado (1)\" class=\"wp-image-1364\" srcset=\"https:\/\/www.kedali.com\/wp-content\/uploads\/2025\/11\/wholesale-ceramic-baking-dish-set-1.webp 1600w, https:\/\/www.kedali.com\/wp-content\/uploads\/2025\/11\/wholesale-ceramic-baking-dish-set-1-300x300.webp 300w, https:\/\/www.kedali.com\/wp-content\/uploads\/2025\/11\/wholesale-ceramic-baking-dish-set-1-150x150.webp 150w, https:\/\/www.kedali.com\/wp-content\/uploads\/2025\/11\/wholesale-ceramic-baking-dish-set-1-768x768.webp 768w, https:\/\/www.kedali.com\/wp-content\/uploads\/2025\/11\/wholesale-ceramic-baking-dish-set-1-12x12.webp 12w, https:\/\/www.kedali.com\/wp-content\/uploads\/2025\/11\/wholesale-ceramic-baking-dish-set-1-1200x1200.webp 1200w, https:\/\/www.kedali.com\/wp-content\/uploads\/2025\/11\/wholesale-ceramic-baking-dish-set-1-600x600.webp 600w, https:\/\/www.kedali.com\/wp-content\/uploads\/2025\/11\/wholesale-ceramic-baking-dish-set-1-100x100.webp 100w\" sizes=\"(max-width: 1600px) 100vw, 1600px\" \/><\/figure>\n<\/div>\n\n\n\n<div class=\"wp-block-column is-layout-flow wp-block-column-is-layout-flow\">\n<figure class=\"wp-block-image size-full\"><img decoding=\"async\" width=\"1600\" height=\"1600\" src=\"https:\/\/www.kedali.com\/wp-content\/uploads\/2025\/11\/wholesale-ceramic-baking-dish-set-2.webp\" alt=\"conjunto de assadeiras de cer\u00e2mica para venda por grosso (2)\" class=\"wp-image-1365\" srcset=\"https:\/\/www.kedali.com\/wp-content\/uploads\/2025\/11\/wholesale-ceramic-baking-dish-set-2.webp 1600w, https:\/\/www.kedali.com\/wp-content\/uploads\/2025\/11\/wholesale-ceramic-baking-dish-set-2-300x300.webp 300w, https:\/\/www.kedali.com\/wp-content\/uploads\/2025\/11\/wholesale-ceramic-baking-dish-set-2-150x150.webp 150w, https:\/\/www.kedali.com\/wp-content\/uploads\/2025\/11\/wholesale-ceramic-baking-dish-set-2-768x768.webp 768w, https:\/\/www.kedali.com\/wp-content\/uploads\/2025\/11\/wholesale-ceramic-baking-dish-set-2-12x12.webp 12w, https:\/\/www.kedali.com\/wp-content\/uploads\/2025\/11\/wholesale-ceramic-baking-dish-set-2-1200x1200.webp 1200w, https:\/\/www.kedali.com\/wp-content\/uploads\/2025\/11\/wholesale-ceramic-baking-dish-set-2-600x600.webp 600w, https:\/\/www.kedali.com\/wp-content\/uploads\/2025\/11\/wholesale-ceramic-baking-dish-set-2-100x100.webp 100w\" sizes=\"(max-width: 1600px) 100vw, 1600px\" \/><\/figure>\n<\/div>\n<\/div>","protected":false},"excerpt":{"rendered":"<p>Eleve a sua linha de produtos com os nossos pratos de cer\u00e2mica para assar por atacado. Os nossos pratos de cer\u00e2mica para assar por atacado s\u00e3o ideais para retalhistas, distribuidores e marcas de utens\u00edlios de cozinha. Contacte-nos para obter um pre\u00e7o de f\u00e1brica.<\/p>\n<p>Como um dos <a href=\"https:\/\/www.kedali.com\/pt\/categoria-produto\/wholesale-ceramic-kitchenware\/\" target=\"_blank\" rel=\"noopener\"><strong>os melhores fabricantes de utens\u00edlios de cozinha em cer\u00e2mica na China<\/strong><\/a>, A nossa empresa oferece uma grande variedade de utens\u00edlios de cozinha em cer\u00e2mica e apoia a personaliza\u00e7\u00e3o OEM e ODM. Por favor, contacte-nos.<\/p>\n<h2>Especifica\u00e7\u00f5es do Conjunto de assadeiras de cer\u00e2mica<\/h2>\n<table width=\"235\">\n<tbody>\n<tr>\n<td width=\"69\">Marca<\/td>\n<td width=\"166\">KDL<\/td>\n<\/tr>\n<tr>\n<td width=\"69\">Modelo<\/td>\n<td width=\"166\">TDQ2085-13<\/td>\n<\/tr>\n<tr>\n<td width=\"69\">Material<\/td>\n<td width=\"166\">cer\u00e2mica<\/td>\n<\/tr>\n<tr>\n<td width=\"69\">cor<\/td>\n<td width=\"166\">vermelho\/verde\/amarelo personaliz\u00e1vel<\/td>\n<\/tr>\n<tr>\n<td width=\"69\">Aplica\u00e7\u00e3o<\/td>\n<td width=\"166\">cozedura<\/td>\n<\/tr>\n<tr>\n<td width=\"69\">Carater\u00edstica<\/td>\n<td width=\"166\">vidrado a cores<\/td>\n<\/tr>\n<tr>\n<td width=\"69\">Dimens\u00f5es<\/td>\n<td width=\"166\">34\u00d720\u00d76cm<\/td>\n<\/tr>\n<tr>\n<td width=\"69\">Peso bruto (kg)<\/td>\n<td width=\"166\">1,13 kg<\/td>\n<\/tr>\n<tr>\n<td width=\"69\">Quantidade m\u00ednima de encomenda<\/td>\n<td width=\"166\">800sets<\/td>\n<\/tr>\n<\/tbody>\n<\/table>\n<p>&nbsp;<\/p>\n<p>\n<script src=\"chrome-extension:\/\/fpelahbljekknahkcaegamhcndkfpfnc\/iFrame.js\" type=\"text\/javascript\"><\/script><\/p>","protected":false},"featured_media":1364,"comment_status":"closed","ping_status":"closed","template":"","meta":{"_acf_changed":false},"product_brand":[],"product_cat":[18,34],"product_tag":[],"class_list":{"0":"post-1362","1":"product","2":"type-product","3":"status-publish","4":"has-post-thumbnail","6":"product_cat-wholesale-ceramic-kitchenware","7":"product_cat-wholesale-ceramic-bakeware","9":"first","10":"instock","11":"shipping-taxable","12":"product-type-simple"},"acf":[],"_links":{"self":[{"href":"https:\/\/www.kedali.com\/pt\/wp-json\/wp\/v2\/product\/1362","targetHints":{"allow":["GET"]}}],"collection":[{"href":"https:\/\/www.kedali.com\/pt\/wp-json\/wp\/v2\/product"}],"about":[{"href":"https:\/\/www.kedali.com\/pt\/wp-json\/wp\/v2\/types\/product"}],"replies":[{"embeddable":true,"href":"https:\/\/www.kedali.com\/pt\/wp-json\/wp\/v2\/comments?post=1362"}],"wp:featuredmedia":[{"embeddable":true,"href":"https:\/\/www.kedali.com\/pt\/wp-json\/wp\/v2\/media\/1364"}],"wp:attachment":[{"href":"https:\/\/www.kedali.com\/pt\/wp-json\/wp\/v2\/media?parent=1362"}],"wp:term":[{"taxonomy":"product_brand","embeddable":true,"href":"https:\/\/www.kedali.com\/pt\/wp-json\/wp\/v2\/product_brand?post=1362"},{"taxonomy":"product_cat","embeddable":true,"href":"https:\/\/www.kedali.com\/pt\/wp-json\/wp\/v2\/product_cat?post=1362"},{"taxonomy":"product_tag","embeddable":true,"href":"https:\/\/www.kedali.com\/pt\/wp-json\/wp\/v2\/product_tag?post=1362"}],"curies":[{"name":"wp","href":"https:\/\/api.w.org\/{rel}","templated":true}]}}