{"id":1413,"date":"2025-11-15T01:52:17","date_gmt":"2025-11-15T01:52:17","guid":{"rendered":"https:\/\/www.kedali.com\/?post_type=product&#038;p=1413"},"modified":"2025-11-15T02:10:27","modified_gmt":"2025-11-15T02:10:27","slug":"wholesale-complete-ceramic-tableware-sets","status":"publish","type":"product","link":"https:\/\/www.kedali.com\/pt\/produto\/wholesale-complete-ceramic-tableware-sets\/","title":{"rendered":"Conjunto de loi\u00e7a de cer\u00e2mica por grosso - Cole\u00e7\u00e3o completa de loi\u00e7a de jantar com pratos, ta\u00e7as, copos e acess\u00f3rios para servir"},"content":{"rendered":"<div class=\"wp-block-columns is-layout-flex wp-container-core-columns-is-layout-9d6595d7 wp-block-columns-is-layout-flex\">\n<div class=\"wp-block-column is-layout-flow wp-block-column-is-layout-flow\">\n<h3 class=\"wp-block-heading\">Carater\u00edsticas dos conjuntos de loi\u00e7a de cer\u00e2mica<\/h3>\n\n\n\n<ul class=\"wp-block-list\">\n<li><strong>Padr\u00e3o \u00fanico: <\/strong>As ilustra\u00e7\u00f5es requintadas em estilo vintage de espargos, cenouras e alho s\u00e3o distintas e encantadoras, distinguindo este conjunto de loi\u00e7a da loi\u00e7a branca comum ou da loi\u00e7a com padr\u00f5es produzidos em massa.<\/li>\n\n\n\n<li><strong>V\u00e1rios artigos: <\/strong>Este conjunto de loi\u00e7a multifuncional inclui pratos, tigelas, canecas, travessas e frascos de cer\u00e2mica para arruma\u00e7\u00e3o a condizer, adequados para refei\u00e7\u00f5es familiares di\u00e1rias e servi\u00e7o de restaurante.<\/li>\n\n\n\n<li><strong>Vers\u00e1til: <\/strong>Esta s\u00e9rie n\u00e3o se limita aos pratos normais, mas inclui tamb\u00e9m artigos especializados, como pratos\/tabuleiros grandes e frascos de arruma\u00e7\u00e3o cobertos, tornando-a adequada tanto para a utiliza\u00e7\u00e3o quotidiana como para receber convidados.<\/li>\n\n\n\n<li><strong>F\u00e1cil de limpar:<\/strong> As superf\u00edcies lisas vidradas tornam a lavagem simples e podem ser lavadas na m\u00e1quina de lavar lou\u00e7a.<\/li>\n\n\n\n<li><strong>Vantagem grossista:<\/strong> Como fabricante l\u00edder de loi\u00e7a de mesa em cer\u00e2mica, oferecemos pre\u00e7os diretos da f\u00e1brica, o que nos torna ideais para retalhistas, restaurantes e distribuidores que procuram loi\u00e7a de mesa em cer\u00e2mica de alta qualidade.<\/li>\n<\/ul>\n\n\n\n<h3 class=\"wp-block-heading\">Servi\u00e7o personalizado<\/h3>\n\n\n\n<ul class=\"wp-block-list\">\n<li>Suporte OEM e ODM<\/li>\n\n\n\n<li>Entrega r\u00e1pida de amostras.<\/li>\n\n\n\n<li>Fornecer forma personalizada do produto, cor, padr\u00e3o, embalagem e outros servi\u00e7os personalizados.<\/li>\n<\/ul>\n<\/div>\n\n\n\n<div class=\"wp-block-column is-layout-flow wp-block-column-is-layout-flow\">\n<figure class=\"wp-block-image size-full\"><img decoding=\"async\" width=\"800\" height=\"800\" src=\"https:\/\/www.kedali.com\/wp-content\/uploads\/2025\/11\/wholesale-ceramic-tableware-set-4.webp\" alt=\"conjunto de loi\u00e7a de cer\u00e2mica por atacado (4)\" class=\"wp-image-1417\" srcset=\"https:\/\/www.kedali.com\/wp-content\/uploads\/2025\/11\/wholesale-ceramic-tableware-set-4.webp 800w, https:\/\/www.kedali.com\/wp-content\/uploads\/2025\/11\/wholesale-ceramic-tableware-set-4-300x300.webp 300w, https:\/\/www.kedali.com\/wp-content\/uploads\/2025\/11\/wholesale-ceramic-tableware-set-4-150x150.webp 150w, https:\/\/www.kedali.com\/wp-content\/uploads\/2025\/11\/wholesale-ceramic-tableware-set-4-768x768.webp 768w, https:\/\/www.kedali.com\/wp-content\/uploads\/2025\/11\/wholesale-ceramic-tableware-set-4-12x12.webp 12w, https:\/\/www.kedali.com\/wp-content\/uploads\/2025\/11\/wholesale-ceramic-tableware-set-4-600x600.webp 600w, https:\/\/www.kedali.com\/wp-content\/uploads\/2025\/11\/wholesale-ceramic-tableware-set-4-100x100.webp 100w\" sizes=\"(max-width: 800px) 100vw, 800px\" \/><\/figure>\n<\/div>\n<\/div>\n\n\n\n<div class=\"wp-block-columns is-layout-flex wp-container-core-columns-is-layout-9d6595d7 wp-block-columns-is-layout-flex\">\n<div class=\"wp-block-column is-layout-flow wp-block-column-is-layout-flow\">\n<figure class=\"wp-block-image size-full\"><img decoding=\"async\" width=\"800\" height=\"800\" src=\"https:\/\/www.kedali.com\/wp-content\/uploads\/2025\/11\/wholesale-ceramic-tableware-set-2.webp\" alt=\"conjunto de loi\u00e7a de cer\u00e2mica por atacado (2)\" class=\"wp-image-1415\" srcset=\"https:\/\/www.kedali.com\/wp-content\/uploads\/2025\/11\/wholesale-ceramic-tableware-set-2.webp 800w, https:\/\/www.kedali.com\/wp-content\/uploads\/2025\/11\/wholesale-ceramic-tableware-set-2-300x300.webp 300w, https:\/\/www.kedali.com\/wp-content\/uploads\/2025\/11\/wholesale-ceramic-tableware-set-2-150x150.webp 150w, https:\/\/www.kedali.com\/wp-content\/uploads\/2025\/11\/wholesale-ceramic-tableware-set-2-768x768.webp 768w, https:\/\/www.kedali.com\/wp-content\/uploads\/2025\/11\/wholesale-ceramic-tableware-set-2-12x12.webp 12w, https:\/\/www.kedali.com\/wp-content\/uploads\/2025\/11\/wholesale-ceramic-tableware-set-2-600x600.webp 600w, https:\/\/www.kedali.com\/wp-content\/uploads\/2025\/11\/wholesale-ceramic-tableware-set-2-100x100.webp 100w\" sizes=\"(max-width: 800px) 100vw, 800px\" \/><\/figure>\n<\/div>\n\n\n\n<div class=\"wp-block-column is-layout-flow wp-block-column-is-layout-flow\">\n<figure class=\"wp-block-image size-full\"><img decoding=\"async\" width=\"800\" height=\"800\" src=\"https:\/\/www.kedali.com\/wp-content\/uploads\/2025\/11\/wholesale-ceramic-tableware-set-3.webp\" alt=\"conjunto de loi\u00e7a de cer\u00e2mica por atacado (3)\" class=\"wp-image-1416\" srcset=\"https:\/\/www.kedali.com\/wp-content\/uploads\/2025\/11\/wholesale-ceramic-tableware-set-3.webp 800w, https:\/\/www.kedali.com\/wp-content\/uploads\/2025\/11\/wholesale-ceramic-tableware-set-3-300x300.webp 300w, https:\/\/www.kedali.com\/wp-content\/uploads\/2025\/11\/wholesale-ceramic-tableware-set-3-150x150.webp 150w, https:\/\/www.kedali.com\/wp-content\/uploads\/2025\/11\/wholesale-ceramic-tableware-set-3-768x768.webp 768w, https:\/\/www.kedali.com\/wp-content\/uploads\/2025\/11\/wholesale-ceramic-tableware-set-3-12x12.webp 12w, https:\/\/www.kedali.com\/wp-content\/uploads\/2025\/11\/wholesale-ceramic-tableware-set-3-600x600.webp 600w, https:\/\/www.kedali.com\/wp-content\/uploads\/2025\/11\/wholesale-ceramic-tableware-set-3-100x100.webp 100w\" sizes=\"(max-width: 800px) 100vw, 800px\" \/><\/figure>\n<\/div>\n<\/div>","protected":false},"excerpt":{"rendered":"<p>Conjuntos de loi\u00e7a de cer\u00e2mica por grosso, incluindo pratos, tigelas, canecas e frascos de armazenamento. Seguro para alimentos, vers\u00e1til e personaliz\u00e1vel. Esta cole\u00e7\u00e3o \u00e9 ideal para restaurantes, retalhistas e grossistas que procuram lou\u00e7a de mesa elegante e de alta qualidade a pre\u00e7os diretos de f\u00e1brica.<\/p>\n<h2>Especifica\u00e7\u00f5es do Conjunto de loi\u00e7a de cer\u00e2mica<\/h2>\n<table width=\"235\">\n<tbody>\n<tr>\n<td width=\"69\">Marca<\/td>\n<td width=\"166\">KDL<\/td>\n<\/tr>\n<tr>\n<td width=\"69\">Modelo<\/td>\n<td width=\"166\">A572<\/td>\n<\/tr>\n<tr>\n<td width=\"69\">Material<\/td>\n<td width=\"166\">cer\u00e2mica<\/td>\n<\/tr>\n<tr>\n<td width=\"69\">Aplica\u00e7\u00e3o<\/td>\n<td width=\"166\">loi\u00e7a de mesa<\/td>\n<\/tr>\n<tr>\n<td width=\"69\">Quantidade m\u00ednima de encomenda<\/td>\n<td width=\"166\">800 conjuntos<\/td>\n<\/tr>\n<\/tbody>\n<\/table>\n<p>&nbsp;<\/p>","protected":false},"featured_media":1414,"comment_status":"closed","ping_status":"closed","template":"","meta":{"_acf_changed":false},"product_brand":[],"product_cat":[19],"product_tag":[],"class_list":{"0":"post-1413","1":"product","2":"type-product","3":"status-publish","4":"has-post-thumbnail","6":"product_cat-wholesale-ceramic-tableware","8":"first","9":"instock","10":"shipping-taxable","11":"product-type-simple"},"acf":[],"_links":{"self":[{"href":"https:\/\/www.kedali.com\/pt\/wp-json\/wp\/v2\/product\/1413","targetHints":{"allow":["GET"]}}],"collection":[{"href":"https:\/\/www.kedali.com\/pt\/wp-json\/wp\/v2\/product"}],"about":[{"href":"https:\/\/www.kedali.com\/pt\/wp-json\/wp\/v2\/types\/product"}],"replies":[{"embeddable":true,"href":"https:\/\/www.kedali.com\/pt\/wp-json\/wp\/v2\/comments?post=1413"}],"wp:featuredmedia":[{"embeddable":true,"href":"https:\/\/www.kedali.com\/pt\/wp-json\/wp\/v2\/media\/1414"}],"wp:attachment":[{"href":"https:\/\/www.kedali.com\/pt\/wp-json\/wp\/v2\/media?parent=1413"}],"wp:term":[{"taxonomy":"product_brand","embeddable":true,"href":"https:\/\/www.kedali.com\/pt\/wp-json\/wp\/v2\/product_brand?post=1413"},{"taxonomy":"product_cat","embeddable":true,"href":"https:\/\/www.kedali.com\/pt\/wp-json\/wp\/v2\/product_cat?post=1413"},{"taxonomy":"product_tag","embeddable":true,"href":"https:\/\/www.kedali.com\/pt\/wp-json\/wp\/v2\/product_tag?post=1413"}],"curies":[{"name":"wp","href":"https:\/\/api.w.org\/{rel}","templated":true}]}}